{"id":6781,"date":"2022-10-24T20:16:46","date_gmt":"2022-10-24T20:16:46","guid":{"rendered":"http:\/\/102.67.191.105\/?page_id=6781"},"modified":"2025-10-16T10:18:19","modified_gmt":"2025-10-16T10:18:19","slug":"faculdade-de-geociencias-e-ambiente","status":"publish","type":"page","link":"https:\/\/unipungue.ac.mz\/?page_id=6781","title":{"rendered":"Faculdade de Geoci\u00eancias e Ambiente"},"content":{"rendered":"<style type=\"text\/css\"> \n#cmsmasters_row_69de277a8ef757_74702487 { \n\tbackground-color:#fbfbfb;\n} \n\n#cmsmasters_row_69de277a8ef757_74702487 .cmsmasters_row_outer_parent { \n\tpadding-top: 70px; \n} \n\n#cmsmasters_row_69de277a8ef757_74702487 .cmsmasters_row_outer_parent { \n\tpadding-bottom: 50px; \n} \n\n \n#cmsmasters_heading_69de277a8f18c4_41240811 { \n\ttext-align:center; \n\tmargin-top:0px; \n\tmargin-bottom:50px; \n} \n\n#cmsmasters_heading_69de277a8f18c4_41240811 .cmsmasters_heading { \n\ttext-align:center; \n} \n\n#cmsmasters_heading_69de277a8f18c4_41240811 .cmsmasters_heading, #cmsmasters_heading_69de277a8f18c4_41240811 .cmsmasters_heading a { \n\tfont-weight:300; \n\tfont-style:normal; \n} \n\n#cmsmasters_heading_69de277a8f18c4_41240811 .cmsmasters_heading_divider { \n} \n\n.cmsmasters_profile #post-6895.profile .pl_subtitle {color:#41d3c0;}.cmsmasters_profile #post-6895.profile:before {background-color:#41d3c0;} \n#cmsmasters_row_69de277a915a51_59253773 .cmsmasters_row_outer_parent { \n\tpadding-top: 0px; \n} \n\n#cmsmasters_row_69de277a915a51_59253773 .cmsmasters_row_outer_parent { \n\tpadding-bottom: 0px; \n} \n\n#cmsmasters_row_69de277a915a51_59253773 .cmsmasters_row_inner.cmsmasters_row_fullwidth { \n\tpadding-left:0%; \n} \n#cmsmasters_row_69de277a915a51_59253773 .cmsmasters_row_inner.cmsmasters_row_fullwidth { \n\tpadding-right:0%; \n} \n \n#cmsmasters_divider_69de277a9167a4_61929073 { \n\tborder-bottom-width:1px; \n\tborder-bottom-style:solid; \n\tpadding-top:0px; \n\tmargin-bottom:0px; \n} \n \n#cmsmasters_row_69de277a916af0_62631284 .cmsmasters_row_outer_parent { \n\tpadding-top: 50px; \n} \n\n#cmsmasters_row_69de277a916af0_62631284 .cmsmasters_row_outer_parent { \n\tpadding-bottom: 50px; \n} \n\n \n#cmsmasters_row_69de277a918610_18581470 .cmsmasters_row_outer_parent { \n\tpadding-top: 0px; \n} \n\n#cmsmasters_row_69de277a918610_18581470 .cmsmasters_row_outer_parent { \n\tpadding-bottom: 50px; \n} \n\n#cmsmasters_row_69de277a918610_18581470 .cmsmasters_row_inner.cmsmasters_row_fullwidth { \n\tpadding-left:0%; \n} \n#cmsmasters_row_69de277a918610_18581470 .cmsmasters_row_inner.cmsmasters_row_fullwidth { \n\tpadding-right:0%; \n} \n \n#cmsmasters_divider_69de277a918d08_66337894 { \n\tborder-bottom-width:1px; \n\tborder-bottom-style:solid; \n\tpadding-top:50px; \n\tmargin-bottom:0px; \n} \n \n#cmsmasters_row_69de277a919007_26112914 .cmsmasters_row_outer_parent { \n\tpadding-top: 0px; \n} \n\n#cmsmasters_row_69de277a919007_26112914 .cmsmasters_row_outer_parent { \n\tpadding-bottom: 50px; \n} \n\n \n#cmsmasters_heading_69de277a91a8a9_27793140 { \n\ttext-align:center; \n\tmargin-top:0px; \n\tmargin-bottom:50px; \n} \n\n#cmsmasters_heading_69de277a91a8a9_27793140 .cmsmasters_heading { \n\ttext-align:center; \n} \n\n#cmsmasters_heading_69de277a91a8a9_27793140 .cmsmasters_heading, #cmsmasters_heading_69de277a91a8a9_27793140 .cmsmasters_heading a { \n\tfont-weight:300; \n\tfont-style:normal; \n} \n\n#cmsmasters_heading_69de277a91a8a9_27793140 .cmsmasters_heading_divider { \n} \n\n \n#cmsmasters_row_69de277a94cbf7_13177206 .cmsmasters_row_outer_parent { \n\tpadding-top: 0px; \n} \n\n#cmsmasters_row_69de277a94cbf7_13177206 .cmsmasters_row_outer_parent { \n\tpadding-bottom: 50px; \n} \n\n \n#cmsmasters_divider_69de277a94d5a8_56838184 { \n\tborder-bottom-width:1px; \n\tborder-bottom-style:solid; \n\tpadding-top:50px; \n\tmargin-bottom:50px; \n} \n \n#cmsmasters_row_69de277a94d910_40188276 .cmsmasters_row_outer_parent { \n\tpadding-top: 0px; \n} \n\n#cmsmasters_row_69de277a94d910_40188276 .cmsmasters_row_outer_parent { \n\tpadding-bottom: 50px; \n} \n\n \n#cmsmasters_heading_69de277a94e255_60418061 { \n\ttext-align:center; \n\tmargin-top:0px; \n\tmargin-bottom:50px; \n} \n\n#cmsmasters_heading_69de277a94e255_60418061 .cmsmasters_heading { \n\ttext-align:center; \n} \n\n#cmsmasters_heading_69de277a94e255_60418061 .cmsmasters_heading, #cmsmasters_heading_69de277a94e255_60418061 .cmsmasters_heading a { \n\tfont-weight:300; \n\tfont-style:normal; \n} \n\n#cmsmasters_heading_69de277a94e255_60418061 .cmsmasters_heading_divider { \n} \n\n<\/style><div id=\"cmsmasters_row_69de277a8ef757_74702487\" class=\"cmsmasters_row cmsmasters_color_scheme_default cmsmasters_row_top_default cmsmasters_row_bot_default cmsmasters_row_boxed\">\n<div class=\"cmsmasters_row_outer_parent\">\n<div class=\"cmsmasters_row_outer\">\n<div class=\"cmsmasters_row_inner\">\n<div class=\"cmsmasters_row_margin\">\n<div class=\"cmsmasters_column one_first\">\n\n<div id=\"cmsmasters_heading_69de277a8f18c4_41240811\" class=\"cmsmasters_heading_wrap cmsmasters_heading_align_center\">\n\t<h2 class=\"cmsmasters_heading\"><\/h2>\n<\/div>\n<div id=\"69de277a8f1da1_80684313\" class=\"cmsmasters_profile vertical\">\n\r\n<!-- Start Vertical Profile  -->\r\n\r\n<article id=\"post-6895\" class=\"post-6895 profile type-profile status-publish has-post-thumbnail hentry pl-categs-director-da-fga\">\r\n\t<div class=\"pl_img\">\n<figure>\n<a href=\"https:\/\/unipungue.ac.mz\/?profile=jose-joao-passe\"><img loading=\"lazy\" decoding=\"async\" width=\"300\" height=\"300\" src=\"https:\/\/unipungue.ac.mz\/wp-content\/uploads\/2022\/11\/directorpasse.png\" class=\"attachment-cmsmasters-square-thumb size-cmsmasters-square-thumb wp-post-image\" alt=\"Prof. Doutor Jos\u00e9 Jo\u00e3o Passe\" title=\"Prof. Doutor Jos\u00e9 Jo\u00e3o Passe\" \/><\/a><\/figure>\n<\/div>\n<div class=\"pl_content\">\n<h6 class=\"pl_subtitle\">Director<\/h6>\n<h2 class=\"entry-title\">\n<a href=\"https:\/\/unipungue.ac.mz\/?profile=jose-joao-passe\">Prof. Doutor Jos\u00e9 Jo\u00e3o Passe<\/a>\n<\/h2>\n<div class=\"pl_social\">\n<ul class=\"pl_social_list\">\n<li>\n\t<a href=\"#\" class=\"cmsmasters-icon-custom-twitter-6\" title=\"\"><\/a>\r<\/li>\n<\/ul>\n<\/div>\n<\/div>\n<div class=\"entry-content\">\n\u00c9 Director da Faculdade de Geoci\u00eancias e Ambiente na Universidade P\u00fangu\u00e8, a direc\u00e7\u00e3o est\u00e1 sedeada na Prov\u00edncia de Tete, Cidade de Tete.<\/div>\n\t<div class=\"cl\"><\/div>\r\n<\/article>\r\n<!-- Finish Vertical Profile  -->\r\n\r\n<\/div>\n<div class=\"cmsmasters_img  cmsmasters_image_n\">\n<img decoding=\"async\" src=\"https:\/\/unipungue.ac.mz\/wp-content\/uploads\/2022\/10\/3.png\" \/>\n<\/div>\n<\/div>\n<\/div>\n<\/div>\n<\/div>\n<\/div>\n<\/div>\n<div id=\"cmsmasters_row_69de277a915a51_59253773\" class=\"cmsmasters_row cmsmasters_color_scheme_default cmsmasters_row_top_default cmsmasters_row_bot_default cmsmasters_row_fullwidth\">\n<div class=\"cmsmasters_row_outer_parent\">\n<div class=\"cmsmasters_row_outer\">\n<div class=\"cmsmasters_row_inner cmsmasters_row_fullwidth\">\n<div class=\"cmsmasters_row_margin\">\n<div class=\"cmsmasters_column one_first\">\n\n<div id=\"cmsmasters_divider_69de277a9167a4_61929073\" class=\"cmsmasters_divider cmsmasters_divider_width_long cmsmasters_divider_pos_center\"><\/div>\n<\/div>\n<\/div>\n<\/div>\n<\/div>\n<\/div>\n<\/div>\n<div id=\"cmsmasters_row_69de277a916af0_62631284\" class=\"cmsmasters_row cmsmasters_color_scheme_default cmsmasters_row_top_default cmsmasters_row_bot_default cmsmasters_row_boxed\">\n<div class=\"cmsmasters_row_outer_parent\">\n<div class=\"cmsmasters_row_outer\">\n<div class=\"cmsmasters_row_inner\">\n<div class=\"cmsmasters_row_margin\">\n<div class=\"cmsmasters_column one_first\">\n<div class=\"cmsmasters_text\">\n<p><strong>Objectivos<\/strong><\/p>\n<ul>\n<li>Formar integralmente, t\u00e9cnicos e especialistas competentes em geoci\u00eancias, ambiente e desenvolvimento.<\/li>\n<li>Aplicar conhecimentos das geoci\u00eancias, ambiente e desenvolvimento a n\u00edvel local, nacional e internacional.<\/li>\n<li>Promover valores criativos e human\u00edsticos na sociedade.<\/li>\n<li>Potenciar os talentos dos formandos, para uma forma\u00e7\u00e3o deontol\u00f3gica, consubstanciada numa s\u00f3lida educa\u00e7\u00e3o moral e c\u00edvica para o exerc\u00edcio pleno da cidadania.<u><\/u><u><\/u><\/li>\n<\/ul>\n<\/div>\n<\/div>\n<\/div>\n<\/div>\n<\/div>\n<\/div>\n<\/div>\n<div id=\"cmsmasters_row_69de277a918610_18581470\" class=\"cmsmasters_row cmsmasters_color_scheme_default cmsmasters_row_top_default cmsmasters_row_bot_default cmsmasters_row_fullwidth\">\n<div class=\"cmsmasters_row_outer_parent\">\n<div class=\"cmsmasters_row_outer\">\n<div class=\"cmsmasters_row_inner cmsmasters_row_fullwidth\">\n<div class=\"cmsmasters_row_margin\">\n<div class=\"cmsmasters_column one_first\">\n\n<div id=\"cmsmasters_divider_69de277a918d08_66337894\" class=\"cmsmasters_divider cmsmasters_divider_width_long cmsmasters_divider_pos_center\"><\/div>\n<\/div>\n<\/div>\n<\/div>\n<\/div>\n<\/div>\n<\/div>\n<div id=\"cmsmasters_row_69de277a919007_26112914\" class=\"cmsmasters_row cmsmasters_color_scheme_default cmsmasters_row_top_default cmsmasters_row_bot_default cmsmasters_row_boxed\">\n<div class=\"cmsmasters_row_outer_parent\">\n<div class=\"cmsmasters_row_outer\">\n<div class=\"cmsmasters_row_inner\">\n<div class=\"cmsmasters_row_margin\">\n<div class=\"cmsmasters_column one_first\">\n\n<div id=\"cmsmasters_heading_69de277a91a8a9_27793140\" class=\"cmsmasters_heading_wrap cmsmasters_heading_align_center\">\n\t<h2 class=\"cmsmasters_heading\">Cursos ministrados<\/h2>\n<\/div><div class=\"cmsmasters_text\">\n<div id=\"cmsmasters_learnpress_shortcode_69de277a91b370_62157270\" class=\"cmsmasters_learnpress_shortcode cmsmasters_4\"><article id=\"lpr_course_post-6686\" class=\"lpr_course_post\">\n<figure class=\"cmsmasters_img_rollover_wrap preloader\"><img loading=\"lazy\" decoding=\"async\" width=\"300\" height=\"300\" src=\"https:\/\/unipungue.ac.mz\/wp-content\/uploads\/2024\/04\/CAPA-GESTAO-AMBIENTAL-E-DESENVOLVIMENTO-COMUNITARIO-300x300.png\" class=\"full-width wp-post-image\" alt=\"Gest\u00e3o Ambiental e Desenvolvimento Comunit\u00e1rio\" title=\"Gest\u00e3o Ambiental e Desenvolvimento Comunit\u00e1rio\" srcset=\"https:\/\/unipungue.ac.mz\/wp-content\/uploads\/2024\/04\/CAPA-GESTAO-AMBIENTAL-E-DESENVOLVIMENTO-COMUNITARIO-300x300.png 300w, https:\/\/unipungue.ac.mz\/wp-content\/uploads\/2024\/04\/CAPA-GESTAO-AMBIENTAL-E-DESENVOLVIMENTO-COMUNITARIO-150x150.png 150w, https:\/\/unipungue.ac.mz\/wp-content\/uploads\/2024\/04\/CAPA-GESTAO-AMBIENTAL-E-DESENVOLVIMENTO-COMUNITARIO-768x768.png 768w, https:\/\/unipungue.ac.mz\/wp-content\/uploads\/2024\/04\/CAPA-GESTAO-AMBIENTAL-E-DESENVOLVIMENTO-COMUNITARIO-60x60.png 60w, https:\/\/unipungue.ac.mz\/wp-content\/uploads\/2024\/04\/CAPA-GESTAO-AMBIENTAL-E-DESENVOLVIMENTO-COMUNITARIO-580x580.png 580w, https:\/\/unipungue.ac.mz\/wp-content\/uploads\/2024\/04\/CAPA-GESTAO-AMBIENTAL-E-DESENVOLVIMENTO-COMUNITARIO-860x860.png 860w, https:\/\/unipungue.ac.mz\/wp-content\/uploads\/2024\/04\/CAPA-GESTAO-AMBIENTAL-E-DESENVOLVIMENTO-COMUNITARIO.png 1000w\" sizes=\"auto, (max-width: 300px) 100vw, 300px\" \/><div class=\"cmsmasters_img_rollover\"><a href=\"https:\/\/unipungue.ac.mz\/?lp_course=gestao-ambiental-desenvolvimento\" title=\"Gest\u00e3o Ambiental e Desenvolvimento Comunit\u00e1rio\" class=\"cmsmasters_open_post_link\"><\/a><\/div><\/figure>\n<div class=\"lpr_course_inner\">\n<header class=\"entry-header lpr_course_header\">\r\n\t\t\t\t\t<h6 class=\"entry-title lpr_course_title\"><a href=https:\/\/unipungue.ac.mz\/?lp_course=gestao-ambiental-desenvolvimento>Gest\u00e3o Ambiental e Desenvolvimento Comunit\u00e1rio<\/a><\/h6>\r\n\t\t\t\t<\/header>\n<span class=\"cmsmasters_course_price cmsmasters_course_free\">Gratuito<\/span><\/div>\n<footer class=\"cmsmasters_course_footer\">\n<div class=\"entry-meta cmsmasters_cource_cat\"><a href=\"https:\/\/unipungue.ac.mz\/?course_category=fga\" rel=\"tag\">FGA<\/a><\/div><div class=\"cmsmasters_cource_duration\">48 Week<\/div><\/footer>\n<\/article>\n<article id=\"lpr_course_post-6684\" class=\"lpr_course_post\">\n<figure class=\"cmsmasters_img_rollover_wrap preloader\"><img loading=\"lazy\" decoding=\"async\" width=\"300\" height=\"300\" src=\"https:\/\/unipungue.ac.mz\/wp-content\/uploads\/2024\/04\/CAPA-GEOGRAFIA-300x300.png\" class=\"full-width wp-post-image\" alt=\"Geografia\" title=\"Geografia\" srcset=\"https:\/\/unipungue.ac.mz\/wp-content\/uploads\/2024\/04\/CAPA-GEOGRAFIA-300x300.png 300w, https:\/\/unipungue.ac.mz\/wp-content\/uploads\/2024\/04\/CAPA-GEOGRAFIA-150x150.png 150w, https:\/\/unipungue.ac.mz\/wp-content\/uploads\/2024\/04\/CAPA-GEOGRAFIA-768x768.png 768w, https:\/\/unipungue.ac.mz\/wp-content\/uploads\/2024\/04\/CAPA-GEOGRAFIA-60x60.png 60w, https:\/\/unipungue.ac.mz\/wp-content\/uploads\/2024\/04\/CAPA-GEOGRAFIA-580x580.png 580w, https:\/\/unipungue.ac.mz\/wp-content\/uploads\/2024\/04\/CAPA-GEOGRAFIA-860x860.png 860w, https:\/\/unipungue.ac.mz\/wp-content\/uploads\/2024\/04\/CAPA-GEOGRAFIA.png 1000w\" sizes=\"auto, (max-width: 300px) 100vw, 300px\" \/><div class=\"cmsmasters_img_rollover\"><a href=\"https:\/\/unipungue.ac.mz\/?lp_course=geografia\" title=\"Geografia\" class=\"cmsmasters_open_post_link\"><\/a><\/div><\/figure>\n<div class=\"lpr_course_inner\">\n<header class=\"entry-header lpr_course_header\">\r\n\t\t\t\t\t<h6 class=\"entry-title lpr_course_title\"><a href=https:\/\/unipungue.ac.mz\/?lp_course=geografia>Geografia<\/a><\/h6>\r\n\t\t\t\t<\/header>\n<span class=\"cmsmasters_course_price cmsmasters_course_free\">Gratuito<\/span><\/div>\n<footer class=\"cmsmasters_course_footer\">\n<div class=\"entry-meta cmsmasters_cource_cat\"><a href=\"https:\/\/unipungue.ac.mz\/?course_category=fga\" rel=\"tag\">FGA<\/a><\/div><div class=\"cmsmasters_cource_duration\">48 Week<\/div><\/footer>\n<\/article>\n<article id=\"lpr_course_post-6351\" class=\"lpr_course_post\">\n<figure class=\"cmsmasters_img_rollover_wrap preloader\"><img loading=\"lazy\" decoding=\"async\" width=\"300\" height=\"300\" src=\"https:\/\/unipungue.ac.mz\/wp-content\/uploads\/2024\/04\/CAPA-GEOLOGIA-300x300.png\" class=\"full-width wp-post-image\" alt=\"Geologia\" title=\"Geologia\" srcset=\"https:\/\/unipungue.ac.mz\/wp-content\/uploads\/2024\/04\/CAPA-GEOLOGIA-300x300.png 300w, https:\/\/unipungue.ac.mz\/wp-content\/uploads\/2024\/04\/CAPA-GEOLOGIA-150x150.png 150w, https:\/\/unipungue.ac.mz\/wp-content\/uploads\/2024\/04\/CAPA-GEOLOGIA-768x768.png 768w, https:\/\/unipungue.ac.mz\/wp-content\/uploads\/2024\/04\/CAPA-GEOLOGIA-60x60.png 60w, https:\/\/unipungue.ac.mz\/wp-content\/uploads\/2024\/04\/CAPA-GEOLOGIA-580x580.png 580w, https:\/\/unipungue.ac.mz\/wp-content\/uploads\/2024\/04\/CAPA-GEOLOGIA-860x860.png 860w, https:\/\/unipungue.ac.mz\/wp-content\/uploads\/2024\/04\/CAPA-GEOLOGIA.png 1000w\" sizes=\"auto, (max-width: 300px) 100vw, 300px\" \/><div class=\"cmsmasters_img_rollover\"><a href=\"https:\/\/unipungue.ac.mz\/?lp_course=geologia\" title=\"Geologia\" class=\"cmsmasters_open_post_link\"><\/a><\/div><\/figure>\n<div class=\"lpr_course_inner\">\n<header class=\"entry-header lpr_course_header\">\r\n\t\t\t\t\t<h6 class=\"entry-title lpr_course_title\"><a href=https:\/\/unipungue.ac.mz\/?lp_course=geologia>Geologia<\/a><\/h6>\r\n\t\t\t\t<\/header>\n<span class=\"cmsmasters_course_price cmsmasters_course_free\">Gratuito<\/span><\/div>\n<footer class=\"cmsmasters_course_footer\">\n<div class=\"entry-meta cmsmasters_cource_cat\"><a href=\"https:\/\/unipungue.ac.mz\/?course_category=fga\" rel=\"tag\">FGA<\/a><\/div><div class=\"cmsmasters_cource_duration\">48 Week<\/div><\/footer>\n<\/article>\n<\/div>\n<\/div>\n<\/div>\n<\/div>\n<\/div>\n<\/div>\n<\/div>\n<\/div>\n<div id=\"cmsmasters_row_69de277a94cbf7_13177206\" class=\"cmsmasters_row cmsmasters_color_scheme_default cmsmasters_row_top_default cmsmasters_row_bot_default cmsmasters_row_boxed\">\n<div class=\"cmsmasters_row_outer_parent\">\n<div class=\"cmsmasters_row_outer\">\n<div class=\"cmsmasters_row_inner\">\n<div class=\"cmsmasters_row_margin\">\n<div class=\"cmsmasters_column one_first\">\n\n<div id=\"cmsmasters_divider_69de277a94d5a8_56838184\" class=\"cmsmasters_divider cmsmasters_divider_width_long cmsmasters_divider_pos_center\"><\/div>\n<\/div>\n<\/div>\n<\/div>\n<\/div>\n<\/div>\n<\/div>\n<div id=\"cmsmasters_row_69de277a94d910_40188276\" class=\"cmsmasters_row cmsmasters_color_scheme_default cmsmasters_row_top_default cmsmasters_row_bot_default cmsmasters_row_boxed\">\n<div class=\"cmsmasters_row_outer_parent\">\n<div class=\"cmsmasters_row_outer\">\n<div class=\"cmsmasters_row_inner\">\n<div class=\"cmsmasters_row_margin\">\n<div class=\"cmsmasters_column one_first\">\n\n<div id=\"cmsmasters_heading_69de277a94e255_60418061\" class=\"cmsmasters_heading_wrap cmsmasters_heading_align_center\">\n\t<h2 class=\"cmsmasters_heading\">Nossos docentes<\/h2>\n<\/div>\n<p><\/p>\n<\/div>\n<\/div>\n<\/div>\n<\/div>\n<\/div>\n<\/div>\n\n","protected":false},"excerpt":{"rendered":"","protected":false},"author":1,"featured_media":0,"parent":0,"menu_order":0,"comment_status":"closed","ping_status":"closed","template":"","meta":{"footnotes":""},"class_list":["post-6781","page","type-page","status-publish","hentry"],"_links":{"self":[{"href":"https:\/\/unipungue.ac.mz\/index.php?rest_route=\/wp\/v2\/pages\/6781","targetHints":{"allow":["GET"]}}],"collection":[{"href":"https:\/\/unipungue.ac.mz\/index.php?rest_route=\/wp\/v2\/pages"}],"about":[{"href":"https:\/\/unipungue.ac.mz\/index.php?rest_route=\/wp\/v2\/types\/page"}],"author":[{"embeddable":true,"href":"https:\/\/unipungue.ac.mz\/index.php?rest_route=\/wp\/v2\/users\/1"}],"replies":[{"embeddable":true,"href":"https:\/\/unipungue.ac.mz\/index.php?rest_route=%2Fwp%2Fv2%2Fcomments&post=6781"}],"version-history":[{"count":19,"href":"https:\/\/unipungue.ac.mz\/index.php?rest_route=\/wp\/v2\/pages\/6781\/revisions"}],"predecessor-version":[{"id":9056,"href":"https:\/\/unipungue.ac.mz\/index.php?rest_route=\/wp\/v2\/pages\/6781\/revisions\/9056"}],"wp:attachment":[{"href":"https:\/\/unipungue.ac.mz\/index.php?rest_route=%2Fwp%2Fv2%2Fmedia&parent=6781"}],"curies":[{"name":"wp","href":"https:\/\/api.w.org\/{rel}","templated":true}]}}