{"id":6853,"date":"2022-10-30T19:18:44","date_gmt":"2022-10-30T19:18:44","guid":{"rendered":"http:\/\/102.67.191.105\/?page_id=6853"},"modified":"2022-10-30T19:31:23","modified_gmt":"2022-10-30T19:31:23","slug":"historial","status":"publish","type":"page","link":"https:\/\/unipungue.ac.mz\/?page_id=6853","title":{"rendered":"Historial"},"content":{"rendered":"<style type=\"text\/css\"><\/style><div id=\"cmsmasters_row_69d35199ee6cc0_28325251\" class=\"cmsmasters_row cmsmasters_color_scheme_default cmsmasters_row_top_default cmsmasters_row_bot_default cmsmasters_row_boxed\">\n<div class=\"cmsmasters_row_outer_parent\">\n<div class=\"cmsmasters_row_outer\">\n<div class=\"cmsmasters_row_inner\">\n<div class=\"cmsmasters_row_margin\">\n<div class=\"cmsmasters_column one_first\">\n<div class=\"cmsmasters_text\">\n<p><strong>Universidade P\u00fangu\u00e8 (UniP\u00fangu\u00e8)<\/strong><\/p>\n<\/p>\n<p>A Universidade P\u00fangu\u00e8 (UniP\u00fangu\u00e8) \u00e9 uma Universidade P\u00fablica Mo\u00e7ambicana, multicampi, sediada na cidade de Manica.<\/p>\n<\/p>\n<p>A Universidade surgiu do desmembramento dos polos de Manica e Tete da Universidade Pedag\u00f3gica em meio \u00e0 reforma no Ensino Superior Mo\u00e7ambicano ocorrida no ano de 2019.<\/p>\n<\/p>\n<p>Sua \u00e1rea de actua\u00e7\u00e3o primaz \u00e9 nas prov\u00edncias de Manica e Tete.<\/p>\n<\/p>\n<p>O nome da universidade, assim como da maioria das Institui\u00e7\u00f5es de Ensino Superior P\u00fablicas do Pa\u00eds, faz refer\u00eancia a um Rio, neste caso ao Rio P\u00fangu\u00e8.<\/p>\n<\/p>\n<p>A UniP\u00fangu\u00e8 descende principalmente do antigo polo da Universidade Pedag\u00f3gica (UP) em Manica.<\/p>\n<\/p>\n<p>Em 2019 os polos de Manica e Tete s\u00e3o afetados com a reforma do ensino superior promovida pelo governo de Mo\u00e7ambique. A reforma propunha a descentraliza\u00e7\u00e3o da UP, de maneira que pudesse constituir novos centros Universit\u00e1rios aut\u00f4nomos. De tal proposta surgiu a UniP\u00fangu\u00e8, efetivada pelo decreto-lei n\u00b0 4\/2019, de 15 de fevereiro de 2019, aprovado pelo Conselho de Ministros.<\/p>\n<\/p>\n<p>A Universidade P\u00fangu\u00e8 \u00e9 uma pessoa colectiva de direito p\u00fablica dotada de personalidade jur\u00eddica e goza de autonomia estatut\u00e1ria e regulamentar, cient\u00edfica, pedag\u00f3gica, administrativa, financeira, patrimonial e disciplinar.<\/p>\n<\/p>\n<p>A Universidade P\u00fangu\u00e8 tem como miss\u00e3o, a forma\u00e7\u00e3o de t\u00e9cnicos superiores com qualidade de modo a que contribuam de forma criativa para um desenvolvimento econ\u00f3mico, sociocultural sustent\u00e1vel.<\/p>\n<\/p>\n<p>Para o cumprimento desta miss\u00e3o torna-se indispens\u00e1vel a exist\u00eancia de um quadro legal e normativo capaz de garantir a sua organiza\u00e7\u00e3o e funcionamento eficiente e de qualidade.<\/p>\n<\/p>\n<figure class=\"wp-block-gallery has-nested-images columns-default is-cropped wp-block-gallery-1 is-layout-flex wp-block-gallery-is-layout-flex\">\n<\/figure>\n<\/div>\n<\/div>\n<\/div>\n<\/div>\n<\/div>\n<\/div>\n<\/div>\n","protected":false},"excerpt":{"rendered":"","protected":false},"author":1,"featured_media":0,"parent":0,"menu_order":0,"comment_status":"closed","ping_status":"closed","template":"","meta":{"footnotes":""},"class_list":["post-6853","page","type-page","status-publish","hentry"],"_links":{"self":[{"href":"https:\/\/unipungue.ac.mz\/index.php?rest_route=\/wp\/v2\/pages\/6853","targetHints":{"allow":["GET"]}}],"collection":[{"href":"https:\/\/unipungue.ac.mz\/index.php?rest_route=\/wp\/v2\/pages"}],"about":[{"href":"https:\/\/unipungue.ac.mz\/index.php?rest_route=\/wp\/v2\/types\/page"}],"author":[{"embeddable":true,"href":"https:\/\/unipungue.ac.mz\/index.php?rest_route=\/wp\/v2\/users\/1"}],"replies":[{"embeddable":true,"href":"https:\/\/unipungue.ac.mz\/index.php?rest_route=%2Fwp%2Fv2%2Fcomments&post=6853"}],"version-history":[{"count":5,"href":"https:\/\/unipungue.ac.mz\/index.php?rest_route=\/wp\/v2\/pages\/6853\/revisions"}],"predecessor-version":[{"id":6858,"href":"https:\/\/unipungue.ac.mz\/index.php?rest_route=\/wp\/v2\/pages\/6853\/revisions\/6858"}],"wp:attachment":[{"href":"https:\/\/unipungue.ac.mz\/index.php?rest_route=%2Fwp%2Fv2%2Fmedia&parent=6853"}],"curies":[{"name":"wp","href":"https:\/\/api.w.org\/{rel}","templated":true}]}}