{"id":6860,"date":"2022-10-30T19:56:31","date_gmt":"2022-10-30T19:56:31","guid":{"rendered":"http:\/\/102.67.191.105\/?page_id=6860"},"modified":"2023-04-13T22:49:45","modified_gmt":"2023-04-13T22:49:45","slug":"gabinete-do-reitor","status":"publish","type":"page","link":"https:\/\/unipungue.ac.mz\/?page_id=6860","title":{"rendered":"Gabinete da Reitora"},"content":{"rendered":"<style type=\"text\/css\"> \n#cmsmasters_row_6a04652406cc89_46004161 { \n\tbackground-color:#fbfbfb;\n} \n\n#cmsmasters_row_6a04652406cc89_46004161 .cmsmasters_row_outer_parent { \n\tpadding-top: 70px; \n} \n\n#cmsmasters_row_6a04652406cc89_46004161 .cmsmasters_row_outer_parent { \n\tpadding-bottom: 50px; \n} \n\n \n#cmsmasters_heading_6a04652406dd11_82951970 { \n\ttext-align:center; \n\tmargin-top:0px; \n\tmargin-bottom:50px; \n} \n\n#cmsmasters_heading_6a04652406dd11_82951970 .cmsmasters_heading { \n\ttext-align:center; \n} \n\n#cmsmasters_heading_6a04652406dd11_82951970 .cmsmasters_heading, #cmsmasters_heading_6a04652406dd11_82951970 .cmsmasters_heading a { \n\tfont-weight:300; \n\tfont-style:normal; \n} \n\n#cmsmasters_heading_6a04652406dd11_82951970 .cmsmasters_heading_divider { \n} \n\n \n#cmsmasters_row_6a04652408d276_71478152 .cmsmasters_row_outer_parent { \n\tpadding-top: 0px; \n} \n\n#cmsmasters_row_6a04652408d276_71478152 .cmsmasters_row_outer_parent { \n\tpadding-bottom: 0px; \n} \n\n#cmsmasters_row_6a04652408d276_71478152 .cmsmasters_row_inner.cmsmasters_row_fullwidth { \n\tpadding-left:0%; \n} \n#cmsmasters_row_6a04652408d276_71478152 .cmsmasters_row_inner.cmsmasters_row_fullwidth { \n\tpadding-right:0%; \n} \n \n#cmsmasters_divider_6a04652408deb7_06793284 { \n\tborder-bottom-width:1px; \n\tborder-bottom-style:solid; \n\tpadding-top:0px; \n\tmargin-bottom:0px; \n} \n \n#cmsmasters_row_6a04652408e1f6_29489594 .cmsmasters_row_outer_parent { \n\tpadding-top: 50px; \n} \n\n#cmsmasters_row_6a04652408e1f6_29489594 .cmsmasters_row_outer_parent { \n\tpadding-bottom: 50px; \n} \n\n \n#cmsmasters_heading_6a04652408f882_02566458 { \n\ttext-align:center; \n\tmargin-top:0px; \n\tmargin-bottom:50px; \n} \n\n#cmsmasters_heading_6a04652408f882_02566458 .cmsmasters_heading { \n\ttext-align:center; \n} \n\n#cmsmasters_heading_6a04652408f882_02566458 .cmsmasters_heading, #cmsmasters_heading_6a04652408f882_02566458 .cmsmasters_heading a { \n\tfont-weight:300; \n\tfont-style:normal; \n} \n\n#cmsmasters_heading_6a04652408f882_02566458 .cmsmasters_heading_divider { \n} \n\n<\/style><div id=\"cmsmasters_row_6a04652406cc89_46004161\" class=\"cmsmasters_row cmsmasters_color_scheme_default cmsmasters_row_top_default cmsmasters_row_bot_default cmsmasters_row_boxed\">\n<div class=\"cmsmasters_row_outer_parent\">\n<div class=\"cmsmasters_row_outer\">\n<div class=\"cmsmasters_row_inner\">\n<div class=\"cmsmasters_row_margin\">\n<div class=\"cmsmasters_column one_first\">\n\n<div id=\"cmsmasters_heading_6a04652406dd11_82951970\" class=\"cmsmasters_heading_wrap cmsmasters_heading_align_center\">\n\t<h2 class=\"cmsmasters_heading\">Mestre In\u00e1cio Carlos Mussavele J\u00fanior &#8211; Director do Gabinete da Reitora<\/h2>\n<\/div><div id=\"6a04652406e198_10896974\" class=\"cmsmasters_profile vertical\">\n\r\n<!-- Start Vertical Profile  -->\r\n\r\n<article id=\"post-7079\" class=\"post-7079 profile type-profile status-publish has-post-thumbnail hentry pl-categs-director-gr\">\r\n\t<div class=\"pl_img\">\n<figure>\n<a href=\"https:\/\/unipungue.ac.mz\/?profile=inacio-carlos-mussavele-junior\"><img loading=\"lazy\" decoding=\"async\" width=\"176\" height=\"176\" src=\"https:\/\/unipungue.ac.mz\/wp-content\/uploads\/2023\/04\/avatar.jpg\" class=\"attachment-cmsmasters-square-thumb size-cmsmasters-square-thumb wp-post-image\" alt=\"Diego Vicente Gil\" title=\"Diego Vicente Gil\" \/><\/a><\/figure>\n<\/div>\n<div class=\"pl_content\">\n<h6 class=\"pl_subtitle\">Director<\/h6>\n<h2 class=\"entry-title\">\n<a href=\"https:\/\/unipungue.ac.mz\/?profile=inacio-carlos-mussavele-junior\">Diego Vicente Gil<\/a>\n<\/h2>\n<div class=\"pl_social\">\n<\/div>\n<\/div>\n<div class=\"entry-content\">\n\u00c9 Director do Gabinete da Reitora na Universidade P\u00fangu\u00e8 com sede na prov\u00edncia de Manica e uma Extens\u00e3o na prov\u00edncia de Tete.<\/div>\n\t<div class=\"cl\"><\/div>\r\n<\/article>\r\n<!-- Finish Vertical Profile  -->\r\n\r\n<\/div>\n<\/div>\n<\/div>\n<\/div>\n<\/div>\n<\/div>\n<\/div>\n<div id=\"cmsmasters_row_6a04652408d276_71478152\" class=\"cmsmasters_row cmsmasters_color_scheme_default cmsmasters_row_top_default cmsmasters_row_bot_default cmsmasters_row_fullwidth\">\n<div class=\"cmsmasters_row_outer_parent\">\n<div class=\"cmsmasters_row_outer\">\n<div class=\"cmsmasters_row_inner cmsmasters_row_fullwidth\">\n<div class=\"cmsmasters_row_margin\">\n<div class=\"cmsmasters_column one_first\">\n\n<div id=\"cmsmasters_divider_6a04652408deb7_06793284\" class=\"cmsmasters_divider cmsmasters_divider_width_long cmsmasters_divider_pos_center\"><\/div>\n<\/div>\n<\/div>\n<\/div>\n<\/div>\n<\/div>\n<\/div>\n<div id=\"cmsmasters_row_6a04652408e1f6_29489594\" class=\"cmsmasters_row cmsmasters_color_scheme_default cmsmasters_row_top_default cmsmasters_row_bot_default cmsmasters_row_boxed\">\n<div class=\"cmsmasters_row_outer_parent\">\n<div class=\"cmsmasters_row_outer\">\n<div class=\"cmsmasters_row_inner\">\n<div class=\"cmsmasters_row_margin\">\n<div class=\"cmsmasters_column one_first\">\n<div class=\"cmsmasters_text\">\n<p>O Gabinete do Reitor da Universidade P\u00fangu\u00e8 o \u00f3rg\u00e3o de apoio directo ao Reitor, Vice-Reitores e Assessores e, garante a assist\u00eancia t\u00e9cnica e administrativa necess\u00e1ria para o desempenho das suas fun\u00e7\u00f5es.<\/p>\n<p>S\u00e3o fun\u00e7\u00e3o gerais \u00a0do Gabinete do Reitor:<\/p>\n<ol>\n<li>Assegurar as fun\u00e7\u00f5es administrativas e protocolares do Reitor, dos Vice-Reitores e dos Assessores;<\/li>\n<li>Conceber e submeter \u00e0 aprova\u00e7\u00e3o do Reitor o plano de actividades do Gabinete e velar pela sua implementa\u00e7\u00e3o e avalia\u00e7\u00e3o sistem\u00e1tica;<\/li>\n<li>Organizar o programa de trabalho do Reitor e dos Vice-Reitores;<\/li>\n<li>Assegurar a gest\u00e3o do expediente dirigido ao Reitor e ao Vice-Reitor;<\/li>\n<li>Organizar o expediente dirigido ao Reitor e aos Vice-Reitores e submeter ao despacho;<\/li>\n<li>Garantir que os assuntos submetidos ao Reitor e aos Vice-Reitores sejam despachados em tempo \u00fatil, previsto na lei;<\/li>\n<li>Garantir a comunica\u00e7\u00e3o e divulga\u00e7\u00e3o das decis\u00f5es tomadas pelo Reitor e Vice-Reitores aos visados;<\/li>\n<li>Garantir a organiza\u00e7\u00e3o e secretariado das reuni\u00f5es orientadas pelo Reitor e Vice-Reitores, atrav\u00e9s do SEOC e alguns dos participantes, se necess\u00e1rio;<\/li>\n<li>Coordenar e facilitar a comunica\u00e7\u00e3o entre o Reitor, Vice-Reitores e outras institui\u00e7\u00f5es;<\/li>\n<li>Coordenar e facilitar a comunica\u00e7\u00e3o entre o Reitor, Vice-Reitor e outros \u00f3rg\u00e3os de gest\u00e3o da Universidade P\u00fangu\u00e8;<\/li>\n<li>Realizar outras tarefas que lhe forem confiadas pelo Reitor e Vice-Reitores.<\/li>\n<\/ol>\n<\/div>\n\n<div id=\"cmsmasters_heading_6a04652408f882_02566458\" class=\"cmsmasters_heading_wrap cmsmasters_heading_align_center\">\n\t<h4 class=\"cmsmasters_heading\"><\/h4>\n<\/div>\n<\/div>\n<\/div>\n<\/div>\n<\/div>\n<\/div>\n<\/div>\n\n","protected":false},"excerpt":{"rendered":"","protected":false},"author":1,"featured_media":0,"parent":0,"menu_order":0,"comment_status":"closed","ping_status":"closed","template":"","meta":{"footnotes":""},"class_list":["post-6860","page","type-page","status-publish","hentry"],"_links":{"self":[{"href":"https:\/\/unipungue.ac.mz\/index.php?rest_route=\/wp\/v2\/pages\/6860","targetHints":{"allow":["GET"]}}],"collection":[{"href":"https:\/\/unipungue.ac.mz\/index.php?rest_route=\/wp\/v2\/pages"}],"about":[{"href":"https:\/\/unipungue.ac.mz\/index.php?rest_route=\/wp\/v2\/types\/page"}],"author":[{"embeddable":true,"href":"https:\/\/unipungue.ac.mz\/index.php?rest_route=\/wp\/v2\/users\/1"}],"replies":[{"embeddable":true,"href":"https:\/\/unipungue.ac.mz\/index.php?rest_route=%2Fwp%2Fv2%2Fcomments&post=6860"}],"version-history":[{"count":6,"href":"https:\/\/unipungue.ac.mz\/index.php?rest_route=\/wp\/v2\/pages\/6860\/revisions"}],"predecessor-version":[{"id":7082,"href":"https:\/\/unipungue.ac.mz\/index.php?rest_route=\/wp\/v2\/pages\/6860\/revisions\/7082"}],"wp:attachment":[{"href":"https:\/\/unipungue.ac.mz\/index.php?rest_route=%2Fwp%2Fv2%2Fmedia&parent=6860"}],"curies":[{"name":"wp","href":"https:\/\/api.w.org\/{rel}","templated":true}]}}