{"id":6862,"date":"2022-10-30T19:57:22","date_gmt":"2022-10-30T19:57:22","guid":{"rendered":"http:\/\/102.67.191.105\/?page_id=6862"},"modified":"2023-04-13T22:57:39","modified_gmt":"2023-04-13T22:57:39","slug":"secretaria-do-gabinete-do-reitor","status":"publish","type":"page","link":"https:\/\/unipungue.ac.mz\/?page_id=6862","title":{"rendered":"Secretaria do Gabinete do Reitor"},"content":{"rendered":"<style type=\"text\/css\"> \n#cmsmasters_row_69ddfec5610118_86386354 { \n\tbackground-color:#fbfbfb;\n} \n\n#cmsmasters_row_69ddfec5610118_86386354 .cmsmasters_row_outer_parent { \n\tpadding-top: 70px; \n} \n\n#cmsmasters_row_69ddfec5610118_86386354 .cmsmasters_row_outer_parent { \n\tpadding-bottom: 50px; \n} \n\n \n#cmsmasters_heading_69ddfec5611c33_72651999 { \n\ttext-align:center; \n\tmargin-top:0px; \n\tmargin-bottom:50px; \n} \n\n#cmsmasters_heading_69ddfec5611c33_72651999 .cmsmasters_heading { \n\ttext-align:center; \n} \n\n#cmsmasters_heading_69ddfec5611c33_72651999 .cmsmasters_heading, #cmsmasters_heading_69ddfec5611c33_72651999 .cmsmasters_heading a { \n\tfont-weight:300; \n\tfont-style:normal; \n} \n\n#cmsmasters_heading_69ddfec5611c33_72651999 .cmsmasters_heading_divider { \n} \n\n \n#cmsmasters_row_69ddfec5636158_15688081 .cmsmasters_row_outer_parent { \n\tpadding-top: 0px; \n} \n\n#cmsmasters_row_69ddfec5636158_15688081 .cmsmasters_row_outer_parent { \n\tpadding-bottom: 0px; \n} \n\n#cmsmasters_row_69ddfec5636158_15688081 .cmsmasters_row_inner.cmsmasters_row_fullwidth { \n\tpadding-left:0%; \n} \n#cmsmasters_row_69ddfec5636158_15688081 .cmsmasters_row_inner.cmsmasters_row_fullwidth { \n\tpadding-right:0%; \n} \n \n#cmsmasters_divider_69ddfec5637c59_03705741 { \n\tborder-bottom-width:1px; \n\tborder-bottom-style:solid; \n\tpadding-top:0px; \n\tmargin-bottom:0px; \n} \n \n#cmsmasters_row_69ddfec56380d0_35243731 .cmsmasters_row_outer_parent { \n\tpadding-top: 50px; \n} \n\n#cmsmasters_row_69ddfec56380d0_35243731 .cmsmasters_row_outer_parent { \n\tpadding-bottom: 50px; \n} \n\n \n#cmsmasters_heading_69ddfec5639d54_42629785 { \n\ttext-align:center; \n\tmargin-top:0px; \n\tmargin-bottom:50px; \n} \n\n#cmsmasters_heading_69ddfec5639d54_42629785 .cmsmasters_heading { \n\ttext-align:center; \n} \n\n#cmsmasters_heading_69ddfec5639d54_42629785 .cmsmasters_heading, #cmsmasters_heading_69ddfec5639d54_42629785 .cmsmasters_heading a { \n\tfont-weight:300; \n\tfont-style:normal; \n} \n\n#cmsmasters_heading_69ddfec5639d54_42629785 .cmsmasters_heading_divider { \n} \n\n<\/style><div id=\"cmsmasters_row_69ddfec5610118_86386354\" class=\"cmsmasters_row cmsmasters_color_scheme_default cmsmasters_row_top_default cmsmasters_row_bot_default cmsmasters_row_boxed\">\n<div class=\"cmsmasters_row_outer_parent\">\n<div class=\"cmsmasters_row_outer\">\n<div class=\"cmsmasters_row_inner\">\n<div class=\"cmsmasters_row_margin\">\n<div class=\"cmsmasters_column one_first\">\n\n<div id=\"cmsmasters_heading_69ddfec5611c33_72651999\" class=\"cmsmasters_heading_wrap cmsmasters_heading_align_center\">\n\t<h2 class=\"cmsmasters_heading\">Carlos Saize &#8211; Secret\u00e1rio Executivo<\/h2>\n<\/div><div id=\"69ddfec5612139_69856658\" class=\"cmsmasters_profile vertical\">\n\r\n<!-- Start Vertical Profile  -->\r\n\r\n<article id=\"post-7083\" class=\"post-7083 profile type-profile status-publish has-post-thumbnail hentry pl-categs-secretario-executivo\">\r\n\t<div class=\"pl_img\">\n<figure>\n<a href=\"https:\/\/unipungue.ac.mz\/?profile=carlos-saize\"><img loading=\"lazy\" decoding=\"async\" width=\"300\" height=\"300\" src=\"https:\/\/unipungue.ac.mz\/wp-content\/uploads\/2023\/04\/WhatsApp-Image-2024-07-07-at-15.48.23_b47c8189-300x300.jpg\" class=\"attachment-cmsmasters-square-thumb size-cmsmasters-square-thumb wp-post-image\" alt=\"Carlos Saize\" title=\"Carlos Saize\" srcset=\"https:\/\/unipungue.ac.mz\/wp-content\/uploads\/2023\/04\/WhatsApp-Image-2024-07-07-at-15.48.23_b47c8189-300x300.jpg 300w, https:\/\/unipungue.ac.mz\/wp-content\/uploads\/2023\/04\/WhatsApp-Image-2024-07-07-at-15.48.23_b47c8189-150x150.jpg 150w, https:\/\/unipungue.ac.mz\/wp-content\/uploads\/2023\/04\/WhatsApp-Image-2024-07-07-at-15.48.23_b47c8189-60x60.jpg 60w, https:\/\/unipungue.ac.mz\/wp-content\/uploads\/2023\/04\/WhatsApp-Image-2024-07-07-at-15.48.23_b47c8189.jpg 424w\" sizes=\"auto, (max-width: 300px) 100vw, 300px\" \/><\/a><\/figure>\n<\/div>\n<div class=\"pl_content\">\n<h6 class=\"pl_subtitle\">Secret\u00e1rio Executivo da Secretaria do Gabinete da Reitora<\/h6>\n<h2 class=\"entry-title\">\n<a href=\"https:\/\/unipungue.ac.mz\/?profile=carlos-saize\">Carlos Saize<\/a>\n<\/h2>\n<div class=\"pl_social\">\n<\/div>\n<\/div>\n<div class=\"entry-content\">\n\u00c9 Secret\u00e1rio Executivo da Secretaria do Gabinete da Reitora na Universidade P\u00fangu\u00e8 com sede na prov\u00edncia de Manica e uma Extens\u00e3o na prov\u00edncia de Tete.<\/div>\n\t<div class=\"cl\"><\/div>\r\n<\/article>\r\n<!-- Finish Vertical Profile  -->\r\n\r\n<\/div>\n<\/div>\n<\/div>\n<\/div>\n<\/div>\n<\/div>\n<\/div>\n<div id=\"cmsmasters_row_69ddfec5636158_15688081\" class=\"cmsmasters_row cmsmasters_color_scheme_default cmsmasters_row_top_default cmsmasters_row_bot_default cmsmasters_row_fullwidth\">\n<div class=\"cmsmasters_row_outer_parent\">\n<div class=\"cmsmasters_row_outer\">\n<div class=\"cmsmasters_row_inner cmsmasters_row_fullwidth\">\n<div class=\"cmsmasters_row_margin\">\n<div class=\"cmsmasters_column one_first\">\n\n<div id=\"cmsmasters_divider_69ddfec5637c59_03705741\" class=\"cmsmasters_divider cmsmasters_divider_width_long cmsmasters_divider_pos_center\"><\/div>\n<\/div>\n<\/div>\n<\/div>\n<\/div>\n<\/div>\n<\/div>\n<div id=\"cmsmasters_row_69ddfec56380d0_35243731\" class=\"cmsmasters_row cmsmasters_color_scheme_default cmsmasters_row_top_default cmsmasters_row_bot_default cmsmasters_row_boxed\">\n<div class=\"cmsmasters_row_outer_parent\">\n<div class=\"cmsmasters_row_outer\">\n<div class=\"cmsmasters_row_inner\">\n<div class=\"cmsmasters_row_margin\">\n<div class=\"cmsmasters_column one_first\">\n<div class=\"cmsmasters_text\">\n<p>Compete \u00e0 Secretaria do Gabinete do Reitor:<\/p>\n<p>1. Garantir a recep\u00e7\u00e3o, registo e distribui\u00e7\u00e3o de todo expediente recebido no Gabinete;<\/p>\n<p>2. Assegurar a gest\u00e3o e o arquivo de todos os documentos;<\/p>\n<p>3. Garantir a aquisi\u00e7\u00e3o e gest\u00e3o de todos os materiais e equipamentos do Gabinete;<\/p>\n<p>4. Garantir o apoio log\u00edstico e administrativo do Gabinete;<\/p>\n<p>5. Garantir uma boa comunica\u00e7\u00e3o entre o Gabinete e outros \u00f3rg\u00e3os de gest\u00e3o da Universidade P\u00fangu\u00e8.<\/p>\n<\/div>\n\n<div id=\"cmsmasters_heading_69ddfec5639d54_42629785\" class=\"cmsmasters_heading_wrap cmsmasters_heading_align_center\">\n\t<h4 class=\"cmsmasters_heading\"><\/h4>\n<\/div>\n<\/div>\n<\/div>\n<\/div>\n<\/div>\n<\/div>\n<\/div>\n\n","protected":false},"excerpt":{"rendered":"","protected":false},"author":1,"featured_media":0,"parent":0,"menu_order":0,"comment_status":"closed","ping_status":"closed","template":"","meta":{"footnotes":""},"class_list":["post-6862","page","type-page","status-publish","hentry"],"_links":{"self":[{"href":"https:\/\/unipungue.ac.mz\/index.php?rest_route=\/wp\/v2\/pages\/6862","targetHints":{"allow":["GET"]}}],"collection":[{"href":"https:\/\/unipungue.ac.mz\/index.php?rest_route=\/wp\/v2\/pages"}],"about":[{"href":"https:\/\/unipungue.ac.mz\/index.php?rest_route=\/wp\/v2\/types\/page"}],"author":[{"embeddable":true,"href":"https:\/\/unipungue.ac.mz\/index.php?rest_route=\/wp\/v2\/users\/1"}],"replies":[{"embeddable":true,"href":"https:\/\/unipungue.ac.mz\/index.php?rest_route=%2Fwp%2Fv2%2Fcomments&post=6862"}],"version-history":[{"count":2,"href":"https:\/\/unipungue.ac.mz\/index.php?rest_route=\/wp\/v2\/pages\/6862\/revisions"}],"predecessor-version":[{"id":7087,"href":"https:\/\/unipungue.ac.mz\/index.php?rest_route=\/wp\/v2\/pages\/6862\/revisions\/7087"}],"wp:attachment":[{"href":"https:\/\/unipungue.ac.mz\/index.php?rest_route=%2Fwp%2Fv2%2Fmedia&parent=6862"}],"curies":[{"name":"wp","href":"https:\/\/api.w.org\/{rel}","templated":true}]}}