{"id":6864,"date":"2022-10-30T19:58:13","date_gmt":"2022-10-30T19:58:13","guid":{"rendered":"http:\/\/102.67.191.105\/?page_id=6864"},"modified":"2025-05-26T11:24:10","modified_gmt":"2025-05-26T11:24:10","slug":"gabinete-academicos","status":"publish","type":"page","link":"https:\/\/unipungue.ac.mz\/?page_id=6864","title":{"rendered":"Gabinete de Auto-avalia\u00e7\u00e3o de Qualidade"},"content":{"rendered":"<style type=\"text\/css\"> \n#cmsmasters_row_69de26c44effc7_63837282 { \n\tbackground-color:#fbfbfb;\n} \n\n#cmsmasters_row_69de26c44effc7_63837282 .cmsmasters_row_outer_parent { \n\tpadding-top: 70px; \n} \n\n \n#cmsmasters_heading_69de26c44f0d07_68945115 { \n\ttext-align:center; \n\tmargin-top:0px; \n\tmargin-bottom:50px; \n} \n\n#cmsmasters_heading_69de26c44f0d07_68945115 .cmsmasters_heading { \n\ttext-align:center; \n} \n\n#cmsmasters_heading_69de26c44f0d07_68945115 .cmsmasters_heading, #cmsmasters_heading_69de26c44f0d07_68945115 .cmsmasters_heading a { \n\tfont-weight:300; \n\tfont-style:normal; \n} \n\n#cmsmasters_heading_69de26c44f0d07_68945115 .cmsmasters_heading_divider { \n} \n\n \n#cmsmasters_row_69de26c450f871_43067829 .cmsmasters_row_outer_parent { \n\tpadding-top: 0px; \n} \n\n#cmsmasters_row_69de26c450f871_43067829 .cmsmasters_row_outer_parent { \n\tpadding-bottom: 0px; \n} \n\n \n#cmsmasters_divider_69de26c4510415_51064198 { \n\tborder-bottom-width:1px; \n\tborder-bottom-style:solid; \n\tpadding-top:0px; \n\tmargin-bottom:0px; \n} \n \n#cmsmasters_row_69de26c4510760_37655061 .cmsmasters_row_outer_parent { \n\tpadding-top: 50px; \n} \n\n#cmsmasters_row_69de26c4510760_37655061 .cmsmasters_row_outer_parent { \n\tpadding-bottom: 50px; \n} \n\n \n#cmsmasters_heading_69de26c4512134_29393568 { \n\ttext-align:left; \n\tmargin-top:0px; \n\tmargin-bottom:20px; \n} \n\n#cmsmasters_heading_69de26c4512134_29393568 .cmsmasters_heading { \n\ttext-align:left; \n} \n\n#cmsmasters_heading_69de26c4512134_29393568 .cmsmasters_heading, #cmsmasters_heading_69de26c4512134_29393568 .cmsmasters_heading a { \n\tfont-weight:normal; \n\tfont-style:normal; \n} \n\n#cmsmasters_heading_69de26c4512134_29393568 .cmsmasters_heading_divider { \n} \n\n \n#cmsmasters_row_69de26c4512ae8_52559437 .cmsmasters_row_outer_parent { \n\tpadding-top: 50px; \n} \n\n#cmsmasters_row_69de26c4512ae8_52559437 .cmsmasters_row_outer_parent { \n\tpadding-bottom: 50px; \n} \n\n \n#cmsmasters_heading_69de26c45134f8_81730345 { \n\ttext-align:left; \n\tmargin-top:0px; \n\tmargin-bottom:20px; \n} \n\n#cmsmasters_heading_69de26c45134f8_81730345 .cmsmasters_heading { \n\ttext-align:left; \n} \n\n#cmsmasters_heading_69de26c45134f8_81730345 .cmsmasters_heading, #cmsmasters_heading_69de26c45134f8_81730345 .cmsmasters_heading a { \n\tfont-weight:normal; \n\tfont-style:normal; \n} \n\n#cmsmasters_heading_69de26c45134f8_81730345 .cmsmasters_heading_divider { \n} \n\n \n#cmsmasters_row_69de26c4513c24_29353438 .cmsmasters_row_outer_parent { \n\tpadding-top: 50px; \n} \n\n#cmsmasters_row_69de26c4513c24_29353438 .cmsmasters_row_outer_parent { \n\tpadding-bottom: 50px; \n} \n\n \n#cmsmasters_heading_69de26c4515133_03954951 { \n\ttext-align:left; \n\tmargin-top:0px; \n\tmargin-bottom:20px; \n} \n\n#cmsmasters_heading_69de26c4515133_03954951 .cmsmasters_heading { \n\ttext-align:left; \n} \n\n#cmsmasters_heading_69de26c4515133_03954951 .cmsmasters_heading, #cmsmasters_heading_69de26c4515133_03954951 .cmsmasters_heading a { \n\tfont-weight:normal; \n\tfont-style:normal; \n} \n\n#cmsmasters_heading_69de26c4515133_03954951 .cmsmasters_heading_divider { \n} \n\n \n#cmsmasters_row_69de26c45163e1_47835097 .cmsmasters_row_outer_parent { \n\tpadding-top: 50px; \n} \n\n#cmsmasters_row_69de26c45163e1_47835097 .cmsmasters_row_outer_parent { \n\tpadding-bottom: 50px; \n} \n\n \n#cmsmasters_heading_69de26c4516dc7_42740409 { \n\ttext-align:left; \n\tmargin-top:0px; \n\tmargin-bottom:20px; \n} \n\n#cmsmasters_heading_69de26c4516dc7_42740409 .cmsmasters_heading { \n\ttext-align:left; \n} \n\n#cmsmasters_heading_69de26c4516dc7_42740409 .cmsmasters_heading, #cmsmasters_heading_69de26c4516dc7_42740409 .cmsmasters_heading a { \n\tfont-weight:normal; \n\tfont-style:normal; \n} \n\n#cmsmasters_heading_69de26c4516dc7_42740409 .cmsmasters_heading_divider { \n} \n\n \n#cmsmasters_row_69de26c4517592_93421986 .cmsmasters_row_outer_parent { \n\tpadding-top: 0px; \n} \n\n#cmsmasters_row_69de26c4517592_93421986 .cmsmasters_row_outer_parent { \n\tpadding-bottom: 50px; \n} \n\n \n#cmsmasters_heading_69de26c45181a0_98043394 { \n\ttext-align:left; \n\tmargin-top:0px; \n\tmargin-bottom:20px; \n} \n\n#cmsmasters_heading_69de26c45181a0_98043394 .cmsmasters_heading { \n\ttext-align:left; \n} \n\n#cmsmasters_heading_69de26c45181a0_98043394 .cmsmasters_heading, #cmsmasters_heading_69de26c45181a0_98043394 .cmsmasters_heading a { \n\tfont-weight:normal; \n\tfont-style:normal; \n} \n\n#cmsmasters_heading_69de26c45181a0_98043394 .cmsmasters_heading_divider { \n} \n\n \n#cmsmasters_row_69de26c4518c27_02409271 .cmsmasters_row_outer_parent { \n\tpadding-top: 0px; \n} \n\n#cmsmasters_row_69de26c4518c27_02409271 .cmsmasters_row_outer_parent { \n\tpadding-bottom: 50px; \n} \n\n \n#cmsmasters_heading_69de26c45193e9_35950283 { \n\ttext-align:left; \n\tmargin-top:0px; \n\tmargin-bottom:20px; \n} \n\n#cmsmasters_heading_69de26c45193e9_35950283 .cmsmasters_heading { \n\ttext-align:left; \n} \n\n#cmsmasters_heading_69de26c45193e9_35950283 .cmsmasters_heading, #cmsmasters_heading_69de26c45193e9_35950283 .cmsmasters_heading a { \n\tfont-weight:normal; \n\tfont-style:normal; \n} \n\n#cmsmasters_heading_69de26c45193e9_35950283 .cmsmasters_heading_divider { \n} \n\n \n#cmsmasters_row_69de26c4519a10_34809351 .cmsmasters_row_outer_parent { \n\tpadding-top: 0px; \n} \n\n#cmsmasters_row_69de26c4519a10_34809351 .cmsmasters_row_outer_parent { \n\tpadding-bottom: 50px; \n} \n\n \n#cmsmasters_heading_69de26c451a162_86833777 { \n\ttext-align:left; \n\tmargin-top:0px; \n\tmargin-bottom:20px; \n} \n\n#cmsmasters_heading_69de26c451a162_86833777 .cmsmasters_heading { \n\ttext-align:left; \n} \n\n#cmsmasters_heading_69de26c451a162_86833777 .cmsmasters_heading, #cmsmasters_heading_69de26c451a162_86833777 .cmsmasters_heading a { \n\tfont-weight:normal; \n\tfont-style:normal; \n} \n\n#cmsmasters_heading_69de26c451a162_86833777 .cmsmasters_heading_divider { \n} \n\n \n#cmsmasters_row_69de26c451a484_56300882 .cmsmasters_row_outer_parent { \n\tpadding-top: 0px; \n} \n\n#cmsmasters_row_69de26c451a484_56300882 .cmsmasters_row_outer_parent { \n\tpadding-bottom: 50px; \n} \n\n \n#cmsmasters_heading_69de26c451bd44_81053949 { \n\ttext-align:left; \n\tmargin-top:0px; \n\tmargin-bottom:20px; \n} \n\n#cmsmasters_heading_69de26c451bd44_81053949 .cmsmasters_heading { \n\ttext-align:left; \n} \n\n#cmsmasters_heading_69de26c451bd44_81053949 .cmsmasters_heading, #cmsmasters_heading_69de26c451bd44_81053949 .cmsmasters_heading a { \n\tfont-weight:normal; \n\tfont-style:normal; \n} \n\n#cmsmasters_heading_69de26c451bd44_81053949 .cmsmasters_heading_divider { \n} \n\n \n#cmsmasters_row_69de26c451c472_58102638 .cmsmasters_row_outer_parent { \n\tpadding-top: 0px; \n} \n\n#cmsmasters_row_69de26c451c472_58102638 .cmsmasters_row_outer_parent { \n\tpadding-bottom: 50px; \n} \n\n \n#cmsmasters_heading_69de26c451caa8_19851250 { \n\ttext-align:left; \n\tmargin-top:0px; \n\tmargin-bottom:20px; \n} \n\n#cmsmasters_heading_69de26c451caa8_19851250 .cmsmasters_heading { \n\ttext-align:left; \n} \n\n#cmsmasters_heading_69de26c451caa8_19851250 .cmsmasters_heading, #cmsmasters_heading_69de26c451caa8_19851250 .cmsmasters_heading a { \n\tfont-weight:normal; \n\tfont-style:normal; \n} \n\n#cmsmasters_heading_69de26c451caa8_19851250 .cmsmasters_heading_divider { \n} \n\n<\/style><div id=\"cmsmasters_row_69de26c44effc7_63837282\" class=\"cmsmasters_row cmsmasters_color_scheme_default cmsmasters_row_top_default cmsmasters_row_bot_default cmsmasters_row_boxed\">\n<div class=\"cmsmasters_row_outer_parent\">\n<div class=\"cmsmasters_row_outer\">\n<div class=\"cmsmasters_row_inner\">\n<div class=\"cmsmasters_row_margin\">\n<div class=\"cmsmasters_column one_first\">\n\n<div id=\"cmsmasters_heading_69de26c44f0d07_68945115\" class=\"cmsmasters_heading_wrap cmsmasters_heading_align_center\">\n\t<h2 class=\"cmsmasters_heading\">Profa. Doutora Lubacha Lopes Am\u00e2ndio Zilh\u00e3o &#8211; Directora do Gabinete de Auto-avalia\u00e7\u00e3o de Qualidade <\/h2>\n<\/div>\n<div id=\"69de26c44f1021_88358723\" class=\"cmsmasters_profile vertical\">\n\r\n<!-- Start Vertical Profile  -->\r\n\r\n<article id=\"post-7096\" class=\"post-7096 profile type-profile status-publish has-post-thumbnail hentry pl-categs-directora-gaq\">\r\n\t<div class=\"pl_img\">\n<figure>\n<a href=\"https:\/\/unipungue.ac.mz\/?profile=lubacha-lopes-amandio-zilhao\"><img loading=\"lazy\" decoding=\"async\" width=\"276\" height=\"300\" src=\"https:\/\/unipungue.ac.mz\/wp-content\/uploads\/2023\/04\/diretor_RA.jpg\" class=\"attachment-cmsmasters-square-thumb size-cmsmasters-square-thumb wp-post-image\" alt=\"Mestre Edson Manuel Senguaio\" title=\"Mestre Edson Manuel Senguaio\" \/><\/a><\/figure>\n<\/div>\n<div class=\"pl_content\">\n<h6 class=\"pl_subtitle\">Directora<\/h6>\n<h2 class=\"entry-title\">\n<a href=\"https:\/\/unipungue.ac.mz\/?profile=lubacha-lopes-amandio-zilhao\">Mestre Edson Manuel Senguaio<\/a>\n<\/h2>\n<div class=\"pl_social\">\n<\/div>\n<\/div>\n<div class=\"entry-content\">\n\u00c9 Directora do Gabinete de Auto-avalia\u00e7\u00e3o de Qualidade na Universidade P\u00fangu\u00e8 com sede na prov\u00edncia de Manica e uma Extens\u00e3o na prov\u00edncia de Tete.<\/div>\n\t<div class=\"cl\"><\/div>\r\n<\/article>\r\n<!-- Finish Vertical Profile  -->\r\n\r\n<\/div>\n<\/div>\n<\/div>\n<\/div>\n<\/div>\n<\/div>\n<\/div>\n<div id=\"cmsmasters_row_69de26c450f871_43067829\" class=\"cmsmasters_row cmsmasters_color_scheme_default cmsmasters_row_top_default cmsmasters_row_bot_default cmsmasters_row_fullwidth\">\n<div class=\"cmsmasters_row_outer_parent\">\n<div class=\"cmsmasters_row_outer\">\n<div class=\"cmsmasters_row_inner cmsmasters_row_fullwidth cmsmasters_row_no_margin\">\n<div class=\"cmsmasters_row_margin\">\n<div class=\"cmsmasters_column one_first\">\n\n<div id=\"cmsmasters_divider_69de26c4510415_51064198\" class=\"cmsmasters_divider cmsmasters_divider_width_long cmsmasters_divider_pos_center\"><\/div>\n<\/div>\n<\/div>\n<\/div>\n<\/div>\n<\/div>\n<\/div>\n<div id=\"cmsmasters_row_69de26c4510760_37655061\" class=\"cmsmasters_row cmsmasters_color_scheme_default cmsmasters_row_top_default cmsmasters_row_bot_default cmsmasters_row_boxed\">\n<div class=\"cmsmasters_row_outer_parent\">\n<div class=\"cmsmasters_row_outer\">\n<div class=\"cmsmasters_row_inner\">\n<div class=\"cmsmasters_row_margin\">\n<div class=\"cmsmasters_column one_first\">\n\n<div id=\"cmsmasters_heading_69de26c4512134_29393568\" class=\"cmsmasters_heading_wrap cmsmasters_heading_align_left h-info\">\n\t<h1 class=\"cmsmasters_heading\">Sobre o GAQ<\/h1>\n<\/div><div class=\"cmsmasters_text\">\n<p>O Gabinete da Autoavalia\u00e7\u00e3o e Qualidade \u00e9 um \u00f3rg\u00e3o de gest\u00e3o e garantia da qualidade, que est\u00e1 integrado ao Gabinete do Reitor.<br \/>\nO Gabinete actua assessorando a Reitoria em quest\u00f5es de qualidade e promovendo a cultura de autoavalia\u00e7\u00e3o institucional. Suas fun\u00e7\u00f5es incluem desenvolver e monitorar a pol\u00edtica de qualidade, realizar processos de avalia\u00e7\u00e3o em cursos e servi\u00e7os, e estabelecer padr\u00f5es pedag\u00f3gicos. Al\u00e9m disso, apoia a forma\u00e7\u00e3o e sensibiliza\u00e7\u00e3o sobre qualidade, e mant\u00e9m colabora\u00e7\u00e3o com o CNAQ para alinhar-se aos crit\u00e9rios nacionais. O gabinete tamb\u00e9m \u00e9 respons\u00e1vel por conceber instrumentos de avalia\u00e7\u00e3o, documentar evid\u00eancias de qualidade e fortalecer a imagem da universidade como uma institui\u00e7\u00e3o comprometida com o desenvolvimento cultural e socioecon\u00f4mico.<\/p>\n<\/div>\n<\/div>\n<\/div>\n<\/div>\n<\/div>\n<\/div>\n<\/div>\n<div id=\"cmsmasters_row_69de26c4512ae8_52559437\" class=\"cmsmasters_row cmsmasters_color_scheme_default cmsmasters_row_top_default cmsmasters_row_bot_default cmsmasters_row_boxed\">\n<div class=\"cmsmasters_row_outer_parent\">\n<div class=\"cmsmasters_row_outer\">\n<div class=\"cmsmasters_row_inner\">\n<div class=\"cmsmasters_row_margin\">\n<div class=\"cmsmasters_column one_first\">\n\n<div id=\"cmsmasters_heading_69de26c45134f8_81730345\" class=\"cmsmasters_heading_wrap cmsmasters_heading_align_left h-info\">\n\t<h1 class=\"cmsmasters_heading\">Miss\u00e3o, Vis\u00e3o e Valores do GAQ<\/h1>\n<\/div><div class=\"cmsmasters_text\">\n<p><strong>Objectivos do GAQ<\/strong><br \/>\nO GAQ busca garantir a qualidade e o desenvolvimento institucional por meio da cria\u00e7\u00e3o e monitoramento de pol\u00edticas de autoavalia\u00e7\u00e3o. Seus objetivos incluem assessorar a Reitoria em quest\u00f5es de qualidade, promover a cultura da autoavalia\u00e7\u00e3o, conceber instrumentos e manuais, coordenar com o CNAQ, avaliar cursos e servi\u00e7os, e documentar evid\u00eancias de qualidade, contribuindo para o fortalecimento da universidade.<\/p>\n<\/div>\n<\/div>\n<\/div>\n<\/div>\n<\/div>\n<\/div>\n<\/div>\n<div id=\"cmsmasters_row_69de26c4513c24_29353438\" class=\"cmsmasters_row cmsmasters_color_scheme_default cmsmasters_row_top_default cmsmasters_row_bot_default cmsmasters_row_boxed\">\n<div class=\"cmsmasters_row_outer_parent\">\n<div class=\"cmsmasters_row_outer\">\n<div class=\"cmsmasters_row_inner\">\n<div class=\"cmsmasters_row_margin\">\n<div class=\"cmsmasters_column one_first\">\n\n<div id=\"cmsmasters_heading_69de26c4515133_03954951\" class=\"cmsmasters_heading_wrap cmsmasters_heading_align_left h-info\">\n\t<h1 class=\"cmsmasters_heading\">Estrutura do Gabinete<\/h1>\n<\/div><div class=\"cmsmasters_text\">\n<p><strong>O GAQ estrutura-se em:<\/strong><\/p>\n<ul>\n<li>Directora;<\/li>\n<li>Departamento de Avalia\u00e7\u00e3o;<\/li>\n<li>Departamento de Documenta\u00e7\u00e3o de Evid\u00eancias;<\/li>\n<li>Departamento de Pol\u00edtica Institucional e Desenvolvimento de Sistemas;<\/li>\n<li>Departamento de Gest\u00e3o de Procedimentos e Processos.<\/li>\n<\/ul>\n<p><span style=\"text-decoration: underline;\">Directora<\/span><\/p>\n<p>Compete a Directora do Gabinete de Auto-Avalia\u00e7\u00e3o de Qualidade assessorar a Reitoria em quest\u00f5es de qualidade e inform\u00e1-la sobre os resultados da auto-avalia\u00e7\u00e3o e os desafios da\u00ed decorrentes para o dcsenvolvirnento institucional;<\/p>\n<p><span style=\"text-decoration: underline;\">Departamento de Avalia\u00e7\u00e3o<\/span><br \/>\nO Departamento de Avalia\u00e7\u00e3o tem como principal actividade realizar a auto-avalia\u00e7\u00e3o de cursos de curta dura\u00e7\u00e3o e de licenciatura, programas de mestrado e doutoramento, assim como a institui\u00e7\u00e3o, com objectivo de garantir e promover o cumprimento das dimens\u00f5es de qualidade estabelecidas a n\u00edvel nacional, regional e internacional.<br \/>\nEste departamento \u00e9 respons\u00e1vel por planificar e coordenar os processos de autoavalia\u00e7\u00e3o de cursos, programas e servi\u00e7os da institui\u00e7\u00e3o. Ele promove a divulga\u00e7\u00e3o dos processos e resultados, mobiliza os actores institucionais, e elabora relat\u00f3rios globais de autoavalia\u00e7\u00e3o. Al\u00e9m disso, organiza f\u00f3runs de debate e eventos de forma\u00e7\u00e3o para sensibilizar sobre a import\u00e2ncia da autoavalia\u00e7\u00e3o, fornecendo informa\u00e7\u00f5es estrat\u00e9gicas para a planifica\u00e7\u00e3o institucional. O departamento tamb\u00e9m promove uma cultura de qualidade, orientada para efici\u00eancia e efic\u00e1cia, garantindo uma abordagem integrada e sist\u00eamica no desenvolvimento institucional.<\/p>\n<p>Este departamento \u00e9 respons\u00e1vel por planificar e coordenar os processos de autoavalia\u00e7\u00e3o de cursos, programas e servi\u00e7os da institui\u00e7\u00e3o. Ele promove a divulga\u00e7\u00e3o dos processos e resultados, mobiliza os actores institucionais, e elabora relat\u00f3rios globais de autoavalia\u00e7\u00e3o. Al\u00e9m disso, organiza f\u00f3runs de debate e eventos de forma\u00e7\u00e3o para sensibilizar sobre a import\u00e2ncia da autoavalia\u00e7\u00e3o, fornecendo informa\u00e7\u00f5es estrat\u00e9gicas para a planifica\u00e7\u00e3o institucional. O departamento tamb\u00e9m promove uma cultura de qualidade, orientada para efici\u00eancia e efic\u00e1cia, garantindo uma abordagem integrada e sist\u00eamica no desenvolvimento institucional.<\/p>\n<p><span style=\"text-decoration: underline;\">Departamento de Documenta\u00e7\u00e3o de Evid\u00eancias<\/span><br \/>\nCompete ao Departamento de Documenta\u00e7\u00e3o de Evid\u00eancias promover a gest\u00e3o documental nos processos pedag\u00f3gicos, acad\u00eamicos e administrativos, garantindo o arquivamento e a seguran\u00e7a de documentos relevantes. Suas compet\u00eancias incluem desenvolver sistemas de organiza\u00e7\u00e3o de evid\u00eancias, criar e gerenciar salas de evid\u00eancias f\u00edsicas ou virtuais, bem como documentar os dados das \u00e1reas do GAQ. Al\u00e9m disso, colabora com os servi\u00e7os de documenta\u00e7\u00e3o e informa\u00e7\u00e3o para assegurar a preserva\u00e7\u00e3o e actualiza\u00e7\u00e3o cont\u00ednua dos arquivos institucionais.<\/p>\n<p><span style=\"text-decoration: underline;\">Departamento de Pol\u00edtica Institucional e Desenvolvimento de Sistema<\/span><br \/>\nO Departamento de Pol\u00edtica Institucional e Desenvolvimento de Sistemas \u00e9 respons\u00e1vel por garantir a operacionaliza\u00e7\u00e3o da pol\u00edtica de autoavalia\u00e7\u00e3o por meio de sistemas eficazes e ajustados \u00e0s necessidades institucionais. Suas compet\u00eancias incluem criar indicadores, padr\u00f5es e crit\u00e9rios de verifica\u00e7\u00e3o, promovendo debates sobre desempenho em diferentes \u00e2mbitos institucionais. Al\u00e9m disso, desenvolve sistemas, manuais e instrumentos de autoavalia\u00e7\u00e3o, assessorando as unidades org\u00e2nicas na melhoria de processos e mecanismos, e ajustando continuamente os sistemas \u00e0s din\u00e2micas institucionais.<\/p>\n<p><span style=\"text-decoration: underline;\">Departamento de Gest\u00e3o de Procedimentos e Processos<\/span><br \/>\nO Departamento de Gest\u00e3o de Procedimentos e Processos \u00e9 respons\u00e1vel por gerir o acesso institucional \u00e0 plataforma do CNAQ, supervisionar os processos de autoavalia\u00e7\u00e3o online e desenvolver softwares de suporte em parceria com o DTICs da institui\u00e7\u00e3o. Administra a p\u00e1gina web do GAQ, coordena canais de divulga\u00e7\u00e3o e promove a comunica\u00e7\u00e3o interna e externa, assegurando intera\u00e7\u00e3o eficiente com o CNAQ e outras institui\u00e7\u00f5es.<\/p>\n<\/div>\n<\/div>\n<\/div>\n<\/div>\n<\/div>\n<\/div>\n<\/div>\n<div id=\"cmsmasters_row_69de26c45163e1_47835097\" class=\"cmsmasters_row cmsmasters_color_scheme_default cmsmasters_row_top_default cmsmasters_row_bot_default cmsmasters_row_boxed\">\n<div class=\"cmsmasters_row_outer_parent\">\n<div class=\"cmsmasters_row_outer\">\n<div class=\"cmsmasters_row_inner\">\n<div class=\"cmsmasters_row_margin\">\n<div class=\"cmsmasters_column one_first\">\n\n<div id=\"cmsmasters_heading_69de26c4516dc7_42740409\" class=\"cmsmasters_heading_wrap cmsmasters_heading_align_left h-info\">\n\t<h1 class=\"cmsmasters_heading\">Nossa Equipe<\/h1>\n<\/div><div class=\"cmsmasters_text\">\n<p><strong>O GAQ estrutura-se em:<\/strong><\/p>\n<ul>\n<li>Directora;<\/li>\n<li>Departamento de Avalia\u00e7\u00e3o;<\/li>\n<li>Departamento de Documenta\u00e7\u00e3o de Evid\u00eancias;<\/li>\n<li>Departamento de Pol\u00edtica Institucional e Desenvolvimento de Sistemas;<\/li>\n<li>Departamento de Gest\u00e3o de Procedimentos e Processos.<\/li>\n<\/ul>\n<\/div>\n<\/div>\n<\/div>\n<\/div>\n<\/div>\n<\/div>\n<\/div>\n<div id=\"cmsmasters_row_69de26c4517592_93421986\" class=\"cmsmasters_row cmsmasters_color_scheme_default cmsmasters_row_top_default cmsmasters_row_bot_default cmsmasters_row_boxed\">\n<div class=\"cmsmasters_row_outer_parent\">\n<div class=\"cmsmasters_row_outer\">\n<div class=\"cmsmasters_row_inner\">\n<div class=\"cmsmasters_row_margin\">\n<div class=\"cmsmasters_column one_first\">\n\n<div id=\"cmsmasters_heading_69de26c45181a0_98043394\" class=\"cmsmasters_heading_wrap cmsmasters_heading_align_left\">\n\t<h1 class=\"cmsmasters_heading\">Actividades<\/h1>\n<\/div><div class=\"cmsmasters_text\">\n<p><span style=\"text-decoration: underline;\">Auto-Avalia\u00e7\u00e3o<\/span><br \/>\nA auto-avalia\u00e7\u00e3o \u00e9 um subsistema do Sistema Nacional de Avalia\u00e7\u00e3o, Acredita\u00e7\u00e3o e Garantia da Qualidade do Ensino Superior (SINAQES). O SINAQES foi criado pelo Decreto n\u00ba 63\/2007, de 31 de Dezembro, sob o pressuposto da necessidade de harmoniza\u00e7\u00e3o do ensino superior em Mo\u00e7ambique, assim como, o estabelecimento de mecanismos de melhoria e garantia da qualidade e da relev\u00e2ncia dos servi\u00e7os prestados, integrando 3 subsistemas: subsistema da auto-avalia\u00e7\u00e3o, subsistema da avalia\u00e7\u00e3o externa e subsistema da acredita\u00e7\u00e3o.<br \/>\nA auto-avalia\u00e7\u00e3o ou avalia\u00e7\u00e3o interna \u00e9 um processo que envolve a an\u00e1lise, interpreta\u00e7\u00e3o e s\u00edntese das dimens\u00f5es que definem uma Institui\u00e7\u00e3o de ensino e visa o aperfei\u00e7oamento da qualidade de ensino, aprendizagem e da gest\u00e3o institucional.<\/p>\n<p><span style=\"text-decoration: underline;\">Cursos Acreditados<\/span><br \/>\n1. Mestrado em Engenharia de Energias Renov\u00e1veis e Sustentabilidade<br \/>\n2. Mestrado em Qu\u00edmica<br \/>\n3. Mestrado em Geografia e Desenvolvimento Territorial<br \/>\n4. Mestrado em Gest\u00e3o de Emerg\u00eancias e Desastres<br \/>\n5. Mestrado em Minera\u00e7\u00e3o e Sustentabilidade<br \/>\n6. Mestrado em Maneio e Conserva\u00e7\u00e3o de Recursos Biol\u00f3gicos<br \/>\n7. Licenciatura em Lingu\u00edstica<br \/>\n8. Licenciatura em Franc\u00eas<br \/>\n9. Licenciatura em Portugu\u00eas e Estudos Editoriais<br \/>\n10. Licenciatura em Geologia<br \/>\n11. Licenciatura em Geografia<br \/>\n12. Licenciatura em Qu\u00edmica Aplicada<br \/>\n13. Licenciatura em Qu\u00edmica Industrial<br \/>\n14. Licenciatura em Design e Educa\u00e7\u00e3o Visual<br \/>\n15. Licenciatura em F\u00edsica Aplicada<br \/>\n16. Licenciatura em Ci\u00eancias Naturais<br \/>\n17. Licenciatura em Agronomia<br \/>\n18. Licenciatura em Ci\u00eancias Biol\u00f3gicas<br \/>\n19. Licenciatura em Engenharia de Energias Renov\u00e1veis<br \/>\n20. Licenciatura em Engenharia de Mecaniza\u00e7\u00e3o Agr\u00edcola<br \/>\n21. Licenciatura em Engenharia Qu\u00edmica<br \/>\n22. Licenciatura em Engenharia Electr\u00f3nica<br \/>\n23. Licenciatura em Administra\u00e7\u00e3o P\u00fablica e Governa\u00e7\u00e3o Local<br \/>\n24. Licenciatura em Educa\u00e7\u00e3o F\u00edsica e Desporto<br \/>\n25. Licenciatura em Pedagogia<\/p>\n<\/div>\n<\/div>\n<\/div>\n<\/div>\n<\/div>\n<\/div>\n<\/div>\n<div id=\"cmsmasters_row_69de26c4518c27_02409271\" class=\"cmsmasters_row cmsmasters_color_scheme_default cmsmasters_row_top_default cmsmasters_row_bot_default cmsmasters_row_boxed\">\n<div class=\"cmsmasters_row_outer_parent\">\n<div class=\"cmsmasters_row_outer\">\n<div class=\"cmsmasters_row_inner\">\n<div class=\"cmsmasters_row_margin\">\n<div class=\"cmsmasters_column one_first\">\n\n<div id=\"cmsmasters_heading_69de26c45193e9_35950283\" class=\"cmsmasters_heading_wrap cmsmasters_heading_align_left\">\n\t<h1 class=\"cmsmasters_heading\">Documentos<\/h1>\n<\/div><div class=\"cmsmasters_text\">\n<p><a href=\"#\">Pol\u00edtica de Auto-Avalia\u00e7\u00e3o<\/a><br \/>\n<a href=\"#\">Manual de Auto-Avalia\u00e7\u00e3o<\/a><br \/>\n<a href=\"#\">Outros documentos pertinentes<\/a><\/p>\n<\/div>\n<\/div>\n<\/div>\n<\/div>\n<\/div>\n<\/div>\n<\/div>\n<div id=\"cmsmasters_row_69de26c4519a10_34809351\" class=\"cmsmasters_row cmsmasters_color_scheme_default cmsmasters_row_top_default cmsmasters_row_bot_default cmsmasters_row_boxed\">\n<div class=\"cmsmasters_row_outer_parent\">\n<div class=\"cmsmasters_row_outer\">\n<div class=\"cmsmasters_row_inner\">\n<div class=\"cmsmasters_row_margin\">\n<div class=\"cmsmasters_column one_first\">\n\n<div id=\"cmsmasters_heading_69de26c451a162_86833777\" class=\"cmsmasters_heading_wrap cmsmasters_heading_align_left\">\n\t<h1 class=\"cmsmasters_heading\">Not\u00edcias e Eventos<\/h1>\n<\/div>\n<\/div>\n<\/div>\n<\/div>\n<\/div>\n<\/div>\n<\/div>\n<div id=\"cmsmasters_row_69de26c451a484_56300882\" class=\"cmsmasters_row cmsmasters_color_scheme_default cmsmasters_row_top_default cmsmasters_row_bot_default cmsmasters_row_boxed\">\n<div class=\"cmsmasters_row_outer_parent\">\n<div class=\"cmsmasters_row_outer\">\n<div class=\"cmsmasters_row_inner\">\n<div class=\"cmsmasters_row_margin\">\n<div class=\"cmsmasters_column one_first\">\n\n<div id=\"cmsmasters_heading_69de26c451bd44_81053949\" class=\"cmsmasters_heading_wrap cmsmasters_heading_align_left\">\n\t<h1 class=\"cmsmasters_heading\">Galeria<\/h1>\n<\/div>\n<\/div>\n<\/div>\n<\/div>\n<\/div>\n<\/div>\n<\/div>\n<div id=\"cmsmasters_row_69de26c451c472_58102638\" class=\"cmsmasters_row cmsmasters_color_scheme_default cmsmasters_row_top_default cmsmasters_row_bot_default cmsmasters_row_boxed\">\n<div class=\"cmsmasters_row_outer_parent\">\n<div class=\"cmsmasters_row_outer\">\n<div class=\"cmsmasters_row_inner\">\n<div class=\"cmsmasters_row_margin\">\n<div class=\"cmsmasters_column one_first\">\n\n<div id=\"cmsmasters_heading_69de26c451caa8_19851250\" class=\"cmsmasters_heading_wrap cmsmasters_heading_align_left\">\n\t<h1 class=\"cmsmasters_heading\">Contactos<\/h1>\n<\/div>\n<\/div>\n<\/div>\n<\/div>\n<\/div>\n<\/div>\n<\/div>\n\n","protected":false},"excerpt":{"rendered":"","protected":false},"author":1,"featured_media":0,"parent":0,"menu_order":0,"comment_status":"closed","ping_status":"closed","template":"","meta":{"footnotes":""},"class_list":["post-6864","page","type-page","status-publish","hentry"],"_links":{"self":[{"href":"https:\/\/unipungue.ac.mz\/index.php?rest_route=\/wp\/v2\/pages\/6864","targetHints":{"allow":["GET"]}}],"collection":[{"href":"https:\/\/unipungue.ac.mz\/index.php?rest_route=\/wp\/v2\/pages"}],"about":[{"href":"https:\/\/unipungue.ac.mz\/index.php?rest_route=\/wp\/v2\/types\/page"}],"author":[{"embeddable":true,"href":"https:\/\/unipungue.ac.mz\/index.php?rest_route=\/wp\/v2\/users\/1"}],"replies":[{"embeddable":true,"href":"https:\/\/unipungue.ac.mz\/index.php?rest_route=%2Fwp%2Fv2%2Fcomments&post=6864"}],"version-history":[{"count":47,"href":"https:\/\/unipungue.ac.mz\/index.php?rest_route=\/wp\/v2\/pages\/6864\/revisions"}],"predecessor-version":[{"id":8861,"href":"https:\/\/unipungue.ac.mz\/index.php?rest_route=\/wp\/v2\/pages\/6864\/revisions\/8861"}],"wp:attachment":[{"href":"https:\/\/unipungue.ac.mz\/index.php?rest_route=%2Fwp%2Fv2%2Fmedia&parent=6864"}],"curies":[{"name":"wp","href":"https:\/\/api.w.org\/{rel}","templated":true}]}}