{"id":6869,"date":"2022-10-30T20:00:24","date_gmt":"2022-10-30T20:00:24","guid":{"rendered":"http:\/\/102.67.191.105\/?page_id=6869"},"modified":"2023-04-14T00:58:54","modified_gmt":"2023-04-14T00:58:54","slug":"agenda-da-reitora","status":"publish","type":"page","link":"https:\/\/unipungue.ac.mz\/?page_id=6869","title":{"rendered":"Agenda da Reitora"},"content":{"rendered":"<style type=\"text\/css\"> \n#cmsmasters_row_69de267b472919_22192258 .cmsmasters_row_outer_parent { \n\tpadding-top: 0px; \n} \n\n#cmsmasters_row_69de267b472919_22192258 .cmsmasters_row_outer_parent { \n\tpadding-bottom: 50px; \n} \n\n \n#cmsmasters_divider_69de267b487d69_11469091 { \n\tborder-bottom-width:1px; \n\tborder-bottom-style:solid; \n\tpadding-top:50px; \n\tmargin-bottom:50px; \n} \n.cmsmasters_profile #post-3958.profile .pl_subtitle {color:#169eb7;}.cmsmasters_profile #post-3958.profile:before {background-color:#169eb7;}<\/style><div id=\"cmsmasters_row_69de267b472919_22192258\" class=\"cmsmasters_row cmsmasters_color_scheme_default cmsmasters_row_top_default cmsmasters_row_bot_default cmsmasters_row_boxed\">\n<div class=\"cmsmasters_row_outer_parent\">\n<div class=\"cmsmasters_row_outer\">\n<div class=\"cmsmasters_row_inner\">\n<div class=\"cmsmasters_row_margin\">\n<div class=\"cmsmasters_column one_first\">\n\n<div id=\"cmsmasters_divider_69de267b487d69_11469091\" class=\"cmsmasters_divider cmsmasters_divider_width_long cmsmasters_divider_pos_center\"><\/div>\n<div id=\"69de267b488255_32298152\" class=\"cmsmasters_profile vertical\">\n\r\n<!-- Start Vertical Profile  -->\r\n\r\n<article id=\"post-3958\" class=\"post-3958 profile type-profile status-publish has-post-thumbnail hentry pl-categs-destacados pl-categs-reitora pl-categs-reitoria\">\r\n\t<div class=\"pl_img\">\n<figure>\n<a href=\"https:\/\/unipungue.ac.mz\/?profile=emilia-nhalevilo\"><img loading=\"lazy\" decoding=\"async\" width=\"300\" height=\"300\" src=\"https:\/\/unipungue.ac.mz\/wp-content\/uploads\/2015\/10\/reitora.png\" class=\"attachment-cmsmasters-square-thumb size-cmsmasters-square-thumb wp-post-image\" alt=\"Em\u00edlia Zulmira de F\u00e1tima Afonso Nhalevilo\" title=\"Em\u00edlia Zulmira de F\u00e1tima Afonso Nhalevilo\" \/><\/a><\/figure>\n<\/div>\n<div class=\"pl_content\">\n<h6 class=\"pl_subtitle\">Reitora<\/h6>\n<h2 class=\"entry-title\">\n<a href=\"https:\/\/unipungue.ac.mz\/?profile=emilia-nhalevilo\">Em\u00edlia Zulmira de F\u00e1tima Afonso Nhalevilo<\/a>\n<\/h2>\n<div class=\"pl_social\">\n<ul class=\"pl_social_list\">\n<li>\n\t<a href=\"#\" class=\"cmsmasters-icon-linkedin\" title=\"\"><\/a>\r<\/li>\n<li>\n\t<a href=\"#\" class=\"cmsmasters-icon-facebook\" title=\"\"><\/a>\r<\/li>\n<li>\n\t<a href=\"#\" class=\"cmsmasters-icon-google\" title=\"\"><\/a>\r<\/li>\n<li>\n\t<a href=\"#\" class=\"cmsmasters-icon-twitter\" title=\"\"><\/a>\r<\/li>\n<li>\n\t<a href=\"#\" class=\"cmsmasters-icon-skype\" title=\"\"><\/a>\r<\/li>\n<\/ul>\n<\/div>\n<\/div>\n<div class=\"entry-content\">\n\u00c9 Reitora da Universidade P\u00fangu\u00e8 com sede na prov\u00edncia de Manica e uma Extens\u00e3o na prov\u00edncia de Tete.<\/div>\n\t<div class=\"cl\"><\/div>\r\n<\/article>\r\n<!-- Finish Vertical Profile  -->\r\n\r\n<\/div>\n<\/div>\n<\/div>\n<\/div>\n<\/div>\n<\/div>\n<\/div>\n\n","protected":false},"excerpt":{"rendered":"","protected":false},"author":1,"featured_media":0,"parent":0,"menu_order":0,"comment_status":"closed","ping_status":"closed","template":"","meta":{"footnotes":""},"class_list":["post-6869","page","type-page","status-publish","hentry"],"_links":{"self":[{"href":"https:\/\/unipungue.ac.mz\/index.php?rest_route=\/wp\/v2\/pages\/6869","targetHints":{"allow":["GET"]}}],"collection":[{"href":"https:\/\/unipungue.ac.mz\/index.php?rest_route=\/wp\/v2\/pages"}],"about":[{"href":"https:\/\/unipungue.ac.mz\/index.php?rest_route=\/wp\/v2\/types\/page"}],"author":[{"embeddable":true,"href":"https:\/\/unipungue.ac.mz\/index.php?rest_route=\/wp\/v2\/users\/1"}],"replies":[{"embeddable":true,"href":"https:\/\/unipungue.ac.mz\/index.php?rest_route=%2Fwp%2Fv2%2Fcomments&post=6869"}],"version-history":[{"count":3,"href":"https:\/\/unipungue.ac.mz\/index.php?rest_route=\/wp\/v2\/pages\/6869\/revisions"}],"predecessor-version":[{"id":7184,"href":"https:\/\/unipungue.ac.mz\/index.php?rest_route=\/wp\/v2\/pages\/6869\/revisions\/7184"}],"wp:attachment":[{"href":"https:\/\/unipungue.ac.mz\/index.php?rest_route=%2Fwp%2Fv2%2Fmedia&parent=6869"}],"curies":[{"name":"wp","href":"https:\/\/api.w.org\/{rel}","templated":true}]}}