{"id":6921,"date":"2022-11-20T10:12:07","date_gmt":"2022-11-20T10:12:07","guid":{"rendered":"http:\/\/102.67.191.105\/?page_id=6921"},"modified":"2025-10-16T10:16:27","modified_gmt":"2025-10-16T10:16:27","slug":"faculdade-de-engenharia","status":"publish","type":"page","link":"https:\/\/unipungue.ac.mz\/?page_id=6921","title":{"rendered":"Faculdade de Engenharia"},"content":{"rendered":"<style type=\"text\/css\"> \n#cmsmasters_row_6a046771e4ae27_44675202 { \n\tbackground-color:#fbfbfb;\n} \n\n#cmsmasters_row_6a046771e4ae27_44675202 .cmsmasters_row_outer_parent { \n\tpadding-top: 70px; \n} \n\n#cmsmasters_row_6a046771e4ae27_44675202 .cmsmasters_row_outer_parent { \n\tpadding-bottom: 50px; \n} \n\n \n#cmsmasters_heading_6a046771e4ca62_16929927 { \n\ttext-align:center; \n\tmargin-top:0px; \n\tmargin-bottom:50px; \n} \n\n#cmsmasters_heading_6a046771e4ca62_16929927 .cmsmasters_heading { \n\ttext-align:center; \n} \n\n#cmsmasters_heading_6a046771e4ca62_16929927 .cmsmasters_heading, #cmsmasters_heading_6a046771e4ca62_16929927 .cmsmasters_heading a { \n\tfont-weight:300; \n\tfont-style:normal; \n} \n\n#cmsmasters_heading_6a046771e4ca62_16929927 .cmsmasters_heading_divider { \n} \n\n \n#cmsmasters_row_6a046771e8f393_68459549 .cmsmasters_row_outer_parent { \n\tpadding-top: 0px; \n} \n\n#cmsmasters_row_6a046771e8f393_68459549 .cmsmasters_row_outer_parent { \n\tpadding-bottom: 0px; \n} \n\n#cmsmasters_row_6a046771e8f393_68459549 .cmsmasters_row_inner.cmsmasters_row_fullwidth { \n\tpadding-left:0%; \n} \n#cmsmasters_row_6a046771e8f393_68459549 .cmsmasters_row_inner.cmsmasters_row_fullwidth { \n\tpadding-right:0%; \n} \n \n#cmsmasters_divider_6a046771e90c70_49495649 { \n\tborder-bottom-width:1px; \n\tborder-bottom-style:solid; \n\tpadding-top:0px; \n\tmargin-bottom:0px; \n} \n \n#cmsmasters_row_6a046771e91057_01280697 .cmsmasters_row_outer_parent { \n\tpadding-top: 50px; \n} \n\n#cmsmasters_row_6a046771e91057_01280697 .cmsmasters_row_outer_parent { \n\tpadding-bottom: 50px; \n} \n\n \n#cmsmasters_row_6a046771e92dd3_45715060 .cmsmasters_row_outer_parent { \n\tpadding-top: 0px; \n} \n\n#cmsmasters_row_6a046771e92dd3_45715060 .cmsmasters_row_outer_parent { \n\tpadding-bottom: 0px; \n} \n\n#cmsmasters_row_6a046771e92dd3_45715060 .cmsmasters_row_inner.cmsmasters_row_fullwidth { \n\tpadding-left:0%; \n} \n#cmsmasters_row_6a046771e92dd3_45715060 .cmsmasters_row_inner.cmsmasters_row_fullwidth { \n\tpadding-right:0%; \n} \n \n#cmsmasters_divider_6a046771e934f8_35786654 { \n\tborder-bottom-width:1px; \n\tborder-bottom-style:solid; \n\tpadding-top:50px; \n\tmargin-bottom:0px; \n} \n \n#cmsmasters_row_6a046771e937c4_47042991 { \n\tbackground-color:#fbfbfb;\n} \n\n#cmsmasters_row_6a046771e937c4_47042991 .cmsmasters_row_outer_parent { \n\tpadding-top: 60px; \n} \n\n#cmsmasters_row_6a046771e937c4_47042991 .cmsmasters_row_outer_parent { \n\tpadding-bottom: 60px; \n} \n\n \n#cmsmasters_heading_6a046771e94d07_18379268 { \n\ttext-align:center; \n\tmargin-top:0px; \n\tmargin-bottom:50px; \n} \n\n#cmsmasters_heading_6a046771e94d07_18379268 .cmsmasters_heading { \n\ttext-align:center; \n} \n\n#cmsmasters_heading_6a046771e94d07_18379268 .cmsmasters_heading, #cmsmasters_heading_6a046771e94d07_18379268 .cmsmasters_heading a { \n\tfont-weight:300; \n\tfont-style:normal; \n} \n\n#cmsmasters_heading_6a046771e94d07_18379268 .cmsmasters_heading_divider { \n} \n\n \n#cmsmasters_row_6a046771ec0cd1_05721011 .cmsmasters_row_outer_parent { \n\tpadding-top: 0px; \n} \n\n#cmsmasters_row_6a046771ec0cd1_05721011 .cmsmasters_row_outer_parent { \n\tpadding-bottom: 0px; \n} \n\n#cmsmasters_row_6a046771ec0cd1_05721011 .cmsmasters_row_inner.cmsmasters_row_fullwidth { \n\tpadding-left:0%; \n} \n#cmsmasters_row_6a046771ec0cd1_05721011 .cmsmasters_row_inner.cmsmasters_row_fullwidth { \n\tpadding-right:0%; \n} \n \n#cmsmasters_divider_6a046771ed3df9_85811666 { \n\tborder-bottom-width:1px; \n\tborder-bottom-style:solid; \n\tpadding-top:50px; \n\tmargin-bottom:0px; \n} \n \n#cmsmasters_row_6a046771ed44a2_65327694 { \n\tbackground-color:#fbfbfb;\n} \n\n#cmsmasters_row_6a046771ed44a2_65327694 .cmsmasters_row_outer_parent { \n\tpadding-top: 60px; \n} \n\n#cmsmasters_row_6a046771ed44a2_65327694 .cmsmasters_row_outer_parent { \n\tpadding-bottom: 60px; \n} \n\n \n#cmsmasters_heading_6a046771ed6d20_86055861 { \n\ttext-align:center; \n\tmargin-top:0px; \n\tmargin-bottom:50px; \n} \n\n#cmsmasters_heading_6a046771ed6d20_86055861 .cmsmasters_heading { \n\ttext-align:center; \n} \n\n#cmsmasters_heading_6a046771ed6d20_86055861 .cmsmasters_heading, #cmsmasters_heading_6a046771ed6d20_86055861 .cmsmasters_heading a { \n\tfont-weight:300; \n\tfont-style:normal; \n} \n\n#cmsmasters_heading_6a046771ed6d20_86055861 .cmsmasters_heading_divider { \n} \n\n \n#cmsmasters_heading_6a046771ed6ff7_26388494 { \n\ttext-align:center; \n\tmargin-top:0px; \n\tmargin-bottom:50px; \n} \n\n#cmsmasters_heading_6a046771ed6ff7_26388494 .cmsmasters_heading { \n\ttext-align:center; \n} \n\n#cmsmasters_heading_6a046771ed6ff7_26388494 .cmsmasters_heading, #cmsmasters_heading_6a046771ed6ff7_26388494 .cmsmasters_heading a { \n\tfont-weight:300; \n\tfont-style:normal; \n} \n\n#cmsmasters_heading_6a046771ed6ff7_26388494 .cmsmasters_heading_divider { \n} \n\n \n#cmsmasters_row_6a046771eed924_35088899 .cmsmasters_row_outer_parent { \n\tpadding-top: 0px; \n} \n\n#cmsmasters_row_6a046771eed924_35088899 .cmsmasters_row_outer_parent { \n\tpadding-bottom: 0px; \n} \n\n#cmsmasters_row_6a046771eed924_35088899 .cmsmasters_row_inner.cmsmasters_row_fullwidth { \n\tpadding-left:0%; \n} \n#cmsmasters_row_6a046771eed924_35088899 .cmsmasters_row_inner.cmsmasters_row_fullwidth { \n\tpadding-right:0%; \n} \n \n#cmsmasters_divider_6a046771eee382_89147351 { \n\tborder-bottom-width:1px; \n\tborder-bottom-style:solid; \n\tpadding-top:0px; \n\tmargin-bottom:50px; \n} \n<\/style><div id=\"cmsmasters_row_6a046771e4ae27_44675202\" class=\"cmsmasters_row cmsmasters_color_scheme_default cmsmasters_row_top_default cmsmasters_row_bot_default cmsmasters_row_boxed\">\n<div class=\"cmsmasters_row_outer_parent\">\n<div class=\"cmsmasters_row_outer\">\n<div class=\"cmsmasters_row_inner\">\n<div class=\"cmsmasters_row_margin\">\n<div class=\"cmsmasters_column one_first\">\n\n<div id=\"cmsmasters_heading_6a046771e4ca62_16929927\" class=\"cmsmasters_heading_wrap cmsmasters_heading_align_center\">\n\t<h2 class=\"cmsmasters_heading\"><\/h2>\n<\/div>\n<div id=\"6a046771e4cf56_00442487\" class=\"cmsmasters_profile vertical\">\n\r\n<!-- Start Vertical Profile  -->\r\n\r\n<article id=\"post-7119\" class=\"post-7119 profile type-profile status-publish has-post-thumbnail hentry pl-categs-director-da-fe\">\r\n\t<div class=\"pl_img\">\n<figure>\n<a href=\"https:\/\/unipungue.ac.mz\/?profile=sergio-leonardo-nhapulo\"><img loading=\"lazy\" decoding=\"async\" width=\"196\" height=\"182\" src=\"https:\/\/unipungue.ac.mz\/wp-content\/uploads\/2023\/04\/diretora_FE.png\" class=\"attachment-cmsmasters-square-thumb size-cmsmasters-square-thumb wp-post-image\" alt=\"Prof. Doutor S\u00e9rgio Leonardo Nhapulo\" title=\"Prof. Doutor S\u00e9rgio Leonardo Nhapulo\" \/><\/a><\/figure>\n<\/div>\n<div class=\"pl_content\">\n<h6 class=\"pl_subtitle\">Director<\/h6>\n<h2 class=\"entry-title\">\n<a href=\"https:\/\/unipungue.ac.mz\/?profile=sergio-leonardo-nhapulo\">Prof. Doutor S\u00e9rgio Leonardo Nhapulo<\/a>\n<\/h2>\n<div class=\"pl_social\">\n<\/div>\n<\/div>\n<div class=\"entry-content\">\n\u00c9 Director da Faculdade de Engenharia na Universidade P\u00fangu\u00e8 com sede na prov\u00edncia de Manica e uma Extens\u00e3o na prov\u00edncia de Tete.<\/div>\n\t<div class=\"cl\"><\/div>\r\n<\/article>\r\n<!-- Finish Vertical Profile  -->\r\n\r\n<\/div>\n<div class=\"cmsmasters_img  cmsmasters_image_n\">\n<img decoding=\"async\" src=\"https:\/\/unipungue.ac.mz\/wp-content\/uploads\/2023\/02\/1.png\" \/>\n<\/div>\n<\/div>\n<\/div>\n<\/div>\n<\/div>\n<\/div>\n<\/div>\n<div id=\"cmsmasters_row_6a046771e8f393_68459549\" class=\"cmsmasters_row cmsmasters_color_scheme_default cmsmasters_row_top_default cmsmasters_row_bot_default cmsmasters_row_fullwidth\">\n<div class=\"cmsmasters_row_outer_parent\">\n<div class=\"cmsmasters_row_outer\">\n<div class=\"cmsmasters_row_inner cmsmasters_row_fullwidth\">\n<div class=\"cmsmasters_row_margin\">\n<div class=\"cmsmasters_column one_first\">\n\n<div id=\"cmsmasters_divider_6a046771e90c70_49495649\" class=\"cmsmasters_divider cmsmasters_divider_width_long cmsmasters_divider_pos_center\"><\/div>\n<\/div>\n<\/div>\n<\/div>\n<\/div>\n<\/div>\n<\/div>\n<div id=\"cmsmasters_row_6a046771e91057_01280697\" class=\"cmsmasters_row cmsmasters_color_scheme_default cmsmasters_row_top_default cmsmasters_row_bot_default cmsmasters_row_boxed\">\n<div class=\"cmsmasters_row_outer_parent\">\n<div class=\"cmsmasters_row_outer\">\n<div class=\"cmsmasters_row_inner\">\n<div class=\"cmsmasters_row_margin\">\n<div class=\"cmsmasters_column one_first\">\n<div class=\"cmsmasters_text\">\n<h1><strong>Objectivos<\/strong><\/h1>\n<ul>\n<li>Conceder uma s\u00f3lida forma\u00e7\u00e3o t\u00e9cnico-cient\u00edfica que permita a prepara\u00e7\u00e3o de profissionais capazes de responderem os desafios e din\u00e2micas da sociedade nas \u00e1reas de engenharias;<\/li>\n<li>Formar engenheiros com capacidade de fomentar a produ\u00e7\u00e3o local, otimizando a utiliza\u00e7\u00e3o de recursos e minimizando os impactos ambientais negativos associados aos actuais tecnologias de produ\u00e7\u00e3o;<\/li>\n<li>Formar profissionais com compet\u00eancias em dom\u00ednios especializados em Engenharias, que possam atuar nos sectores prim\u00e1rio e secund\u00e1rio, trazendo novas val\u00eancias aos dois sectores produtivos;<\/li>\n<li>Formar profissionais habilitados, vers\u00e1teis e capazes, tanto de analisar problemas correntes nas \u00e1reas ligadas a Engenharia, como de tomar decis\u00f5es criteriosas e encontrar solu\u00e7\u00f5es ecol\u00f3gicas e economicamente sustent\u00e1vel;<\/li>\n<li>Promover e divulgar as novas descobertas em diferentes \u00e1reas de engenharia.<\/li>\n<\/ul>\n<\/div>\n<\/div>\n<\/div>\n<\/div>\n<\/div>\n<\/div>\n<\/div>\n<div id=\"cmsmasters_row_6a046771e92dd3_45715060\" class=\"cmsmasters_row cmsmasters_color_scheme_default cmsmasters_row_top_default cmsmasters_row_bot_default cmsmasters_row_fullwidth\">\n<div class=\"cmsmasters_row_outer_parent\">\n<div class=\"cmsmasters_row_outer\">\n<div class=\"cmsmasters_row_inner cmsmasters_row_fullwidth\">\n<div class=\"cmsmasters_row_margin\">\n<div class=\"cmsmasters_column one_first\">\n\n<div id=\"cmsmasters_divider_6a046771e934f8_35786654\" class=\"cmsmasters_divider cmsmasters_divider_width_long cmsmasters_divider_pos_center\"><\/div>\n<\/div>\n<\/div>\n<\/div>\n<\/div>\n<\/div>\n<\/div>\n<div id=\"cmsmasters_row_6a046771e937c4_47042991\" class=\"cmsmasters_row cmsmasters_color_scheme_default cmsmasters_row_top_default cmsmasters_row_bot_default cmsmasters_row_boxed\">\n<div class=\"cmsmasters_row_outer_parent\">\n<div class=\"cmsmasters_row_outer\">\n<div class=\"cmsmasters_row_inner\">\n<div class=\"cmsmasters_row_margin\">\n<div class=\"cmsmasters_column one_first\">\n\n<div id=\"cmsmasters_heading_6a046771e94d07_18379268\" class=\"cmsmasters_heading_wrap cmsmasters_heading_align_center\">\n\t<h2 class=\"cmsmasters_heading\">Cursos ministrados<\/h2>\n<\/div><div class=\"cmsmasters_text\">\n<div id=\"cmsmasters_learnpress_shortcode_6a046771e9dbc7_94318023\" class=\"cmsmasters_learnpress_shortcode cmsmasters_4\"><\/div>\n<\/div>\n<\/div>\n<\/div>\n<\/div>\n<\/div>\n<\/div>\n<\/div>\n<div id=\"cmsmasters_row_6a046771ec0cd1_05721011\" class=\"cmsmasters_row cmsmasters_color_scheme_default cmsmasters_row_top_default cmsmasters_row_bot_default cmsmasters_row_fullwidth\">\n<div class=\"cmsmasters_row_outer_parent\">\n<div class=\"cmsmasters_row_outer\">\n<div class=\"cmsmasters_row_inner cmsmasters_row_fullwidth\">\n<div class=\"cmsmasters_row_margin\">\n<div class=\"cmsmasters_column one_first\">\n\n<div id=\"cmsmasters_divider_6a046771ed3df9_85811666\" class=\"cmsmasters_divider cmsmasters_divider_width_long cmsmasters_divider_pos_center\"><\/div>\n<\/div>\n<\/div>\n<\/div>\n<\/div>\n<\/div>\n<\/div>\n<div id=\"cmsmasters_row_6a046771ed44a2_65327694\" class=\"cmsmasters_row cmsmasters_color_scheme_default cmsmasters_row_top_default cmsmasters_row_bot_default cmsmasters_row_boxed\">\n<div class=\"cmsmasters_row_outer_parent\">\n<div class=\"cmsmasters_row_outer\">\n<div class=\"cmsmasters_row_inner\">\n<div class=\"cmsmasters_row_margin\">\n<div class=\"cmsmasters_column one_first\">\n\n<div id=\"cmsmasters_heading_6a046771ed6d20_86055861\" class=\"cmsmasters_heading_wrap cmsmasters_heading_align_center\">\n\t<h2 class=\"cmsmasters_heading\">Nossos docentes<\/h2>\n<\/div>\n<div id=\"cmsmasters_heading_6a046771ed6ff7_26388494\" class=\"cmsmasters_heading_wrap cmsmasters_heading_align_center\">\n\t<h4 class=\"cmsmasters_heading\"><\/h4>\n<\/div>\n<p><\/p>\n<\/div>\n<\/div>\n<\/div>\n<\/div>\n<\/div>\n<\/div>\n<div id=\"cmsmasters_row_6a046771eed924_35088899\" class=\"cmsmasters_row cmsmasters_color_scheme_default cmsmasters_row_top_default cmsmasters_row_bot_default cmsmasters_row_fullwidth\">\n<div class=\"cmsmasters_row_outer_parent\">\n<div class=\"cmsmasters_row_outer\">\n<div class=\"cmsmasters_row_inner cmsmasters_row_fullwidth\">\n<div class=\"cmsmasters_row_margin\">\n<div class=\"cmsmasters_column one_first\">\n\n<div id=\"cmsmasters_divider_6a046771eee382_89147351\" class=\"cmsmasters_divider cmsmasters_divider_width_long cmsmasters_divider_pos_center\"><\/div>\n<\/div>\n<\/div>\n<\/div>\n<\/div>\n<\/div>\n<\/div>\n\n","protected":false},"excerpt":{"rendered":"","protected":false},"author":1,"featured_media":0,"parent":0,"menu_order":0,"comment_status":"closed","ping_status":"closed","template":"","meta":{"footnotes":""},"class_list":["post-6921","page","type-page","status-publish","hentry"],"_links":{"self":[{"href":"https:\/\/unipungue.ac.mz\/index.php?rest_route=\/wp\/v2\/pages\/6921","targetHints":{"allow":["GET"]}}],"collection":[{"href":"https:\/\/unipungue.ac.mz\/index.php?rest_route=\/wp\/v2\/pages"}],"about":[{"href":"https:\/\/unipungue.ac.mz\/index.php?rest_route=\/wp\/v2\/types\/page"}],"author":[{"embeddable":true,"href":"https:\/\/unipungue.ac.mz\/index.php?rest_route=\/wp\/v2\/users\/1"}],"replies":[{"embeddable":true,"href":"https:\/\/unipungue.ac.mz\/index.php?rest_route=%2Fwp%2Fv2%2Fcomments&post=6921"}],"version-history":[{"count":8,"href":"https:\/\/unipungue.ac.mz\/index.php?rest_route=\/wp\/v2\/pages\/6921\/revisions"}],"predecessor-version":[{"id":9054,"href":"https:\/\/unipungue.ac.mz\/index.php?rest_route=\/wp\/v2\/pages\/6921\/revisions\/9054"}],"wp:attachment":[{"href":"https:\/\/unipungue.ac.mz\/index.php?rest_route=%2Fwp%2Fv2%2Fmedia&parent=6921"}],"curies":[{"name":"wp","href":"https:\/\/api.w.org\/{rel}","templated":true}]}}