{"id":6924,"date":"2022-11-20T10:14:07","date_gmt":"2022-11-20T10:14:07","guid":{"rendered":"http:\/\/102.67.191.105\/?page_id=6924"},"modified":"2025-10-16T10:13:23","modified_gmt":"2025-10-16T10:13:23","slug":"faculdade-de-letras-ciencias-sociais-e-humanidades","status":"publish","type":"page","link":"https:\/\/unipungue.ac.mz\/?page_id=6924","title":{"rendered":"Faculdade de Letras, Ci\u00eancias Sociais e Humanidades"},"content":{"rendered":"<style type=\"text\/css\"> \n#cmsmasters_row_69f1b84e19ab61_75323792 { \n\tbackground-color:#fbfbfb;\n} \n\n#cmsmasters_row_69f1b84e19ab61_75323792 .cmsmasters_row_outer_parent { \n\tpadding-top: 70px; \n} \n\n#cmsmasters_row_69f1b84e19ab61_75323792 .cmsmasters_row_outer_parent { \n\tpadding-bottom: 50px; \n} \n\n \n#cmsmasters_heading_69f1b84e19cb26_88758464 { \n\ttext-align:center; \n\tmargin-top:0px; \n\tmargin-bottom:50px; \n} \n\n#cmsmasters_heading_69f1b84e19cb26_88758464 .cmsmasters_heading { \n\ttext-align:center; \n} \n\n#cmsmasters_heading_69f1b84e19cb26_88758464 .cmsmasters_heading, #cmsmasters_heading_69f1b84e19cb26_88758464 .cmsmasters_heading a { \n\tfont-weight:300; \n\tfont-style:normal; \n} \n\n#cmsmasters_heading_69f1b84e19cb26_88758464 .cmsmasters_heading_divider { \n} \n\n \n#cmsmasters_row_69f1b84e1ce0b5_16181983 .cmsmasters_row_outer_parent { \n\tpadding-top: 0px; \n} \n\n#cmsmasters_row_69f1b84e1ce0b5_16181983 .cmsmasters_row_outer_parent { \n\tpadding-bottom: 0px; \n} \n\n#cmsmasters_row_69f1b84e1ce0b5_16181983 .cmsmasters_row_inner.cmsmasters_row_fullwidth { \n\tpadding-left:0%; \n} \n#cmsmasters_row_69f1b84e1ce0b5_16181983 .cmsmasters_row_inner.cmsmasters_row_fullwidth { \n\tpadding-right:0%; \n} \n \n#cmsmasters_divider_69f1b84e1cf9d7_14744186 { \n\tborder-bottom-width:1px; \n\tborder-bottom-style:solid; \n\tpadding-top:0px; \n\tmargin-bottom:0px; \n} \n \n#cmsmasters_row_69f1b84e1cfd95_39621368 .cmsmasters_row_outer_parent { \n\tpadding-top: 50px; \n} \n\n#cmsmasters_row_69f1b84e1cfd95_39621368 .cmsmasters_row_outer_parent { \n\tpadding-bottom: 50px; \n} \n\n \n#cmsmasters_heading_69f1b84e1d2199_61781372 { \n\ttext-align:center; \n\tmargin-top:0px; \n\tmargin-bottom:50px; \n} \n\n#cmsmasters_heading_69f1b84e1d2199_61781372 .cmsmasters_heading { \n\ttext-align:center; \n} \n\n#cmsmasters_heading_69f1b84e1d2199_61781372 .cmsmasters_heading, #cmsmasters_heading_69f1b84e1d2199_61781372 .cmsmasters_heading a { \n\tfont-weight:300; \n\tfont-style:normal; \n} \n\n#cmsmasters_heading_69f1b84e1d2199_61781372 .cmsmasters_heading_divider { \n} \n\n \n#cmsmasters_row_69f1b84e1d27a0_44987497 .cmsmasters_row_outer_parent { \n\tpadding-top: 0px; \n} \n\n#cmsmasters_row_69f1b84e1d27a0_44987497 .cmsmasters_row_outer_parent { \n\tpadding-bottom: 50px; \n} \n\n#cmsmasters_row_69f1b84e1d27a0_44987497 .cmsmasters_row_inner.cmsmasters_row_fullwidth { \n\tpadding-left:0%; \n} \n#cmsmasters_row_69f1b84e1d27a0_44987497 .cmsmasters_row_inner.cmsmasters_row_fullwidth { \n\tpadding-right:0%; \n} \n \n#cmsmasters_divider_69f1b84e1d2f19_88761408 { \n\tborder-bottom-width:1px; \n\tborder-bottom-style:solid; \n\tpadding-top:50px; \n\tmargin-bottom:0px; \n} \n \n#cmsmasters_row_69f1b84e1d31e8_18829021 .cmsmasters_row_outer_parent { \n\tpadding-bottom: 50px; \n} \n\n \n#cmsmasters_heading_69f1b84e1d4810_28805654 { \n\ttext-align:center; \n\tmargin-top:0px; \n\tmargin-bottom:50px; \n} \n\n#cmsmasters_heading_69f1b84e1d4810_28805654 .cmsmasters_heading { \n\ttext-align:center; \n} \n\n#cmsmasters_heading_69f1b84e1d4810_28805654 .cmsmasters_heading, #cmsmasters_heading_69f1b84e1d4810_28805654 .cmsmasters_heading a { \n\tfont-weight:300; \n\tfont-style:normal; \n} \n\n#cmsmasters_heading_69f1b84e1d4810_28805654 .cmsmasters_heading_divider { \n} \n\n \n#cmsmasters_row_69f1b84e2208b1_21620560 .cmsmasters_row_outer_parent { \n\tpadding-top: 0px; \n} \n\n#cmsmasters_row_69f1b84e2208b1_21620560 .cmsmasters_row_outer_parent { \n\tpadding-bottom: 50px; \n} \n\n#cmsmasters_row_69f1b84e2208b1_21620560 .cmsmasters_row_inner.cmsmasters_row_fullwidth { \n\tpadding-left:0%; \n} \n#cmsmasters_row_69f1b84e2208b1_21620560 .cmsmasters_row_inner.cmsmasters_row_fullwidth { \n\tpadding-right:0%; \n} \n \n#cmsmasters_divider_69f1b84e221365_04529984 { \n\tborder-bottom-width:1px; \n\tborder-bottom-style:solid; \n\tpadding-top:50px; \n\tmargin-bottom:0px; \n} \n \n#cmsmasters_row_69f1b84e221732_83869027 .cmsmasters_row_outer_parent { \n\tpadding-bottom: 50px; \n} \n\n \n#cmsmasters_heading_69f1b84e222d61_31347022 { \n\ttext-align:center; \n\tmargin-top:0px; \n\tmargin-bottom:50px; \n} \n\n#cmsmasters_heading_69f1b84e222d61_31347022 .cmsmasters_heading { \n\ttext-align:center; \n} \n\n#cmsmasters_heading_69f1b84e222d61_31347022 .cmsmasters_heading, #cmsmasters_heading_69f1b84e222d61_31347022 .cmsmasters_heading a { \n\tfont-weight:300; \n\tfont-style:normal; \n} \n\n#cmsmasters_heading_69f1b84e222d61_31347022 .cmsmasters_heading_divider { \n} \n\n<\/style><div id=\"cmsmasters_row_69f1b84e19ab61_75323792\" class=\"cmsmasters_row cmsmasters_color_scheme_default cmsmasters_row_top_default cmsmasters_row_bot_default cmsmasters_row_boxed\">\n<div class=\"cmsmasters_row_outer_parent\">\n<div class=\"cmsmasters_row_outer\">\n<div class=\"cmsmasters_row_inner\">\n<div class=\"cmsmasters_row_margin\">\n<div class=\"cmsmasters_column one_first\">\n\n<div id=\"cmsmasters_heading_69f1b84e19cb26_88758464\" class=\"cmsmasters_heading_wrap cmsmasters_heading_align_center\">\n\t<h2 class=\"cmsmasters_heading\"><\/h2>\n<\/div>\n<div id=\"69f1b84e19d153_47990552\" class=\"cmsmasters_profile vertical\">\n\r\n<!-- Start Vertical Profile  -->\r\n\r\n<article id=\"post-7122\" class=\"post-7122 profile type-profile status-publish has-post-thumbnail hentry pl-categs-director-da-flcsh\">\r\n\t<div class=\"pl_img\">\n<figure>\n<a href=\"https:\/\/unipungue.ac.mz\/?profile=fernando-rafael-chongo\"><img loading=\"lazy\" decoding=\"async\" width=\"176\" height=\"176\" src=\"https:\/\/unipungue.ac.mz\/wp-content\/uploads\/2023\/04\/avatar.jpg\" class=\"attachment-cmsmasters-square-thumb size-cmsmasters-square-thumb wp-post-image\" alt=\"Prof. Doutor Fernando Rafael Chongo\" title=\"Prof. Doutor Fernando Rafael Chongo\" \/><\/a><\/figure>\n<\/div>\n<div class=\"pl_content\">\n<h6 class=\"pl_subtitle\">Director<\/h6>\n<h2 class=\"entry-title\">\n<a href=\"https:\/\/unipungue.ac.mz\/?profile=fernando-rafael-chongo\">Prof. Doutor Fernando Rafael Chongo<\/a>\n<\/h2>\n<div class=\"pl_social\">\n<\/div>\n<\/div>\n<div class=\"entry-content\">\n\u00c9 Director da Faculdade de Letras, Ci\u00eancias Sociais e Humanidades na Universidade P\u00fangu\u00e8, com sede na prov\u00edncia de Manica e uma Extens\u00e3o na prov\u00edncia de Tete.<\/div>\n\t<div class=\"cl\"><\/div>\r\n<\/article>\r\n<!-- Finish Vertical Profile  -->\r\n\r\n<\/div>\n<div class=\"cmsmasters_img  cmsmasters_image_n\">\n<img decoding=\"async\" src=\"https:\/\/unipungue.ac.mz\/wp-content\/uploads\/2023\/02\/2.png\" \/>\n<\/div>\n<\/div>\n<\/div>\n<\/div>\n<\/div>\n<\/div>\n<\/div>\n<div id=\"cmsmasters_row_69f1b84e1ce0b5_16181983\" class=\"cmsmasters_row cmsmasters_color_scheme_default cmsmasters_row_top_default cmsmasters_row_bot_default cmsmasters_row_fullwidth\">\n<div class=\"cmsmasters_row_outer_parent\">\n<div class=\"cmsmasters_row_outer\">\n<div class=\"cmsmasters_row_inner cmsmasters_row_fullwidth\">\n<div class=\"cmsmasters_row_margin\">\n<div class=\"cmsmasters_column one_first\">\n\n<div id=\"cmsmasters_divider_69f1b84e1cf9d7_14744186\" class=\"cmsmasters_divider cmsmasters_divider_width_long cmsmasters_divider_pos_center\"><\/div>\n<\/div>\n<\/div>\n<\/div>\n<\/div>\n<\/div>\n<\/div>\n<div id=\"cmsmasters_row_69f1b84e1cfd95_39621368\" class=\"cmsmasters_row cmsmasters_color_scheme_default cmsmasters_row_top_default cmsmasters_row_bot_default cmsmasters_row_boxed\">\n<div class=\"cmsmasters_row_outer_parent\">\n<div class=\"cmsmasters_row_outer\">\n<div class=\"cmsmasters_row_inner\">\n<div class=\"cmsmasters_row_margin\">\n<div class=\"cmsmasters_column one_first\">\n<div class=\"cmsmasters_text\">\n<p><strong>Objectivos<\/strong><\/p>\n<ul>\n<li>Organizar e ministrar cursos de Licenciatura (1.\u00ba ciclo), de Mestrado (2.\u00ba ciclo) e de Doutoramento (3.\u00ba ciclo);<\/li>\n<li>Promover e desenvolver atividades de investiga\u00e7\u00e3o cient\u00edfica, em coopera\u00e7\u00e3o com outras unidades org\u00e2nicas da UniP\u00fangu\u00e8 e de outras institui\u00e7\u00f5es nacionais e internacionais;<\/li>\n<li>Incrementar o interc\u00e2mbio cultural e cient\u00edfico com institui\u00e7\u00f5es e organismos p\u00fablicos e privados, nacionais ou internacionais, atrav\u00e9s da mobilidade de Estudantes, Docentes, Investigadores e Corpo T\u00e9cnico-administrativo;<\/li>\n<li>Desenvolver programas educativos e de investiga\u00e7\u00e3o assentes em parcerias que contribuem para a coopera\u00e7\u00e3o internacional e para o refor\u00e7o de um ambiente multilingu\u00edstico, social e multicultural na faculdade;<\/li>\n<li>Promover e assegurar projectos de intera\u00e7\u00e3o com uma sociedade, atrav\u00e9s de cursos e ac\u00e7\u00f5es de forma\u00e7\u00e3o inicial e cont\u00ednua, ou de presta\u00e7\u00e3o de servi\u00e7os, especificamente no \u00e2mbito das l\u00ednguas, das ci\u00eancias sociais e das culturas;<\/li>\n<li>Organizar e ministrar cursos n\u00e3o conferentes de grau e atribui\u00e7\u00e3o de certificados certificados;<\/li>\n<\/ul>\n<\/div>\n\n<div id=\"cmsmasters_heading_69f1b84e1d2199_61781372\" class=\"cmsmasters_heading_wrap cmsmasters_heading_align_center\">\n\t<h4 class=\"cmsmasters_heading\"><\/h4>\n<\/div>\n<\/div>\n<\/div>\n<\/div>\n<\/div>\n<\/div>\n<\/div>\n<div id=\"cmsmasters_row_69f1b84e1d27a0_44987497\" class=\"cmsmasters_row cmsmasters_color_scheme_default cmsmasters_row_top_default cmsmasters_row_bot_default cmsmasters_row_fullwidth\">\n<div class=\"cmsmasters_row_outer_parent\">\n<div class=\"cmsmasters_row_outer\">\n<div class=\"cmsmasters_row_inner cmsmasters_row_fullwidth\">\n<div class=\"cmsmasters_row_margin\">\n<div class=\"cmsmasters_column one_first\">\n\n<div id=\"cmsmasters_divider_69f1b84e1d2f19_88761408\" class=\"cmsmasters_divider cmsmasters_divider_width_long cmsmasters_divider_pos_center\"><\/div>\n<\/div>\n<\/div>\n<\/div>\n<\/div>\n<\/div>\n<\/div>\n<div id=\"cmsmasters_row_69f1b84e1d31e8_18829021\" class=\"cmsmasters_row cmsmasters_color_scheme_default cmsmasters_row_top_default cmsmasters_row_bot_default cmsmasters_row_boxed\">\n<div class=\"cmsmasters_row_outer_parent\">\n<div class=\"cmsmasters_row_outer\">\n<div class=\"cmsmasters_row_inner\">\n<div class=\"cmsmasters_row_margin\">\n<div class=\"cmsmasters_column one_first\">\n\n<div id=\"cmsmasters_heading_69f1b84e1d4810_28805654\" class=\"cmsmasters_heading_wrap cmsmasters_heading_align_center\">\n\t<h2 class=\"cmsmasters_heading\">Cursos ministrados<\/h2>\n<\/div><div class=\"cmsmasters_text\">\n<div id=\"cmsmasters_learnpress_shortcode_69f1b84e1d58e1_94937156\" class=\"cmsmasters_learnpress_shortcode cmsmasters_4\"><article id=\"lpr_course_post-8249\" class=\"lpr_course_post\">\n<figure class=\"cmsmasters_img_rollover_wrap preloader\"><img loading=\"lazy\" decoding=\"async\" width=\"300\" height=\"300\" src=\"https:\/\/unipungue.ac.mz\/wp-content\/uploads\/2024\/07\/LINGUA-PORTUGUESA-E-ESTUDOS-EDITORIAIS-300x300.png\" class=\"full-width wp-post-image\" alt=\"Licenciatura em L\u00edngua Portuguesa e Estudos Editoriais\" title=\"Licenciatura em L\u00edngua Portuguesa e Estudos Editoriais\" srcset=\"https:\/\/unipungue.ac.mz\/wp-content\/uploads\/2024\/07\/LINGUA-PORTUGUESA-E-ESTUDOS-EDITORIAIS-300x300.png 300w, https:\/\/unipungue.ac.mz\/wp-content\/uploads\/2024\/07\/LINGUA-PORTUGUESA-E-ESTUDOS-EDITORIAIS-150x150.png 150w, https:\/\/unipungue.ac.mz\/wp-content\/uploads\/2024\/07\/LINGUA-PORTUGUESA-E-ESTUDOS-EDITORIAIS-768x768.png 768w, https:\/\/unipungue.ac.mz\/wp-content\/uploads\/2024\/07\/LINGUA-PORTUGUESA-E-ESTUDOS-EDITORIAIS-60x60.png 60w, https:\/\/unipungue.ac.mz\/wp-content\/uploads\/2024\/07\/LINGUA-PORTUGUESA-E-ESTUDOS-EDITORIAIS-580x580.png 580w, https:\/\/unipungue.ac.mz\/wp-content\/uploads\/2024\/07\/LINGUA-PORTUGUESA-E-ESTUDOS-EDITORIAIS-860x860.png 860w, https:\/\/unipungue.ac.mz\/wp-content\/uploads\/2024\/07\/LINGUA-PORTUGUESA-E-ESTUDOS-EDITORIAIS.png 1000w\" sizes=\"auto, (max-width: 300px) 100vw, 300px\" \/><div class=\"cmsmasters_img_rollover\"><a href=\"https:\/\/unipungue.ac.mz\/?lp_course=licenciatura-em-lingua-portuguesa-e-estudos-editoriais\" title=\"Licenciatura em L\u00edngua Portuguesa e Estudos Editoriais\" class=\"cmsmasters_open_post_link\"><\/a><\/div><\/figure>\n<div class=\"lpr_course_inner\">\n<header class=\"entry-header lpr_course_header\">\r\n\t\t\t\t\t<h6 class=\"entry-title lpr_course_title\"><a href=https:\/\/unipungue.ac.mz\/?lp_course=licenciatura-em-lingua-portuguesa-e-estudos-editoriais>Licenciatura em L\u00edngua Portuguesa e Estudos Editoriais<\/a><\/h6>\r\n\t\t\t\t<\/header>\n<span class=\"cmsmasters_course_price cmsmasters_course_free\">Gratuito<\/span><\/div>\n<footer class=\"cmsmasters_course_footer\">\n<div class=\"entry-meta cmsmasters_cource_cat\"><a href=\"https:\/\/unipungue.ac.mz\/?course_category=flcsh\" rel=\"tag\">FLCSH<\/a><\/div><div class=\"cmsmasters_cource_duration\">48 Week<\/div><\/footer>\n<\/article>\n<article id=\"lpr_course_post-8244\" class=\"lpr_course_post\">\n<figure class=\"cmsmasters_img_rollover_wrap preloader\"><img loading=\"lazy\" decoding=\"async\" width=\"300\" height=\"300\" src=\"https:\/\/unipungue.ac.mz\/wp-content\/uploads\/2024\/07\/FRANCES-300x300.png\" class=\"full-width wp-post-image\" alt=\"Licenciatura em Franc\u00eas\" title=\"Licenciatura em Franc\u00eas\" srcset=\"https:\/\/unipungue.ac.mz\/wp-content\/uploads\/2024\/07\/FRANCES-300x300.png 300w, https:\/\/unipungue.ac.mz\/wp-content\/uploads\/2024\/07\/FRANCES-150x150.png 150w, https:\/\/unipungue.ac.mz\/wp-content\/uploads\/2024\/07\/FRANCES-768x768.png 768w, https:\/\/unipungue.ac.mz\/wp-content\/uploads\/2024\/07\/FRANCES-60x60.png 60w, https:\/\/unipungue.ac.mz\/wp-content\/uploads\/2024\/07\/FRANCES-580x580.png 580w, https:\/\/unipungue.ac.mz\/wp-content\/uploads\/2024\/07\/FRANCES-860x860.png 860w, https:\/\/unipungue.ac.mz\/wp-content\/uploads\/2024\/07\/FRANCES.png 1000w\" sizes=\"auto, (max-width: 300px) 100vw, 300px\" \/><div class=\"cmsmasters_img_rollover\"><a href=\"https:\/\/unipungue.ac.mz\/?lp_course=licenciatura-em-frances\" title=\"Licenciatura em Franc\u00eas\" class=\"cmsmasters_open_post_link\"><\/a><\/div><\/figure>\n<div class=\"lpr_course_inner\">\n<header class=\"entry-header lpr_course_header\">\r\n\t\t\t\t\t<h6 class=\"entry-title lpr_course_title\"><a href=https:\/\/unipungue.ac.mz\/?lp_course=licenciatura-em-frances>Licenciatura em Franc\u00eas<\/a><\/h6>\r\n\t\t\t\t<\/header>\n<span class=\"cmsmasters_course_price cmsmasters_course_free\">Gratuito<\/span><\/div>\n<footer class=\"cmsmasters_course_footer\">\n<div class=\"entry-meta cmsmasters_cource_cat\"><a href=\"https:\/\/unipungue.ac.mz\/?course_category=flcsh\" rel=\"tag\">FLCSH<\/a><\/div><div class=\"cmsmasters_cource_duration\">48 Week<\/div><\/footer>\n<\/article>\n<article id=\"lpr_course_post-6677\" class=\"lpr_course_post\">\n<figure class=\"cmsmasters_img_rollover_wrap preloader\"><img loading=\"lazy\" decoding=\"async\" width=\"300\" height=\"300\" src=\"https:\/\/unipungue.ac.mz\/wp-content\/uploads\/2024\/04\/CAPA-DIREITO-300x300.png\" class=\"full-width wp-post-image\" alt=\"Direito\" title=\"Direito\" srcset=\"https:\/\/unipungue.ac.mz\/wp-content\/uploads\/2024\/04\/CAPA-DIREITO-300x300.png 300w, https:\/\/unipungue.ac.mz\/wp-content\/uploads\/2024\/04\/CAPA-DIREITO-150x150.png 150w, https:\/\/unipungue.ac.mz\/wp-content\/uploads\/2024\/04\/CAPA-DIREITO-768x768.png 768w, https:\/\/unipungue.ac.mz\/wp-content\/uploads\/2024\/04\/CAPA-DIREITO-60x60.png 60w, https:\/\/unipungue.ac.mz\/wp-content\/uploads\/2024\/04\/CAPA-DIREITO-580x580.png 580w, https:\/\/unipungue.ac.mz\/wp-content\/uploads\/2024\/04\/CAPA-DIREITO-860x860.png 860w, https:\/\/unipungue.ac.mz\/wp-content\/uploads\/2024\/04\/CAPA-DIREITO.png 1000w\" sizes=\"auto, (max-width: 300px) 100vw, 300px\" \/><div class=\"cmsmasters_img_rollover\"><a href=\"https:\/\/unipungue.ac.mz\/?lp_course=direito\" title=\"Direito\" class=\"cmsmasters_open_post_link\"><\/a><\/div><\/figure>\n<div class=\"lpr_course_inner\">\n<header class=\"entry-header lpr_course_header\">\r\n\t\t\t\t\t<h6 class=\"entry-title lpr_course_title\"><a href=https:\/\/unipungue.ac.mz\/?lp_course=direito>Direito<\/a><\/h6>\r\n\t\t\t\t<\/header>\n<span class=\"cmsmasters_course_price cmsmasters_course_free\">Gratuito<\/span><\/div>\n<footer class=\"cmsmasters_course_footer\">\n<div class=\"entry-meta cmsmasters_cource_cat\"><a href=\"https:\/\/unipungue.ac.mz\/?course_category=flcsh\" rel=\"tag\">FLCSH<\/a><\/div><div class=\"cmsmasters_cource_duration\">48 Week<\/div><\/footer>\n<\/article>\n<article id=\"lpr_course_post-6358\" class=\"lpr_course_post\">\n<figure class=\"cmsmasters_img_rollover_wrap preloader\"><img loading=\"lazy\" decoding=\"async\" width=\"300\" height=\"300\" src=\"https:\/\/unipungue.ac.mz\/wp-content\/uploads\/2024\/04\/CAPA-ENSINO-DE-INGLES-300x300.png\" class=\"full-width wp-post-image\" alt=\"Ensino de Ingl\u00eas\" title=\"Ensino de Ingl\u00eas\" srcset=\"https:\/\/unipungue.ac.mz\/wp-content\/uploads\/2024\/04\/CAPA-ENSINO-DE-INGLES-300x300.png 300w, https:\/\/unipungue.ac.mz\/wp-content\/uploads\/2024\/04\/CAPA-ENSINO-DE-INGLES-150x150.png 150w, https:\/\/unipungue.ac.mz\/wp-content\/uploads\/2024\/04\/CAPA-ENSINO-DE-INGLES-768x768.png 768w, https:\/\/unipungue.ac.mz\/wp-content\/uploads\/2024\/04\/CAPA-ENSINO-DE-INGLES-60x60.png 60w, https:\/\/unipungue.ac.mz\/wp-content\/uploads\/2024\/04\/CAPA-ENSINO-DE-INGLES-580x580.png 580w, https:\/\/unipungue.ac.mz\/wp-content\/uploads\/2024\/04\/CAPA-ENSINO-DE-INGLES-860x860.png 860w, https:\/\/unipungue.ac.mz\/wp-content\/uploads\/2024\/04\/CAPA-ENSINO-DE-INGLES.png 1000w\" sizes=\"auto, (max-width: 300px) 100vw, 300px\" \/><div class=\"cmsmasters_img_rollover\"><a href=\"https:\/\/unipungue.ac.mz\/?lp_course=ingles\" title=\"Ensino de Ingl\u00eas\" class=\"cmsmasters_open_post_link\"><\/a><\/div><\/figure>\n<div class=\"lpr_course_inner\">\n<header class=\"entry-header lpr_course_header\">\r\n\t\t\t\t\t<h6 class=\"entry-title lpr_course_title\"><a href=https:\/\/unipungue.ac.mz\/?lp_course=ingles>Ensino de Ingl\u00eas<\/a><\/h6>\r\n\t\t\t\t<\/header>\n<span class=\"cmsmasters_course_price cmsmasters_course_free\">Gratuito<\/span><\/div>\n<footer class=\"cmsmasters_course_footer\">\n<div class=\"entry-meta cmsmasters_cource_cat\"><a href=\"https:\/\/unipungue.ac.mz\/?course_category=flcsh\" rel=\"tag\">FLCSH<\/a><\/div><div class=\"cmsmasters_cource_duration\">48 Week<\/div><\/footer>\n<\/article>\n<\/div>\n<\/div>\n<\/div>\n<\/div>\n<\/div>\n<\/div>\n<\/div>\n<\/div>\n<div id=\"cmsmasters_row_69f1b84e2208b1_21620560\" class=\"cmsmasters_row cmsmasters_color_scheme_default cmsmasters_row_top_default cmsmasters_row_bot_default cmsmasters_row_fullwidth\">\n<div class=\"cmsmasters_row_outer_parent\">\n<div class=\"cmsmasters_row_outer\">\n<div class=\"cmsmasters_row_inner cmsmasters_row_fullwidth\">\n<div class=\"cmsmasters_row_margin\">\n<div class=\"cmsmasters_column one_first\">\n\n<div id=\"cmsmasters_divider_69f1b84e221365_04529984\" class=\"cmsmasters_divider cmsmasters_divider_width_long cmsmasters_divider_pos_center\"><\/div>\n<\/div>\n<\/div>\n<\/div>\n<\/div>\n<\/div>\n<\/div>\n<div id=\"cmsmasters_row_69f1b84e221732_83869027\" class=\"cmsmasters_row cmsmasters_color_scheme_default cmsmasters_row_top_default cmsmasters_row_bot_default cmsmasters_row_boxed\">\n<div class=\"cmsmasters_row_outer_parent\">\n<div class=\"cmsmasters_row_outer\">\n<div class=\"cmsmasters_row_inner\">\n<div class=\"cmsmasters_row_margin\">\n<div class=\"cmsmasters_column one_first\">\n\n<div id=\"cmsmasters_heading_69f1b84e222d61_31347022\" class=\"cmsmasters_heading_wrap cmsmasters_heading_align_center\">\n\t<h2 class=\"cmsmasters_heading\">Nossos docentes<\/h2>\n<\/div>\n<\/div>\n<\/div>\n<\/div>\n<\/div>\n<\/div>\n<\/div>\n\n","protected":false},"excerpt":{"rendered":"","protected":false},"author":1,"featured_media":0,"parent":0,"menu_order":0,"comment_status":"closed","ping_status":"closed","template":"","meta":{"footnotes":""},"class_list":["post-6924","page","type-page","status-publish","hentry"],"_links":{"self":[{"href":"https:\/\/unipungue.ac.mz\/index.php?rest_route=\/wp\/v2\/pages\/6924","targetHints":{"allow":["GET"]}}],"collection":[{"href":"https:\/\/unipungue.ac.mz\/index.php?rest_route=\/wp\/v2\/pages"}],"about":[{"href":"https:\/\/unipungue.ac.mz\/index.php?rest_route=\/wp\/v2\/types\/page"}],"author":[{"embeddable":true,"href":"https:\/\/unipungue.ac.mz\/index.php?rest_route=\/wp\/v2\/users\/1"}],"replies":[{"embeddable":true,"href":"https:\/\/unipungue.ac.mz\/index.php?rest_route=%2Fwp%2Fv2%2Fcomments&post=6924"}],"version-history":[{"count":14,"href":"https:\/\/unipungue.ac.mz\/index.php?rest_route=\/wp\/v2\/pages\/6924\/revisions"}],"predecessor-version":[{"id":9052,"href":"https:\/\/unipungue.ac.mz\/index.php?rest_route=\/wp\/v2\/pages\/6924\/revisions\/9052"}],"wp:attachment":[{"href":"https:\/\/unipungue.ac.mz\/index.php?rest_route=%2Fwp%2Fv2%2Fmedia&parent=6924"}],"curies":[{"name":"wp","href":"https:\/\/api.w.org\/{rel}","templated":true}]}}