{"id":6930,"date":"2022-11-20T10:18:34","date_gmt":"2022-11-20T10:18:34","guid":{"rendered":"http:\/\/102.67.191.105\/?page_id=6930"},"modified":"2025-10-16T10:22:10","modified_gmt":"2025-10-16T10:22:10","slug":"escola-superior-de-ciencias-economicas","status":"publish","type":"page","link":"https:\/\/unipungue.ac.mz\/?page_id=6930","title":{"rendered":"Escola Superior de Ci\u00eancias Econ\u00f3micas"},"content":{"rendered":"<style type=\"text\/css\"> \n#cmsmasters_row_69f5d649684645_22598645 { \n\tbackground-color:#fbfbfb;\n} \n\n#cmsmasters_row_69f5d649684645_22598645 .cmsmasters_row_outer_parent { \n\tpadding-top: 70px; \n} \n\n#cmsmasters_row_69f5d649684645_22598645 .cmsmasters_row_outer_parent { \n\tpadding-bottom: 50px; \n} \n\n \n#cmsmasters_heading_69f5d649686037_26859205 { \n\ttext-align:center; \n\tmargin-top:0px; \n\tmargin-bottom:50px; \n} \n\n#cmsmasters_heading_69f5d649686037_26859205 .cmsmasters_heading { \n\ttext-align:center; \n} \n\n#cmsmasters_heading_69f5d649686037_26859205 .cmsmasters_heading, #cmsmasters_heading_69f5d649686037_26859205 .cmsmasters_heading a { \n\tfont-weight:300; \n\tfont-style:normal; \n} \n\n#cmsmasters_heading_69f5d649686037_26859205 .cmsmasters_heading_divider { \n} \n\n \n#cmsmasters_row_69f5d6496a5229_37370186 .cmsmasters_row_outer_parent { \n\tpadding-top: 0px; \n} \n\n#cmsmasters_row_69f5d6496a5229_37370186 .cmsmasters_row_outer_parent { \n\tpadding-bottom: 0px; \n} \n\n#cmsmasters_row_69f5d6496a5229_37370186 .cmsmasters_row_inner.cmsmasters_row_fullwidth { \n\tpadding-left:0%; \n} \n#cmsmasters_row_69f5d6496a5229_37370186 .cmsmasters_row_inner.cmsmasters_row_fullwidth { \n\tpadding-right:0%; \n} \n \n#cmsmasters_divider_69f5d6496a68c6_65780417 { \n\tborder-bottom-width:1px; \n\tborder-bottom-style:solid; \n\tpadding-top:0px; \n\tmargin-bottom:0px; \n} \n \n#cmsmasters_row_69f5d6496a6c89_00710681 .cmsmasters_row_outer_parent { \n\tpadding-top: 50px; \n} \n\n#cmsmasters_row_69f5d6496a6c89_00710681 .cmsmasters_row_outer_parent { \n\tpadding-bottom: 50px; \n} \n\n \n#cmsmasters_row_69f5d6496a9916_02787139 .cmsmasters_row_outer_parent { \n\tpadding-top: 50px; \n} \n\n#cmsmasters_row_69f5d6496a9916_02787139 .cmsmasters_row_outer_parent { \n\tpadding-bottom: 0px; \n} \n\n#cmsmasters_row_69f5d6496a9916_02787139 .cmsmasters_row_inner.cmsmasters_row_fullwidth { \n\tpadding-left:0%; \n} \n#cmsmasters_row_69f5d6496a9916_02787139 .cmsmasters_row_inner.cmsmasters_row_fullwidth { \n\tpadding-right:0%; \n} \n \n#cmsmasters_divider_69f5d6496aa471_70113885 { \n\tborder-bottom-width:1px; \n\tborder-bottom-style:solid; \n\tpadding-top:0px; \n\tmargin-bottom:0px; \n} \n \n#cmsmasters_row_69f5d6496aa770_27288295 .cmsmasters_row_outer_parent { \n\tpadding-top: 50px; \n} \n\n#cmsmasters_row_69f5d6496aa770_27288295 .cmsmasters_row_outer_parent { \n\tpadding-bottom: 50px; \n} \n\n \n#cmsmasters_heading_69f5d6496abfd7_70498499 { \n\ttext-align:center; \n\tmargin-top:0px; \n\tmargin-bottom:20px; \n} \n\n#cmsmasters_heading_69f5d6496abfd7_70498499 .cmsmasters_heading { \n\ttext-align:center; \n} \n\n#cmsmasters_heading_69f5d6496abfd7_70498499 .cmsmasters_heading, #cmsmasters_heading_69f5d6496abfd7_70498499 .cmsmasters_heading a { \n\tfont-weight:300; \n\tfont-style:normal; \n} \n\n#cmsmasters_heading_69f5d6496abfd7_70498499 .cmsmasters_heading_divider { \n} \n\n<\/style><div id=\"cmsmasters_row_69f5d649684645_22598645\" class=\"cmsmasters_row cmsmasters_color_scheme_default cmsmasters_row_top_default cmsmasters_row_bot_default cmsmasters_row_boxed\">\n<div class=\"cmsmasters_row_outer_parent\">\n<div class=\"cmsmasters_row_outer\">\n<div class=\"cmsmasters_row_inner\">\n<div class=\"cmsmasters_row_margin\">\n<div class=\"cmsmasters_column one_first\">\n\n<div id=\"cmsmasters_heading_69f5d649686037_26859205\" class=\"cmsmasters_heading_wrap cmsmasters_heading_align_center\">\n\t<h2 class=\"cmsmasters_heading\"><\/h2>\n<\/div>\n<div id=\"69f5d649686381_93537492\" class=\"cmsmasters_profile vertical\">\n\r\n<!-- Start Vertical Profile  -->\r\n\r\n<article id=\"post-7997\" class=\"post-7997 profile type-profile status-publish has-post-thumbnail hentry pl-categs-director-da-esce\">\r\n\t<div class=\"pl_img\">\n<figure>\n<a href=\"https:\/\/unipungue.ac.mz\/?profile=mestre-rogerio-victorino-chicala-almoco\"><img loading=\"lazy\" decoding=\"async\" width=\"176\" height=\"176\" src=\"https:\/\/unipungue.ac.mz\/wp-content\/uploads\/2023\/04\/avatar.jpg\" class=\"attachment-cmsmasters-square-thumb size-cmsmasters-square-thumb wp-post-image\" alt=\"Mestre Rog\u00e9rio Victorino Chicala Almo\u00e7o\" title=\"Mestre Rog\u00e9rio Victorino Chicala Almo\u00e7o\" \/><\/a><\/figure>\n<\/div>\n<div class=\"pl_content\">\n<h6 class=\"pl_subtitle\">Director<\/h6>\n<h2 class=\"entry-title\">\n<a href=\"https:\/\/unipungue.ac.mz\/?profile=mestre-rogerio-victorino-chicala-almoco\">Mestre Rog\u00e9rio Victorino Chicala Almo\u00e7o<\/a>\n<\/h2>\n<div class=\"pl_social\">\n<\/div>\n<\/div>\n<div class=\"entry-content\">\n\u00c9 Director da Escola Superior de Ci\u00eancias Econ\u00f3micas na Universidade P\u00fangu\u00e8, com sede na prov\u00edncia de Manica e uma Extens\u00e3o na prov\u00edncia de Tete.<\/div>\n\t<div class=\"cl\"><\/div>\r\n<\/article>\r\n<!-- Finish Vertical Profile  -->\r\n\r\n<\/div>\n<\/div>\n<\/div>\n<\/div>\n<\/div>\n<\/div>\n<\/div>\n<div id=\"cmsmasters_row_69f5d6496a5229_37370186\" class=\"cmsmasters_row cmsmasters_color_scheme_default cmsmasters_row_top_default cmsmasters_row_bot_default cmsmasters_row_fullwidth\">\n<div class=\"cmsmasters_row_outer_parent\">\n<div class=\"cmsmasters_row_outer\">\n<div class=\"cmsmasters_row_inner cmsmasters_row_fullwidth\">\n<div class=\"cmsmasters_row_margin\">\n<div class=\"cmsmasters_column one_first\">\n\n<div id=\"cmsmasters_divider_69f5d6496a68c6_65780417\" class=\"cmsmasters_divider cmsmasters_divider_width_long cmsmasters_divider_pos_center\"><\/div>\n<\/div>\n<\/div>\n<\/div>\n<\/div>\n<\/div>\n<\/div>\n<div id=\"cmsmasters_row_69f5d6496a6c89_00710681\" class=\"cmsmasters_row cmsmasters_color_scheme_default cmsmasters_row_top_default cmsmasters_row_bot_default cmsmasters_row_boxed\">\n<div class=\"cmsmasters_row_outer_parent\">\n<div class=\"cmsmasters_row_outer\">\n<div class=\"cmsmasters_row_inner\">\n<div class=\"cmsmasters_row_margin\">\n<div class=\"cmsmasters_column one_first\">\n<div class=\"cmsmasters_text\">\n<p><strong>Miss\u00e3o<\/strong><\/p>\n<p>Formar profissionais de n\u00edvel superior nas \u00e1reas de economia, administra\u00e7\u00e3o e gest\u00e3o, pautando pela qualidade no ensino, pesquisa e extens\u00e3o, por meio da integra\u00e7\u00e3o tecnol\u00f3gica, em busca de solu\u00e7\u00f5es sustent\u00e1veis das demandas locais e globais.<\/p>\n<p><strong>Vis\u00e3o<\/strong><\/p>\n<p>Ser reconhecida como uma refer\u00eancia nacional e internacional no campo das ci\u00eancias econ\u00f3micas e empresariais, quer ao n\u00edvel do ensino, da investiga\u00e7\u00e3o cient\u00edfica e da extens\u00e3o universit\u00e1ria.<\/p>\n<p><strong>Objectivos<\/strong><\/p>\n<ol>\n<li>Organizar e ministrar cursos de Licenciatura (1.\u00ba ciclo), de Mestrado (2.\u00ba ciclo) e de Doutoramento (3.\u00ba ciclo) nas \u00e1reas sob seu dom\u00ednio.<\/li>\n<li>Promover e desenvolver actividades de investiga\u00e7\u00e3o cient\u00edfica, em coopera\u00e7\u00e3o com outras UO da UniP\u00fangu\u00e8 e de outras institui\u00e7\u00f5es nacionais e internacionais;<\/li>\n<li>Realizar actividade de investiga\u00e7\u00e3o internacionalmente reconhecida, que contribua para o avan\u00e7o da ci\u00eancia nas \u00e1reas referidas;<\/li>\n<li>Contribuir para a formula\u00e7\u00e3o de pol\u00edticas p\u00fablicas e para o desenvolvimento socioecon\u00f3mico;<\/li>\n<li>Ampliar e aprofundar o reconhecimento e notoriedade internacional do ensino e da investiga\u00e7\u00e3o em Mo\u00e7ambique, contribuindo para o prest\u00edgio do Pa\u00eds e da Universidade;<\/li>\n<li>Incrementar o interc\u00e2mbio cultural e cient\u00edfico com institui\u00e7\u00f5es e organismos p\u00fablicos e privados, nacionais ou internacionais, atrav\u00e9s da mobilidade de Estudantes, Docentes, Investigadores e Corpo T\u00e9cnico-administrativo;<\/li>\n<li>Desenvolver programas educativos e de investiga\u00e7\u00e3o assentes em parcerias que contribuam para a coopera\u00e7\u00e3o internacional;<\/li>\n<li>Promover e assegurar projectos de interac\u00e7\u00e3o com a sociedade, atrav\u00e9s de cursos e ac\u00e7\u00f5es de forma\u00e7\u00e3o inicial e cont\u00ednua, ou de presta\u00e7\u00e3o de servi\u00e7os;<\/li>\n<li>Organizar e ministrar cursos n\u00e3o conferentes de grau.<\/li>\n<\/ol>\n<p><strong>Acr\u00f3nimo<\/strong><\/p>\n<p>A Escola Superior de Ci\u00eancias Econ\u00f3micas passa dopta o seguinte acr\u00f3nimo: <strong>ESCE<\/strong>.<\/p>\n<p><strong>Dia da ESCE<\/strong><\/p>\n<p>O dia da ESCE \u00e9\u00a0<strong>29 de Setembro<\/strong>.<\/p>\n<\/div>\n<\/div>\n<\/div>\n<\/div>\n<\/div>\n<\/div>\n<\/div>\n<div id=\"cmsmasters_row_69f5d6496a9916_02787139\" class=\"cmsmasters_row cmsmasters_color_scheme_default cmsmasters_row_top_default cmsmasters_row_bot_default cmsmasters_row_fullwidth\">\n<div class=\"cmsmasters_row_outer_parent\">\n<div class=\"cmsmasters_row_outer\">\n<div class=\"cmsmasters_row_inner cmsmasters_row_fullwidth\">\n<div class=\"cmsmasters_row_margin\">\n<div class=\"cmsmasters_column one_first\">\n\n<div id=\"cmsmasters_divider_69f5d6496aa471_70113885\" class=\"cmsmasters_divider cmsmasters_divider_width_long cmsmasters_divider_pos_center\"><\/div>\n<\/div>\n<\/div>\n<\/div>\n<\/div>\n<\/div>\n<\/div>\n<div id=\"cmsmasters_row_69f5d6496aa770_27288295\" class=\"cmsmasters_row cmsmasters_color_scheme_default cmsmasters_row_top_default cmsmasters_row_bot_default cmsmasters_row_boxed\">\n<div class=\"cmsmasters_row_outer_parent\">\n<div class=\"cmsmasters_row_outer\">\n<div class=\"cmsmasters_row_inner\">\n<div class=\"cmsmasters_row_margin\">\n<div class=\"cmsmasters_column one_first\">\n\n<div id=\"cmsmasters_heading_69f5d6496abfd7_70498499\" class=\"cmsmasters_heading_wrap cmsmasters_heading_align_center\">\n\t<h2 class=\"cmsmasters_heading\">Cursos ministrados<\/h2>\n<\/div><div class=\"cmsmasters_text\">\n<div id=\"cmsmasters_learnpress_shortcode_69f5d6496ace61_77388060\" class=\"cmsmasters_learnpress_shortcode cmsmasters_4\"><\/div>\n<\/div>\n<\/div>\n<\/div>\n<\/div>\n<\/div>\n<\/div>\n<\/div>\n\n","protected":false},"excerpt":{"rendered":"","protected":false},"author":1,"featured_media":0,"parent":0,"menu_order":0,"comment_status":"closed","ping_status":"closed","template":"","meta":{"footnotes":""},"class_list":["post-6930","page","type-page","status-publish","hentry"],"_links":{"self":[{"href":"https:\/\/unipungue.ac.mz\/index.php?rest_route=\/wp\/v2\/pages\/6930","targetHints":{"allow":["GET"]}}],"collection":[{"href":"https:\/\/unipungue.ac.mz\/index.php?rest_route=\/wp\/v2\/pages"}],"about":[{"href":"https:\/\/unipungue.ac.mz\/index.php?rest_route=\/wp\/v2\/types\/page"}],"author":[{"embeddable":true,"href":"https:\/\/unipungue.ac.mz\/index.php?rest_route=\/wp\/v2\/users\/1"}],"replies":[{"embeddable":true,"href":"https:\/\/unipungue.ac.mz\/index.php?rest_route=%2Fwp%2Fv2%2Fcomments&post=6930"}],"version-history":[{"count":13,"href":"https:\/\/unipungue.ac.mz\/index.php?rest_route=\/wp\/v2\/pages\/6930\/revisions"}],"predecessor-version":[{"id":9059,"href":"https:\/\/unipungue.ac.mz\/index.php?rest_route=\/wp\/v2\/pages\/6930\/revisions\/9059"}],"wp:attachment":[{"href":"https:\/\/unipungue.ac.mz\/index.php?rest_route=%2Fwp%2Fv2%2Fmedia&parent=6930"}],"curies":[{"name":"wp","href":"https:\/\/api.w.org\/{rel}","templated":true}]}}