{"id":6937,"date":"2022-11-20T10:26:10","date_gmt":"2022-11-20T10:26:10","guid":{"rendered":"http:\/\/102.67.191.105\/?page_id=6937"},"modified":"2024-07-09T06:44:55","modified_gmt":"2024-07-09T06:44:55","slug":"gabinete-de-comunicacao-e-cooperacao","status":"publish","type":"page","link":"https:\/\/unipungue.ac.mz\/?page_id=6937","title":{"rendered":"Gabinete de Comunica\u00e7\u00e3o e Coopera\u00e7\u00e3o"},"content":{"rendered":"<style type=\"text\/css\"> \n#cmsmasters_row_69de267b5a20f9_85229665 { \n\tbackground-color:#fbfbfb;\n} \n\n#cmsmasters_row_69de267b5a20f9_85229665 .cmsmasters_row_outer_parent { \n\tpadding-top: 70px; \n} \n\n#cmsmasters_row_69de267b5a20f9_85229665 .cmsmasters_row_outer_parent { \n\tpadding-bottom: 50px; \n} \n\n \n#cmsmasters_heading_69de267b5a2f93_62229963 { \n\ttext-align:center; \n\tmargin-top:0px; \n\tmargin-bottom:50px; \n} \n\n#cmsmasters_heading_69de267b5a2f93_62229963 .cmsmasters_heading { \n\ttext-align:center; \n} \n\n#cmsmasters_heading_69de267b5a2f93_62229963 .cmsmasters_heading, #cmsmasters_heading_69de267b5a2f93_62229963 .cmsmasters_heading a { \n\tfont-weight:300; \n\tfont-style:normal; \n} \n\n#cmsmasters_heading_69de267b5a2f93_62229963 .cmsmasters_heading_divider { \n} \n\n.cmsmasters_profile #post-8123.profile .pl_subtitle {color:#169eb7;}.cmsmasters_profile #post-8123.profile:before {background-color:#169eb7;} \n#cmsmasters_row_69de267b5c1973_25306904 .cmsmasters_row_outer_parent { \n\tpadding-top: 0px; \n} \n\n#cmsmasters_row_69de267b5c1973_25306904 .cmsmasters_row_outer_parent { \n\tpadding-bottom: 0px; \n} \n\n#cmsmasters_row_69de267b5c1973_25306904 .cmsmasters_row_inner.cmsmasters_row_fullwidth { \n\tpadding-left:0%; \n} \n#cmsmasters_row_69de267b5c1973_25306904 .cmsmasters_row_inner.cmsmasters_row_fullwidth { \n\tpadding-right:0%; \n} \n \n#cmsmasters_divider_69de267b5c25d7_45120529 { \n\tborder-bottom-width:1px; \n\tborder-bottom-style:solid; \n\tpadding-top:0px; \n\tmargin-bottom:0px; \n} \n \n#cmsmasters_row_69de267b5c29a5_95265820 .cmsmasters_row_outer_parent { \n\tpadding-top: 50px; \n} \n\n#cmsmasters_row_69de267b5c29a5_95265820 .cmsmasters_row_outer_parent { \n\tpadding-bottom: 50px; \n} \n\n \n#cmsmasters_heading_69de267b5c5306_76835549 { \n\ttext-align:center; \n\tmargin-top:0px; \n\tmargin-bottom:50px; \n} \n\n#cmsmasters_heading_69de267b5c5306_76835549 .cmsmasters_heading { \n\ttext-align:center; \n} \n\n#cmsmasters_heading_69de267b5c5306_76835549 .cmsmasters_heading, #cmsmasters_heading_69de267b5c5306_76835549 .cmsmasters_heading a { \n\tfont-weight:300; \n\tfont-style:normal; \n} \n\n#cmsmasters_heading_69de267b5c5306_76835549 .cmsmasters_heading_divider { \n} \n\n<\/style><div id=\"cmsmasters_row_69de267b5a20f9_85229665\" class=\"cmsmasters_row cmsmasters_color_scheme_default cmsmasters_row_top_default cmsmasters_row_bot_default cmsmasters_row_boxed\">\n<div class=\"cmsmasters_row_outer_parent\">\n<div class=\"cmsmasters_row_outer\">\n<div class=\"cmsmasters_row_inner\">\n<div class=\"cmsmasters_row_margin\">\n<div class=\"cmsmasters_column one_first\">\n\n<div id=\"cmsmasters_heading_69de267b5a2f93_62229963\" class=\"cmsmasters_heading_wrap cmsmasters_heading_align_center\">\n\t<h2 class=\"cmsmasters_heading\">Prof. Doutor Charnaldo Jaime Ndaipa &#8211; Director do Gabinete de Comunica\u00e7\u00e3o de Coopera\u00e7\u00e3o <\/h2>\n<\/div>\n<div id=\"69de267b5a3330_80033040\" class=\"cmsmasters_profile vertical\">\n\r\n<!-- Start Vertical Profile  -->\r\n\r\n<article id=\"post-8123\" class=\"post-8123 profile type-profile status-publish has-post-thumbnail hentry pl-categs-director-gcc\">\r\n\t<div class=\"pl_img\">\n<figure>\n<a href=\"https:\/\/unipungue.ac.mz\/?profile=doutor-charnaldo-jaime-ndaipa\"><img loading=\"lazy\" decoding=\"async\" width=\"92\" height=\"92\" src=\"https:\/\/unipungue.ac.mz\/wp-content\/uploads\/2024\/07\/transferir.jpg\" class=\"attachment-cmsmasters-square-thumb size-cmsmasters-square-thumb wp-post-image\" alt=\"Doutor Charnaldo Jaime Ndaipa\" title=\"Doutor Charnaldo Jaime Ndaipa\" srcset=\"https:\/\/unipungue.ac.mz\/wp-content\/uploads\/2024\/07\/transferir.jpg 92w, https:\/\/unipungue.ac.mz\/wp-content\/uploads\/2024\/07\/transferir-60x60.jpg 60w\" sizes=\"auto, (max-width: 92px) 100vw, 92px\" \/><\/a><\/figure>\n<\/div>\n<div class=\"pl_content\">\n<h6 class=\"pl_subtitle\">Director do Gabinete<\/h6>\n<h2 class=\"entry-title\">\n<a href=\"https:\/\/unipungue.ac.mz\/?profile=doutor-charnaldo-jaime-ndaipa\">Doutor Charnaldo Jaime Ndaipa<\/a>\n<\/h2>\n<div class=\"pl_social\">\n<ul class=\"pl_social_list\">\n<li>\n\t<a href=\"#\" class=\"cmsmasters-icon-linkedin\" title=\"\"><\/a>\r<\/li>\n<li>\n\t<a href=\"#\" class=\"cmsmasters-icon-facebook\" title=\"\"><\/a>\r<\/li>\n<li>\n\t<a href=\"#\" class=\"cmsmasters-icon-google\" title=\"\"><\/a>\r<\/li>\n<li>\n\t<a href=\"#\" class=\"cmsmasters-icon-twitter\" title=\"\"><\/a>\r<\/li>\n<li>\n\t<a href=\"#\" class=\"cmsmasters-icon-skype\" title=\"\"><\/a>\r<\/li>\n<\/ul>\n<\/div>\n<\/div>\n<div class=\"entry-content\">\n\u00c9 Director do Gabinete de Comunica\u00e7\u00e3o e Coopera\u00e7\u00e3o da Universidade P\u00fangu\u00e8 com sede na prov\u00edncia de Manica e uma Extens\u00e3o na prov\u00edncia de Tete.<\/div>\n\t<div class=\"cl\"><\/div>\r\n<\/article>\r\n<!-- Finish Vertical Profile  -->\r\n\r\n<\/div>\n<\/div>\n<\/div>\n<\/div>\n<\/div>\n<\/div>\n<\/div>\n<div id=\"cmsmasters_row_69de267b5c1973_25306904\" class=\"cmsmasters_row cmsmasters_color_scheme_default cmsmasters_row_top_default cmsmasters_row_bot_default cmsmasters_row_fullwidth\">\n<div class=\"cmsmasters_row_outer_parent\">\n<div class=\"cmsmasters_row_outer\">\n<div class=\"cmsmasters_row_inner cmsmasters_row_fullwidth\">\n<div class=\"cmsmasters_row_margin\">\n<div class=\"cmsmasters_column one_first\">\n\n<div id=\"cmsmasters_divider_69de267b5c25d7_45120529\" class=\"cmsmasters_divider cmsmasters_divider_width_long cmsmasters_divider_pos_center\"><\/div>\n<\/div>\n<\/div>\n<\/div>\n<\/div>\n<\/div>\n<\/div>\n<div id=\"cmsmasters_row_69de267b5c29a5_95265820\" class=\"cmsmasters_row cmsmasters_color_scheme_default cmsmasters_row_top_default cmsmasters_row_bot_default cmsmasters_row_boxed\">\n<div class=\"cmsmasters_row_outer_parent\">\n<div class=\"cmsmasters_row_outer\">\n<div class=\"cmsmasters_row_inner\">\n<div class=\"cmsmasters_row_margin\">\n<div class=\"cmsmasters_column one_first\">\n<div class=\"cmsmasters_text\">\n<p>S\u00e3o fun\u00e7\u00f5es gerais do Gabinete de Comunica\u00e7\u00e3o de Coopera\u00e7\u00e3o (GCC):<\/p>\n<ol>\n<li>Apoiar o Reitor e outros respons\u00e1veis da Universidade P\u00fangu\u00e8 na defini\u00e7\u00e3o e execu\u00e7\u00e3o de pol\u00edticas de coopera\u00e7\u00e3o institucional;<\/li>\n<li>Promover estudos no \u00e2mbito da pol\u00edtica de rela\u00e7\u00f5es internacionais para a melhoria da coopera\u00e7\u00e3o institucional;<\/li>\n<li>Preparar protocolos de coopera\u00e7\u00e3o, acordos, memorandos e adendas;<\/li>\n<li>Colaborar na promo\u00e7\u00e3o, dinamiza\u00e7\u00e3o, concretiza\u00e7\u00e3o dos acordos, bem como apoiar no desenvolvimento de programas espec\u00edficos de coopera\u00e7\u00e3o com institui\u00e7\u00f5es nacionais e estrangeiras;<\/li>\n<li>Promover o desenvolvimento de programas comunit\u00e1rios de coopera\u00e7\u00e3o interinstitucional;<\/li>\n<li>Dinamizar novas ac\u00e7\u00f5es de coopera\u00e7\u00e3o, monitora-las e avali\u00e1-las;<\/li>\n<li>Divulgar informa\u00e7\u00f5es de parceira junto das unidades org\u00e2nicas da Universidade P\u00fangu\u00e8;<\/li>\n<li>Organizar os processos administrativos de candidatura, de mobilidade de docentes e estudantes;<\/li>\n<li>Acompanhar e apoiar as iniciativas de internacionaliza\u00e7\u00e3o da universidade.<\/li>\n<li>Planificar e\u00a0implementar uma estrat\u00e9gia integrada de comunica\u00e7\u00e3o e imagem da Universidade P\u00fangu\u00e8;<\/li>\n<li>Contribuir para esclarecimento da opini\u00e3o p\u00fablica em mat\u00e9rias que digam respeito a Universidade P\u00fangu\u00e8;<\/li>\n<li>Apoiar tecnicamente a Reitoria nas suas rela\u00e7\u00f5es com os \u00f3rg\u00e3os e agentes da comunica\u00e7\u00e3o social;<\/li>\n<li>Promover a imagem institucional;<\/li>\n<li>Coordenar as actividades de divulga\u00e7\u00e3o e marketing da Universidade P\u00fangu\u00e8, e;<\/li>\n<li>Colaborar na organiza\u00e7\u00e3o de reuni\u00f5es, confer\u00eancias, congressos e outros eventos similares.<\/li>\n<\/ol>\n<\/div>\n\n<div id=\"cmsmasters_heading_69de267b5c5306_76835549\" class=\"cmsmasters_heading_wrap cmsmasters_heading_align_center\">\n\t<h4 class=\"cmsmasters_heading\"><\/h4>\n<\/div>\n<\/div>\n<\/div>\n<\/div>\n<\/div>\n<\/div>\n<\/div>\n\n","protected":false},"excerpt":{"rendered":"","protected":false},"author":1,"featured_media":0,"parent":0,"menu_order":0,"comment_status":"closed","ping_status":"closed","template":"","meta":{"footnotes":""},"class_list":["post-6937","page","type-page","status-publish","hentry"],"_links":{"self":[{"href":"https:\/\/unipungue.ac.mz\/index.php?rest_route=\/wp\/v2\/pages\/6937","targetHints":{"allow":["GET"]}}],"collection":[{"href":"https:\/\/unipungue.ac.mz\/index.php?rest_route=\/wp\/v2\/pages"}],"about":[{"href":"https:\/\/unipungue.ac.mz\/index.php?rest_route=\/wp\/v2\/types\/page"}],"author":[{"embeddable":true,"href":"https:\/\/unipungue.ac.mz\/index.php?rest_route=\/wp\/v2\/users\/1"}],"replies":[{"embeddable":true,"href":"https:\/\/unipungue.ac.mz\/index.php?rest_route=%2Fwp%2Fv2%2Fcomments&post=6937"}],"version-history":[{"count":5,"href":"https:\/\/unipungue.ac.mz\/index.php?rest_route=\/wp\/v2\/pages\/6937\/revisions"}],"predecessor-version":[{"id":8127,"href":"https:\/\/unipungue.ac.mz\/index.php?rest_route=\/wp\/v2\/pages\/6937\/revisions\/8127"}],"wp:attachment":[{"href":"https:\/\/unipungue.ac.mz\/index.php?rest_route=%2Fwp%2Fv2%2Fmedia&parent=6937"}],"curies":[{"name":"wp","href":"https:\/\/api.w.org\/{rel}","templated":true}]}}