{"id":6940,"date":"2022-11-20T10:27:32","date_gmt":"2022-11-20T10:27:32","guid":{"rendered":"http:\/\/102.67.191.105\/?page_id=6940"},"modified":"2023-08-05T12:38:48","modified_gmt":"2023-08-05T12:38:48","slug":"gabinete-de-planificacao-e-estudos","status":"publish","type":"page","link":"https:\/\/unipungue.ac.mz\/?page_id=6940","title":{"rendered":"Gabinete de Planifica\u00e7\u00e3o e Estudos"},"content":{"rendered":"<style type=\"text\/css\"> \n#cmsmasters_row_69de266780ded0_58398052 { \n\tbackground-color:#fbfbfb;\n} \n\n#cmsmasters_row_69de266780ded0_58398052 .cmsmasters_row_outer_parent { \n\tpadding-top: 70px; \n} \n\n#cmsmasters_row_69de266780ded0_58398052 .cmsmasters_row_outer_parent { \n\tpadding-bottom: 50px; \n} \n\n \n#cmsmasters_heading_69de266780ea94_59441502 { \n\ttext-align:center; \n\tmargin-top:0px; \n\tmargin-bottom:50px; \n} \n\n#cmsmasters_heading_69de266780ea94_59441502 .cmsmasters_heading { \n\ttext-align:center; \n} \n\n#cmsmasters_heading_69de266780ea94_59441502 .cmsmasters_heading, #cmsmasters_heading_69de266780ea94_59441502 .cmsmasters_heading a { \n\tfont-weight:300; \n\tfont-style:normal; \n} \n\n#cmsmasters_heading_69de266780ea94_59441502 .cmsmasters_heading_divider { \n} \n\n \n#cmsmasters_row_69de266782c475_11367865 .cmsmasters_row_outer_parent { \n\tpadding-top: 0px; \n} \n\n#cmsmasters_row_69de266782c475_11367865 .cmsmasters_row_outer_parent { \n\tpadding-bottom: 0px; \n} \n\n#cmsmasters_row_69de266782c475_11367865 .cmsmasters_row_inner.cmsmasters_row_fullwidth { \n\tpadding-left:0%; \n} \n#cmsmasters_row_69de266782c475_11367865 .cmsmasters_row_inner.cmsmasters_row_fullwidth { \n\tpadding-right:0%; \n} \n \n#cmsmasters_divider_69de266782cf56_73953937 { \n\tborder-bottom-width:1px; \n\tborder-bottom-style:solid; \n\tpadding-top:0px; \n\tmargin-bottom:0px; \n} \n \n#cmsmasters_row_69de266782d281_56101875 .cmsmasters_row_outer_parent { \n\tpadding-top: 50px; \n} \n\n#cmsmasters_row_69de266782d281_56101875 .cmsmasters_row_outer_parent { \n\tpadding-bottom: 50px; \n} \n\n \n#cmsmasters_heading_69de266782e1d3_41669158 { \n\ttext-align:center; \n\tmargin-top:0px; \n\tmargin-bottom:50px; \n} \n\n#cmsmasters_heading_69de266782e1d3_41669158 .cmsmasters_heading { \n\ttext-align:center; \n} \n\n#cmsmasters_heading_69de266782e1d3_41669158 .cmsmasters_heading, #cmsmasters_heading_69de266782e1d3_41669158 .cmsmasters_heading a { \n\tfont-weight:300; \n\tfont-style:normal; \n} \n\n#cmsmasters_heading_69de266782e1d3_41669158 .cmsmasters_heading_divider { \n} \n\n<\/style><div id=\"cmsmasters_row_69de266780ded0_58398052\" class=\"cmsmasters_row cmsmasters_color_scheme_default cmsmasters_row_top_default cmsmasters_row_bot_default cmsmasters_row_boxed\">\n<div class=\"cmsmasters_row_outer_parent\">\n<div class=\"cmsmasters_row_outer\">\n<div class=\"cmsmasters_row_inner\">\n<div class=\"cmsmasters_row_margin\">\n<div class=\"cmsmasters_column one_first\">\n\n<div id=\"cmsmasters_heading_69de266780ea94_59441502\" class=\"cmsmasters_heading_wrap cmsmasters_heading_align_center\">\n\t<h2 class=\"cmsmasters_heading\">Mestre P\u00e9rcio Ant\u00f3nio Chitata <\/h2>\n<\/div>\n<div id=\"69de266780ed75_27903200\" class=\"cmsmasters_profile vertical\">\n\r\n<!-- Start Vertical Profile  -->\r\n\r\n<article id=\"post-7402\" class=\"post-7402 profile type-profile status-publish has-post-thumbnail hentry pl-categs-director-de-planificacao\">\r\n\t<div class=\"pl_img\">\n<figure>\n<a href=\"https:\/\/unipungue.ac.mz\/?profile=percio-chitata\"><img loading=\"lazy\" decoding=\"async\" width=\"300\" height=\"300\" src=\"https:\/\/unipungue.ac.mz\/wp-content\/uploads\/2023\/08\/Percio-Dir-de-Planificacao-300x300.jpg\" class=\"attachment-cmsmasters-square-thumb size-cmsmasters-square-thumb wp-post-image\" alt=\"Mestre P\u00e9rcio Ant\u00f3nio Chitata\" title=\"Mestre P\u00e9rcio Ant\u00f3nio Chitata\" srcset=\"https:\/\/unipungue.ac.mz\/wp-content\/uploads\/2023\/08\/Percio-Dir-de-Planificacao-300x300.jpg 300w, https:\/\/unipungue.ac.mz\/wp-content\/uploads\/2023\/08\/Percio-Dir-de-Planificacao-150x150.jpg 150w, https:\/\/unipungue.ac.mz\/wp-content\/uploads\/2023\/08\/Percio-Dir-de-Planificacao-60x60.jpg 60w\" sizes=\"auto, (max-width: 300px) 100vw, 300px\" \/><\/a><\/figure>\n<\/div>\n<div class=\"pl_content\">\n<h6 class=\"pl_subtitle\">Director<\/h6>\n<h2 class=\"entry-title\">\n<a href=\"https:\/\/unipungue.ac.mz\/?profile=percio-chitata\">Mestre P\u00e9rcio Ant\u00f3nio Chitata<\/a>\n<\/h2>\n<div class=\"pl_social\">\n<\/div>\n<\/div>\n<div class=\"entry-content\">\nDirector do Gabinete de Planifica\u00e7\u00e3o e Estudos<\/div>\n\t<div class=\"cl\"><\/div>\r\n<\/article>\r\n<!-- Finish Vertical Profile  -->\r\n\r\n<\/div>\n<\/div>\n<\/div>\n<\/div>\n<\/div>\n<\/div>\n<\/div>\n<div id=\"cmsmasters_row_69de266782c475_11367865\" class=\"cmsmasters_row cmsmasters_color_scheme_default cmsmasters_row_top_default cmsmasters_row_bot_default cmsmasters_row_fullwidth\">\n<div class=\"cmsmasters_row_outer_parent\">\n<div class=\"cmsmasters_row_outer\">\n<div class=\"cmsmasters_row_inner cmsmasters_row_fullwidth\">\n<div class=\"cmsmasters_row_margin\">\n<div class=\"cmsmasters_column one_first\">\n\n<div id=\"cmsmasters_divider_69de266782cf56_73953937\" class=\"cmsmasters_divider cmsmasters_divider_width_long cmsmasters_divider_pos_center\"><\/div>\n<\/div>\n<\/div>\n<\/div>\n<\/div>\n<\/div>\n<\/div>\n<div id=\"cmsmasters_row_69de266782d281_56101875\" class=\"cmsmasters_row cmsmasters_color_scheme_default cmsmasters_row_top_default cmsmasters_row_bot_default cmsmasters_row_boxed\">\n<div class=\"cmsmasters_row_outer_parent\">\n<div class=\"cmsmasters_row_outer\">\n<div class=\"cmsmasters_row_inner\">\n<div class=\"cmsmasters_row_margin\">\n<div class=\"cmsmasters_column one_first\">\n<div class=\"cmsmasters_text\">\n<p>S\u00e3o fun\u00e7\u00f5es gerais do Gabinete de Planifica\u00e7\u00e3o e Estudos (GPE):<\/p>\n<ol>\n<li>Orientar a elabora\u00e7\u00e3o dos planos de desenvolvimento da institui\u00e7\u00e3o;<\/li>\n<li>Coordenar a planifica\u00e7\u00e3o e or\u00e7amenta\u00e7\u00e3o anual nas diferentes Unidades Org\u00e2nicas;<\/li>\n<li>Assegurar a colecta e processamento correcto da informa\u00e7\u00e3o da institui\u00e7\u00e3o, atrav\u00e9s da produ\u00e7\u00e3o de estat\u00edsticas, estudos de monitoria e de avalia\u00e7\u00e3o do desenvolvimento da Universidade P\u00fangu\u00e8;<\/li>\n<li>Elaborar indicadores comparativos da situa\u00e7\u00e3o do desempenho da institui\u00e7\u00e3o;<\/li>\n<li>Elaborar balan\u00e7os anuais sobre o desempenho da institui\u00e7\u00e3o, atrav\u00e9s de relat\u00f3rios anuais e outros documentos peri\u00f3dicos.<\/li>\n<\/ol>\n<\/div>\n\n<div id=\"cmsmasters_heading_69de266782e1d3_41669158\" class=\"cmsmasters_heading_wrap cmsmasters_heading_align_center\">\n\t<h4 class=\"cmsmasters_heading\"><\/h4>\n<\/div>\n<\/div>\n<\/div>\n<\/div>\n<\/div>\n<\/div>\n<\/div>\n\n","protected":false},"excerpt":{"rendered":"","protected":false},"author":1,"featured_media":0,"parent":0,"menu_order":0,"comment_status":"closed","ping_status":"closed","template":"","meta":{"footnotes":""},"class_list":["post-6940","page","type-page","status-publish","hentry"],"_links":{"self":[{"href":"https:\/\/unipungue.ac.mz\/index.php?rest_route=\/wp\/v2\/pages\/6940","targetHints":{"allow":["GET"]}}],"collection":[{"href":"https:\/\/unipungue.ac.mz\/index.php?rest_route=\/wp\/v2\/pages"}],"about":[{"href":"https:\/\/unipungue.ac.mz\/index.php?rest_route=\/wp\/v2\/types\/page"}],"author":[{"embeddable":true,"href":"https:\/\/unipungue.ac.mz\/index.php?rest_route=\/wp\/v2\/users\/1"}],"replies":[{"embeddable":true,"href":"https:\/\/unipungue.ac.mz\/index.php?rest_route=%2Fwp%2Fv2%2Fcomments&post=6940"}],"version-history":[{"count":5,"href":"https:\/\/unipungue.ac.mz\/index.php?rest_route=\/wp\/v2\/pages\/6940\/revisions"}],"predecessor-version":[{"id":7410,"href":"https:\/\/unipungue.ac.mz\/index.php?rest_route=\/wp\/v2\/pages\/6940\/revisions\/7410"}],"wp:attachment":[{"href":"https:\/\/unipungue.ac.mz\/index.php?rest_route=%2Fwp%2Fv2%2Fmedia&parent=6940"}],"curies":[{"name":"wp","href":"https:\/\/api.w.org\/{rel}","templated":true}]}}