{"id":6949,"date":"2022-11-20T10:30:48","date_gmt":"2022-11-20T10:30:48","guid":{"rendered":"http:\/\/102.67.191.105\/?page_id=6949"},"modified":"2024-07-08T20:21:56","modified_gmt":"2024-07-08T20:21:56","slug":"assessor-da-reitora","status":"publish","type":"page","link":"https:\/\/unipungue.ac.mz\/?page_id=6949","title":{"rendered":"Assessores da Reitora"},"content":{"rendered":"<style type=\"text\/css\"> \n#cmsmasters_row_69de267bc98168_35664793 .cmsmasters_row_outer_parent { \n\tpadding-top: 0px; \n} \n\n#cmsmasters_row_69de267bc98168_35664793 .cmsmasters_row_outer_parent { \n\tpadding-bottom: 50px; \n} \n\n \n#cmsmasters_row_69de267bc988e9_54319693 .cmsmasters_row_outer_parent { \n\tpadding-top: 0px; \n} \n\n#cmsmasters_row_69de267bc988e9_54319693 .cmsmasters_row_outer_parent { \n\tpadding-bottom: 0px; \n} \n\n.cmsmasters_profile #post-8085.profile .pl_subtitle {color:#169eb7;}.cmsmasters_profile #post-8085.profile:before {background-color:#169eb7;} \n#cmsmasters_row_69de267bcc0e86_59558145 .cmsmasters_row_outer_parent { \n\tpadding-top: 50px; \n} \n\n#cmsmasters_row_69de267bcc0e86_59558145 .cmsmasters_row_outer_parent { \n\tpadding-bottom: 50px; \n} \n\n \n#cmsmasters_heading_69de267bcc20f2_97771069 { \n\ttext-align:center; \n\tmargin-top:0px; \n\tmargin-bottom:50px; \n} \n\n#cmsmasters_heading_69de267bcc20f2_97771069 .cmsmasters_heading { \n\ttext-align:center; \n} \n\n#cmsmasters_heading_69de267bcc20f2_97771069 .cmsmasters_heading, #cmsmasters_heading_69de267bcc20f2_97771069 .cmsmasters_heading a { \n\tfont-weight:300; \n\tfont-style:normal; \n} \n\n#cmsmasters_heading_69de267bcc20f2_97771069 .cmsmasters_heading_divider { \n} \n\n \n#cmsmasters_row_69de267bcc2505_24398488 .cmsmasters_row_outer_parent { \n\tpadding-top: 0px; \n} \n\n#cmsmasters_row_69de267bcc2505_24398488 .cmsmasters_row_outer_parent { \n\tpadding-bottom: 50px; \n} \n\n \n#cmsmasters_divider_69de267bcc2bd2_74426415 { \n\tborder-bottom-width:1px; \n\tborder-bottom-style:solid; \n\tpadding-top:50px; \n\tmargin-bottom:50px; \n} \n<\/style><div id=\"cmsmasters_row_69de267bc98168_35664793\" class=\"cmsmasters_row cmsmasters_color_scheme_default cmsmasters_row_top_default cmsmasters_row_bot_default cmsmasters_row_boxed\">\n<div class=\"cmsmasters_row_outer_parent\">\n<div class=\"cmsmasters_row_outer\">\n<div class=\"cmsmasters_row_inner\">\n<div class=\"cmsmasters_row_margin\">\n<div class=\"cmsmasters_column one_first\">\n<\/div>\n<\/div>\n<\/div>\n<\/div>\n<\/div>\n<\/div>\n<div id=\"cmsmasters_row_69de267bc988e9_54319693\" class=\"cmsmasters_row cmsmasters_color_scheme_default cmsmasters_row_top_default cmsmasters_row_bot_default cmsmasters_row_boxed\">\n<div class=\"cmsmasters_row_outer_parent\">\n<div class=\"cmsmasters_row_outer\">\n<div class=\"cmsmasters_row_inner\">\n<div class=\"cmsmasters_row_margin\">\n<div class=\"cmsmasters_column one_first\">\n<div id=\"69de267bc9a3c0_59921396\" class=\"cmsmasters_profile vertical\">\n\r\n<!-- Start Vertical Profile  -->\r\n\r\n<article id=\"post-8085\" class=\"post-8085 profile type-profile status-publish has-post-thumbnail hentry pl-categs-assessor-reitora\">\r\n\t<div class=\"pl_img\">\n<figure>\n<a href=\"https:\/\/unipungue.ac.mz\/?profile=isabel-narcesia-antonio-vilanculos\"><img loading=\"lazy\" decoding=\"async\" width=\"300\" height=\"300\" src=\"https:\/\/unipungue.ac.mz\/wp-content\/uploads\/2024\/07\/WhatsApp-Image-2024-07-07-at-15.48.22_ab185048-300x300.jpg\" class=\"attachment-cmsmasters-square-thumb size-cmsmasters-square-thumb wp-post-image\" alt=\"Isabel Narc\u00e9sia Ant\u00f3nio Vilanculos\" title=\"Isabel Narc\u00e9sia Ant\u00f3nio Vilanculos\" srcset=\"https:\/\/unipungue.ac.mz\/wp-content\/uploads\/2024\/07\/WhatsApp-Image-2024-07-07-at-15.48.22_ab185048-300x300.jpg 300w, https:\/\/unipungue.ac.mz\/wp-content\/uploads\/2024\/07\/WhatsApp-Image-2024-07-07-at-15.48.22_ab185048-150x150.jpg 150w, https:\/\/unipungue.ac.mz\/wp-content\/uploads\/2024\/07\/WhatsApp-Image-2024-07-07-at-15.48.22_ab185048-60x60.jpg 60w, https:\/\/unipungue.ac.mz\/wp-content\/uploads\/2024\/07\/WhatsApp-Image-2024-07-07-at-15.48.22_ab185048.jpg 424w\" sizes=\"auto, (max-width: 300px) 100vw, 300px\" \/><\/a><\/figure>\n<\/div>\n<div class=\"pl_content\">\n<h6 class=\"pl_subtitle\">Assessor<\/h6>\n<h2 class=\"entry-title\">\n<a href=\"https:\/\/unipungue.ac.mz\/?profile=isabel-narcesia-antonio-vilanculos\">Isabel Narc\u00e9sia Ant\u00f3nio Vilanculos<\/a>\n<\/h2>\n<div class=\"pl_social\">\n<ul class=\"pl_social_list\">\n<li>\n\t<a href=\"#\" class=\"cmsmasters-icon-linkedin\" title=\"\"><\/a>\r<\/li>\n<li>\n\t<a href=\"#\" class=\"cmsmasters-icon-facebook\" title=\"\"><\/a>\r<\/li>\n<li>\n\t<a href=\"#\" class=\"cmsmasters-icon-google\" title=\"\"><\/a>\r<\/li>\n<li>\n\t<a href=\"#\" class=\"cmsmasters-icon-twitter\" title=\"\"><\/a>\r<\/li>\n<li>\n\t<a href=\"#\" class=\"cmsmasters-icon-skype\" title=\"\"><\/a>\r<\/li>\n<\/ul>\n<\/div>\n<\/div>\n<div class=\"entry-content\">\n\u00c9 Assessora da Reitora para \u00c1rea Jur\u00eddica da Universidade P\u00fangu\u00e8 com sede na prov\u00edncia de Manica e uma Extens\u00e3o na prov\u00edncia de Tete.<\/div>\n\t<div class=\"cl\"><\/div>\r\n<\/article>\r\n<!-- Finish Vertical Profile  -->\r\n\r\n\r\n<!-- Start Vertical Profile  -->\r\n\r\n<article id=\"post-7075\" class=\"post-7075 profile type-profile status-publish has-post-thumbnail hentry pl-categs-assessor-reitora\">\r\n\t<div class=\"pl_img\">\n<figure>\n<a href=\"https:\/\/unipungue.ac.mz\/?profile=dizimalta-dos-santos-fernando-miquitaio\"><img loading=\"lazy\" decoding=\"async\" width=\"225\" height=\"300\" src=\"https:\/\/unipungue.ac.mz\/wp-content\/uploads\/2023\/04\/Assessor-Dizimalta.jpg\" class=\"attachment-cmsmasters-square-thumb size-cmsmasters-square-thumb wp-post-image\" alt=\"Dizimalta dos Santos Fernando Miquitaio\" title=\"Dizimalta dos Santos Fernando Miquitaio\" \/><\/a><\/figure>\n<\/div>\n<div class=\"pl_content\">\n<h6 class=\"pl_subtitle\">Assessor<\/h6>\n<h2 class=\"entry-title\">\n<a href=\"https:\/\/unipungue.ac.mz\/?profile=dizimalta-dos-santos-fernando-miquitaio\">Dizimalta dos Santos Fernando Miquitaio<\/a>\n<\/h2>\n<div class=\"pl_social\">\n<\/div>\n<\/div>\n<div class=\"entry-content\">\n\u00c9 Assessor da Reitora para \u00c1rea de Pesquisa e Extens\u00e3o na Universidade P\u00fangu\u00e8 com sede na prov\u00edncia de Manica e uma Extens\u00e3o na prov\u00edncia de Tete.<\/div>\n\t<div class=\"cl\"><\/div>\r\n<\/article>\r\n<!-- Finish Vertical Profile  -->\r\n\r\n<\/div>\n<\/div>\n<\/div>\n<\/div>\n<\/div>\n<\/div>\n<\/div>\n<div id=\"cmsmasters_row_69de267bcc0e86_59558145\" class=\"cmsmasters_row cmsmasters_color_scheme_default cmsmasters_row_top_default cmsmasters_row_bot_default cmsmasters_row_boxed\">\n<div class=\"cmsmasters_row_outer_parent\">\n<div class=\"cmsmasters_row_outer\">\n<div class=\"cmsmasters_row_inner\">\n<div class=\"cmsmasters_row_margin\">\n<div class=\"cmsmasters_column one_first\">\n<div class=\"cmsmasters_text\">\n<p class=\"has-color-1-color has-text-color\">Os Assessores da Reitora assistem a Reitora na respectiva \u00e1rea de compet\u00eancias para as quais forem indicados.<\/p>\n<\/div>\n\n<div id=\"cmsmasters_heading_69de267bcc20f2_97771069\" class=\"cmsmasters_heading_wrap cmsmasters_heading_align_center\">\n\t<h4 class=\"cmsmasters_heading\"><\/h4>\n<\/div>\n<\/div>\n<\/div>\n<\/div>\n<\/div>\n<\/div>\n<\/div>\n<div id=\"cmsmasters_row_69de267bcc2505_24398488\" class=\"cmsmasters_row cmsmasters_color_scheme_default cmsmasters_row_top_default cmsmasters_row_bot_default cmsmasters_row_boxed\">\n<div class=\"cmsmasters_row_outer_parent\">\n<div class=\"cmsmasters_row_outer\">\n<div class=\"cmsmasters_row_inner\">\n<div class=\"cmsmasters_row_margin\">\n<div class=\"cmsmasters_column one_first\">\n\n<div id=\"cmsmasters_divider_69de267bcc2bd2_74426415\" class=\"cmsmasters_divider cmsmasters_divider_width_long cmsmasters_divider_pos_center\"><\/div>\n<\/div>\n<\/div>\n<\/div>\n<\/div>\n<\/div>\n<\/div>\n\n","protected":false},"excerpt":{"rendered":"","protected":false},"author":1,"featured_media":0,"parent":0,"menu_order":0,"comment_status":"closed","ping_status":"closed","template":"","meta":{"footnotes":""},"class_list":["post-6949","page","type-page","status-publish","hentry"],"_links":{"self":[{"href":"https:\/\/unipungue.ac.mz\/index.php?rest_route=\/wp\/v2\/pages\/6949","targetHints":{"allow":["GET"]}}],"collection":[{"href":"https:\/\/unipungue.ac.mz\/index.php?rest_route=\/wp\/v2\/pages"}],"about":[{"href":"https:\/\/unipungue.ac.mz\/index.php?rest_route=\/wp\/v2\/types\/page"}],"author":[{"embeddable":true,"href":"https:\/\/unipungue.ac.mz\/index.php?rest_route=\/wp\/v2\/users\/1"}],"replies":[{"embeddable":true,"href":"https:\/\/unipungue.ac.mz\/index.php?rest_route=%2Fwp%2Fv2%2Fcomments&post=6949"}],"version-history":[{"count":11,"href":"https:\/\/unipungue.ac.mz\/index.php?rest_route=\/wp\/v2\/pages\/6949\/revisions"}],"predecessor-version":[{"id":8105,"href":"https:\/\/unipungue.ac.mz\/index.php?rest_route=\/wp\/v2\/pages\/6949\/revisions\/8105"}],"wp:attachment":[{"href":"https:\/\/unipungue.ac.mz\/index.php?rest_route=%2Fwp%2Fv2%2Fmedia&parent=6949"}],"curies":[{"name":"wp","href":"https:\/\/api.w.org\/{rel}","templated":true}]}}