{"id":6958,"date":"2022-11-20T10:36:34","date_gmt":"2022-11-20T10:36:34","guid":{"rendered":"http:\/\/102.67.191.105\/?page_id=6958"},"modified":"2026-02-18T12:47:15","modified_gmt":"2026-02-18T12:47:15","slug":"direccao-de-ensino-a-distancia","status":"publish","type":"page","link":"https:\/\/unipungue.ac.mz\/?page_id=6958","title":{"rendered":"Direc\u00e7\u00e3o de Educa\u00e7\u00e3o \u00e0 Dist\u00e2ncia"},"content":{"rendered":"<style type=\"text\/css\"> \n#cmsmasters_row_69de26681e99b1_78704210 { \n\tbackground-color:#fbfbfb;\n} \n\n#cmsmasters_row_69de26681e99b1_78704210 .cmsmasters_row_outer_parent { \n\tpadding-top: 70px; \n} \n\n#cmsmasters_row_69de26681e99b1_78704210 .cmsmasters_row_outer_parent { \n\tpadding-bottom: 50px; \n} \n\n \n#cmsmasters_heading_69de26681ea440_69246120 { \n\ttext-align:center; \n\tmargin-top:0px; \n\tmargin-bottom:50px; \n} \n\n#cmsmasters_heading_69de26681ea440_69246120 .cmsmasters_heading { \n\ttext-align:center; \n} \n\n#cmsmasters_heading_69de26681ea440_69246120 .cmsmasters_heading, #cmsmasters_heading_69de26681ea440_69246120 .cmsmasters_heading a { \n\tfont-weight:300; \n\tfont-style:normal; \n} \n\n#cmsmasters_heading_69de26681ea440_69246120 .cmsmasters_heading_divider { \n} \n\n \n#cmsmasters_row_69de2668208026_38016150 .cmsmasters_row_outer_parent { \n\tpadding-top: 0px; \n} \n\n#cmsmasters_row_69de2668208026_38016150 .cmsmasters_row_outer_parent { \n\tpadding-bottom: 0px; \n} \n\n#cmsmasters_row_69de2668208026_38016150 .cmsmasters_row_inner.cmsmasters_row_fullwidth { \n\tpadding-left:0%; \n} \n#cmsmasters_row_69de2668208026_38016150 .cmsmasters_row_inner.cmsmasters_row_fullwidth { \n\tpadding-right:0%; \n} \n \n#cmsmasters_divider_69de2668208a24_46322642 { \n\tborder-bottom-width:1px; \n\tborder-bottom-style:solid; \n\tpadding-top:0px; \n\tmargin-bottom:0px; \n} \n \n#cmsmasters_row_69de2668208d43_38575214 .cmsmasters_row_outer_parent { \n\tpadding-top: 50px; \n} \n\n#cmsmasters_row_69de2668208d43_38575214 .cmsmasters_row_outer_parent { \n\tpadding-bottom: 50px; \n} \n\n \n#cmsmasters_heading_69de2668209d56_80340422 { \n\ttext-align:center; \n\tmargin-top:0px; \n\tmargin-bottom:50px; \n} \n\n#cmsmasters_heading_69de2668209d56_80340422 .cmsmasters_heading { \n\ttext-align:center; \n} \n\n#cmsmasters_heading_69de2668209d56_80340422 .cmsmasters_heading, #cmsmasters_heading_69de2668209d56_80340422 .cmsmasters_heading a { \n\tfont-weight:300; \n\tfont-style:normal; \n} \n\n#cmsmasters_heading_69de2668209d56_80340422 .cmsmasters_heading_divider { \n} \n\n<\/style><div id=\"cmsmasters_row_69de26681e99b1_78704210\" class=\"cmsmasters_row cmsmasters_color_scheme_default cmsmasters_row_top_default cmsmasters_row_bot_default cmsmasters_row_boxed\">\n<div class=\"cmsmasters_row_outer_parent\">\n<div class=\"cmsmasters_row_outer\">\n<div class=\"cmsmasters_row_inner\">\n<div class=\"cmsmasters_row_margin\">\n<div class=\"cmsmasters_column one_first\">\n\n<div id=\"cmsmasters_heading_69de26681ea440_69246120\" class=\"cmsmasters_heading_wrap cmsmasters_heading_align_center\">\n\t<h2 class=\"cmsmasters_heading\"><\/h2>\n<\/div>\n<div id=\"69de26681ea715_00911676\" class=\"cmsmasters_profile vertical\">\n\r\n<!-- Start Vertical Profile  -->\r\n\r\n<article id=\"post-8001\" class=\"post-8001 profile type-profile status-publish has-post-thumbnail hentry pl-categs-director-cead\">\r\n\t<div class=\"pl_img\">\n<figure>\n<a href=\"https:\/\/unipungue.ac.mz\/?profile=mestre-dario-mario-napoleao-armando-dos-santos\"><img loading=\"lazy\" decoding=\"async\" width=\"134\" height=\"138\" src=\"https:\/\/unipungue.ac.mz\/wp-content\/uploads\/2024\/06\/Mestre-Dario-Mario-Napoleao-Armando-dos-Santos.png\" class=\"attachment-cmsmasters-square-thumb size-cmsmasters-square-thumb wp-post-image\" alt=\"Mestre D\u00e1rio M\u00e1rio Napole\u00e3o Armando dos Santos\" title=\"Mestre D\u00e1rio M\u00e1rio Napole\u00e3o Armando dos Santos\" \/><\/a><\/figure>\n<\/div>\n<div class=\"pl_content\">\n<h6 class=\"pl_subtitle\">Director<\/h6>\n<h2 class=\"entry-title\">\n<a href=\"https:\/\/unipungue.ac.mz\/?profile=mestre-dario-mario-napoleao-armando-dos-santos\">Mestre D\u00e1rio M\u00e1rio Napole\u00e3o Armando dos Santos<\/a>\n<\/h2>\n<div class=\"pl_social\">\n<\/div>\n<\/div>\n<div class=\"entry-content\">\n\u00c9 Director de Centro de Educa\u00e7\u00e3o \u00e0 Dist\u00e2ncia na Universidade P\u00fangu\u00e8, com sede na prov\u00edncia de Manica e uma Extens\u00e3o na prov\u00edncia de Tete.<\/div>\n\t<div class=\"cl\"><\/div>\r\n<\/article>\r\n<!-- Finish Vertical Profile  -->\r\n\r\n<\/div>\n<\/div>\n<\/div>\n<\/div>\n<\/div>\n<\/div>\n<\/div>\n<div id=\"cmsmasters_row_69de2668208026_38016150\" class=\"cmsmasters_row cmsmasters_color_scheme_default cmsmasters_row_top_default cmsmasters_row_bot_default cmsmasters_row_fullwidth\">\n<div class=\"cmsmasters_row_outer_parent\">\n<div class=\"cmsmasters_row_outer\">\n<div class=\"cmsmasters_row_inner cmsmasters_row_fullwidth\">\n<div class=\"cmsmasters_row_margin\">\n<div class=\"cmsmasters_column one_first\">\n\n<div id=\"cmsmasters_divider_69de2668208a24_46322642\" class=\"cmsmasters_divider cmsmasters_divider_width_long cmsmasters_divider_pos_center\"><\/div>\n<\/div>\n<\/div>\n<\/div>\n<\/div>\n<\/div>\n<\/div>\n<div id=\"cmsmasters_row_69de2668208d43_38575214\" class=\"cmsmasters_row cmsmasters_color_scheme_default cmsmasters_row_top_default cmsmasters_row_bot_default cmsmasters_row_boxed\">\n<div class=\"cmsmasters_row_outer_parent\">\n<div class=\"cmsmasters_row_outer\">\n<div class=\"cmsmasters_row_inner\">\n<div class=\"cmsmasters_row_margin\">\n<div class=\"cmsmasters_column one_first\">\n<div class=\"cmsmasters_text\">\n<p>S\u00e3o fun\u00e7\u00f5es gerais do Centro de Educa\u00e7\u00e3o \u00e0 Dist\u00e2ncia (CEAD):<\/p>\n<ol>\n<li>Desenhar as pol\u00edticas de EaD na Universidade;<\/li>\n<li>Coordenar todas as actividades de Ensino \u00e0 Dist\u00e2ncia (EaD) Universidade;<\/li>\n<li>Garantir a forma\u00e7\u00e3o e capacita\u00e7\u00e3o em mat\u00e9ria da EaD a todos os intervenientes no processo;<\/li>\n<li>Coordenar e apoiar os trabalhos de desenho dos planos curriculares dos cursos na modalidade \u00e0 dist\u00e2ncia;<\/li>\n<li>Gerir o desenho e a elabora\u00e7\u00e3o de materiais instrucionais;<\/li>\n<li>Articular com as unidades org\u00e2nicas da Universidade P\u00fangu\u0117, assim como com outras entidades nacionais e estrangeiras que possam colaborar com o CEAD na implementa\u00e7\u00e3o do seu programa;<\/li>\n<li>Gerir a implementa\u00e7\u00e3o e o uso das TIC\u00b4s nos programas de Ensino \u00e0 Dist\u00e2ncia na Universidade;<\/li>\n<li>Realizar as tarefas relacionadas com a EaD que lhe sejam atribu\u00eddas pelos \u00f3rg\u00e3os centrais da Universidade.<\/li>\n<\/ol>\n<\/div>\n\n<div id=\"cmsmasters_heading_69de2668209d56_80340422\" class=\"cmsmasters_heading_wrap cmsmasters_heading_align_center\">\n\t<h4 class=\"cmsmasters_heading\"><\/h4>\n<\/div>\n<\/div>\n<\/div>\n<\/div>\n<\/div>\n<\/div>\n<\/div>\n\n","protected":false},"excerpt":{"rendered":"","protected":false},"author":1,"featured_media":0,"parent":0,"menu_order":0,"comment_status":"closed","ping_status":"closed","template":"","meta":{"footnotes":""},"class_list":["post-6958","page","type-page","status-publish","hentry"],"_links":{"self":[{"href":"https:\/\/unipungue.ac.mz\/index.php?rest_route=\/wp\/v2\/pages\/6958","targetHints":{"allow":["GET"]}}],"collection":[{"href":"https:\/\/unipungue.ac.mz\/index.php?rest_route=\/wp\/v2\/pages"}],"about":[{"href":"https:\/\/unipungue.ac.mz\/index.php?rest_route=\/wp\/v2\/types\/page"}],"author":[{"embeddable":true,"href":"https:\/\/unipungue.ac.mz\/index.php?rest_route=\/wp\/v2\/users\/1"}],"replies":[{"embeddable":true,"href":"https:\/\/unipungue.ac.mz\/index.php?rest_route=%2Fwp%2Fv2%2Fcomments&post=6958"}],"version-history":[{"count":6,"href":"https:\/\/unipungue.ac.mz\/index.php?rest_route=\/wp\/v2\/pages\/6958\/revisions"}],"predecessor-version":[{"id":8996,"href":"https:\/\/unipungue.ac.mz\/index.php?rest_route=\/wp\/v2\/pages\/6958\/revisions\/8996"}],"wp:attachment":[{"href":"https:\/\/unipungue.ac.mz\/index.php?rest_route=%2Fwp%2Fv2%2Fmedia&parent=6958"}],"curies":[{"name":"wp","href":"https:\/\/api.w.org\/{rel}","templated":true}]}}