{"id":6967,"date":"2022-11-20T10:41:23","date_gmt":"2022-11-20T10:41:23","guid":{"rendered":"http:\/\/102.67.191.105\/?page_id=6967"},"modified":"2026-02-19T11:10:57","modified_gmt":"2026-02-19T11:10:57","slug":"direccao-de-servicos-sociais","status":"publish","type":"page","link":"https:\/\/unipungue.ac.mz\/?page_id=6967","title":{"rendered":"Direc\u00e7\u00e3o de Servi\u00e7os Sociais"},"content":{"rendered":"<style type=\"text\/css\"> \n#cmsmasters_row_69e72d6878e7b7_30360599 { \n\tbackground-color:#fbfbfb;\n} \n\n#cmsmasters_row_69e72d6878e7b7_30360599 .cmsmasters_row_outer_parent { \n\tpadding-top: 70px; \n} \n\n#cmsmasters_row_69e72d6878e7b7_30360599 .cmsmasters_row_outer_parent { \n\tpadding-bottom: 50px; \n} \n\n \n#cmsmasters_heading_69e72d68790231_75211738 { \n\ttext-align:center; \n\tmargin-top:0px; \n\tmargin-bottom:50px; \n} \n\n#cmsmasters_heading_69e72d68790231_75211738 .cmsmasters_heading { \n\ttext-align:center; \n} \n\n#cmsmasters_heading_69e72d68790231_75211738 .cmsmasters_heading, #cmsmasters_heading_69e72d68790231_75211738 .cmsmasters_heading a { \n\tfont-weight:300; \n\tfont-style:normal; \n} \n\n#cmsmasters_heading_69e72d68790231_75211738 .cmsmasters_heading_divider { \n} \n\n \n#cmsmasters_row_69e72d687b6405_73651454 .cmsmasters_row_outer_parent { \n\tpadding-top: 0px; \n} \n\n#cmsmasters_row_69e72d687b6405_73651454 .cmsmasters_row_outer_parent { \n\tpadding-bottom: 0px; \n} \n\n#cmsmasters_row_69e72d687b6405_73651454 .cmsmasters_row_inner.cmsmasters_row_fullwidth { \n\tpadding-left:0%; \n} \n#cmsmasters_row_69e72d687b6405_73651454 .cmsmasters_row_inner.cmsmasters_row_fullwidth { \n\tpadding-right:0%; \n} \n \n#cmsmasters_divider_69e72d687b7b77_58474666 { \n\tborder-bottom-width:1px; \n\tborder-bottom-style:solid; \n\tpadding-top:0px; \n\tmargin-bottom:0px; \n} \n \n#cmsmasters_row_69e72d687b7f28_68386068 .cmsmasters_row_outer_parent { \n\tpadding-top: 50px; \n} \n\n#cmsmasters_row_69e72d687b7f28_68386068 .cmsmasters_row_outer_parent { \n\tpadding-bottom: 50px; \n} \n\n \n#cmsmasters_heading_69e72d687ba017_42788948 { \n\ttext-align:center; \n\tmargin-top:0px; \n\tmargin-bottom:50px; \n} \n\n#cmsmasters_heading_69e72d687ba017_42788948 .cmsmasters_heading { \n\ttext-align:center; \n} \n\n#cmsmasters_heading_69e72d687ba017_42788948 .cmsmasters_heading, #cmsmasters_heading_69e72d687ba017_42788948 .cmsmasters_heading a { \n\tfont-weight:300; \n\tfont-style:normal; \n} \n\n#cmsmasters_heading_69e72d687ba017_42788948 .cmsmasters_heading_divider { \n} \n\n<\/style><div id=\"cmsmasters_row_69e72d6878e7b7_30360599\" class=\"cmsmasters_row cmsmasters_color_scheme_default cmsmasters_row_top_default cmsmasters_row_bot_default cmsmasters_row_boxed\">\n<div class=\"cmsmasters_row_outer_parent\">\n<div class=\"cmsmasters_row_outer\">\n<div class=\"cmsmasters_row_inner\">\n<div class=\"cmsmasters_row_margin\">\n<div class=\"cmsmasters_column one_first\">\n\n<div id=\"cmsmasters_heading_69e72d68790231_75211738\" class=\"cmsmasters_heading_wrap cmsmasters_heading_align_center\">\n\t<h2 class=\"cmsmasters_heading\"><\/h2>\n<\/div>\n<div id=\"69e72d68790624_53903277\" class=\"cmsmasters_profile vertical\">\n\r\n<!-- Start Vertical Profile  -->\r\n\r\n<article id=\"post-7042\" class=\"post-7042 profile type-profile status-publish has-post-thumbnail hentry pl-categs-director-dss\">\r\n\t<div class=\"pl_img\">\n<figure>\n<a href=\"https:\/\/unipungue.ac.mz\/?profile=argentina-lopes\"><img loading=\"lazy\" decoding=\"async\" width=\"300\" height=\"300\" src=\"https:\/\/unipungue.ac.mz\/wp-content\/uploads\/2023\/02\/Argentina-Dir-da-F-educacao-300x300.jpg\" class=\"attachment-cmsmasters-square-thumb size-cmsmasters-square-thumb wp-post-image\" alt=\"Prof.\u00aa Doutora Argentina Lopes\" title=\"Prof.\u00aa Doutora Argentina Lopes\" srcset=\"https:\/\/unipungue.ac.mz\/wp-content\/uploads\/2023\/02\/Argentina-Dir-da-F-educacao-300x300.jpg 300w, https:\/\/unipungue.ac.mz\/wp-content\/uploads\/2023\/02\/Argentina-Dir-da-F-educacao-150x150.jpg 150w, https:\/\/unipungue.ac.mz\/wp-content\/uploads\/2023\/02\/Argentina-Dir-da-F-educacao-60x60.jpg 60w\" sizes=\"auto, (max-width: 300px) 100vw, 300px\" \/><\/a><\/figure>\n<\/div>\n<div class=\"pl_content\">\n<h6 class=\"pl_subtitle\">Directora<\/h6>\n<h2 class=\"entry-title\">\n<a href=\"https:\/\/unipungue.ac.mz\/?profile=argentina-lopes\">Prof.\u00aa Doutora Argentina Lopes<\/a>\n<\/h2>\n<div class=\"pl_social\">\n<\/div>\n<\/div>\n<div class=\"entry-content\">\n\u00c9 Directora de Servi\u00e7os Sociais na Universidade P\u00fangu\u00e8, com sede na prov\u00edncia de Manica e uma Extens\u00e3o na prov\u00edncia de Tete.<\/div>\n\t<div class=\"cl\"><\/div>\r\n<\/article>\r\n<!-- Finish Vertical Profile  -->\r\n\r\n<\/div>\n<\/div>\n<\/div>\n<\/div>\n<\/div>\n<\/div>\n<\/div>\n<div id=\"cmsmasters_row_69e72d687b6405_73651454\" class=\"cmsmasters_row cmsmasters_color_scheme_default cmsmasters_row_top_default cmsmasters_row_bot_default cmsmasters_row_fullwidth\">\n<div class=\"cmsmasters_row_outer_parent\">\n<div class=\"cmsmasters_row_outer\">\n<div class=\"cmsmasters_row_inner cmsmasters_row_fullwidth\">\n<div class=\"cmsmasters_row_margin\">\n<div class=\"cmsmasters_column one_first\">\n\n<div id=\"cmsmasters_divider_69e72d687b7b77_58474666\" class=\"cmsmasters_divider cmsmasters_divider_width_long cmsmasters_divider_pos_center\"><\/div>\n<\/div>\n<\/div>\n<\/div>\n<\/div>\n<\/div>\n<\/div>\n<div id=\"cmsmasters_row_69e72d687b7f28_68386068\" class=\"cmsmasters_row cmsmasters_color_scheme_default cmsmasters_row_top_default cmsmasters_row_bot_default cmsmasters_row_boxed\">\n<div class=\"cmsmasters_row_outer_parent\">\n<div class=\"cmsmasters_row_outer\">\n<div class=\"cmsmasters_row_inner\">\n<div class=\"cmsmasters_row_margin\">\n<div class=\"cmsmasters_column one_first\">\n<div class=\"cmsmasters_text\">\n<p>A Direc\u00e7\u00e3o dos Servi\u00e7os Sociais (DSS) tem como fun\u00e7\u00f5es gerais:<\/p>\n<ol>\n<li>Conceber e propor para a aprova\u00e7\u00e3o do Reitor, uma pol\u00edtica de apoio social aos estudantes, funcion\u00e1rios e agentes do Estado;<\/li>\n<li>Conceber e propor, para a aprova\u00e7\u00e3o do Reitor, uma pol\u00edtica de bolsas de estudo para estudantes;<\/li>\n<li>Coordenar com os \u00f3rg\u00e3os do Governo a execu\u00e7\u00e3o da pol\u00edtica social;<\/li>\n<li>Conceber e propor, para a aprova\u00e7\u00e3o do Reitor, uma pol\u00edtica de alojamento;<\/li>\n<li>Conceber e propor, para a aprova\u00e7\u00e3o do Reitor, um sistema de restaurante universit\u00e1rio;<\/li>\n<li>Conceber e gerir um sistema de participa\u00e7\u00e3o, ausculta\u00e7\u00e3o, triagem e encaminhamento dos problemas dos estudantes com vista \u00e0 sua solu\u00e7\u00e3o;<\/li>\n<li>Conceber e gerir programas de actividades extracurriculares.<\/li>\n<\/ol>\n<\/div>\n\n<div id=\"cmsmasters_heading_69e72d687ba017_42788948\" class=\"cmsmasters_heading_wrap cmsmasters_heading_align_center\">\n\t<h4 class=\"cmsmasters_heading\"><\/h4>\n<\/div>\n<\/div>\n<\/div>\n<\/div>\n<\/div>\n<\/div>\n<\/div>\n\n","protected":false},"excerpt":{"rendered":"","protected":false},"author":1,"featured_media":7388,"parent":0,"menu_order":0,"comment_status":"closed","ping_status":"closed","template":"","meta":{"footnotes":""},"class_list":["post-6967","page","type-page","status-publish","has-post-thumbnail","hentry"],"_links":{"self":[{"href":"https:\/\/unipungue.ac.mz\/index.php?rest_route=\/wp\/v2\/pages\/6967","targetHints":{"allow":["GET"]}}],"collection":[{"href":"https:\/\/unipungue.ac.mz\/index.php?rest_route=\/wp\/v2\/pages"}],"about":[{"href":"https:\/\/unipungue.ac.mz\/index.php?rest_route=\/wp\/v2\/types\/page"}],"author":[{"embeddable":true,"href":"https:\/\/unipungue.ac.mz\/index.php?rest_route=\/wp\/v2\/users\/1"}],"replies":[{"embeddable":true,"href":"https:\/\/unipungue.ac.mz\/index.php?rest_route=%2Fwp%2Fv2%2Fcomments&post=6967"}],"version-history":[{"count":4,"href":"https:\/\/unipungue.ac.mz\/index.php?rest_route=\/wp\/v2\/pages\/6967\/revisions"}],"predecessor-version":[{"id":8823,"href":"https:\/\/unipungue.ac.mz\/index.php?rest_route=\/wp\/v2\/pages\/6967\/revisions\/8823"}],"wp:featuredmedia":[{"embeddable":true,"href":"https:\/\/unipungue.ac.mz\/index.php?rest_route=\/wp\/v2\/media\/7388"}],"wp:attachment":[{"href":"https:\/\/unipungue.ac.mz\/index.php?rest_route=%2Fwp%2Fv2%2Fmedia&parent=6967"}],"curies":[{"name":"wp","href":"https:\/\/api.w.org\/{rel}","templated":true}]}}