{"id":6970,"date":"2022-11-20T10:42:56","date_gmt":"2022-11-20T10:42:56","guid":{"rendered":"http:\/\/102.67.191.105\/?page_id=6970"},"modified":"2026-02-19T11:09:02","modified_gmt":"2026-02-19T11:09:02","slug":"direccao-de-registo-academico","status":"publish","type":"page","link":"https:\/\/unipungue.ac.mz\/?page_id=6970","title":{"rendered":"Direc\u00e7\u00e3o de Registo Acad\u00e9mico"},"content":{"rendered":"<style type=\"text\/css\"> \n#cmsmasters_row_69f3487fdfef31_51845882 { \n\tbackground-color:#fbfbfb;\n} \n\n#cmsmasters_row_69f3487fdfef31_51845882 .cmsmasters_row_outer_parent { \n\tpadding-top: 70px; \n} \n\n#cmsmasters_row_69f3487fdfef31_51845882 .cmsmasters_row_outer_parent { \n\tpadding-bottom: 50px; \n} \n\n \n#cmsmasters_heading_69f3487fe00940_94041725 { \n\ttext-align:center; \n\tmargin-top:0px; \n\tmargin-bottom:50px; \n} \n\n#cmsmasters_heading_69f3487fe00940_94041725 .cmsmasters_heading { \n\ttext-align:center; \n} \n\n#cmsmasters_heading_69f3487fe00940_94041725 .cmsmasters_heading, #cmsmasters_heading_69f3487fe00940_94041725 .cmsmasters_heading a { \n\tfont-weight:300; \n\tfont-style:normal; \n} \n\n#cmsmasters_heading_69f3487fe00940_94041725 .cmsmasters_heading_divider { \n} \n\n \n#cmsmasters_row_69f3487fe3f368_22395309 .cmsmasters_row_outer_parent { \n\tpadding-top: 0px; \n} \n\n#cmsmasters_row_69f3487fe3f368_22395309 .cmsmasters_row_outer_parent { \n\tpadding-bottom: 0px; \n} \n\n#cmsmasters_row_69f3487fe3f368_22395309 .cmsmasters_row_inner.cmsmasters_row_fullwidth { \n\tpadding-left:0%; \n} \n#cmsmasters_row_69f3487fe3f368_22395309 .cmsmasters_row_inner.cmsmasters_row_fullwidth { \n\tpadding-right:0%; \n} \n \n#cmsmasters_divider_69f3487fe40ba1_36255284 { \n\tborder-bottom-width:1px; \n\tborder-bottom-style:solid; \n\tpadding-top:0px; \n\tmargin-bottom:0px; \n} \n \n#cmsmasters_row_69f3487fe40f66_60252016 .cmsmasters_row_outer_parent { \n\tpadding-top: 50px; \n} \n\n#cmsmasters_row_69f3487fe40f66_60252016 .cmsmasters_row_outer_parent { \n\tpadding-bottom: 50px; \n} \n\n \n#cmsmasters_heading_69f3487fe42e97_08047693 { \n\ttext-align:center; \n\tmargin-top:0px; \n\tmargin-bottom:50px; \n} \n\n#cmsmasters_heading_69f3487fe42e97_08047693 .cmsmasters_heading { \n\ttext-align:center; \n} \n\n#cmsmasters_heading_69f3487fe42e97_08047693 .cmsmasters_heading, #cmsmasters_heading_69f3487fe42e97_08047693 .cmsmasters_heading a { \n\tfont-weight:300; \n\tfont-style:normal; \n} \n\n#cmsmasters_heading_69f3487fe42e97_08047693 .cmsmasters_heading_divider { \n} \n\n<\/style><div id=\"cmsmasters_row_69f3487fdfef31_51845882\" class=\"cmsmasters_row cmsmasters_color_scheme_default cmsmasters_row_top_default cmsmasters_row_bot_default cmsmasters_row_boxed\">\n<div class=\"cmsmasters_row_outer_parent\">\n<div class=\"cmsmasters_row_outer\">\n<div class=\"cmsmasters_row_inner\">\n<div class=\"cmsmasters_row_margin\">\n<div class=\"cmsmasters_column one_first\">\n\n<div id=\"cmsmasters_heading_69f3487fe00940_94041725\" class=\"cmsmasters_heading_wrap cmsmasters_heading_align_center\">\n\t<h2 class=\"cmsmasters_heading\"><\/h2>\n<\/div>\n<div id=\"69f3487fe00d58_89351080\" class=\"cmsmasters_profile vertical\">\n\r\n<!-- Start Vertical Profile  -->\r\n\r\n<article id=\"post-7158\" class=\"post-7158 profile type-profile status-publish has-post-thumbnail hentry pl-categs-director-dra\">\r\n\t<div class=\"pl_img\">\n<figure>\n<a href=\"https:\/\/unipungue.ac.mz\/?profile=edson-manuel-senguaio\"><img loading=\"lazy\" decoding=\"async\" width=\"291\" height=\"300\" src=\"https:\/\/unipungue.ac.mz\/wp-content\/uploads\/2023\/04\/diretor_graduacao.jpg\" class=\"attachment-cmsmasters-square-thumb size-cmsmasters-square-thumb wp-post-image\" alt=\"Prof\u00ba Doutor Francisco Mateus Ant\u00f3nio Wache\" title=\"Prof\u00ba Doutor Francisco Mateus Ant\u00f3nio Wache\" \/><\/a><\/figure>\n<\/div>\n<div class=\"pl_content\">\n<h6 class=\"pl_subtitle\">Director<\/h6>\n<h2 class=\"entry-title\">\n<a href=\"https:\/\/unipungue.ac.mz\/?profile=edson-manuel-senguaio\">Prof\u00ba Doutor Francisco Mateus Ant\u00f3nio Wache<\/a>\n<\/h2>\n<div class=\"pl_social\">\n<\/div>\n<\/div>\n<div class=\"entry-content\">\n\u00c9 Director de Registo Acad\u00e9mico na Universidade P\u00fangu\u00e8, com sede na prov\u00edncia de Manica e uma Extens\u00e3o na prov\u00edncia de Tete.<\/div>\n\t<div class=\"cl\"><\/div>\r\n<\/article>\r\n<!-- Finish Vertical Profile  -->\r\n\r\n<\/div>\n<\/div>\n<\/div>\n<\/div>\n<\/div>\n<\/div>\n<\/div>\n<div id=\"cmsmasters_row_69f3487fe3f368_22395309\" class=\"cmsmasters_row cmsmasters_color_scheme_default cmsmasters_row_top_default cmsmasters_row_bot_default cmsmasters_row_fullwidth\">\n<div class=\"cmsmasters_row_outer_parent\">\n<div class=\"cmsmasters_row_outer\">\n<div class=\"cmsmasters_row_inner cmsmasters_row_fullwidth\">\n<div class=\"cmsmasters_row_margin\">\n<div class=\"cmsmasters_column one_first\">\n\n<div id=\"cmsmasters_divider_69f3487fe40ba1_36255284\" class=\"cmsmasters_divider cmsmasters_divider_width_long cmsmasters_divider_pos_center\"><\/div>\n<\/div>\n<\/div>\n<\/div>\n<\/div>\n<\/div>\n<\/div>\n<div id=\"cmsmasters_row_69f3487fe40f66_60252016\" class=\"cmsmasters_row cmsmasters_color_scheme_default cmsmasters_row_top_default cmsmasters_row_bot_default cmsmasters_row_boxed\">\n<div class=\"cmsmasters_row_outer_parent\">\n<div class=\"cmsmasters_row_outer\">\n<div class=\"cmsmasters_row_inner\">\n<div class=\"cmsmasters_row_margin\">\n<div class=\"cmsmasters_column one_first\">\n<div class=\"cmsmasters_text\">\n<p>A Direc\u00e7\u00e3o do Registo Acad\u00e9mico (DRA) tem como fun\u00e7\u00f5es gerais:<\/p>\n<ol>\n<li>Conceber e propor, para aprova\u00e7\u00e3o do Reitor, um plano de evolu\u00e7\u00e3o de ingressos;<\/li>\n<li>Zelar pelas normas e procedimentos de admiss\u00e3o na Universidade P\u00fangu\u00e8;<\/li>\n<li>Zelar pelo cumprimento dos procedimentos sobre matr\u00edculas na Universidade P\u00fangu\u00e8;<\/li>\n<li>Coordenar com as Finan\u00e7as e propor, para aprova\u00e7\u00e3o do Reitor, a tabela de propinas;<\/li>\n<li>Conceber e gerir um sistema de registo acad\u00e9mico da institui\u00e7\u00e3o;<\/li>\n<li>Zelar pelo cumprimento do Regulamento Acad\u00e9mico da Universidade P\u00fangu\u00e8;<\/li>\n<li>Organizar e gerir o sistema de gradua\u00e7\u00e3o dos finalistas;<\/li>\n<li>Emitir documentos de conduta acad\u00e9mica dos estudantes.<\/li>\n<\/ol>\n<\/div>\n\n<div id=\"cmsmasters_heading_69f3487fe42e97_08047693\" class=\"cmsmasters_heading_wrap cmsmasters_heading_align_center\">\n\t<h4 class=\"cmsmasters_heading\"><\/h4>\n<\/div>\n<\/div>\n<\/div>\n<\/div>\n<\/div>\n<\/div>\n<\/div>\n\n","protected":false},"excerpt":{"rendered":"","protected":false},"author":1,"featured_media":7067,"parent":0,"menu_order":0,"comment_status":"closed","ping_status":"closed","template":"","meta":{"footnotes":""},"class_list":["post-6970","page","type-page","status-publish","has-post-thumbnail","hentry"],"_links":{"self":[{"href":"https:\/\/unipungue.ac.mz\/index.php?rest_route=\/wp\/v2\/pages\/6970","targetHints":{"allow":["GET"]}}],"collection":[{"href":"https:\/\/unipungue.ac.mz\/index.php?rest_route=\/wp\/v2\/pages"}],"about":[{"href":"https:\/\/unipungue.ac.mz\/index.php?rest_route=\/wp\/v2\/types\/page"}],"author":[{"embeddable":true,"href":"https:\/\/unipungue.ac.mz\/index.php?rest_route=\/wp\/v2\/users\/1"}],"replies":[{"embeddable":true,"href":"https:\/\/unipungue.ac.mz\/index.php?rest_route=%2Fwp%2Fv2%2Fcomments&post=6970"}],"version-history":[{"count":4,"href":"https:\/\/unipungue.ac.mz\/index.php?rest_route=\/wp\/v2\/pages\/6970\/revisions"}],"predecessor-version":[{"id":9009,"href":"https:\/\/unipungue.ac.mz\/index.php?rest_route=\/wp\/v2\/pages\/6970\/revisions\/9009"}],"wp:featuredmedia":[{"embeddable":true,"href":"https:\/\/unipungue.ac.mz\/index.php?rest_route=\/wp\/v2\/media\/7067"}],"wp:attachment":[{"href":"https:\/\/unipungue.ac.mz\/index.php?rest_route=%2Fwp%2Fv2%2Fmedia&parent=6970"}],"curies":[{"name":"wp","href":"https:\/\/api.w.org\/{rel}","templated":true}]}}