{"id":6973,"date":"2022-11-20T10:44:43","date_gmt":"2022-11-20T10:44:43","guid":{"rendered":"http:\/\/102.67.191.105\/?page_id=6973"},"modified":"2026-02-24T13:19:00","modified_gmt":"2026-02-24T13:19:00","slug":"direccao-de-patrimonio","status":"publish","type":"page","link":"https:\/\/unipungue.ac.mz\/?page_id=6973","title":{"rendered":"Direc\u00e7\u00e3o de Patrim\u00f3nio"},"content":{"rendered":"<style type=\"text\/css\"> \n#cmsmasters_row_69de26640c8444_28250822 { \n\tbackground-color:#fbfbfb;\n} \n\n#cmsmasters_row_69de26640c8444_28250822 .cmsmasters_row_outer_parent { \n\tpadding-top: 70px; \n} \n\n#cmsmasters_row_69de26640c8444_28250822 .cmsmasters_row_outer_parent { \n\tpadding-bottom: 50px; \n} \n\n \n#cmsmasters_heading_69de26640c9219_83108143 { \n\ttext-align:center; \n\tmargin-top:0px; \n\tmargin-bottom:50px; \n} \n\n#cmsmasters_heading_69de26640c9219_83108143 .cmsmasters_heading { \n\ttext-align:center; \n} \n\n#cmsmasters_heading_69de26640c9219_83108143 .cmsmasters_heading, #cmsmasters_heading_69de26640c9219_83108143 .cmsmasters_heading a { \n\tfont-weight:300; \n\tfont-style:normal; \n} \n\n#cmsmasters_heading_69de26640c9219_83108143 .cmsmasters_heading_divider { \n} \n\n \n#cmsmasters_row_69de26640e6b15_15534764 .cmsmasters_row_outer_parent { \n\tpadding-top: 0px; \n} \n\n#cmsmasters_row_69de26640e6b15_15534764 .cmsmasters_row_outer_parent { \n\tpadding-bottom: 0px; \n} \n\n#cmsmasters_row_69de26640e6b15_15534764 .cmsmasters_row_inner.cmsmasters_row_fullwidth { \n\tpadding-left:0%; \n} \n#cmsmasters_row_69de26640e6b15_15534764 .cmsmasters_row_inner.cmsmasters_row_fullwidth { \n\tpadding-right:0%; \n} \n \n#cmsmasters_divider_69de26640e7538_09093603 { \n\tborder-bottom-width:1px; \n\tborder-bottom-style:solid; \n\tpadding-top:0px; \n\tmargin-bottom:0px; \n} \n \n#cmsmasters_row_69de26640e7881_54102400 .cmsmasters_row_outer_parent { \n\tpadding-top: 50px; \n} \n\n#cmsmasters_row_69de26640e7881_54102400 .cmsmasters_row_outer_parent { \n\tpadding-bottom: 50px; \n} \n\n \n#cmsmasters_heading_69de26640e9f25_51855215 { \n\ttext-align:center; \n\tmargin-top:0px; \n\tmargin-bottom:50px; \n} \n\n#cmsmasters_heading_69de26640e9f25_51855215 .cmsmasters_heading { \n\ttext-align:center; \n} \n\n#cmsmasters_heading_69de26640e9f25_51855215 .cmsmasters_heading, #cmsmasters_heading_69de26640e9f25_51855215 .cmsmasters_heading a { \n\tfont-weight:300; \n\tfont-style:normal; \n} \n\n#cmsmasters_heading_69de26640e9f25_51855215 .cmsmasters_heading_divider { \n} \n\n<\/style><div id=\"cmsmasters_row_69de26640c8444_28250822\" class=\"cmsmasters_row cmsmasters_color_scheme_default cmsmasters_row_top_default cmsmasters_row_bot_default cmsmasters_row_boxed\">\n<div class=\"cmsmasters_row_outer_parent\">\n<div class=\"cmsmasters_row_outer\">\n<div class=\"cmsmasters_row_inner\">\n<div class=\"cmsmasters_row_margin\">\n<div class=\"cmsmasters_column one_first\">\n\n<div id=\"cmsmasters_heading_69de26640c9219_83108143\" class=\"cmsmasters_heading_wrap cmsmasters_heading_align_center\">\n\t<h2 class=\"cmsmasters_heading\"><\/h2>\n<\/div><div id=\"69de26640c94f1_74836389\" class=\"cmsmasters_profile vertical\">\n\r\n<!-- Start Vertical Profile  -->\r\n\r\n<article id=\"post-7162\" class=\"post-7162 profile type-profile status-publish has-post-thumbnail hentry pl-categs-director-do-patrimonio\">\r\n\t<div class=\"pl_img\">\n<figure>\n<a href=\"https:\/\/unipungue.ac.mz\/?profile=severino-savaio\"><img loading=\"lazy\" decoding=\"async\" width=\"300\" height=\"300\" src=\"https:\/\/unipungue.ac.mz\/wp-content\/uploads\/2023\/04\/WhatsApp-Image-2024-07-07-at-15.48.22_e43592bb-300x300.jpg\" class=\"attachment-cmsmasters-square-thumb size-cmsmasters-square-thumb wp-post-image\" alt=\"Mestre Severino Savaio\" title=\"Mestre Severino Savaio\" srcset=\"https:\/\/unipungue.ac.mz\/wp-content\/uploads\/2023\/04\/WhatsApp-Image-2024-07-07-at-15.48.22_e43592bb-300x300.jpg 300w, https:\/\/unipungue.ac.mz\/wp-content\/uploads\/2023\/04\/WhatsApp-Image-2024-07-07-at-15.48.22_e43592bb-150x150.jpg 150w, https:\/\/unipungue.ac.mz\/wp-content\/uploads\/2023\/04\/WhatsApp-Image-2024-07-07-at-15.48.22_e43592bb-60x60.jpg 60w, https:\/\/unipungue.ac.mz\/wp-content\/uploads\/2023\/04\/WhatsApp-Image-2024-07-07-at-15.48.22_e43592bb.jpg 424w\" sizes=\"auto, (max-width: 300px) 100vw, 300px\" \/><\/a><\/figure>\n<\/div>\n<div class=\"pl_content\">\n<h6 class=\"pl_subtitle\">Director<\/h6>\n<h2 class=\"entry-title\">\n<a href=\"https:\/\/unipungue.ac.mz\/?profile=severino-savaio\">Mestre Severino Savaio<\/a>\n<\/h2>\n<div class=\"pl_social\">\n<\/div>\n<\/div>\n<div class=\"entry-content\">\n\u00c9 Director do Patrim\u00f3nio na Universidade P\u00fangu\u00e8, com sede na prov\u00edncia de Manica e uma Extens\u00e3o na prov\u00edncia de Tete.<\/div>\n\t<div class=\"cl\"><\/div>\r\n<\/article>\r\n<!-- Finish Vertical Profile  -->\r\n\r\n<\/div>\n<\/div>\n<\/div>\n<\/div>\n<\/div>\n<\/div>\n<\/div>\n<div id=\"cmsmasters_row_69de26640e6b15_15534764\" class=\"cmsmasters_row cmsmasters_color_scheme_default cmsmasters_row_top_default cmsmasters_row_bot_default cmsmasters_row_fullwidth\">\n<div class=\"cmsmasters_row_outer_parent\">\n<div class=\"cmsmasters_row_outer\">\n<div class=\"cmsmasters_row_inner cmsmasters_row_fullwidth\">\n<div class=\"cmsmasters_row_margin\">\n<div class=\"cmsmasters_column one_first\">\n\n<div id=\"cmsmasters_divider_69de26640e7538_09093603\" class=\"cmsmasters_divider cmsmasters_divider_width_long cmsmasters_divider_pos_center\"><\/div>\n<\/div>\n<\/div>\n<\/div>\n<\/div>\n<\/div>\n<\/div>\n<div id=\"cmsmasters_row_69de26640e7881_54102400\" class=\"cmsmasters_row cmsmasters_color_scheme_default cmsmasters_row_top_default cmsmasters_row_bot_default cmsmasters_row_boxed\">\n<div class=\"cmsmasters_row_outer_parent\">\n<div class=\"cmsmasters_row_outer\">\n<div class=\"cmsmasters_row_inner\">\n<div class=\"cmsmasters_row_margin\">\n<div class=\"cmsmasters_column one_first\">\n<div class=\"cmsmasters_text\">\n<p>S\u00e3o fun\u00e7\u00f5es gerais da Direc\u00e7\u00e3o do Patrim\u00f3nio as seguintes:<\/p>\n<ol>\n<li>Gerir os bens patrimoniais alocados \u00e0 Universidade P\u00fangu\u00e8, tendo como base as normas e a legisla\u00e7\u00e3o do Patrim\u00f3nio do Estado;<\/li>\n<li>Zelar pela aplica\u00e7\u00e3o das disposi\u00e7\u00f5es gerais e espec\u00edficas da legisla\u00e7\u00e3o em vigor e das normas de gest\u00e3o do patrim\u00f3nio, servi\u00e7os e seguran\u00e7a da institui\u00e7\u00e3o;<\/li>\n<li>Conceber e propor \u00e0 aprova\u00e7\u00e3o, do Reitor, do sistema de gest\u00e3o do patrim\u00f3nio, servi\u00e7os e seguran\u00e7a;<\/li>\n<li>Conceber e monitorar o plano de desenvolvimento da planta f\u00edsica e equipamento da institui\u00e7\u00e3o;<\/li>\n<li>\u00a0Planificar e desenvolver as infra-estruturas Universit\u00e1rias, atrav\u00e9s da constru\u00e7\u00e3o e reabilita\u00e7\u00e3o;<\/li>\n<li>\u00a0Efectuar estudos e pesquisas com vista ao desenvolvimento e padroniza\u00e7\u00e3o dos edif\u00edcios e respectivos equipamentos;<\/li>\n<li>\u00a0Realizar a implanta\u00e7\u00e3o e execu\u00e7\u00e3o integral das infra-estruturas de pequena dimens\u00e3o da Universidade;<\/li>\n<li>Participar, de forma pr\u00f3-activa, na identifica\u00e7\u00e3o de cen\u00e1rios alternativos\u00a0 que se identifiquem\u00a0 com os interesses da Universidade em simult\u00e2neo com caracter\u00edsticas de auto-sustentabilidade.<\/li>\n<li>Conceber e gerir o sistema de manuten\u00e7\u00e3o e conserva\u00e7\u00e3o da planta f\u00edsica e equipamento;<\/li>\n<li>Conceber e monitorar o plano das necessidades da institui\u00e7\u00e3o;<\/li>\n<li>Conceber e gerir os servi\u00e7os de transporte, seguran\u00e7a e protec\u00e7\u00e3o da planta f\u00edsica e equipamento da institui\u00e7\u00e3o;<\/li>\n<li>\u00a0Conceber e actualizar a base de dados do patrim\u00f3nio da Universidade;<\/li>\n<li>\u00a0Produzir relat\u00f3rios estat\u00edsticos peri\u00f3dicos sobre o patrim\u00f3nio da Universidade.<\/li>\n<\/ol>\n<\/div>\n\n<div id=\"cmsmasters_heading_69de26640e9f25_51855215\" class=\"cmsmasters_heading_wrap cmsmasters_heading_align_center\">\n\t<h4 class=\"cmsmasters_heading\"><\/h4>\n<\/div>\n<\/div>\n<\/div>\n<\/div>\n<\/div>\n<\/div>\n<\/div>\n\n","protected":false},"excerpt":{"rendered":"","protected":false},"author":1,"featured_media":8086,"parent":0,"menu_order":0,"comment_status":"closed","ping_status":"closed","template":"","meta":{"footnotes":""},"class_list":["post-6973","page","type-page","status-publish","has-post-thumbnail","hentry"],"_links":{"self":[{"href":"https:\/\/unipungue.ac.mz\/index.php?rest_route=\/wp\/v2\/pages\/6973","targetHints":{"allow":["GET"]}}],"collection":[{"href":"https:\/\/unipungue.ac.mz\/index.php?rest_route=\/wp\/v2\/pages"}],"about":[{"href":"https:\/\/unipungue.ac.mz\/index.php?rest_route=\/wp\/v2\/types\/page"}],"author":[{"embeddable":true,"href":"https:\/\/unipungue.ac.mz\/index.php?rest_route=\/wp\/v2\/users\/1"}],"replies":[{"embeddable":true,"href":"https:\/\/unipungue.ac.mz\/index.php?rest_route=%2Fwp%2Fv2%2Fcomments&post=6973"}],"version-history":[{"count":9,"href":"https:\/\/unipungue.ac.mz\/index.php?rest_route=\/wp\/v2\/pages\/6973\/revisions"}],"predecessor-version":[{"id":9285,"href":"https:\/\/unipungue.ac.mz\/index.php?rest_route=\/wp\/v2\/pages\/6973\/revisions\/9285"}],"wp:featuredmedia":[{"embeddable":true,"href":"https:\/\/unipungue.ac.mz\/index.php?rest_route=\/wp\/v2\/media\/8086"}],"wp:attachment":[{"href":"https:\/\/unipungue.ac.mz\/index.php?rest_route=%2Fwp%2Fv2%2Fmedia&parent=6973"}],"curies":[{"name":"wp","href":"https:\/\/api.w.org\/{rel}","templated":true}]}}