{"id":6976,"date":"2022-11-20T10:46:43","date_gmt":"2022-11-20T10:46:43","guid":{"rendered":"http:\/\/102.67.191.105\/?page_id=6976"},"modified":"2026-02-27T09:42:35","modified_gmt":"2026-02-27T09:42:35","slug":"direccao-de-tecnologias-de-informacao-e-comunicacao","status":"publish","type":"page","link":"https:\/\/unipungue.ac.mz\/?page_id=6976","title":{"rendered":"Direc\u00e7\u00e3o de Tecnologias de Informa\u00e7\u00e3o e Comunica\u00e7\u00e3o"},"content":{"rendered":"<style type=\"text\/css\"> \n#cmsmasters_row_69ec82d9e88042_31545871 { \n\tbackground-color:#fbfbfb;\n} \n\n#cmsmasters_row_69ec82d9e88042_31545871 .cmsmasters_row_outer_parent { \n\tpadding-top: 70px; \n} \n\n#cmsmasters_row_69ec82d9e88042_31545871 .cmsmasters_row_outer_parent { \n\tpadding-bottom: 50px; \n} \n\n \n#cmsmasters_heading_69ec82d9e89068_48754625 { \n\ttext-align:center; \n\tmargin-top:0px; \n\tmargin-bottom:50px; \n} \n\n#cmsmasters_heading_69ec82d9e89068_48754625 .cmsmasters_heading { \n\ttext-align:center; \n} \n\n#cmsmasters_heading_69ec82d9e89068_48754625 .cmsmasters_heading, #cmsmasters_heading_69ec82d9e89068_48754625 .cmsmasters_heading a { \n\tfont-weight:300; \n\tfont-style:normal; \n} \n\n#cmsmasters_heading_69ec82d9e89068_48754625 .cmsmasters_heading_divider { \n} \n\n \n#cmsmasters_row_69ec82d9eccad9_14880873 .cmsmasters_row_outer_parent { \n\tpadding-top: 0px; \n} \n\n#cmsmasters_row_69ec82d9eccad9_14880873 .cmsmasters_row_outer_parent { \n\tpadding-bottom: 0px; \n} \n\n#cmsmasters_row_69ec82d9eccad9_14880873 .cmsmasters_row_inner.cmsmasters_row_fullwidth { \n\tpadding-left:0%; \n} \n#cmsmasters_row_69ec82d9eccad9_14880873 .cmsmasters_row_inner.cmsmasters_row_fullwidth { \n\tpadding-right:0%; \n} \n \n#cmsmasters_divider_69ec82d9ecd7f3_33780720 { \n\tborder-bottom-width:1px; \n\tborder-bottom-style:solid; \n\tpadding-top:0px; \n\tmargin-bottom:0px; \n} \n \n#cmsmasters_row_69ec82d9ecdd97_55315820 .cmsmasters_row_outer_parent { \n\tpadding-top: 50px; \n} \n\n#cmsmasters_row_69ec82d9ecdd97_55315820 .cmsmasters_row_outer_parent { \n\tpadding-bottom: 50px; \n} \n\n \n#cmsmasters_heading_69ec82d9ed1089_87246909 { \n\ttext-align:center; \n\tmargin-top:0px; \n\tmargin-bottom:50px; \n} \n\n#cmsmasters_heading_69ec82d9ed1089_87246909 .cmsmasters_heading { \n\ttext-align:center; \n} \n\n#cmsmasters_heading_69ec82d9ed1089_87246909 .cmsmasters_heading, #cmsmasters_heading_69ec82d9ed1089_87246909 .cmsmasters_heading a { \n\tfont-weight:300; \n\tfont-style:normal; \n} \n\n#cmsmasters_heading_69ec82d9ed1089_87246909 .cmsmasters_heading_divider { \n} \n\n \n#cmsmasters_tabs_list_item_69ec82d9ed2412_23229668.current_tab:before { \n\tbackground-color:#4f3324;\n} \n\n#cmsmasters_tabs_list_item_69ec82d9ed2945_15874413.current_tab:before { \n\tbackground-color:;\n} \n<\/style><div id=\"cmsmasters_row_69ec82d9e88042_31545871\" class=\"cmsmasters_row cmsmasters_color_scheme_default cmsmasters_row_top_default cmsmasters_row_bot_default cmsmasters_row_boxed\">\n<div class=\"cmsmasters_row_outer_parent\">\n<div class=\"cmsmasters_row_outer\">\n<div class=\"cmsmasters_row_inner\">\n<div class=\"cmsmasters_row_margin\">\n<div class=\"cmsmasters_column one_first\">\n\n<div id=\"cmsmasters_heading_69ec82d9e89068_48754625\" class=\"cmsmasters_heading_wrap cmsmasters_heading_align_center\">\n\t<h2 class=\"cmsmasters_heading\"><\/h2>\n<\/div>\n<div id=\"69ec82d9e894c0_23157029\" class=\"cmsmasters_profile vertical\">\n\r\n<!-- Start Vertical Profile  -->\r\n\r\n<article id=\"post-7166\" class=\"post-7166 profile type-profile status-publish has-post-thumbnail hentry pl-categs-director-dtics\">\r\n\t<div class=\"pl_img\">\n<figure>\n<a href=\"https:\/\/unipungue.ac.mz\/?profile=marcio-do-rosario-chin\"><img loading=\"lazy\" decoding=\"async\" width=\"300\" height=\"300\" src=\"https:\/\/unipungue.ac.mz\/wp-content\/uploads\/2023\/04\/WhatsApp-Image-2024-07-07-at-15.48.21_834984a0-300x300.jpg\" class=\"attachment-cmsmasters-square-thumb size-cmsmasters-square-thumb wp-post-image\" alt=\"Eng. M\u00e1rcio do Ros\u00e1rio Chin\" title=\"Eng. M\u00e1rcio do Ros\u00e1rio Chin\" srcset=\"https:\/\/unipungue.ac.mz\/wp-content\/uploads\/2023\/04\/WhatsApp-Image-2024-07-07-at-15.48.21_834984a0-300x300.jpg 300w, https:\/\/unipungue.ac.mz\/wp-content\/uploads\/2023\/04\/WhatsApp-Image-2024-07-07-at-15.48.21_834984a0-1024x1024.jpg 1024w, https:\/\/unipungue.ac.mz\/wp-content\/uploads\/2023\/04\/WhatsApp-Image-2024-07-07-at-15.48.21_834984a0-150x150.jpg 150w, https:\/\/unipungue.ac.mz\/wp-content\/uploads\/2023\/04\/WhatsApp-Image-2024-07-07-at-15.48.21_834984a0-768x768.jpg 768w, https:\/\/unipungue.ac.mz\/wp-content\/uploads\/2023\/04\/WhatsApp-Image-2024-07-07-at-15.48.21_834984a0-60x60.jpg 60w, https:\/\/unipungue.ac.mz\/wp-content\/uploads\/2023\/04\/WhatsApp-Image-2024-07-07-at-15.48.21_834984a0-580x580.jpg 580w, https:\/\/unipungue.ac.mz\/wp-content\/uploads\/2023\/04\/WhatsApp-Image-2024-07-07-at-15.48.21_834984a0-860x860.jpg 860w, https:\/\/unipungue.ac.mz\/wp-content\/uploads\/2023\/04\/WhatsApp-Image-2024-07-07-at-15.48.21_834984a0.jpg 1066w\" sizes=\"auto, (max-width: 300px) 100vw, 300px\" \/><\/a><\/figure>\n<\/div>\n<div class=\"pl_content\">\n<h6 class=\"pl_subtitle\">Director<\/h6>\n<h2 class=\"entry-title\">\n<a href=\"https:\/\/unipungue.ac.mz\/?profile=marcio-do-rosario-chin\">Eng. M\u00e1rcio do Ros\u00e1rio Chin<\/a>\n<\/h2>\n<div class=\"pl_social\">\n<\/div>\n<\/div>\n<div class=\"entry-content\">\n\u00c9 Director de Tecnologias de Informa\u00e7\u00e3o e Comunica\u00e7\u00e3o na Universidade P\u00fangu\u00e8, com sede na prov\u00edncia de Manica e uma Extens\u00e3o na prov\u00edncia de Tete.<\/div>\n\t<div class=\"cl\"><\/div>\r\n<\/article>\r\n<!-- Finish Vertical Profile  -->\r\n\r\n<\/div>\n<\/div>\n<\/div>\n<\/div>\n<\/div>\n<\/div>\n<\/div>\n<div id=\"cmsmasters_row_69ec82d9eccad9_14880873\" class=\"cmsmasters_row cmsmasters_color_scheme_default cmsmasters_row_top_default cmsmasters_row_bot_default cmsmasters_row_fullwidth\">\n<div class=\"cmsmasters_row_outer_parent\">\n<div class=\"cmsmasters_row_outer\">\n<div class=\"cmsmasters_row_inner cmsmasters_row_fullwidth\">\n<div class=\"cmsmasters_row_margin\">\n<div class=\"cmsmasters_column one_first\">\n\n<div id=\"cmsmasters_divider_69ec82d9ecd7f3_33780720\" class=\"cmsmasters_divider cmsmasters_divider_width_long cmsmasters_divider_pos_center\"><\/div>\n<\/div>\n<\/div>\n<\/div>\n<\/div>\n<\/div>\n<\/div>\n<div id=\"cmsmasters_row_69ec82d9ecdd97_55315820\" class=\"cmsmasters_row cmsmasters_color_scheme_default cmsmasters_row_top_default cmsmasters_row_bot_default cmsmasters_row_boxed\">\n<div class=\"cmsmasters_row_outer_parent\">\n<div class=\"cmsmasters_row_outer\">\n<div class=\"cmsmasters_row_inner\">\n<div class=\"cmsmasters_row_margin\">\n<div class=\"cmsmasters_column one_first\">\n<div class=\"cmsmasters_text\">\n<p>S\u00e3o fun\u00e7\u00f5es gerais do Direc\u00e7\u00e3o de Tecnologias de Informa\u00e7\u00e3o e Comunica\u00e7\u00e3o (DTICs):<\/p>\n<ol>\n<li>Criar um suporte em Tecnologias de Informa\u00e7\u00e3o e Comunica\u00e7\u00e3o nas \u00e1reas de ensino, pesquisa, extens\u00e3o, gest\u00e3o e administra\u00e7\u00e3o da Universidade;<\/li>\n<li>Proporcionar o acesso universal \u00e0 informa\u00e7\u00e3o baseada em TIC\u2019s a toda a comunidade Universit\u00e1ria;<\/li>\n<li>Fornecer solu\u00e7\u00f5es, baseadas em tecnologias de informa\u00e7\u00e3o, para o desenvolvimento dos processos de gest\u00e3o acad\u00e9mica e administrativa da Universidade;<\/li>\n<li>Coordenar e executar servi\u00e7os de inform\u00e1tica para a \u00e1rea acad\u00e9mica e administrativa da Institui\u00e7\u00e3o;<\/li>\n<li>Administrar a rede corporativa de computadores da Universidade P\u00fangu\u00e8, a UniP\u00fangu\u00e8 Net;<\/li>\n<li>Elaborar, executar e apoiar programas institucionais de treinamento em Inform\u00e1tica;<\/li>\n<li>Participar do processo de contrata\u00e7\u00e3o de servi\u00e7os e de aquisi\u00e7\u00e3o de recursos computacionais para as actividades administrativas, de ensino, de pesquisa e de extens\u00e3o;<\/li>\n<li>Apoiar na estrat\u00e9gia de implementa\u00e7\u00e3o da Pol\u00edtica da Inform\u00e1tica e desenvolvimento na educa\u00e7\u00e3o e na pesquisa;<\/li>\n<li>Apoiar a \u00e1rea acad\u00e9mica no uso das TIC\u2019s no processo de ensino-aprendizagem.<\/li>\n<\/ol>\n<\/div>\n\n<div id=\"cmsmasters_heading_69ec82d9ed1089_87246909\" class=\"cmsmasters_heading_wrap cmsmasters_heading_align_center\">\n\t<h4 class=\"cmsmasters_heading\"><\/h4>\n<\/div> \n<div class=\"cmsmasters_tabs tabs_mode_tour tabs_pos_left\">\n<ul class=\"cmsmasters_tabs_list\">\n<li id=\"cmsmasters_tabs_list_item_69ec82d9ed2412_23229668\" class=\"cmsmasters_tabs_list_item\">\n<a href=\"#\">\n<span>Departamento de Assist\u00eancia T\u00e9cnica e redes<\/span>\n<\/a>\n<\/li><li id=\"cmsmasters_tabs_list_item_69ec82d9ed2945_15874413\" class=\"cmsmasters_tabs_list_item current_tab\">\n<a href=\"#\">\n<span>Departamento de Desenvolvimento de Aplica\u00e7\u00f5es e Projectos<\/span>\n<\/a>\n<\/li><\/ul>\n<div class=\"cmsmasters_tabs_wrap\">\n<div id=\"cmsmasters_tab_69ec82d9ed2412_23229668\" class=\"cmsmasters_tab\">\n<div class=\"cmsmasters_tab_inner\">\n<p><\/p>\n<\/div>\n<\/div><div id=\"cmsmasters_tab_69ec82d9ed2945_15874413\" class=\"cmsmasters_tab active_tab\">\n<div class=\"cmsmasters_tab_inner\">\n<p><strong><img loading=\"lazy\" decoding=\"async\" class=\"alignnone wp-image-9288\" src=\"https:\/\/unipungue.ac.mz\/wp-content\/uploads\/2026\/02\/Foto_Robone-225x300.jpg\" alt=\"\" width=\"111\" height=\"148\" \/><\/strong><\/p>\n<p><strong>Compet\u00eancias do Departamento de Desenvolvimento de Aplica\u00e7\u00f5es e Projectos <\/strong><\/p>\n<p>Compete ao Departamento de Desenvolvimento de Aplica\u00e7\u00f5es e Projectos:<\/p>\n<ol>\n<li>Desenvolver, adaptar e manter sistemas de informa\u00e7\u00e3o necess\u00e1rios \u00e0 institui\u00e7\u00e3o;<\/li>\n<li>Criar, gerir bases de dados e fazer an\u00e1lise de sistemas;<\/li>\n<li>Apoiar, actualizar e coordenar a manuten\u00e7\u00e3o do Sistema de Informa\u00e7\u00e3o para gest\u00e3o;<\/li>\n<li>Desenhar projectos para o desenvolvimento do sector na Universidade P\u00fangu\u00e8;<\/li>\n<li>Propor e actualizar a pol\u00edtica de inform\u00e1tica da Universidade P\u00fangu\u00e8;<\/li>\n<li>Velar pela forma\u00e7\u00e3o e capacita\u00e7\u00e3o dos membros da DTIC\u2019s, do CTA e do corpo docente.<\/li>\n<\/ol>\n<\/div>\n<\/div><\/div>\n<\/div>\n<\/div>\n<\/div>\n<\/div>\n<\/div>\n<\/div>\n<\/div>\n\n","protected":false},"excerpt":{"rendered":"","protected":false},"author":1,"featured_media":8077,"parent":0,"menu_order":0,"comment_status":"closed","ping_status":"closed","template":"","meta":{"footnotes":""},"class_list":["post-6976","page","type-page","status-publish","has-post-thumbnail","hentry"],"_links":{"self":[{"href":"https:\/\/unipungue.ac.mz\/index.php?rest_route=\/wp\/v2\/pages\/6976","targetHints":{"allow":["GET"]}}],"collection":[{"href":"https:\/\/unipungue.ac.mz\/index.php?rest_route=\/wp\/v2\/pages"}],"about":[{"href":"https:\/\/unipungue.ac.mz\/index.php?rest_route=\/wp\/v2\/types\/page"}],"author":[{"embeddable":true,"href":"https:\/\/unipungue.ac.mz\/index.php?rest_route=\/wp\/v2\/users\/1"}],"replies":[{"embeddable":true,"href":"https:\/\/unipungue.ac.mz\/index.php?rest_route=%2Fwp%2Fv2%2Fcomments&post=6976"}],"version-history":[{"count":9,"href":"https:\/\/unipungue.ac.mz\/index.php?rest_route=\/wp\/v2\/pages\/6976\/revisions"}],"predecessor-version":[{"id":9290,"href":"https:\/\/unipungue.ac.mz\/index.php?rest_route=\/wp\/v2\/pages\/6976\/revisions\/9290"}],"wp:featuredmedia":[{"embeddable":true,"href":"https:\/\/unipungue.ac.mz\/index.php?rest_route=\/wp\/v2\/media\/8077"}],"wp:attachment":[{"href":"https:\/\/unipungue.ac.mz\/index.php?rest_route=%2Fwp%2Fv2%2Fmedia&parent=6976"}],"curies":[{"name":"wp","href":"https:\/\/api.w.org\/{rel}","templated":true}]}}