{"id":6979,"date":"2022-11-20T10:48:19","date_gmt":"2022-11-20T10:48:19","guid":{"rendered":"http:\/\/102.67.191.105\/?page_id=6979"},"modified":"2026-02-19T11:09:49","modified_gmt":"2026-02-19T11:09:49","slug":"direccao-de-servicos-de-documentacao-e-informacao","status":"publish","type":"page","link":"https:\/\/unipungue.ac.mz\/?page_id=6979","title":{"rendered":"Direc\u00e7\u00e3o de Servi\u00e7os de Documenta\u00e7\u00e3o e Informa\u00e7\u00e3o"},"content":{"rendered":"<style type=\"text\/css\"> \n#cmsmasters_row_69de2667c6ea88_03249360 { \n\tbackground-color:#fbfbfb;\n} \n\n#cmsmasters_row_69de2667c6ea88_03249360 .cmsmasters_row_outer_parent { \n\tpadding-top: 70px; \n} \n\n#cmsmasters_row_69de2667c6ea88_03249360 .cmsmasters_row_outer_parent { \n\tpadding-bottom: 50px; \n} \n\n \n#cmsmasters_heading_69de2667c70520_05939197 { \n\ttext-align:center; \n\tmargin-top:0px; \n\tmargin-bottom:50px; \n} \n\n#cmsmasters_heading_69de2667c70520_05939197 .cmsmasters_heading { \n\ttext-align:center; \n} \n\n#cmsmasters_heading_69de2667c70520_05939197 .cmsmasters_heading, #cmsmasters_heading_69de2667c70520_05939197 .cmsmasters_heading a { \n\tfont-weight:300; \n\tfont-style:normal; \n} \n\n#cmsmasters_heading_69de2667c70520_05939197 .cmsmasters_heading_divider { \n} \n\n \n#cmsmasters_row_69de2667c93010_74721157 .cmsmasters_row_outer_parent { \n\tpadding-top: 0px; \n} \n\n#cmsmasters_row_69de2667c93010_74721157 .cmsmasters_row_outer_parent { \n\tpadding-bottom: 0px; \n} \n\n#cmsmasters_row_69de2667c93010_74721157 .cmsmasters_row_inner.cmsmasters_row_fullwidth { \n\tpadding-left:0%; \n} \n#cmsmasters_row_69de2667c93010_74721157 .cmsmasters_row_inner.cmsmasters_row_fullwidth { \n\tpadding-right:0%; \n} \n \n#cmsmasters_divider_69de2667c94947_62508260 { \n\tborder-bottom-width:1px; \n\tborder-bottom-style:solid; \n\tpadding-top:0px; \n\tmargin-bottom:0px; \n} \n \n#cmsmasters_row_69de2667c94ef4_59987002 .cmsmasters_row_outer_parent { \n\tpadding-top: 50px; \n} \n\n#cmsmasters_row_69de2667c94ef4_59987002 .cmsmasters_row_outer_parent { \n\tpadding-bottom: 50px; \n} \n\n \n#cmsmasters_heading_69de2667c97139_00606579 { \n\ttext-align:center; \n\tmargin-top:0px; \n\tmargin-bottom:50px; \n} \n\n#cmsmasters_heading_69de2667c97139_00606579 .cmsmasters_heading { \n\ttext-align:center; \n} \n\n#cmsmasters_heading_69de2667c97139_00606579 .cmsmasters_heading, #cmsmasters_heading_69de2667c97139_00606579 .cmsmasters_heading a { \n\tfont-weight:300; \n\tfont-style:normal; \n} \n\n#cmsmasters_heading_69de2667c97139_00606579 .cmsmasters_heading_divider { \n} \n\n<\/style><div id=\"cmsmasters_row_69de2667c6ea88_03249360\" class=\"cmsmasters_row cmsmasters_color_scheme_default cmsmasters_row_top_default cmsmasters_row_bot_default cmsmasters_row_boxed\">\n<div class=\"cmsmasters_row_outer_parent\">\n<div class=\"cmsmasters_row_outer\">\n<div class=\"cmsmasters_row_inner\">\n<div class=\"cmsmasters_row_margin\">\n<div class=\"cmsmasters_column one_first\">\n\n<div id=\"cmsmasters_heading_69de2667c70520_05939197\" class=\"cmsmasters_heading_wrap cmsmasters_heading_align_center\">\n\t<h2 class=\"cmsmasters_heading\"><\/h2>\n<\/div>\n<div id=\"69de2667c708a6_17790236\" class=\"cmsmasters_profile vertical\">\n\r\n<!-- Start Vertical Profile  -->\r\n\r\n<article id=\"post-7170\" class=\"post-7170 profile type-profile status-publish has-post-thumbnail hentry pl-categs-directora-dsdi\">\r\n\t<div class=\"pl_img\">\n<figure>\n<a href=\"https:\/\/unipungue.ac.mz\/?profile=esperanca-rita-muchave-chivite\"><img loading=\"lazy\" decoding=\"async\" width=\"300\" height=\"300\" src=\"https:\/\/unipungue.ac.mz\/wp-content\/uploads\/2023\/04\/Esperanca-dire-da-Biblioteca-300x300.jpg\" class=\"attachment-cmsmasters-square-thumb size-cmsmasters-square-thumb wp-post-image\" alt=\"Prof.\u00aa Doutora Esperan\u00e7a Rita Muchave Chivite\" title=\"Prof.\u00aa Doutora Esperan\u00e7a Rita Muchave Chivite\" srcset=\"https:\/\/unipungue.ac.mz\/wp-content\/uploads\/2023\/04\/Esperanca-dire-da-Biblioteca-300x300.jpg 300w, https:\/\/unipungue.ac.mz\/wp-content\/uploads\/2023\/04\/Esperanca-dire-da-Biblioteca-150x150.jpg 150w, https:\/\/unipungue.ac.mz\/wp-content\/uploads\/2023\/04\/Esperanca-dire-da-Biblioteca-60x60.jpg 60w\" sizes=\"auto, (max-width: 300px) 100vw, 300px\" \/><\/a><\/figure>\n<\/div>\n<div class=\"pl_content\">\n<h6 class=\"pl_subtitle\">Directora<\/h6>\n<h2 class=\"entry-title\">\n<a href=\"https:\/\/unipungue.ac.mz\/?profile=esperanca-rita-muchave-chivite\">Prof.\u00aa Doutora Esperan\u00e7a Rita Muchave Chivite<\/a>\n<\/h2>\n<div class=\"pl_social\">\n<\/div>\n<\/div>\n<div class=\"entry-content\">\n\u00c9 Directora dos Servi\u00e7os de Documenta\u00e7\u00e3o e Informa\u00e7\u00e3o na Universidade P\u00fangu\u00e8, com sede na prov\u00edncia de Manica e uma Extens\u00e3o na prov\u00edncia de Tete.<\/div>\n\t<div class=\"cl\"><\/div>\r\n<\/article>\r\n<!-- Finish Vertical Profile  -->\r\n\r\n<\/div>\n<\/div>\n<\/div>\n<\/div>\n<\/div>\n<\/div>\n<\/div>\n<div id=\"cmsmasters_row_69de2667c93010_74721157\" class=\"cmsmasters_row cmsmasters_color_scheme_default cmsmasters_row_top_default cmsmasters_row_bot_default cmsmasters_row_fullwidth\">\n<div class=\"cmsmasters_row_outer_parent\">\n<div class=\"cmsmasters_row_outer\">\n<div class=\"cmsmasters_row_inner cmsmasters_row_fullwidth\">\n<div class=\"cmsmasters_row_margin\">\n<div class=\"cmsmasters_column one_first\">\n\n<div id=\"cmsmasters_divider_69de2667c94947_62508260\" class=\"cmsmasters_divider cmsmasters_divider_width_long cmsmasters_divider_pos_center\"><\/div>\n<\/div>\n<\/div>\n<\/div>\n<\/div>\n<\/div>\n<\/div>\n<div id=\"cmsmasters_row_69de2667c94ef4_59987002\" class=\"cmsmasters_row cmsmasters_color_scheme_default cmsmasters_row_top_default cmsmasters_row_bot_default cmsmasters_row_boxed\">\n<div class=\"cmsmasters_row_outer_parent\">\n<div class=\"cmsmasters_row_outer\">\n<div class=\"cmsmasters_row_inner\">\n<div class=\"cmsmasters_row_margin\">\n<div class=\"cmsmasters_column one_first\">\n<div class=\"cmsmasters_text\">\n<p>S\u00e3o fun\u00e7\u00f5es gerais da Direccao dos Servicos de Documenta\u00e7\u00e3o e Informa\u00e7\u00e3o:<\/p>\n<ol>\n<li>Planear, adquirir, gerir, tratar e difundir a documenta\u00e7\u00e3o e informa\u00e7\u00e3o;<\/li>\n<li>Disponibilizar \u00e0 comunidade acad\u00e9mica os recursos informativos necess\u00e1rios \u00e0 investiga\u00e7\u00e3o e ao ensino;<\/li>\n<li>Fazer a coordena\u00e7\u00e3o t\u00e9cnica das bibliotecas e centros de recursos da Universidade P\u00fangu\u00e8, definindo as normas do seu funcionamento;<\/li>\n<li>Criar e manter os arquivos da Universidade P\u00fangu\u00e8.<\/li>\n<\/ol>\n<\/div>\n\n<div id=\"cmsmasters_heading_69de2667c97139_00606579\" class=\"cmsmasters_heading_wrap cmsmasters_heading_align_center\">\n\t<h4 class=\"cmsmasters_heading\"><\/h4>\n<\/div>\n<\/div>\n<\/div>\n<\/div>\n<\/div>\n<\/div>\n<\/div>\n\n","protected":false},"excerpt":{"rendered":"","protected":false},"author":1,"featured_media":7305,"parent":0,"menu_order":0,"comment_status":"closed","ping_status":"closed","template":"","meta":{"footnotes":""},"class_list":["post-6979","page","type-page","status-publish","has-post-thumbnail","hentry"],"_links":{"self":[{"href":"https:\/\/unipungue.ac.mz\/index.php?rest_route=\/wp\/v2\/pages\/6979","targetHints":{"allow":["GET"]}}],"collection":[{"href":"https:\/\/unipungue.ac.mz\/index.php?rest_route=\/wp\/v2\/pages"}],"about":[{"href":"https:\/\/unipungue.ac.mz\/index.php?rest_route=\/wp\/v2\/types\/page"}],"author":[{"embeddable":true,"href":"https:\/\/unipungue.ac.mz\/index.php?rest_route=\/wp\/v2\/users\/1"}],"replies":[{"embeddable":true,"href":"https:\/\/unipungue.ac.mz\/index.php?rest_route=%2Fwp%2Fv2%2Fcomments&post=6979"}],"version-history":[{"count":5,"href":"https:\/\/unipungue.ac.mz\/index.php?rest_route=\/wp\/v2\/pages\/6979\/revisions"}],"predecessor-version":[{"id":9018,"href":"https:\/\/unipungue.ac.mz\/index.php?rest_route=\/wp\/v2\/pages\/6979\/revisions\/9018"}],"wp:featuredmedia":[{"embeddable":true,"href":"https:\/\/unipungue.ac.mz\/index.php?rest_route=\/wp\/v2\/media\/7305"}],"wp:attachment":[{"href":"https:\/\/unipungue.ac.mz\/index.php?rest_route=%2Fwp%2Fv2%2Fmedia&parent=6979"}],"curies":[{"name":"wp","href":"https:\/\/api.w.org\/{rel}","templated":true}]}}