{"id":6985,"date":"2022-11-20T10:51:59","date_gmt":"2022-11-20T10:51:59","guid":{"rendered":"http:\/\/102.67.191.105\/?page_id=6985"},"modified":"2026-03-23T16:52:57","modified_gmt":"2026-03-23T16:52:57","slug":"direccao-cientifica","status":"publish","type":"page","link":"https:\/\/unipungue.ac.mz\/?page_id=6985","title":{"rendered":"Direc\u00e7\u00e3o Cient\u00edfica"},"content":{"rendered":"<style type=\"text\/css\"> \n#cmsmasters_row_69de2663811822_79014139 { \n\tbackground-color:#fbfbfb;\n} \n\n#cmsmasters_row_69de2663811822_79014139 .cmsmasters_row_outer_parent { \n\tpadding-top: 70px; \n} \n\n#cmsmasters_row_69de2663811822_79014139 .cmsmasters_row_outer_parent { \n\tpadding-bottom: 50px; \n} \n\n \n#cmsmasters_row_69de2663830d30_65634420 .cmsmasters_row_outer_parent { \n\tpadding-top: 0px; \n} \n\n#cmsmasters_row_69de2663830d30_65634420 .cmsmasters_row_outer_parent { \n\tpadding-bottom: 0px; \n} \n\n#cmsmasters_row_69de2663830d30_65634420 .cmsmasters_row_inner.cmsmasters_row_fullwidth { \n\tpadding-left:0%; \n} \n#cmsmasters_row_69de2663830d30_65634420 .cmsmasters_row_inner.cmsmasters_row_fullwidth { \n\tpadding-right:0%; \n} \n \n#cmsmasters_divider_69de26638318c5_99259106 { \n\tborder-bottom-width:1px; \n\tborder-bottom-style:solid; \n\tpadding-top:0px; \n\tmargin-bottom:0px; \n} \n \n#cmsmasters_row_69de2663831c33_25930704 .cmsmasters_row_outer_parent { \n\tpadding-top: 50px; \n} \n\n#cmsmasters_row_69de2663831c33_25930704 .cmsmasters_row_outer_parent { \n\tpadding-bottom: 50px; \n} \n\n \n#cmsmasters_heading_69de2663837535_09365631 { \n\ttext-align:center; \n\tmargin-top:0px; \n\tmargin-bottom:50px; \n} \n\n#cmsmasters_heading_69de2663837535_09365631 .cmsmasters_heading { \n\ttext-align:center; \n} \n\n#cmsmasters_heading_69de2663837535_09365631 .cmsmasters_heading, #cmsmasters_heading_69de2663837535_09365631 .cmsmasters_heading a { \n\tfont-weight:300; \n\tfont-style:normal; \n} \n\n#cmsmasters_heading_69de2663837535_09365631 .cmsmasters_heading_divider { \n} \n\n \n#cmsmasters_row_69de2663837d78_57069611 .cmsmasters_row_outer_parent { \n\tpadding-top: 0px; \n} \n\n#cmsmasters_row_69de2663837d78_57069611 .cmsmasters_row_outer_parent { \n\tpadding-bottom: 50px; \n} \n\n \n#cmsmasters_row_69de26638383d4_76307768 .cmsmasters_row_outer_parent { \n\tpadding-top: 0px; \n} \n\n#cmsmasters_row_69de26638383d4_76307768 .cmsmasters_row_outer_parent { \n\tpadding-bottom: 50px; \n} \n\n \n#cmsmasters_row_69de26638387f6_45326559 .cmsmasters_row_outer_parent { \n\tpadding-top: 0px; \n} \n\n#cmsmasters_row_69de26638387f6_45326559 .cmsmasters_row_outer_parent { \n\tpadding-bottom: 50px; \n} \n\n \n#cmsmasters_row_69de2663838ba5_07201093 .cmsmasters_row_outer_parent { \n\tpadding-top: 0px; \n} \n\n#cmsmasters_row_69de2663838ba5_07201093 .cmsmasters_row_outer_parent { \n\tpadding-bottom: 50px; \n} \n\n \n#cmsmasters_row_69de2663838f29_95624780 .cmsmasters_row_outer_parent { \n\tpadding-top: 0px; \n} \n\n#cmsmasters_row_69de2663838f29_95624780 .cmsmasters_row_outer_parent { \n\tpadding-bottom: 50px; \n} \n\n<\/style><div id=\"cmsmasters_row_69de2663811822_79014139\" class=\"cmsmasters_row cmsmasters_color_scheme_default cmsmasters_row_top_default cmsmasters_row_bot_default cmsmasters_row_boxed\">\n<div class=\"cmsmasters_row_outer_parent\">\n<div class=\"cmsmasters_row_outer\">\n<div class=\"cmsmasters_row_inner\">\n<div class=\"cmsmasters_row_margin\">\n<div class=\"cmsmasters_column one_first\">\n<div class=\"cmsmasters_text\">\n<p><\/p>\n<\/div>\n<\/div>\n<div class=\"cmsmasters_column one_first\">\n<div id=\"69de26638146a2_38024895\" class=\"cmsmasters_profile vertical\">\n\r\n<!-- Start Vertical Profile  -->\r\n\r\n<article id=\"post-9094\" class=\"post-9094 profile type-profile status-publish has-post-thumbnail hentry pl-categs-director-dc\">\r\n\t<div class=\"pl_img\">\n<figure>\n<a href=\"https:\/\/unipungue.ac.mz\/?profile=prof-dr-helio-nganhane\"><img loading=\"lazy\" decoding=\"async\" width=\"176\" height=\"176\" src=\"https:\/\/unipungue.ac.mz\/wp-content\/uploads\/2023\/04\/avatar.jpg\" class=\"attachment-cmsmasters-square-thumb size-cmsmasters-square-thumb wp-post-image\" alt=\"Prof. Doutor H\u00e9lio Vasco Nganhane\" title=\"Prof. Doutor H\u00e9lio Vasco Nganhane\" \/><\/a><\/figure>\n<\/div>\n<div class=\"pl_content\">\n<h6 class=\"pl_subtitle\">Director<\/h6>\n<h2 class=\"entry-title\">\n<a href=\"https:\/\/unipungue.ac.mz\/?profile=prof-dr-helio-nganhane\">Prof. Doutor H\u00e9lio Vasco Nganhane<\/a>\n<\/h2>\n<div class=\"pl_social\">\n<\/div>\n<\/div>\n<div class=\"entry-content\">\n\u00c9 Director Cient\u00edfico na Universidade P\u00fangu\u00e8, com sede na prov\u00edncia de Manica e uma Extens\u00e3o na prov\u00edncia de Tete. \r\nContacto: nganhanehelio@gmail.com<\/div>\n\t<div class=\"cl\"><\/div>\r\n<\/article>\r\n<!-- Finish Vertical Profile  -->\r\n\r\n<\/div>\n<\/div>\n<\/div>\n<\/div>\n<\/div>\n<\/div>\n<\/div>\n<div id=\"cmsmasters_row_69de2663830d30_65634420\" class=\"cmsmasters_row cmsmasters_color_scheme_default cmsmasters_row_top_default cmsmasters_row_bot_default cmsmasters_row_fullwidth\">\n<div class=\"cmsmasters_row_outer_parent\">\n<div class=\"cmsmasters_row_outer\">\n<div class=\"cmsmasters_row_inner cmsmasters_row_fullwidth\">\n<div class=\"cmsmasters_row_margin\">\n<div class=\"cmsmasters_column one_first\">\n\n<div id=\"cmsmasters_divider_69de26638318c5_99259106\" class=\"cmsmasters_divider cmsmasters_divider_width_long cmsmasters_divider_pos_center\"><\/div>\n<\/div>\n<\/div>\n<\/div>\n<\/div>\n<\/div>\n<\/div>\n<div id=\"cmsmasters_row_69de2663831c33_25930704\" class=\"cmsmasters_row cmsmasters_color_scheme_default cmsmasters_row_top_default cmsmasters_row_bot_default cmsmasters_row_boxed\">\n<div class=\"cmsmasters_row_outer_parent\">\n<div class=\"cmsmasters_row_outer\">\n<div class=\"cmsmasters_row_inner\">\n<div class=\"cmsmasters_row_margin\">\n<div class=\"cmsmasters_column one_first\">\n<div class=\"cmsmasters_text\">\n<p>A Direc\u00e7\u00e3o Cient\u00edfica (DC) tem como fun\u00e7\u00f5es gerais:<\/p>\n<ol>\n<li>Coordenar a implementa\u00e7\u00e3o da Pol\u00edtica de Pesquisa da Universidade;<\/li>\n<li>Providenciar o aconselhamento sobre as oportunidades de financiamento das actividades de pesquisa oferecidas pelas organiza\u00e7\u00f5es nacionais e internacionais;<\/li>\n<li>Coordenar as actividades de forma\u00e7\u00e3o e capacita\u00e7\u00e3o dos docentes para a pesquisa e sua gest\u00e3o de forma a desenvolver a qualidade, a quantidade e o r\u00e1cio de acesso aos programas de pesquisa.<\/li>\n<li>Coordenar o desenvolvimento e a manuten\u00e7\u00e3o da informa\u00e7\u00e3o sobre as actividades de pesquisa da Universidade, assegurando uma liga\u00e7\u00e3o entre os diferentes sectores que participam na pesquisa;<\/li>\n<li>Apoiar, na perspectiva cient\u00edfica, o Plano de Desenvolvimento Institucional;<\/li>\n<li>Coordenar com as Direc\u00e7\u00f5es de Planifica\u00e7\u00e3o e Finan\u00e7as, a gest\u00e3o dos recursos financeiros e materiais disponibilizados para as ac\u00e7\u00f5es de pesquisa;<\/li>\n<li>Apoiar os esfor\u00e7os dos estudantes no \u00e2mbito da pesquisa.<\/li>\n<\/ol>\n<\/div>\n<div class=\"cmsmasters_tabs tabs_mode_tab\">\n<ul class=\"cmsmasters_tabs_list\">\n<li id=\"cmsmasters_tabs_list_item_69de2663835d15_99557439\" class=\"cmsmasters_tabs_list_item\">\n<a href=\"#\">\n<span>Investoiga\u00e7\u00e3o na UniP\u00fangu\u00e8<\/span>\n<\/a>\n<\/li><li id=\"cmsmasters_tabs_list_item_69de2663836439_60884774\" class=\"cmsmasters_tabs_list_item\">\n<a href=\"#\">\n<span>Produ\u00e7\u00e3o Cient\u00edfica<\/span>\n<\/a>\n<\/li><li id=\"cmsmasters_tabs_list_item_69de2663836907_76370034\" class=\"cmsmasters_tabs_list_item\">\n<a href=\"#\">\n<span>Pol\u00edticas e Regulamentos<\/span>\n<\/a>\n<\/li><li id=\"cmsmasters_tabs_list_item_69de2663836f36_40607951\" class=\"cmsmasters_tabs_list_item current_tab\">\n<a href=\"#\">\n<span>Eventos<\/span>\n<\/a>\n<\/li><\/ul>\n<div class=\"cmsmasters_tabs_wrap\">\n<div id=\"cmsmasters_tab_69de2663835d15_99557439\" class=\"cmsmasters_tab\">\n<div class=\"cmsmasters_tab_inner\">\n<p><a href=\"#\">Linhas de Investiga\u00e7\u00e3o<\/a><\/p>\n<p><a href=\"#\">Projectos da Investiga\u00e7\u00e3o<\/a><\/p>\n<p><a href=\"#\">Apoio \u00e0 Investifga\u00e7\u00e3o<\/a><\/p>\n<p><a href=\"#\">\u00c9tica na Investiga\u00e7\u00e3o<\/a><\/p>\n<p><a href=\"#\">Centros de Invsetiga\u00e7\u00e3o<\/a><\/p>\n<\/div>\n<\/div><div id=\"cmsmasters_tab_69de2663836439_60884774\" class=\"cmsmasters_tab\">\n<div class=\"cmsmasters_tab_inner\">\n<p><a href=\"#\">Revistas Cient\u00edficas<\/a><\/p>\n<p><a href=\"#\">Reposit\u00f3rio de Publica\u00e7\u00f5es Cient\u00edficas<\/a><\/p>\n<p><a href=\"#\">Reposit\u00f3rio de Monografias<\/a><\/p>\n<p><a href=\"#\">Livros Electr\u00f3nicos (e-books)<\/a><\/p>\n<\/div>\n<\/div><div id=\"cmsmasters_tab_69de2663836907_76370034\" class=\"cmsmasters_tab\">\n<div class=\"cmsmasters_tab_inner\">\n<p><a href=\"#\">Linhas de Investiga\u00e7\u00e3o<\/a><\/p>\n<p><a href=\"#\">Pol\u00edtica de Investiga\u00e7\u00e3o<\/a><\/p>\n<p><a href=\"#\">Pol\u00edtica de Publica\u00e7\u00f5es<\/a><\/p>\n<p><a href=\"#\">Regulamento de Carreira de Investigador<\/a><\/p>\n<p><a href=\"#\">Regulamento do Comit\u00e9 de \u00c9tica em Investiga\u00e7\u00e3o<\/a><\/p>\n<p><a href=\"#\">Regulamento de Financiamento e Participa;c\u00e3o em Eventos<\/a><\/p>\n<p>&nbsp;<\/p>\n<p>&nbsp;<\/p>\n<p>&nbsp;<\/p>\n<p>&nbsp;<\/p>\n<p>&nbsp;<\/p>\n<\/div>\n<\/div><div id=\"cmsmasters_tab_69de2663836f36_40607951\" class=\"cmsmasters_tab active_tab\">\n<div class=\"cmsmasters_tab_inner\">\n<p><a href=\"#\">Confer\u00eancia Cient\u00edfica<\/a><\/p>\n<p><a href=\"#\">Semin\u00e1rio Pedag\u00f3gico<\/a><\/p>\n<p><a href=\"#\">Jornadas Cient\u00edficas<\/a><\/p>\n<p><a href=\"#\">Feira de Engenharia<\/a><\/p>\n<\/div>\n<\/div><\/div>\n<\/div>\n<div id=\"cmsmasters_heading_69de2663837535_09365631\" class=\"cmsmasters_heading_wrap cmsmasters_heading_align_center\">\n\t<h4 class=\"cmsmasters_heading\"><\/h4>\n<\/div>\n<\/div>\n<\/div>\n<\/div>\n<\/div>\n<\/div>\n<\/div>\n<div id=\"cmsmasters_row_69de2663837d78_57069611\" class=\"cmsmasters_row cmsmasters_color_scheme_default cmsmasters_row_top_default cmsmasters_row_bot_default cmsmasters_row_boxed\">\n<div class=\"cmsmasters_row_outer_parent\">\n<div class=\"cmsmasters_row_outer\">\n<div class=\"cmsmasters_row_inner\">\n<div class=\"cmsmasters_row_margin\">\n<div class=\"cmsmasters_column one_first\">\n<\/div>\n<\/div>\n<\/div>\n<\/div>\n<\/div>\n<\/div>\n<div id=\"cmsmasters_row_69de26638383d4_76307768\" class=\"cmsmasters_row cmsmasters_color_scheme_default cmsmasters_row_top_default cmsmasters_row_bot_default cmsmasters_row_boxed\">\n<div class=\"cmsmasters_row_outer_parent\">\n<div class=\"cmsmasters_row_outer\">\n<div class=\"cmsmasters_row_inner\">\n<div class=\"cmsmasters_row_margin\">\n<div class=\"cmsmasters_column one_first\">\n<\/div>\n<\/div>\n<\/div>\n<\/div>\n<\/div>\n<\/div>\n<div id=\"cmsmasters_row_69de26638387f6_45326559\" class=\"cmsmasters_row cmsmasters_color_scheme_default cmsmasters_row_top_default cmsmasters_row_bot_default cmsmasters_row_boxed\">\n<div class=\"cmsmasters_row_outer_parent\">\n<div class=\"cmsmasters_row_outer\">\n<div class=\"cmsmasters_row_inner\">\n<div class=\"cmsmasters_row_margin\">\n<div class=\"cmsmasters_column one_first\">\n<\/div>\n<\/div>\n<\/div>\n<\/div>\n<\/div>\n<\/div>\n<div id=\"cmsmasters_row_69de2663838ba5_07201093\" class=\"cmsmasters_row cmsmasters_color_scheme_default cmsmasters_row_top_default cmsmasters_row_bot_default cmsmasters_row_boxed\">\n<div class=\"cmsmasters_row_outer_parent\">\n<div class=\"cmsmasters_row_outer\">\n<div class=\"cmsmasters_row_inner\">\n<div class=\"cmsmasters_row_margin\">\n<div class=\"cmsmasters_column one_first\">\n<\/div>\n<\/div>\n<\/div>\n<\/div>\n<\/div>\n<\/div>\n<div id=\"cmsmasters_row_69de2663838f29_95624780\" class=\"cmsmasters_row cmsmasters_color_scheme_default cmsmasters_row_top_default cmsmasters_row_bot_default cmsmasters_row_boxed\">\n<div class=\"cmsmasters_row_outer_parent\">\n<div class=\"cmsmasters_row_outer\">\n<div class=\"cmsmasters_row_inner\">\n<div class=\"cmsmasters_row_margin\">\n<div class=\"cmsmasters_column one_first\">\n<\/div>\n<\/div>\n<\/div>\n<\/div>\n<\/div>\n<\/div>\n\n","protected":false},"excerpt":{"rendered":"","protected":false},"author":1,"featured_media":7085,"parent":0,"menu_order":0,"comment_status":"closed","ping_status":"closed","template":"","meta":{"footnotes":""},"class_list":["post-6985","page","type-page","status-publish","has-post-thumbnail","hentry"],"_links":{"self":[{"href":"https:\/\/unipungue.ac.mz\/index.php?rest_route=\/wp\/v2\/pages\/6985","targetHints":{"allow":["GET"]}}],"collection":[{"href":"https:\/\/unipungue.ac.mz\/index.php?rest_route=\/wp\/v2\/pages"}],"about":[{"href":"https:\/\/unipungue.ac.mz\/index.php?rest_route=\/wp\/v2\/types\/page"}],"author":[{"embeddable":true,"href":"https:\/\/unipungue.ac.mz\/index.php?rest_route=\/wp\/v2\/users\/1"}],"replies":[{"embeddable":true,"href":"https:\/\/unipungue.ac.mz\/index.php?rest_route=%2Fwp%2Fv2%2Fcomments&post=6985"}],"version-history":[{"count":28,"href":"https:\/\/unipungue.ac.mz\/index.php?rest_route=\/wp\/v2\/pages\/6985\/revisions"}],"predecessor-version":[{"id":9318,"href":"https:\/\/unipungue.ac.mz\/index.php?rest_route=\/wp\/v2\/pages\/6985\/revisions\/9318"}],"wp:featuredmedia":[{"embeddable":true,"href":"https:\/\/unipungue.ac.mz\/index.php?rest_route=\/wp\/v2\/media\/7085"}],"wp:attachment":[{"href":"https:\/\/unipungue.ac.mz\/index.php?rest_route=%2Fwp%2Fv2%2Fmedia&parent=6985"}],"curies":[{"name":"wp","href":"https:\/\/api.w.org\/{rel}","templated":true}]}}