{"id":6988,"date":"2022-11-20T10:54:00","date_gmt":"2022-11-20T10:54:00","guid":{"rendered":"http:\/\/102.67.191.105\/?page_id=6988"},"modified":"2024-05-13T14:49:02","modified_gmt":"2024-05-13T14:49:02","slug":"direccao-de-extensao","status":"publish","type":"page","link":"https:\/\/unipungue.ac.mz\/?page_id=6988","title":{"rendered":"Direc\u00e7\u00e3o de Extens\u00e3o"},"content":{"rendered":"<style type=\"text\/css\"> \n#cmsmasters_row_69de26c05be766_25325915 { \n\tbackground-color:#fbfbfb;\n} \n\n#cmsmasters_row_69de26c05be766_25325915 .cmsmasters_row_outer_parent { \n\tpadding-top: 70px; \n} \n\n#cmsmasters_row_69de26c05be766_25325915 .cmsmasters_row_outer_parent { \n\tpadding-bottom: 50px; \n} \n\n \n#cmsmasters_heading_69de26c05bf897_79596208 { \n\ttext-align:center; \n\tmargin-top:0px; \n\tmargin-bottom:50px; \n} \n\n#cmsmasters_heading_69de26c05bf897_79596208 .cmsmasters_heading { \n\ttext-align:center; \n} \n\n#cmsmasters_heading_69de26c05bf897_79596208 .cmsmasters_heading, #cmsmasters_heading_69de26c05bf897_79596208 .cmsmasters_heading a { \n\tfont-weight:300; \n\tfont-style:normal; \n} \n\n#cmsmasters_heading_69de26c05bf897_79596208 .cmsmasters_heading_divider { \n} \n\n \n#cmsmasters_row_69de26c05e4bc6_39345443 .cmsmasters_row_outer_parent { \n\tpadding-top: 0px; \n} \n\n#cmsmasters_row_69de26c05e4bc6_39345443 .cmsmasters_row_outer_parent { \n\tpadding-bottom: 0px; \n} \n\n#cmsmasters_row_69de26c05e4bc6_39345443 .cmsmasters_row_inner.cmsmasters_row_fullwidth { \n\tpadding-left:0%; \n} \n#cmsmasters_row_69de26c05e4bc6_39345443 .cmsmasters_row_inner.cmsmasters_row_fullwidth { \n\tpadding-right:0%; \n} \n \n#cmsmasters_divider_69de26c05e5950_13422184 { \n\tborder-bottom-width:1px; \n\tborder-bottom-style:solid; \n\tpadding-top:0px; \n\tmargin-bottom:0px; \n} \n \n#cmsmasters_row_69de26c05e5cf6_19988690 .cmsmasters_row_outer_parent { \n\tpadding-top: 10px; \n} \n\n#cmsmasters_row_69de26c05e5cf6_19988690 .cmsmasters_row_outer_parent { \n\tpadding-bottom: 10px; \n} \n\n \n#cmsmasters_divider_69de26c05e7d07_22651193 { \n\tborder-bottom-width:1px; \n\tborder-bottom-style:solid; \n\tpadding-top:50px; \n\tmargin-bottom:50px; \n} \n \n#cmsmasters_row_69de26c05e8123_49287811 .cmsmasters_row_outer_parent { \n\tpadding-top: 50px; \n} \n\n#cmsmasters_row_69de26c05e8123_49287811 .cmsmasters_row_outer_parent { \n\tpadding-bottom: 50px; \n} \n\n \n#cmsmasters_heading_69de26c05e96e5_60240512 { \n\ttext-align:left; \n\tmargin-top:0px; \n\tmargin-bottom:20px; \n} \n\n#cmsmasters_heading_69de26c05e96e5_60240512 .cmsmasters_heading { \n\ttext-align:left; \n} \n\n#cmsmasters_heading_69de26c05e96e5_60240512 .cmsmasters_heading, #cmsmasters_heading_69de26c05e96e5_60240512 .cmsmasters_heading a { \n\tfont-weight:normal; \n\tfont-style:normal; \n} \n\n#cmsmasters_heading_69de26c05e96e5_60240512 .cmsmasters_heading_divider { \n} \n\n \n#cmsmasters_divider_69de26c05e9954_75233093 { \n\tborder-bottom-width:1px; \n\tborder-bottom-style:solid; \n\tpadding-top:50px; \n\tmargin-bottom:50px; \n} \n \n#cmsmasters_row_69de26c05e9d38_47422205 .cmsmasters_row_outer_parent { \n\tpadding-top: 0px; \n} \n\n#cmsmasters_row_69de26c05e9d38_47422205 .cmsmasters_row_outer_parent { \n\tpadding-bottom: 50px; \n} \n\n \n#cmsmasters_row_69de26c05effe3_97939075 .cmsmasters_row_outer_parent { \n\tpadding-top: 0px; \n} \n\n#cmsmasters_row_69de26c05effe3_97939075 .cmsmasters_row_outer_parent { \n\tpadding-bottom: 50px; \n} \n\n<\/style><div id=\"cmsmasters_row_69de26c05be766_25325915\" class=\"cmsmasters_row cmsmasters_color_scheme_default cmsmasters_row_top_default cmsmasters_row_bot_default cmsmasters_row_boxed\">\n<div class=\"cmsmasters_row_outer_parent\">\n<div class=\"cmsmasters_row_outer\">\n<div class=\"cmsmasters_row_inner\">\n<div class=\"cmsmasters_row_margin\">\n<div class=\"cmsmasters_column one_first\">\n\n<div id=\"cmsmasters_heading_69de26c05bf897_79596208\" class=\"cmsmasters_heading_wrap cmsmasters_heading_align_center\">\n\t<h2 class=\"cmsmasters_heading\">Profa. Doutora Madalena Ant\u00f3nio Tirano Bive &#8211; Diretora da Extens\u00e3o de Tete<\/h2>\n<\/div>\n<div id=\"69de26c05bfd82_78335234\" class=\"cmsmasters_profile vertical\">\n\r\n<!-- Start Vertical Profile  -->\r\n\r\n<article id=\"post-7110\" class=\"post-7110 profile type-profile status-publish has-post-thumbnail hentry pl-categs-directora-et\">\r\n\t<div class=\"pl_img\">\n<figure>\n<a href=\"https:\/\/unipungue.ac.mz\/?profile=madalena-antonio-tirano-bive\"><img loading=\"lazy\" decoding=\"async\" width=\"298\" height=\"300\" src=\"https:\/\/unipungue.ac.mz\/wp-content\/uploads\/2023\/04\/mbive2-min.png\" class=\"attachment-cmsmasters-square-thumb size-cmsmasters-square-thumb wp-post-image\" alt=\"Madalena Ant\u00f3nio Tirano Bive\" title=\"Madalena Ant\u00f3nio Tirano Bive\" \/><\/a><\/figure>\n<\/div>\n<div class=\"pl_content\">\n<h6 class=\"pl_subtitle\">Directora<\/h6>\n<h2 class=\"entry-title\">\n<a href=\"https:\/\/unipungue.ac.mz\/?profile=madalena-antonio-tirano-bive\">Madalena Ant\u00f3nio Tirano Bive<\/a>\n<\/h2>\n<div class=\"pl_social\">\n<\/div>\n<\/div>\n<div class=\"entry-content\">\n\u00c9 Directora da Extens\u00e3o de Tete na Universidade P\u00fangu\u00e8 com sede na prov\u00edncia de Manica e uma Extens\u00e3o na prov\u00edncia de Tete.<\/div>\n\t<div class=\"cl\"><\/div>\r\n<\/article>\r\n<!-- Finish Vertical Profile  -->\r\n\r\n<\/div>\n<\/div>\n<\/div>\n<\/div>\n<\/div>\n<\/div>\n<\/div>\n<div id=\"cmsmasters_row_69de26c05e4bc6_39345443\" class=\"cmsmasters_row cmsmasters_color_scheme_default cmsmasters_row_top_default cmsmasters_row_bot_default cmsmasters_row_fullwidth\">\n<div class=\"cmsmasters_row_outer_parent\">\n<div class=\"cmsmasters_row_outer\">\n<div class=\"cmsmasters_row_inner cmsmasters_row_fullwidth\">\n<div class=\"cmsmasters_row_margin\">\n<div class=\"cmsmasters_column one_first\">\n\n<div id=\"cmsmasters_divider_69de26c05e5950_13422184\" class=\"cmsmasters_divider cmsmasters_divider_width_long cmsmasters_divider_pos_center\"><\/div>\n<\/div>\n<\/div>\n<\/div>\n<\/div>\n<\/div>\n<\/div>\n<div id=\"cmsmasters_row_69de26c05e5cf6_19988690\" class=\"cmsmasters_row cmsmasters_color_scheme_default cmsmasters_row_top_default cmsmasters_row_bot_default cmsmasters_row_boxed\">\n<div class=\"cmsmasters_row_outer_parent\">\n<div class=\"cmsmasters_row_outer\">\n<div class=\"cmsmasters_row_inner\">\n<div class=\"cmsmasters_row_margin\">\n<div class=\"cmsmasters_column one_first\">\n<div class=\"cmsmasters_text\">\n<div class=\"article-header\"><\/div>\n<div class=\"article-can-edit d-flex flex-wrap justify-content-between\">A Extens\u00e3o de Tete foi criada atrav\u00e9s da Resolu\u00e7\u00e3o n\u00ba 3 \/ CoUP \/ 2019, de 28 de Maio. Nos termos do estatu\u00eddo no artigo 27. \u00b0 dos Estatutos da UniP\u00fangu\u00e8 a Extens\u00e3o \u00e9 uma Unidade Org\u00e2nica pertencente a Universidade e dirigida por um diretor, gozam de autonomia pedag\u00f3gica, cient\u00edfica, administrativa, cultural, disciplinar, patrimonial e financeira contribuindo para a realiza\u00e7\u00e3o dos objetivos estrat\u00e9gicos da Universidade P\u00fangu\u0117, competindo-lhes realizar como atribui\u00e7\u00f5es da Universidade P\u00fangu\u00e8 a n\u00edvel local atrav\u00e9s do leccionamento de cursos, desenvolvimento de atividades de pesquisa, extens\u00e3o e presta\u00e7\u00e3o de servi\u00e7os \u00e0 comunidade.<\/div>\n<div><\/div>\n<\/div>\n\n<div id=\"cmsmasters_divider_69de26c05e7d07_22651193\" class=\"cmsmasters_divider cmsmasters_divider_width_long cmsmasters_divider_pos_center\"><\/div>\n<\/div>\n<\/div>\n<\/div>\n<\/div>\n<\/div>\n<\/div>\n<div id=\"cmsmasters_row_69de26c05e8123_49287811\" class=\"cmsmasters_row cmsmasters_color_scheme_default cmsmasters_row_top_default cmsmasters_row_bot_default cmsmasters_row_boxed\">\n<div class=\"cmsmasters_row_outer_parent\">\n<div class=\"cmsmasters_row_outer\">\n<div class=\"cmsmasters_row_inner\">\n<div class=\"cmsmasters_row_margin\">\n<div class=\"cmsmasters_column one_first\">\n\n<div id=\"cmsmasters_heading_69de26c05e96e5_60240512\" class=\"cmsmasters_heading_wrap cmsmasters_heading_align_left\">\n\t<h2 class=\"cmsmasters_heading\">Organigrama da Extens\u00e3o<\/h2>\n<\/div>\n\n<div id=\"cmsmasters_divider_69de26c05e9954_75233093\" class=\"cmsmasters_divider cmsmasters_divider_width_long cmsmasters_divider_pos_center\"><\/div>\n<\/div>\n<\/div>\n<\/div>\n<\/div>\n<\/div>\n<\/div>\n<div id=\"cmsmasters_row_69de26c05e9d38_47422205\" class=\"cmsmasters_row cmsmasters_color_scheme_default cmsmasters_row_top_default cmsmasters_row_bot_default cmsmasters_row_boxed\">\n<div class=\"cmsmasters_row_outer_parent\">\n<div class=\"cmsmasters_row_outer\">\n<div class=\"cmsmasters_row_inner\">\n<div class=\"cmsmasters_row_margin\">\n<div class=\"cmsmasters_column one_first\">\n<div class=\"cmsmasters_tabs tabs_mode_tour tabs_pos_left\">\n<ul class=\"cmsmasters_tabs_list\">\n<li id=\"cmsmasters_tabs_list_item_69de26c05ed6b0_57900911\" class=\"cmsmasters_tabs_list_item current_tab\">\n<a href=\"#\">\n<span>Org\u00e3os de Gest\u00e3o<\/span>\n<\/a>\n<\/li><li id=\"cmsmasters_tabs_list_item_69de26c05edef4_15074157\" class=\"cmsmasters_tabs_list_item\">\n<a href=\"#\">\n<span>Departamentos de Apoio<\/span>\n<\/a>\n<\/li><li id=\"cmsmasters_tabs_list_item_69de26c05ee4a6_33472791\" class=\"cmsmasters_tabs_list_item\">\n<a href=\"#\">\n<span>Departamentos Acad\u00e9micos <\/span>\n<\/a>\n<\/li><li id=\"cmsmasters_tabs_list_item_69de26c05eeba9_30269420\" class=\"cmsmasters_tabs_list_item\">\n<a href=\"#\">\n<span>Departamentos Administrativos<\/span>\n<\/a>\n<\/li><\/ul>\n<div class=\"cmsmasters_tabs_wrap\">\n<div id=\"cmsmasters_tab_69de26c05ed6b0_57900911\" class=\"cmsmasters_tab active_tab\">\n<div class=\"cmsmasters_tab_inner\">\n<ul>\n<li>Conselho de Extens\u00e3o<\/li>\n<li>Conselho Directivo da Extens\u00e3o<\/li>\n<li>Conselho Cient\u00edfico da Extens\u00e3o<\/li>\n<\/ul>\n<\/div>\n<\/div><div id=\"cmsmasters_tab_69de26c05edef4_15074157\" class=\"cmsmasters_tab\">\n<div class=\"cmsmasters_tab_inner\">\n<ul>\n<li>Departamento de Planifica\u00e7\u00e3o e Estudos<\/li>\n<li>Reparti\u00e7\u00e3o de Estat\u00edstica e Informa\u00e7\u00e3o<\/li>\n<li>Reparti\u00e7\u00e3o de P<span style=\"color: #000000;\">lanifica\u00e7\u00e3o e Or\u00e7amenta\u00e7\u00e3o<\/span><\/li>\n<li>Reparti\u00e7\u00e3o de Estudos e Projectos<\/li>\n<li>Departamento de Autoavalia\u00e7\u00e3o de Qualidade<\/li>\n<li>Departamento de Comunica\u00e7\u00e3o e Coopera\u00e7\u00e3o<\/li>\n<\/ul>\n<\/div>\n<\/div><div id=\"cmsmasters_tab_69de26c05ee4a6_33472791\" class=\"cmsmasters_tab\">\n<div class=\"cmsmasters_tab_inner\">\n<ul>\n<li><a href=\"http:\/\/102.67.191.105\/?profile=carla-veternano-richards\">Departamento de Educa\u00e7\u00e3o<\/a><\/li>\n<li>Departamento de Letras, Ci\u00eancias Sociais e Humanidades<\/li>\n<li>Departamento de Ci\u00eancias Exactas e Tecnol\u00f3gicas<\/li>\n<li>Departamento de Ci\u00eancias Econ\u00f4micas e Cont\u00e1beis<\/li>\n<li>Departamento de Geoci\u00eancias e Ambiente<\/li>\n<li>Departamento de P\u00f3s-gradua\u00e7\u00e3o<\/li>\n<li>Departamento de Pesquisa e Publica\u00e7\u00e3o<\/li>\n<li>Departamento de Desenvolvimento do Corpo Docente<\/li>\n<li>Departamento de Extens\u00e3o Universit\u00e1ria e Inova\u00e7\u00e3o<\/li>\n<li>Departamento de Ensino a Dist\u00e2ncia<\/li>\n<li>Departamento de Servi\u00e7os de Documenta\u00e7\u00e3o e Informa\u00e7\u00e3o<\/li>\n<li>Departamento do Registo Acad\u00e9mico<\/li>\n<\/ul>\n<p>&nbsp;<\/p>\n<p>&nbsp;<\/p>\n<\/div>\n<\/div><div id=\"cmsmasters_tab_69de26c05eeba9_30269420\" class=\"cmsmasters_tab\">\n<div class=\"cmsmasters_tab_inner\">\n<ul>\n<li><a href=\"http:\/\/102.67.191.105\/?profile=dr-arnalvo-couva-roda\">Departamento de Recursos Humanos<\/a><\/li>\n<li>Departamento de Finan\u00e7as<\/li>\n<li>Departamento de Patrim\u00f3nio<\/li>\n<li>Departamento de Servi\u00e7os Sociais<\/li>\n<li>Departamentos de Apoio ao Diretor<\/li>\n<\/ul>\n<p>&nbsp;<\/p>\n<p>&nbsp;<\/p>\n<\/div>\n<\/div><\/div>\n<\/div>\n<\/div>\n<\/div>\n<\/div>\n<\/div>\n<\/div>\n<\/div>\n<div id=\"cmsmasters_row_69de26c05effe3_97939075\" class=\"cmsmasters_row cmsmasters_color_scheme_default cmsmasters_row_top_default cmsmasters_row_bot_default cmsmasters_row_boxed\">\n<div class=\"cmsmasters_row_outer_parent\">\n<div class=\"cmsmasters_row_outer\">\n<div class=\"cmsmasters_row_inner\">\n<div class=\"cmsmasters_row_margin\">\n<div class=\"cmsmasters_column one_first\">\n<\/div>\n<\/div>\n<\/div>\n<\/div>\n<\/div>\n<\/div>\n\n","protected":false},"excerpt":{"rendered":"","protected":false},"author":1,"featured_media":0,"parent":0,"menu_order":0,"comment_status":"closed","ping_status":"closed","template":"","meta":{"footnotes":""},"class_list":["post-6988","page","type-page","status-publish","hentry"],"_links":{"self":[{"href":"https:\/\/unipungue.ac.mz\/index.php?rest_route=\/wp\/v2\/pages\/6988","targetHints":{"allow":["GET"]}}],"collection":[{"href":"https:\/\/unipungue.ac.mz\/index.php?rest_route=\/wp\/v2\/pages"}],"about":[{"href":"https:\/\/unipungue.ac.mz\/index.php?rest_route=\/wp\/v2\/types\/page"}],"author":[{"embeddable":true,"href":"https:\/\/unipungue.ac.mz\/index.php?rest_route=\/wp\/v2\/users\/1"}],"replies":[{"embeddable":true,"href":"https:\/\/unipungue.ac.mz\/index.php?rest_route=%2Fwp%2Fv2%2Fcomments&post=6988"}],"version-history":[{"count":15,"href":"https:\/\/unipungue.ac.mz\/index.php?rest_route=\/wp\/v2\/pages\/6988\/revisions"}],"predecessor-version":[{"id":7454,"href":"https:\/\/unipungue.ac.mz\/index.php?rest_route=\/wp\/v2\/pages\/6988\/revisions\/7454"}],"wp:attachment":[{"href":"https:\/\/unipungue.ac.mz\/index.php?rest_route=%2Fwp%2Fv2%2Fmedia&parent=6988"}],"curies":[{"name":"wp","href":"https:\/\/api.w.org\/{rel}","templated":true}]}}