{"id":7017,"date":"2022-11-20T11:31:54","date_gmt":"2022-11-20T11:31:54","guid":{"rendered":"http:\/\/102.67.191.105\/?page_id=7017"},"modified":"2026-04-27T10:05:04","modified_gmt":"2026-04-27T10:05:04","slug":"pos-graduacao","status":"publish","type":"page","link":"https:\/\/unipungue.ac.mz\/?page_id=7017","title":{"rendered":"P\u00f3s-Gradua\u00e7\u00e3o"},"content":{"rendered":"<style type=\"text\/css\"> \n#cmsmasters_row_69ef6deb9d1746_60291551 .cmsmasters_row_outer_parent { \n\tpadding-top: 50px; \n} \n\n#cmsmasters_row_69ef6deb9d1746_60291551 .cmsmasters_row_outer_parent { \n\tpadding-bottom: 50px; \n} \n\n \n#cmsmasters_heading_69ef6deb9d2ad4_59677924 { \n\ttext-align:left; \n\tmargin-top:0px; \n\tmargin-bottom:20px; \n} \n\n#cmsmasters_heading_69ef6deb9d2ad4_59677924 .cmsmasters_heading { \n\ttext-align:left; \n} \n\n#cmsmasters_heading_69ef6deb9d2ad4_59677924 .cmsmasters_heading, #cmsmasters_heading_69ef6deb9d2ad4_59677924 .cmsmasters_heading a { \n\tfont-weight:normal; \n\tfont-style:normal; \n} \n\n#cmsmasters_heading_69ef6deb9d2ad4_59677924 .cmsmasters_heading_divider { \n} \n\n \n#cmsmasters_icon_list_items_69ef6deb9d3066_71530012.cmsmasters_icon_list_items .cmsmasters_icon_list_item:before { \n\tleft:25px; \n\ttop:50px; \n} \n#cmsmasters_icon_list_items_69ef6deb9d3066_71530012.cmsmasters_icon_list_type_block .cmsmasters_icon_list_item:before { \n\twidth:0px; \n} \n\n#cmsmasters_icon_list_items_69ef6deb9d3066_71530012 .cmsmasters_icon_list_icon { \n\twidth:50px; \n\theight:50px; \n\t-webkit-border-radius:50%; \n\tborder-radius:50%; \n} \n\n#cmsmasters_icon_list_items_69ef6deb9d3066_71530012 .cmsmasters_icon_list_icon:before { \n\tfont-size:20px; \n\tline-height:50px; \n} \n\n#cmsmasters_icon_list_items_69ef6deb9d3066_71530012 .cmsmasters_icon_list_icon:after { \n\tborder-width:5px; \n\twidth:52px; \n\theight:52px; \n\t-webkit-border-radius:50%; \n\tborder-radius:50%; \n} \n\n.cmsmasters_icon_list_items.cmsmasters_color_type_border #cmsmasters_icon_list_item_69ef6deb9d3717_47561491:hover .cmsmasters_icon_list_icon:after { \n\tborder-color:transparent; \n\tborder-width:0; \n} \n \n#cmsmasters_heading_69ef6deb9d4b41_31880784 { \n\ttext-align:left; \n\tmargin-top:0px; \n\tmargin-bottom:20px; \n} \n\n#cmsmasters_heading_69ef6deb9d4b41_31880784 .cmsmasters_heading { \n\ttext-align:left; \n} \n\n#cmsmasters_heading_69ef6deb9d4b41_31880784 .cmsmasters_heading, #cmsmasters_heading_69ef6deb9d4b41_31880784 .cmsmasters_heading a { \n\tfont-weight:normal; \n\tfont-style:normal; \n} \n\n#cmsmasters_heading_69ef6deb9d4b41_31880784 .cmsmasters_heading_divider { \n} \n\n \n#cmsmasters_icon_list_items_69ef6deb9d4ed6_65218104.cmsmasters_icon_list_items .cmsmasters_icon_list_item:before { \n\tleft:25px; \n\ttop:50px; \n} \n#cmsmasters_icon_list_items_69ef6deb9d4ed6_65218104.cmsmasters_icon_list_type_block .cmsmasters_icon_list_item:before { \n\twidth:0px; \n} \n\n#cmsmasters_icon_list_items_69ef6deb9d4ed6_65218104 .cmsmasters_icon_list_icon { \n\twidth:50px; \n\theight:50px; \n\t-webkit-border-radius:50%; \n\tborder-radius:50%; \n} \n\n#cmsmasters_icon_list_items_69ef6deb9d4ed6_65218104 .cmsmasters_icon_list_icon:before { \n\tfont-size:20px; \n\tline-height:50px; \n} \n\n#cmsmasters_icon_list_items_69ef6deb9d4ed6_65218104 .cmsmasters_icon_list_icon:after { \n\tborder-width:5px; \n\twidth:52px; \n\theight:52px; \n\t-webkit-border-radius:50%; \n\tborder-radius:50%; \n} \n\n.cmsmasters_icon_list_items.cmsmasters_color_type_border #cmsmasters_icon_list_item_69ef6deb9d5519_14331530:hover .cmsmasters_icon_list_icon:after { \n\tborder-color:transparent; \n\tborder-width:0; \n} \n\n.cmsmasters_icon_list_items.cmsmasters_color_type_border #cmsmasters_icon_list_item_69ef6deb9d5a65_42713824:hover .cmsmasters_icon_list_icon:after { \n\tborder-color:transparent; \n\tborder-width:0; \n} \n\n.cmsmasters_icon_list_items.cmsmasters_color_type_border #cmsmasters_icon_list_item_69ef6deb9d6096_92597318:hover .cmsmasters_icon_list_icon:after { \n\tborder-color:transparent; \n\tborder-width:0; \n} \n \n#cmsmasters_heading_69ef6deb9d6f93_46343184 { \n\ttext-align:left; \n\tmargin-top:0px; \n\tmargin-bottom:20px; \n} \n\n#cmsmasters_heading_69ef6deb9d6f93_46343184 .cmsmasters_heading { \n\ttext-align:left; \n} \n\n#cmsmasters_heading_69ef6deb9d6f93_46343184 .cmsmasters_heading, #cmsmasters_heading_69ef6deb9d6f93_46343184 .cmsmasters_heading a { \n\tfont-weight:normal; \n\tfont-style:normal; \n} \n\n#cmsmasters_heading_69ef6deb9d6f93_46343184 .cmsmasters_heading_divider { \n} \n\n \n#cmsmasters_icon_list_items_69ef6deb9d72e4_18242768.cmsmasters_icon_list_items .cmsmasters_icon_list_item:before { \n\tleft:25px; \n\ttop:50px; \n} \n#cmsmasters_icon_list_items_69ef6deb9d72e4_18242768.cmsmasters_icon_list_type_block .cmsmasters_icon_list_item:before { \n\twidth:0px; \n} \n\n#cmsmasters_icon_list_items_69ef6deb9d72e4_18242768 .cmsmasters_icon_list_icon { \n\twidth:50px; \n\theight:50px; \n\t-webkit-border-radius:50%; \n\tborder-radius:50%; \n} \n\n#cmsmasters_icon_list_items_69ef6deb9d72e4_18242768 .cmsmasters_icon_list_icon:before { \n\tfont-size:20px; \n\tline-height:50px; \n} \n\n#cmsmasters_icon_list_items_69ef6deb9d72e4_18242768 .cmsmasters_icon_list_icon:after { \n\tborder-width:5px; \n\twidth:52px; \n\theight:52px; \n\t-webkit-border-radius:50%; \n\tborder-radius:50%; \n} \n\n.cmsmasters_icon_list_items.cmsmasters_color_type_border #cmsmasters_icon_list_item_69ef6deb9d7802_20513611:hover .cmsmasters_icon_list_icon:after { \n\tborder-color:transparent; \n\tborder-width:0; \n} \n \n#cmsmasters_row_69ef6deb9d8353_88665463 .cmsmasters_row_outer_parent { \n\tpadding-top: 50px; \n} \n\n#cmsmasters_row_69ef6deb9d8353_88665463 .cmsmasters_row_outer_parent { \n\tpadding-bottom: 50px; \n} \n\n \n#cmsmasters_heading_69ef6deb9d8ef6_43183407 { \n\ttext-align:left; \n\tmargin-top:0px; \n\tmargin-bottom:20px; \n} \n\n#cmsmasters_heading_69ef6deb9d8ef6_43183407 .cmsmasters_heading { \n\ttext-align:left; \n} \n\n#cmsmasters_heading_69ef6deb9d8ef6_43183407 .cmsmasters_heading, #cmsmasters_heading_69ef6deb9d8ef6_43183407 .cmsmasters_heading a { \n\tfont-weight:normal; \n\tfont-style:normal; \n} \n\n#cmsmasters_heading_69ef6deb9d8ef6_43183407 .cmsmasters_heading_divider { \n} \n\n \n#cmsmasters_icon_list_items_69ef6deb9d9252_39283406.cmsmasters_icon_list_items .cmsmasters_icon_list_item:before { \n\tleft:25px; \n\ttop:50px; \n} \n#cmsmasters_icon_list_items_69ef6deb9d9252_39283406.cmsmasters_icon_list_type_block .cmsmasters_icon_list_item:before { \n\twidth:0px; \n} \n\n#cmsmasters_icon_list_items_69ef6deb9d9252_39283406 .cmsmasters_icon_list_icon { \n\twidth:50px; \n\theight:50px; \n\t-webkit-border-radius:50%; \n\tborder-radius:50%; \n} \n\n#cmsmasters_icon_list_items_69ef6deb9d9252_39283406 .cmsmasters_icon_list_icon:before { \n\tfont-size:20px; \n\tline-height:50px; \n} \n\n#cmsmasters_icon_list_items_69ef6deb9d9252_39283406 .cmsmasters_icon_list_icon:after { \n\tborder-width:5px; \n\twidth:52px; \n\theight:52px; \n\t-webkit-border-radius:50%; \n\tborder-radius:50%; \n} \n\n.cmsmasters_icon_list_items.cmsmasters_color_type_border #cmsmasters_icon_list_item_69ef6deb9d96d3_83392926:hover .cmsmasters_icon_list_icon:after { \n\tborder-color:transparent; \n\tborder-width:0; \n} \n \n#cmsmasters_heading_69ef6deb9da3f4_79331795 { \n\ttext-align:left; \n\tmargin-top:0px; \n\tmargin-bottom:20px; \n} \n\n#cmsmasters_heading_69ef6deb9da3f4_79331795 .cmsmasters_heading { \n\ttext-align:left; \n} \n\n#cmsmasters_heading_69ef6deb9da3f4_79331795 .cmsmasters_heading, #cmsmasters_heading_69ef6deb9da3f4_79331795 .cmsmasters_heading a { \n\tfont-weight:normal; \n\tfont-style:normal; \n} \n\n#cmsmasters_heading_69ef6deb9da3f4_79331795 .cmsmasters_heading_divider { \n} \n\n \n#cmsmasters_icon_list_items_69ef6deb9da729_70787569.cmsmasters_icon_list_items .cmsmasters_icon_list_item:before { \n\tleft:25px; \n\ttop:50px; \n} \n#cmsmasters_icon_list_items_69ef6deb9da729_70787569.cmsmasters_icon_list_type_block .cmsmasters_icon_list_item:before { \n\twidth:0px; \n} \n\n#cmsmasters_icon_list_items_69ef6deb9da729_70787569 .cmsmasters_icon_list_icon { \n\twidth:50px; \n\theight:50px; \n\t-webkit-border-radius:50%; \n\tborder-radius:50%; \n} \n\n#cmsmasters_icon_list_items_69ef6deb9da729_70787569 .cmsmasters_icon_list_icon:before { \n\tfont-size:20px; \n\tline-height:50px; \n} \n\n#cmsmasters_icon_list_items_69ef6deb9da729_70787569 .cmsmasters_icon_list_icon:after { \n\tborder-width:5px; \n\twidth:52px; \n\theight:52px; \n\t-webkit-border-radius:50%; \n\tborder-radius:50%; \n} \n\n.cmsmasters_icon_list_items.cmsmasters_color_type_border #cmsmasters_icon_list_item_69ef6deb9dabe9_06515309:hover .cmsmasters_icon_list_icon:after { \n\tborder-color:transparent; \n\tborder-width:0; \n} \n \n#cmsmasters_heading_69ef6deb9db8c2_49658826 { \n\ttext-align:left; \n\tmargin-top:0px; \n\tmargin-bottom:20px; \n} \n\n#cmsmasters_heading_69ef6deb9db8c2_49658826 .cmsmasters_heading { \n\ttext-align:left; \n} \n\n#cmsmasters_heading_69ef6deb9db8c2_49658826 .cmsmasters_heading, #cmsmasters_heading_69ef6deb9db8c2_49658826 .cmsmasters_heading a { \n\tfont-weight:normal; \n\tfont-style:normal; \n} \n\n#cmsmasters_heading_69ef6deb9db8c2_49658826 .cmsmasters_heading_divider { \n} \n\n \n#cmsmasters_icon_list_items_69ef6deb9dbbf5_99789210.cmsmasters_icon_list_items .cmsmasters_icon_list_item:before { \n\tleft:25px; \n\ttop:50px; \n} \n#cmsmasters_icon_list_items_69ef6deb9dbbf5_99789210.cmsmasters_icon_list_type_block .cmsmasters_icon_list_item:before { \n\twidth:0px; \n} \n\n#cmsmasters_icon_list_items_69ef6deb9dbbf5_99789210 .cmsmasters_icon_list_icon { \n\twidth:50px; \n\theight:50px; \n\t-webkit-border-radius:50%; \n\tborder-radius:50%; \n} \n\n#cmsmasters_icon_list_items_69ef6deb9dbbf5_99789210 .cmsmasters_icon_list_icon:before { \n\tfont-size:20px; \n\tline-height:50px; \n} \n\n#cmsmasters_icon_list_items_69ef6deb9dbbf5_99789210 .cmsmasters_icon_list_icon:after { \n\tborder-width:5px; \n\twidth:52px; \n\theight:52px; \n\t-webkit-border-radius:50%; \n\tborder-radius:50%; \n} \n\n.cmsmasters_icon_list_items.cmsmasters_color_type_border #cmsmasters_icon_list_item_69ef6deb9dbfe2_40826264:hover .cmsmasters_icon_list_icon:after { \n\tborder-color:transparent; \n\tborder-width:0; \n} \n<\/style><div id=\"cmsmasters_row_69ef6deb9d1746_60291551\" class=\"cmsmasters_row cmsmasters_color_scheme_default cmsmasters_row_top_default cmsmasters_row_bot_default cmsmasters_row_boxed\">\n<div class=\"cmsmasters_row_outer_parent\">\n<div class=\"cmsmasters_row_outer\">\n<div class=\"cmsmasters_row_inner\">\n<div class=\"cmsmasters_row_margin cmsmasters_row_columns_behavior\">\n<div class=\"cmsmasters_column one_third grid-card\">\n\n<div id=\"cmsmasters_heading_69ef6deb9d2ad4_59677924\" class=\"cmsmasters_heading_wrap cmsmasters_heading_align_left grid-card-title\">\n\t<h2 class=\"cmsmasters_heading\">LETRAS, CI\u00caNCIAS SOCIAIS E HUMANIDADES<\/h2>\n<\/div> \n<ul id=\"cmsmasters_icon_list_items_69ef6deb9d3066_71530012\" class=\"cmsmasters_icon_list_items cmsmasters_icon_list_type_block cmsmasters_icon_list_pos_left cmsmasters_color_type_border d-none\"><li id=\"cmsmasters_icon_list_item_69ef6deb9d3717_47561491\" class=\"cmsmasters_icon_list_item\">\n<div class=\"cmsmasters_icon_list_item_inner\">\n<div class=\"cmsmasters_icon_list_icon_wrap\">\n<span class=\"cmsmasters_icon_list_icon cmsmasters-icon-graduation-cap-3\"><\/span>\n<\/div>\n<div class=\"cmsmasters_icon_list_item_content\">\n<h4 class=\"cmsmasters_icon_list_item_title\">Title<\/h4>\n<div class=\"cmsmasters_icon_list_item_text\">\n<p>Click here to change this text<\/p>\n<\/div>\n<\/div>\n<\/div>\n<\/li><\/ul>\n<\/div>\n<div class=\"cmsmasters_column one_third grid-card card-success\">\n\n<div id=\"cmsmasters_heading_69ef6deb9d4b41_31880784\" class=\"cmsmasters_heading_wrap cmsmasters_heading_align_left grid-card-title\">\n\t<h2 class=\"cmsmasters_heading\">GEOCI\u00caNCIA E AMBIENTE<\/h2>\n<\/div> \n<ul id=\"cmsmasters_icon_list_items_69ef6deb9d4ed6_65218104\" class=\"cmsmasters_icon_list_items cmsmasters_icon_list_type_block cmsmasters_icon_list_pos_left cmsmasters_color_type_border\"><li id=\"cmsmasters_icon_list_item_69ef6deb9d5519_14331530\" class=\"cmsmasters_icon_list_item\">\n<div class=\"cmsmasters_icon_list_item_inner\">\n<div class=\"cmsmasters_icon_list_icon_wrap\">\n<span class=\"cmsmasters_icon_list_icon cmsmasters-icon-graduation-cap-3\"><\/span>\n<\/div>\n<div class=\"cmsmasters_icon_list_item_content\">\n<h4 class=\"cmsmasters_icon_list_item_title\">Mestrado em Gest\u00e3o Ambiental e Desenvolvimento Comunit\u00e1rio<\/h4>\n<div class=\"cmsmasters_icon_list_item_text\">\n<p><a href=\"#\">Ver detalhes<\/a><\/p>\n<\/div>\n<\/div>\n<\/div>\n<\/li><li id=\"cmsmasters_icon_list_item_69ef6deb9d5a65_42713824\" class=\"cmsmasters_icon_list_item\">\n<div class=\"cmsmasters_icon_list_item_inner\">\n<div class=\"cmsmasters_icon_list_icon_wrap\">\n<span class=\"cmsmasters_icon_list_icon cmsmasters-icon-graduation-cap-3\"><\/span>\n<\/div>\n<div class=\"cmsmasters_icon_list_item_content\">\n<h4 class=\"cmsmasters_icon_list_item_title\">Mestrado em Gest\u00e3o de Emerg\u00eancia e Desastre<\/h4>\n<div class=\"cmsmasters_icon_list_item_text\">\n<p><a href=\"#\">Ver detalhes<\/a><\/p>\n<\/div>\n<\/div>\n<\/div>\n<\/li><li id=\"cmsmasters_icon_list_item_69ef6deb9d6096_92597318\" class=\"cmsmasters_icon_list_item\">\n<div class=\"cmsmasters_icon_list_item_inner\">\n<div class=\"cmsmasters_icon_list_icon_wrap\">\n<span class=\"cmsmasters_icon_list_icon cmsmasters-icon-graduation-cap-3\"><\/span>\n<\/div>\n<div class=\"cmsmasters_icon_list_item_content\">\n<h4 class=\"cmsmasters_icon_list_item_title\">Mestrado em Minera\u00e7\u00e3o e Sustentabilidade<\/h4>\n<div class=\"cmsmasters_icon_list_item_text\">\n<p><a href=\"#\">Ver detalhes<\/a><\/p>\n<\/div>\n<\/div>\n<\/div>\n<\/li><\/ul>\n<\/div>\n<div class=\"cmsmasters_column one_third grid-card card-primary\">\n\n<div id=\"cmsmasters_heading_69ef6deb9d6f93_46343184\" class=\"cmsmasters_heading_wrap cmsmasters_heading_align_left grid-card-title\">\n\t<h2 class=\"cmsmasters_heading\">CI\u00caNCIAS EXACTAS E TECNOL\u00d3GICAS<\/h2>\n<\/div> \n<ul id=\"cmsmasters_icon_list_items_69ef6deb9d72e4_18242768\" class=\"cmsmasters_icon_list_items cmsmasters_icon_list_type_block cmsmasters_icon_list_pos_left cmsmasters_color_type_border\"><li id=\"cmsmasters_icon_list_item_69ef6deb9d7802_20513611\" class=\"cmsmasters_icon_list_item\">\n<div class=\"cmsmasters_icon_list_item_inner\">\n<div class=\"cmsmasters_icon_list_icon_wrap\">\n<span class=\"cmsmasters_icon_list_icon cmsmasters-icon-graduation-cap-3\"><\/span>\n<\/div>\n<div class=\"cmsmasters_icon_list_item_content\">\n<h4 class=\"cmsmasters_icon_list_item_title\">Mestrado em Qu\u00edmica<\/h4>\n<div class=\"cmsmasters_icon_list_item_text\">\n<p><a href=\"#\">Ver detalhes<\/a><\/p>\n<\/div>\n<\/div>\n<\/div>\n<\/li><\/ul>\n<\/div>\n<\/div>\n<\/div>\n<\/div>\n<\/div>\n<\/div>\n<div id=\"cmsmasters_row_69ef6deb9d8353_88665463\" class=\"cmsmasters_row cmsmasters_color_scheme_default cmsmasters_row_top_default cmsmasters_row_bot_default cmsmasters_row_boxed\">\n<div class=\"cmsmasters_row_outer_parent\">\n<div class=\"cmsmasters_row_outer\">\n<div class=\"cmsmasters_row_inner\">\n<div class=\"cmsmasters_row_margin\">\n<div class=\"cmsmasters_column one_third grid-card card-danger\">\n\n<div id=\"cmsmasters_heading_69ef6deb9d8ef6_43183407\" class=\"cmsmasters_heading_wrap cmsmasters_heading_align_left grid-card-title\">\n\t<h2 class=\"cmsmasters_heading\">ENGENHARIA<\/h2>\n<\/div> \n<ul id=\"cmsmasters_icon_list_items_69ef6deb9d9252_39283406\" class=\"cmsmasters_icon_list_items cmsmasters_icon_list_type_block cmsmasters_icon_list_pos_left cmsmasters_color_type_border d-none\"><li id=\"cmsmasters_icon_list_item_69ef6deb9d96d3_83392926\" class=\"cmsmasters_icon_list_item\">\n<div class=\"cmsmasters_icon_list_item_inner\">\n<div class=\"cmsmasters_icon_list_icon_wrap\">\n<span class=\"cmsmasters_icon_list_icon cmsmasters-icon-graduation-cap-3\"><\/span>\n<\/div>\n<div class=\"cmsmasters_icon_list_item_content\">\n<h4 class=\"cmsmasters_icon_list_item_title\">Title<\/h4>\n<div class=\"cmsmasters_icon_list_item_text\">\n<p>Click here to change this text<\/p>\n<\/div>\n<\/div>\n<\/div>\n<\/li><\/ul>\n<\/div>\n<div class=\"cmsmasters_column one_third grid-card card-warning\">\n\n<div id=\"cmsmasters_heading_69ef6deb9da3f4_79331795\" class=\"cmsmasters_heading_wrap cmsmasters_heading_align_left grid-card-title\">\n\t<h2 class=\"cmsmasters_heading\">EDUCA\u00c7\u00c3O<\/h2>\n<\/div> \n<ul id=\"cmsmasters_icon_list_items_69ef6deb9da729_70787569\" class=\"cmsmasters_icon_list_items cmsmasters_icon_list_type_block cmsmasters_icon_list_pos_left cmsmasters_color_type_border\"><li id=\"cmsmasters_icon_list_item_69ef6deb9dabe9_06515309\" class=\"cmsmasters_icon_list_item\">\n<div class=\"cmsmasters_icon_list_item_inner\">\n<div class=\"cmsmasters_icon_list_icon_wrap\">\n<span class=\"cmsmasters_icon_list_icon cmsmasters-icon-graduation-cap-3\"><\/span>\n<\/div>\n<div class=\"cmsmasters_icon_list_item_content\">\n<h4 class=\"cmsmasters_icon_list_item_title\">Mestrado em Administra\u00e7\u00e3o e Gest\u00e3o da Educa\u00e7\u00e3o<\/h4>\n<div class=\"cmsmasters_icon_list_item_text\">\n<p><a href=\"#\">Ver detalhes<\/a><\/p>\n<\/div>\n<\/div>\n<\/div>\n<\/li><\/ul>\n<\/div>\n<div class=\"cmsmasters_column one_third grid-card card-danger\">\n\n<div id=\"cmsmasters_heading_69ef6deb9db8c2_49658826\" class=\"cmsmasters_heading_wrap cmsmasters_heading_align_left grid-card-title\">\n\t<h2 class=\"cmsmasters_heading\">ESCOLA SUPERIOR DE CI\u00caNCIAS ECON\u00d3MICAS<\/h2>\n<\/div> \n<ul id=\"cmsmasters_icon_list_items_69ef6deb9dbbf5_99789210\" class=\"cmsmasters_icon_list_items cmsmasters_icon_list_type_block cmsmasters_icon_list_pos_left cmsmasters_color_type_border d-none\"><li id=\"cmsmasters_icon_list_item_69ef6deb9dbfe2_40826264\" class=\"cmsmasters_icon_list_item\">\n<div class=\"cmsmasters_icon_list_item_inner\">\n<div class=\"cmsmasters_icon_list_icon_wrap\">\n<span class=\"cmsmasters_icon_list_icon cmsmasters-icon-graduation-cap-3\"><\/span>\n<\/div>\n<div class=\"cmsmasters_icon_list_item_content\">\n<h4 class=\"cmsmasters_icon_list_item_title\">Title<\/h4>\n<div class=\"cmsmasters_icon_list_item_text\">\n<p>Click here to change this text<\/p>\n<\/div>\n<\/div>\n<\/div>\n<\/li><\/ul>\n<\/div>\n<\/div>\n<\/div>\n<\/div>\n<\/div>\n<\/div>\n\n","protected":false},"excerpt":{"rendered":"","protected":false},"author":1,"featured_media":0,"parent":0,"menu_order":0,"comment_status":"closed","ping_status":"closed","template":"","meta":{"footnotes":""},"class_list":["post-7017","page","type-page","status-publish","hentry"],"_links":{"self":[{"href":"https:\/\/unipungue.ac.mz\/index.php?rest_route=\/wp\/v2\/pages\/7017","targetHints":{"allow":["GET"]}}],"collection":[{"href":"https:\/\/unipungue.ac.mz\/index.php?rest_route=\/wp\/v2\/pages"}],"about":[{"href":"https:\/\/unipungue.ac.mz\/index.php?rest_route=\/wp\/v2\/types\/page"}],"author":[{"embeddable":true,"href":"https:\/\/unipungue.ac.mz\/index.php?rest_route=\/wp\/v2\/users\/1"}],"replies":[{"embeddable":true,"href":"https:\/\/unipungue.ac.mz\/index.php?rest_route=%2Fwp%2Fv2%2Fcomments&post=7017"}],"version-history":[{"count":37,"href":"https:\/\/unipungue.ac.mz\/index.php?rest_route=\/wp\/v2\/pages\/7017\/revisions"}],"predecessor-version":[{"id":9368,"href":"https:\/\/unipungue.ac.mz\/index.php?rest_route=\/wp\/v2\/pages\/7017\/revisions\/9368"}],"wp:attachment":[{"href":"https:\/\/unipungue.ac.mz\/index.php?rest_route=%2Fwp%2Fv2%2Fmedia&parent=7017"}],"curies":[{"name":"wp","href":"https:\/\/api.w.org\/{rel}","templated":true}]}}