{"id":7898,"date":"2024-05-13T08:22:50","date_gmt":"2024-05-13T08:22:50","guid":{"rendered":"http:\/\/102.67.191.105\/?page_id=7898"},"modified":"2024-05-13T09:36:28","modified_gmt":"2024-05-13T09:36:28","slug":"orgao-de-gestao","status":"publish","type":"page","link":"https:\/\/unipungue.ac.mz\/?page_id=7898","title":{"rendered":"Org\u00e3o de Gest\u00e3o"},"content":{"rendered":"<style type=\"text\/css\"> \n#cmsmasters_row_69de26c119fab4_89311482 .cmsmasters_row_outer_parent { \n\tpadding-top: 0px; \n} \n\n#cmsmasters_row_69de26c119fab4_89311482 .cmsmasters_row_outer_parent { \n\tpadding-bottom: 50px; \n} \n\n<\/style><div id=\"cmsmasters_row_69de26c119fab4_89311482\" class=\"cmsmasters_row cmsmasters_color_scheme_default cmsmasters_row_top_default cmsmasters_row_bot_default cmsmasters_row_boxed\">\n<div class=\"cmsmasters_row_outer_parent\">\n<div class=\"cmsmasters_row_outer\">\n<div class=\"cmsmasters_row_inner\">\n<div class=\"cmsmasters_row_margin\">\n<div class=\"cmsmasters_column one_first mt-40\">\n<div class=\"cmsmasters_tabs tabs_mode_tab\">\n<ul class=\"cmsmasters_tabs_list\">\n<li id=\"cmsmasters_tabs_list_item_69de26c11a1b24_41076795\" class=\"cmsmasters_tabs_list_item current_tab\">\n<a href=\"#\">\n<span>Conselho de Extens\u00e3o<\/span>\n<\/a>\n<\/li><li id=\"cmsmasters_tabs_list_item_69de26c11a26d2_87056632\" class=\"cmsmasters_tabs_list_item\">\n<a href=\"#\">\n<span>Conselho Directivo da Extens\u00e3o <\/span>\n<\/a>\n<\/li><li id=\"cmsmasters_tabs_list_item_69de26c11a2d90_43684512\" class=\"cmsmasters_tabs_list_item\">\n<a href=\"#\">\n<span>Conselho Cient\u00edfico da Extens\u00e3o<\/span>\n<\/a>\n<\/li><\/ul>\n<div class=\"cmsmasters_tabs_wrap\">\n<div id=\"cmsmasters_tab_69de26c11a1b24_41076795\" class=\"cmsmasters_tab active_tab\">\n<div class=\"cmsmasters_tab_inner\">\n<p>Compete ao Conselho de Extens\u00e3o:<\/p>\n<p>a) Recomendar ao Reitor tr\u00eas individualidades a serem consideradas para o cargo de Director da Extens\u00e3o;<\/p>\n<p>b) Recomendar ao Reitor tr\u00eas individualidades a serem consideradas para o cargo de Director-Adjunto da Extens\u00e3o;<\/p>\n<p>c) Apreciar e aprovar o plano de atividades, or\u00e7amento e relat\u00f3rio anual da Extens\u00e3o;<\/p>\n<p>d) Propor\u00e7\u00e3o superiormente planos de m\u00e9dio e longo prazo de desenvolvimento da Extens\u00e3o;<\/p>\n<p>e) Proporcionar superiormente mudan\u00e7as aos direitos das Extens\u00e3o;<\/p>\n<p>f) Proporcionar superiormente mudan\u00e7as \u00e0 estrutura org\u00e2nica e quadro de pessoal de Extens\u00e3o;<\/p>\n<p>g) Decidir sobre quaisquer outros assuntos pertinentes pelo Diretor ou por qualquer dos seus membros;<\/p>\n<p>g) Elaborar o seu pr\u00f3prio regimento.<\/p>\n<p>&nbsp;<\/p>\n<p><strong>Composi\u00e7\u00e3o:<\/strong><\/p>\n<ol>\n<li>Presidente<\/li>\n<li>Representantes dos Chefes dos Departamentos<\/li>\n<li>Representante do Corpo T\u00e9cnico-Administrativo<\/li>\n<li>Representantes dos Professores<\/li>\n<li>Representantes dos Assistentes<\/li>\n<li>Representantes do Governo<\/li>\n<li>Presidente do N\u00facleo de Estudantes<\/li>\n<li>Representantes da Sociedade Civil<\/li>\n<\/ol>\n<\/div>\n<\/div><div id=\"cmsmasters_tab_69de26c11a26d2_87056632\" class=\"cmsmasters_tab\">\n<div class=\"cmsmasters_tab_inner\">\n<p>Conselho Directivo da Extens\u00e3o<\/p>\n<p>Compete ao Conselho Directivo da Extens\u00e3o:<\/p>\n<p>a) Tomar como requerimento para a aprova\u00e7\u00e3o do plano, or\u00e7amento e relat\u00f3rio anual da Unidade Org\u00e2nica;<\/p>\n<p>b) Analisar o funcionamento dos departamentos e outras unidades subordinadas;<\/p>\n<p>c) Analisar o funcionamento dos cursos sob a sua responsabilidade;<\/p>\n<p>d) Propor assuntos para constarem nas agendas do Conselho da Extens\u00e3o; e) Proporciona metodologias comuns a n\u00edvel da Unidade Org\u00e2nica para tratar de problemas de f\u00f3rum acad\u00e9mico, disciplinar, de recursos humanos, administrativo e financeiro.<\/p>\n<p><strong>Composi\u00e7\u00e3o:<\/strong><\/p>\n<ol>\n<li>Administrador<\/li>\n<li>Presidente do \u00d3rg\u00e3o<\/li>\n<li>Secret\u00e1rio do \u00f3rg\u00e3o<\/li>\n<\/ol>\n<\/div>\n<\/div><div id=\"cmsmasters_tab_69de26c11a2d90_43684512\" class=\"cmsmasters_tab\">\n<div class=\"cmsmasters_tab_inner\">\n<p>Compete ao Conselho Cient\u00edfico da Exten\u00e7\u00e3o:<\/p>\n<p>a) Aprovar projecto de investiga\u00e7\u00e3o, Extens\u00e3o e inova\u00e7\u00e3o da Extens\u00e3o;<\/p>\n<p>b) Criar, extinguir ou reestruturar n\u00facleos, linhas e programas de pesquisa e extens\u00e3o e inova\u00e7\u00e3o;<\/p>\n<p>c) Aprovar proposta de cursos para abrir na Extens\u00e3o;<\/p>\n<p>d) Aprovar linhas de pesquisa dos departamentos e cursos;<\/p>\n<p>e) Aprovar relat\u00f3rios de pesquisa dos departamentos e cursos;<\/p>\n<\/div>\n<\/div><\/div>\n<\/div>\n<\/div>\n<\/div>\n<\/div>\n<\/div>\n<\/div>\n<\/div>\n\n","protected":false},"excerpt":{"rendered":"","protected":false},"author":1,"featured_media":0,"parent":0,"menu_order":0,"comment_status":"closed","ping_status":"closed","template":"","meta":{"footnotes":""},"class_list":["post-7898","page","type-page","status-publish","hentry"],"_links":{"self":[{"href":"https:\/\/unipungue.ac.mz\/index.php?rest_route=\/wp\/v2\/pages\/7898","targetHints":{"allow":["GET"]}}],"collection":[{"href":"https:\/\/unipungue.ac.mz\/index.php?rest_route=\/wp\/v2\/pages"}],"about":[{"href":"https:\/\/unipungue.ac.mz\/index.php?rest_route=\/wp\/v2\/types\/page"}],"author":[{"embeddable":true,"href":"https:\/\/unipungue.ac.mz\/index.php?rest_route=\/wp\/v2\/users\/1"}],"replies":[{"embeddable":true,"href":"https:\/\/unipungue.ac.mz\/index.php?rest_route=%2Fwp%2Fv2%2Fcomments&post=7898"}],"version-history":[{"count":8,"href":"https:\/\/unipungue.ac.mz\/index.php?rest_route=\/wp\/v2\/pages\/7898\/revisions"}],"predecessor-version":[{"id":7950,"href":"https:\/\/unipungue.ac.mz\/index.php?rest_route=\/wp\/v2\/pages\/7898\/revisions\/7950"}],"wp:attachment":[{"href":"https:\/\/unipungue.ac.mz\/index.php?rest_route=%2Fwp%2Fv2%2Fmedia&parent=7898"}],"curies":[{"name":"wp","href":"https:\/\/api.w.org\/{rel}","templated":true}]}}