{"id":7901,"date":"2024-05-13T08:22:51","date_gmt":"2024-05-13T08:22:51","guid":{"rendered":"http:\/\/102.67.191.105\/?page_id=7901"},"modified":"2024-05-13T14:37:59","modified_gmt":"2024-05-13T14:37:59","slug":"departamentos-e-reparticoes-administrativas","status":"publish","type":"page","link":"https:\/\/unipungue.ac.mz\/?page_id=7901","title":{"rendered":"Departamentos e Reparti\u00e7\u00f5es Administrativas"},"content":{"rendered":"<style type=\"text\/css\"> \n#cmsmasters_row_6a0464f9dd56f0_70376390 .cmsmasters_row_outer_parent { \n\tpadding-top: 0px; \n} \n\n#cmsmasters_row_6a0464f9dd56f0_70376390 .cmsmasters_row_outer_parent { \n\tpadding-bottom: 50px; \n} \n\n<\/style><div id=\"cmsmasters_row_6a0464f9dd56f0_70376390\" class=\"cmsmasters_row cmsmasters_color_scheme_default mt-40 cmsmasters_row_top_default cmsmasters_row_bot_default cmsmasters_row_boxed\">\n<div class=\"cmsmasters_row_outer_parent\">\n<div class=\"cmsmasters_row_outer\">\n<div class=\"cmsmasters_row_inner\">\n<div class=\"cmsmasters_row_margin\">\n<div class=\"cmsmasters_column one_first\">\n<div class=\"cmsmasters_tabs tabs_mode_tour tabs_pos_left\">\n<ul class=\"cmsmasters_tabs_list\">\n<li id=\"cmsmasters_tabs_list_item_6a0464f9dd8743_43753102\" class=\"cmsmasters_tabs_list_item current_tab\">\n<a href=\"#\">\n<span>Departamento de Recursos Humanos<\/span>\n<\/a>\n<\/li><li id=\"cmsmasters_tabs_list_item_6a0464f9ddb992_22565700\" class=\"cmsmasters_tabs_list_item\">\n<a href=\"#\">\n<span>Departamento de Finan\u00e7as<\/span>\n<\/a>\n<\/li><li id=\"cmsmasters_tabs_list_item_6a0464f9ddbf82_59024821\" class=\"cmsmasters_tabs_list_item\">\n<a href=\"#\">\n<span>Departamento de Patrim\u00f3nio<\/span>\n<\/a>\n<\/li><li id=\"cmsmasters_tabs_list_item_6a0464f9ddc3a4_09144669\" class=\"cmsmasters_tabs_list_item\">\n<a href=\"#\">\n<span>Departamento de Servi\u00e7os Sociais<\/span>\n<\/a>\n<\/li><li id=\"cmsmasters_tabs_list_item_6a0464f9ddc740_79650117\" class=\"cmsmasters_tabs_list_item\">\n<a href=\"#\">\n<span>Departamentos de Apoio ao Diretor<\/span>\n<\/a>\n<\/li><\/ul>\n<div class=\"cmsmasters_tabs_wrap\">\n<div id=\"cmsmasters_tab_6a0464f9dd8743_43753102\" class=\"cmsmasters_tab active_tab\">\n<div class=\"cmsmasters_tab_inner\">\n<p><strong>Reparti\u00e7\u00e3o de Administra\u00e7\u00e3o de Pessoal<\/strong><\/p>\n<\/div>\n<\/div><div id=\"cmsmasters_tab_6a0464f9ddb992_22565700\" class=\"cmsmasters_tab\">\n<div class=\"cmsmasters_tab_inner\">\n<p><strong>Reparti\u00e7\u00e3o de Or\u00e7amento Corrente <\/strong><\/p>\n<p><strong>Reparti\u00e7\u00e3o de Receitas Pr\u00f3prias e Tesouraria<\/strong><\/p>\n<\/div>\n<\/div><div id=\"cmsmasters_tab_6a0464f9ddbf82_59024821\" class=\"cmsmasters_tab\">\n<div class=\"cmsmasters_tab_inner\">\n<p><strong>Reparti\u00e7\u00e3o de Gest\u00e3o Patrimonial<\/strong><\/p>\n<p><strong>Reparti\u00e7\u00e3o de Infraestruturas e Manuten\u00e7\u00e3o<\/strong><\/p>\n<\/div>\n<\/div><div id=\"cmsmasters_tab_6a0464f9ddc3a4_09144669\" class=\"cmsmasters_tab\">\n<div class=\"cmsmasters_tab_inner\">\n<p><strong>Reparti\u00e7\u00e3o de Assist\u00eancia Social<\/strong><\/p>\n<p><strong>Reparti\u00e7\u00e3o de Cultura e Desporto Recreativo<\/strong><\/p>\n<\/div>\n<\/div><div id=\"cmsmasters_tab_6a0464f9ddc740_79650117\" class=\"cmsmasters_tab\">\n<div class=\"cmsmasters_tab_inner\">\n<\/div>\n<\/div><\/div>\n<\/div>\n<\/div>\n<\/div>\n<\/div>\n<\/div>\n<\/div>\n<\/div>\n\n","protected":false},"excerpt":{"rendered":"","protected":false},"author":1,"featured_media":0,"parent":0,"menu_order":0,"comment_status":"closed","ping_status":"closed","template":"","meta":{"footnotes":""},"class_list":["post-7901","page","type-page","status-publish","hentry"],"_links":{"self":[{"href":"https:\/\/unipungue.ac.mz\/index.php?rest_route=\/wp\/v2\/pages\/7901","targetHints":{"allow":["GET"]}}],"collection":[{"href":"https:\/\/unipungue.ac.mz\/index.php?rest_route=\/wp\/v2\/pages"}],"about":[{"href":"https:\/\/unipungue.ac.mz\/index.php?rest_route=\/wp\/v2\/types\/page"}],"author":[{"embeddable":true,"href":"https:\/\/unipungue.ac.mz\/index.php?rest_route=\/wp\/v2\/users\/1"}],"replies":[{"embeddable":true,"href":"https:\/\/unipungue.ac.mz\/index.php?rest_route=%2Fwp%2Fv2%2Fcomments&post=7901"}],"version-history":[{"count":5,"href":"https:\/\/unipungue.ac.mz\/index.php?rest_route=\/wp\/v2\/pages\/7901\/revisions"}],"predecessor-version":[{"id":7960,"href":"https:\/\/unipungue.ac.mz\/index.php?rest_route=\/wp\/v2\/pages\/7901\/revisions\/7960"}],"wp:attachment":[{"href":"https:\/\/unipungue.ac.mz\/index.php?rest_route=%2Fwp%2Fv2%2Fmedia&parent=7901"}],"curies":[{"name":"wp","href":"https:\/\/api.w.org\/{rel}","templated":true}]}}