{"id":8208,"date":"2024-07-15T11:05:47","date_gmt":"2024-07-15T11:05:47","guid":{"rendered":"http:\/\/102.67.191.105\/?page_id=8208"},"modified":"2024-07-15T12:46:03","modified_gmt":"2024-07-15T12:46:03","slug":"denuncias","status":"publish","type":"page","link":"https:\/\/unipungue.ac.mz\/?page_id=8208","title":{"rendered":"Den\u00fancias"},"content":{"rendered":"<style type=\"text\/css\"> \n#cmsmasters_row_69d8d13b6741f1_05809142 .cmsmasters_row_outer_parent { \n\tpadding-top: 70px; \n} \n\n#cmsmasters_row_69d8d13b6741f1_05809142 .cmsmasters_row_outer_parent { \n\tpadding-bottom: 50px; \n} \n\n \n#cmsmasters_heading_69d8d13b675ea3_49435075 { \n\ttext-align:left; \n\tmargin-top:0px; \n\tmargin-bottom:0px; \n} \n\n#cmsmasters_heading_69d8d13b675ea3_49435075 .cmsmasters_heading { \n\ttext-align:left; \n} \n\n#cmsmasters_heading_69d8d13b675ea3_49435075 .cmsmasters_heading, #cmsmasters_heading_69d8d13b675ea3_49435075 .cmsmasters_heading a { \n\tfont-weight:normal; \n\tfont-style:normal; \n} \n\n#cmsmasters_heading_69d8d13b675ea3_49435075 .cmsmasters_heading_divider { \n} \n\n \n#cmsmasters_row_69d8d13b678e17_62768892 .cmsmasters_row_outer_parent { \n\tpadding-top: 0px; \n} \n\n \n#cmsmasters_row_69d8d13b680561_86200337 .cmsmasters_row_outer_parent { \n\tpadding-top: 0px; \n} \n\n#cmsmasters_row_69d8d13b680561_86200337 .cmsmasters_row_outer_parent { \n\tpadding-bottom: 0px; \n} \n\n \n#cmsmasters_divider_69d8d13b681f14_31088870 { \n\tborder-bottom-width:1px; \n\tborder-bottom-style:solid; \n\tpadding-top:50px; \n\tmargin-bottom:50px; \n} \n \n#cmsmasters_row_69d8d13b682484_70425222 .cmsmasters_row_outer_parent { \n\tpadding-top: 0px; \n} \n\n#cmsmasters_row_69d8d13b682484_70425222 .cmsmasters_row_outer_parent { \n\tpadding-bottom: 50px; \n} \n\n<\/style><div id=\"cmsmasters_row_69d8d13b6741f1_05809142\" class=\"cmsmasters_row cmsmasters_color_scheme_default cmsmasters_row_top_default cmsmasters_row_bot_default cmsmasters_row_boxed\">\n<div class=\"cmsmasters_row_outer_parent\">\n<div class=\"cmsmasters_row_outer\">\n<div class=\"cmsmasters_row_inner\">\n<div class=\"cmsmasters_row_margin\">\n<div class=\"cmsmasters_column one_first\">\n\n<div id=\"cmsmasters_heading_69d8d13b675ea3_49435075\" class=\"cmsmasters_heading_wrap cmsmasters_heading_align_left\">\n\t<h1 class=\"cmsmasters_heading\">ASS\u00c9DIO SEXUAL NA UNIVERSIDADE P\u00daNGU\u00c8<\/h1>\n<\/div>\n<\/div>\n<\/div>\n<\/div>\n<\/div>\n<\/div>\n<\/div>\n<div id=\"cmsmasters_row_69d8d13b678e17_62768892\" class=\"cmsmasters_row cmsmasters_color_scheme_default cmsmasters_row_top_default cmsmasters_row_bot_default cmsmasters_row_boxed\">\n<div class=\"cmsmasters_row_outer_parent\">\n<div class=\"cmsmasters_row_outer\">\n<div class=\"cmsmasters_row_inner\">\n<div class=\"cmsmasters_row_margin\">\n<div class=\"cmsmasters_column one_first\">\n<div class=\"cmsmasters_text\">\n<p><strong>Como denunciar ass\u00e9dio na universidade?<\/strong><\/p>\n<p>Antes de formalizar uma den\u00fancia, \u00e9 recomend\u00e1vel que a v\u00edtima anote tudo o que for poss\u00edvel, relatando detalhes, como dia, local, nome dos envolvidos que possam ter presenciado a situa\u00e7\u00e3o. Re\u00fana todas as provas, tais como grava\u00e7\u00f5es, fotos, e-mails, bilhetes, presentes e testemunhas. Isso tudo ser\u00e1 importante na hora de relatar a den\u00fancia.<\/p>\n<p><strong>O que fazer se estiver sendo assediada?<\/strong><\/p>\n<p>\u00c9 necess\u00e1rio romper o ciclo do sil\u00eancio, mas denunciar nunca \u00e9 f\u00e1cil. Nesse processo, \u00e9 fundamental a v\u00edtima falar com algu\u00e9m de confian\u00e7a, e buscar rede de apoio nas organiza\u00e7\u00f5es estudantis <em>(associa\u00e7\u00e3o dos estudantes) <\/em>ou coletivos feministas da universidade <em>(Gabinete de Unidade de G\u00e9nero).<\/em><\/p>\n<p><strong>Registo<\/strong><\/p>\n<p>Recebida a den\u00fancia em qualquer dos pontos abaixo mencionados, a denuncia ser\u00e1 registada, o registo no m\u00ednimo dever\u00e1 explorar as seguintes quest\u00f5es; quando, quem, onde, como, prova documental ou testemunhal se poss\u00edvel nesta fase, data, o n\u00famero de documentos juntos e o nome do requerente.<\/p>\n<p>O registo \u00e0 princ\u00edpio dever\u00e1 conter um n\u00famero sequencial que passar\u00e1 a ser usado para identificar o processo em substitui\u00e7\u00e3o do nome do denunciante e a pessoa de contacto deve informar ao denunciante<a id=\"note1\" href=\"#ref1\">[1]<\/a> sobre os procedimentos subsequente \u00e0 den\u00fancia; reconhecimento, pr\u00e9-avalia\u00e7\u00e3o e avalia\u00e7\u00e3o.<\/p>\n<p>A apresenta\u00e7\u00e3o de den\u00fancia, qualquer que seja o modo por que se efectue, \u00e9 sempre objecto de registo.<\/p>\n<p>O registo pode ser anotado nas den\u00fancias, mediante a indica\u00e7\u00e3o do respectivo n\u00famero e data, com a rubrica do funcion\u00e1rio ou agente que a ele procedeu.<\/p>\n<p><strong>Reconhecimento<\/strong><\/p>\n<p>O reconhecimento consiste na assinatura do registo da den\u00fancia como reconhecimento formal da den\u00fancia, a assinatura corresponde ao consentimento informado por parte da\/o denunciante.<\/p>\n<p>Os denunciantes receber\u00e3o um reconhecimento formal (escrito ou verbal).<\/p>\n<p>Ap\u00f3s assinatura, o denunciante recebera uma c\u00f3pia do registo da den\u00fancia, datado e assinado.<\/p>\n<p>No acto de reconhecimento o denunciante deve ser informado e de forma detalhada sobre; as fases processuais subsequentes, a confidencialidade que norteia a tramita\u00e7\u00e3o da den\u00fancia.<\/p>\n<p>Recebida a <strong>den\u00fancia por telefone<\/strong> para al\u00e9m do reconhecimento poder ser feito pela mesma via pode ser feita presencialmente marcando a pessoa de contacto o dia, hora, local para a assinatura e entrega da c\u00f3pia do registo da den\u00fancia e explicar as fases subsequentes ao reconhecimento formal da den\u00fancia.<\/p>\n<p>Quando recebida a <strong>den\u00fancia por email <\/strong>a pessoa de contacto deve acusar a recep\u00e7\u00e3o com promessa de registar a den\u00fancia 48 horas ap\u00f3s o envio do registo serve de reconhecimento.<\/p>\n<p>Quando recebida nas <strong>caixas de reclama\u00e7\u00f5es<\/strong> s\u00e3o abertas uma vez por semana na presen\u00e7a do respons\u00e1vel e dos outros intervenientes, registar e reconhecer por telefone ou presencialmente a den\u00fancia aos denunciantes. Quem quiser usar este ponto de den\u00fancia dever\u00e1 disponibilizar o contacto para fins de reconhecimento presencial da den\u00fancia caso seja seguro.<\/p>\n<p><strong>Den\u00fancias apresentadas nas reuni\u00f5es<\/strong> s\u00e3o registadas e reconhecidas no mesmo dia.<\/p>\n<p><strong>Pr\u00e9-avalia\u00e7\u00e3o<\/strong><\/p>\n<p>Ap\u00f3s o registo pelo receptor, este num intervalo de 24 horas encaminha para o coordenador do plano que este \u00faltimo far\u00e1 o reconhecimento e uma pr\u00e9 analise, selec\u00e7\u00e3o e separa\u00e7\u00e3o das den\u00fancias em <strong>Reclama\u00e7\u00e3o<\/strong> e <strong>Den\u00fancia<\/strong> ou seja a pr\u00e9-avalia\u00e7\u00e3o culmina com a separa\u00e7\u00e3o da <strong>Den\u00fancia<\/strong> e <strong>Reclama\u00e7\u00e3o <\/strong>do total das den\u00fancias apresentadas<\/p>\n<p><strong>Avalia\u00e7\u00e3o<\/strong><\/p>\n<p>uma avalia\u00e7\u00e3o conjunta das reclama\u00e7\u00f5es e den\u00fancias \u00e9 realizada pelo conselho avaliativo: <strong>nomeados pelo Reitor<\/strong>. A fase de a avalia\u00e7\u00e3o \u00e9 feita semanalmente dependendo da demanda.<\/p>\n<p><strong>A Avalia\u00e7\u00e3o culmina com:<\/strong><\/p>\n<ul>\n<li>Despacho de nomea\u00e7\u00e3o de Instrutor que equivale a abertura do processo disciplinar<br \/>\n<a id=\"note2\" href=\"#ref2\">[2]<\/a> nos termos do EGFAE;<\/li>\n<li>encaminhamento das reclama\u00e7\u00f5es, aos departamentos relacionados com o caso para resolu\u00e7\u00e3o, mediante di\u00e1logo e media\u00e7\u00e3o quando ao caso couber,<\/li>\n<li>Abertura de inqu\u00e9rito;<\/li>\n<li>Encaminhar ao Digno Representante do Minist\u00e9rio Publico, tratando-se de crimes de natureza p\u00fablica nos termos do art.160\u00b0 do CP; (tratando de uma Den\u00fancia de Corrup\u00e7\u00e3o). e quanto a Den\u00fancia inerente ao crime de Ass\u00e9dio Sexual e discrimina\u00e7\u00e3o de g\u00e9neros que ocorra no seio acad\u00e9mico ter\u00e1 um tratamento diferenciado, por ser de natureza particular, s\u00f3 com o consentimento da v\u00edtima.<\/li>\n<li>Marca\u00e7\u00e3o de entrevista com o reclamante ou denunciante, quando necess\u00e1rio.<\/li>\n<\/ul>\n<p>Ao encaminhar os casos sempre que se mostrar necess\u00e1rio ser\u00e3o implementadas salvaguardas necess\u00e1rias \u00e0 v\u00edtima.<\/p>\n<p><strong>Incentivos a den\u00fancia e as Salvaguardas a v\u00edtima, denunciantes e testemunhas.<\/strong><\/p>\n<p>Em geral o medo de sofrer repres\u00e1lias e a desconfian\u00e7a de que a den\u00fancia ser\u00e1 efectivamente analisada faz com que grande parte dos estudantes universit\u00e1rios relevem a corrup\u00e7\u00e3o, o ass\u00e9dio sexual a discrimina\u00e7\u00e3o de g\u00e9nero sofrido ou presenciado.<\/p>\n<p>Para garantir a materializa\u00e7\u00e3o do presente sub t\u00edtulo ser\u00e3o realizadas, entre outras, as seguintes<br \/>\n<strong>ac\u00e7\u00f5es<\/strong>:<\/p>\n<p><strong>a) Oferecer mecanismos de protec\u00e7\u00e3o a v\u00edtima; salvaguardas internas para as v\u00edtimas denunciantes, testemunhas<\/strong> tais como<strong>:<\/strong><\/p>\n<ul>\n<li>Quando apresentem<br \/>\n<strong>traumas<\/strong>, apurado na primeira entrevista, acompanhamento<br \/>\n<strong>psicol\u00f3gico<\/strong> das v\u00edtimas de ass\u00e9dio sexual.<\/li>\n<li><strong>Den\u00fancia codificada<\/strong> desde o in\u00edcio at\u00e9 ao fim do processo disciplinar, podendo ser revelada a identidade da\/o denunciante em caso de encaminhamento e quando necess\u00e1rio sejam aplic\u00e1veis as salvaguardas necess\u00e1rias.<\/li>\n<\/ul>\n<p><strong>Garantir a confidencialidade,<\/strong> todos intervenientes do plano de ac\u00e7\u00e3o, devem respeitar a confidencialidade dos denunciantes, testemunhas e outras partes interessadas, a fim de proteger a privacidade e a prote\u00e7\u00e3o contra retalia\u00e7\u00e3o e r\u00e9-vitimiza\u00e7\u00e3o. \u00a0Protocolos espec\u00edficos de confidencialidade ser\u00e3o implementados para cada den\u00fancia, conforme necess\u00e1rio;<\/p>\n<p><strong>Comiss\u00e3o de preven\u00e7\u00e3o e enfrentamento<\/strong> que reflita sobre tudo em torno dos meios adequados (workshops, capacita\u00e7\u00e3o dos docentes, palestras, teatros, semin\u00e1rios) de modo a garantir que a comunidade acad\u00e9mica, adopte procedimentos necess\u00e1rios nos casos de ass\u00e9dio sexual, discrimina\u00e7\u00e3o de g\u00e9nero e corrup\u00e7\u00e3o de forma efectiva.<\/p>\n<p>A comiss\u00e3o \u00e9 constitu\u00edda por dois membros do Conselho de Direc\u00e7\u00e3o (sendo departamento de avalia\u00e7\u00e3o reparti\u00e7\u00e3o de pol\u00edtica institucional, Departamento de educa\u00e7\u00e3o e psicologia) e <strong>seis membros<\/strong> da comunidade acad\u00e9mica que tratam de mat\u00e9rias como:<\/p>\n<p>a) dissuas\u00e3o contra falsas den\u00fancias<\/p>\n<p>b) Permiss\u00e3o de recep\u00e7\u00e3o de den\u00fancias anonimas;<\/p>\n<p>c) Isen\u00e7\u00e3o da taxa de revis\u00e3o exame;<\/p>\n<p>d) Firmar quando necess\u00e1rias parcerias com institui\u00e7\u00f5es de relevante m\u00e9rito concernente \u00e0 investiga\u00e7\u00e3o criminal facto aliado ao princ\u00edpio do inquisit\u00f3rio quase inexistente no processo disciplinar;<\/p>\n<p>e) N\u00e3o e permitido acarea\u00e7\u00e3o;<\/p>\n<p>f) Aos membros intervenientes do plano ser-lhe-\u00e1 aplic\u00e1vel a escusa ou suspens\u00e3o nos termos gerais EGFAE, Lei de Probidade Publica. De modo que se garanta a, imparcialidade transpar\u00eancia em todas as fases do plano de ac\u00e7\u00e3o.<\/p>\n<p>g) Mecanismos de resposta r\u00e1pida no caso de amea\u00e7a dos intervenientes processuais.<\/p>\n<p>h) Em caso extremo a atribui\u00e7\u00e3o de nota administrativa ou outras formas de exame.<\/p>\n<p><strong>Pontos de den\u00fancia<\/strong><\/p>\n<table>\n<tbody>\n<tr>\n<td width=\"30\">N<br \/>\n<sup>o<\/sup><\/td>\n<td width=\"386\"><strong>Pontos de Den\u00fancia<\/strong><\/td>\n<td width=\"208\"><strong>Contactos<\/strong><\/td>\n<\/tr>\n<tr>\n<td width=\"30\">1<\/td>\n<td width=\"386\">Linha\u00a0direta de telefone\u00a0&#8211;<br \/>\n<em>Linha Verde<br \/>\n<a id=\"note2\" href=\"#ref3\">[3]<\/a><br \/>\n<\/em><\/td>\n<td width=\"208\">840186573<br \/>\n<a id=\"note4\" href=\"#ref4\" name=\"_ftnref2\">[4]<\/a><\/td>\n<\/tr>\n<tr>\n<td width=\"30\">2<\/td>\n<td width=\"386\">Email<\/td>\n<td width=\"208\">gabinetejuridico@unipungue.ac.mz<\/td>\n<\/tr>\n<tr>\n<td width=\"30\">3<\/td>\n<td width=\"386\">Comiss\u00e3o de \u00e9tica<\/td>\n<td width=\"208\">Composto por estudantes e funcion\u00e1rios da universidade de confian\u00e7a.<\/td>\n<\/tr>\n<tr>\n<td width=\"30\">4<\/td>\n<td width=\"386\">Caixas de Reclama\u00e7\u00e3o<\/td>\n<td width=\"208\">Colocadas em todos os cantos do campus Universit\u00e1rio<\/td>\n<\/tr>\n<tr>\n<td width=\"30\">5<\/td>\n<td width=\"386\">Focal point do Gabinete Jur\u00eddico<\/td>\n<td width=\"208\">Gabinete Jur\u00eddico<\/td>\n<\/tr>\n<\/tbody>\n<\/table>\n<\/div>\n<\/div>\n<\/div>\n<\/div>\n<\/div>\n<\/div>\n<\/div>\n<div id=\"cmsmasters_row_69d8d13b680561_86200337\" class=\"cmsmasters_row cmsmasters_color_scheme_default cmsmasters_row_top_default cmsmasters_row_bot_default cmsmasters_row_boxed\">\n<div class=\"cmsmasters_row_outer_parent\">\n<div class=\"cmsmasters_row_outer\">\n<div class=\"cmsmasters_row_inner\">\n<div class=\"cmsmasters_row_margin\">\n<div class=\"cmsmasters_column one_first\">\n\n<div id=\"cmsmasters_divider_69d8d13b681f14_31088870\" class=\"cmsmasters_divider cmsmasters_divider_width_long cmsmasters_divider_pos_center\"><\/div>\n<\/div>\n<\/div>\n<\/div>\n<\/div>\n<\/div>\n<\/div>\n<div id=\"cmsmasters_row_69d8d13b682484_70425222\" class=\"cmsmasters_row cmsmasters_color_scheme_default cmsmasters_row_top_default cmsmasters_row_bot_default cmsmasters_row_boxed\">\n<div class=\"cmsmasters_row_outer_parent\">\n<div class=\"cmsmasters_row_outer\">\n<div class=\"cmsmasters_row_inner\">\n<div class=\"cmsmasters_row_margin\">\n<div class=\"cmsmasters_column one_first\">\n<div class=\"cmsmasters_text\">\n<p><a id=\"ref1\" href=\"#note1\">[1]<\/a> Com excep\u00e7\u00e3o as apresentadas nas caixas de reclama\u00e7\u00e3o<\/p>\n<p><a id=\"ref2\" href=\"#note2\">[2]<\/a> Nos termos do art. 9\u00b0 da lei do Ensino superior aprovado pela lei n\u00b0 LEI N\u00ba 27\/2009, DE 29 de setembro as IES gozam de autonomia disciplinar que consiste no poder disciplinar sobre infrac\u00e7\u00f5es praticadas por docentes, investigadores, discentes, corpo t\u00e9cnico e administrativo e demais pessoais.<\/p>\n<p><a id=\"ref3\" href=\"#note3\">[3]<\/a> Chamadas Gr\u00e1tis<\/p>\n<p><a id=\"ref4\" href=\"#note4\">[4]<\/a> Tamb\u00e9m desp\u00f5e do aplicativo WhatsApp<\/p>\n<\/div>\n<\/div>\n<\/div>\n<\/div>\n<\/div>\n<\/div>\n<\/div>\n\n","protected":false},"excerpt":{"rendered":"","protected":false},"author":1,"featured_media":0,"parent":0,"menu_order":0,"comment_status":"closed","ping_status":"closed","template":"","meta":{"footnotes":""},"class_list":["post-8208","page","type-page","status-publish","hentry"],"_links":{"self":[{"href":"https:\/\/unipungue.ac.mz\/index.php?rest_route=\/wp\/v2\/pages\/8208","targetHints":{"allow":["GET"]}}],"collection":[{"href":"https:\/\/unipungue.ac.mz\/index.php?rest_route=\/wp\/v2\/pages"}],"about":[{"href":"https:\/\/unipungue.ac.mz\/index.php?rest_route=\/wp\/v2\/types\/page"}],"author":[{"embeddable":true,"href":"https:\/\/unipungue.ac.mz\/index.php?rest_route=\/wp\/v2\/users\/1"}],"replies":[{"embeddable":true,"href":"https:\/\/unipungue.ac.mz\/index.php?rest_route=%2Fwp%2Fv2%2Fcomments&post=8208"}],"version-history":[{"count":15,"href":"https:\/\/unipungue.ac.mz\/index.php?rest_route=\/wp\/v2\/pages\/8208\/revisions"}],"predecessor-version":[{"id":8224,"href":"https:\/\/unipungue.ac.mz\/index.php?rest_route=\/wp\/v2\/pages\/8208\/revisions\/8224"}],"wp:attachment":[{"href":"https:\/\/unipungue.ac.mz\/index.php?rest_route=%2Fwp%2Fv2%2Fmedia&parent=8208"}],"curies":[{"name":"wp","href":"https:\/\/api.w.org\/{rel}","templated":true}]}}