{"id":8338,"date":"2024-08-01T11:13:31","date_gmt":"2024-08-01T11:13:31","guid":{"rendered":"http:\/\/unipungue.ac.mz\/?page_id=8338"},"modified":"2026-04-14T12:33:56","modified_gmt":"2026-04-14T12:33:56","slug":"masoko-boletim-informativo-da-universidade-pungue","status":"publish","type":"page","link":"https:\/\/unipungue.ac.mz\/?page_id=8338","title":{"rendered":"MASOKO &#8211; Boletim Informativo da Universidade P\u00fangu\u00e8"},"content":{"rendered":"<style type=\"text\/css\"> \n#cmsmasters_row_6a046519700ea8_93443326 .cmsmasters_row_outer_parent { \n\tpadding-top: 0px; \n} \n\n#cmsmasters_row_6a046519700ea8_93443326 .cmsmasters_row_outer_parent { \n\tpadding-bottom: 50px; \n} \n\n \n#cmsmasters_heading_6a046519701e68_71799118 { \n\ttext-align:left; \n\tmargin-top:50px; \n\tmargin-bottom:20px; \n} \n\n#cmsmasters_heading_6a046519701e68_71799118 .cmsmasters_heading { \n\ttext-align:left; \n} \n\n#cmsmasters_heading_6a046519701e68_71799118 .cmsmasters_heading, #cmsmasters_heading_6a046519701e68_71799118 .cmsmasters_heading a { \n\tfont-weight:normal; \n\tfont-style:normal; \n} \n\n#cmsmasters_heading_6a046519701e68_71799118 .cmsmasters_heading_divider { \n} \n\n \n#cmsmasters_row_6a0465197028c6_21995670 .cmsmasters_row_outer_parent { \n\tpadding-top: 0px; \n} \n\n#cmsmasters_row_6a0465197028c6_21995670 .cmsmasters_row_outer_parent { \n\tpadding-bottom: 50px; \n} \n\n \n#cmsmasters_icon_list_items_6a04651971cc69_26513822.cmsmasters_icon_list_items .cmsmasters_icon_list_item:before { \n\tleft:49.5px; \n\ttop:100px; \n} \n#cmsmasters_icon_list_items_6a04651971cc69_26513822.cmsmasters_icon_list_type_block .cmsmasters_icon_list_item:before { \n\twidth:1px; \n} \n\n#cmsmasters_icon_list_items_6a04651971cc69_26513822 .cmsmasters_icon_list_icon { \n\twidth:100px; \n\theight:100px; \n\t-webkit-border-radius:50%; \n\tborder-radius:50%; \n} \n\n#cmsmasters_icon_list_items_6a04651971cc69_26513822 .cmsmasters_icon_list_icon:before { \n\tfont-size:30px; \n\tline-height:100px; \n} \n\n#cmsmasters_icon_list_items_6a04651971cc69_26513822 .cmsmasters_icon_list_icon:after { \n\tborder-width:10px; \n\twidth:102px; \n\theight:102px; \n\t-webkit-border-radius:50%; \n\tborder-radius:50%; \n} \n\n.cmsmasters_icon_list_items.cmsmasters_color_type_border #cmsmasters_icon_list_item_6a04651971e131_28531734:hover .cmsmasters_icon_list_icon:after { \n\tborder-color:transparent; \n\tborder-width:0; \n} \n\n.cmsmasters_icon_list_items.cmsmasters_color_type_border #cmsmasters_icon_list_item_6a04651971e7e7_55818155:hover .cmsmasters_icon_list_icon:after { \n\tborder-color:transparent; \n\tborder-width:0; \n} \n\n.cmsmasters_icon_list_items.cmsmasters_color_type_border #cmsmasters_icon_list_item_6a04651971eb98_98727113:hover .cmsmasters_icon_list_icon:after { \n\tborder-color:transparent; \n\tborder-width:0; \n} \n\n.cmsmasters_icon_list_items.cmsmasters_color_type_border #cmsmasters_icon_list_item_6a04651971eea3_63114123:hover .cmsmasters_icon_list_icon:after { \n\tborder-color:transparent; \n\tborder-width:0; \n} \n\n.cmsmasters_icon_list_items.cmsmasters_color_type_border #cmsmasters_icon_list_item_6a04651971f178_91849102:hover .cmsmasters_icon_list_icon:after { \n\tborder-color:transparent; \n\tborder-width:0; \n} \n\n.cmsmasters_icon_list_items.cmsmasters_color_type_border #cmsmasters_icon_list_item_6a04651971f416_92008020:hover .cmsmasters_icon_list_icon:after { \n\tborder-color:transparent; \n\tborder-width:0; \n} \n\n.cmsmasters_icon_list_items.cmsmasters_color_type_border #cmsmasters_icon_list_item_6a04651971f792_11509021:hover .cmsmasters_icon_list_icon:after { \n\tborder-color:transparent; \n\tborder-width:0; \n} \n\n.cmsmasters_icon_list_items.cmsmasters_color_type_border #cmsmasters_icon_list_item_6a04651971fa31_05018653:hover .cmsmasters_icon_list_icon:after { \n\tborder-color:transparent; \n\tborder-width:0; \n} \n\n.cmsmasters_icon_list_items.cmsmasters_color_type_border #cmsmasters_icon_list_item_6a04651971fdf0_52473502:hover .cmsmasters_icon_list_icon:after { \n\tborder-color:transparent; \n\tborder-width:0; \n} \n<\/style><div id=\"cmsmasters_row_6a046519700ea8_93443326\" class=\"cmsmasters_row cmsmasters_color_scheme_default cmsmasters_row_top_default cmsmasters_row_bot_default cmsmasters_row_boxed\">\n<div class=\"cmsmasters_row_outer_parent\">\n<div class=\"cmsmasters_row_outer\">\n<div class=\"cmsmasters_row_inner\">\n<div class=\"cmsmasters_row_margin\">\n<div class=\"cmsmasters_column one_first\">\n\n<div id=\"cmsmasters_heading_6a046519701e68_71799118\" class=\"cmsmasters_heading_wrap cmsmasters_heading_align_left\">\n\t<h1 class=\"cmsmasters_heading\">\u00daltimas Edi\u00e7\u00f5es<\/h1>\n<\/div>\n<\/div>\n<\/div>\n<\/div>\n<\/div>\n<\/div>\n<\/div>\n<div id=\"cmsmasters_row_6a0465197028c6_21995670\" class=\"cmsmasters_row cmsmasters_color_scheme_default cmsmasters_row_top_default cmsmasters_row_bot_default cmsmasters_row_boxed\">\n<div class=\"cmsmasters_row_outer_parent\">\n<div class=\"cmsmasters_row_outer\">\n<div class=\"cmsmasters_row_inner\">\n<div class=\"cmsmasters_row_margin\">\n<div class=\"cmsmasters_column one_first\">\n \n<ul id=\"cmsmasters_icon_list_items_6a04651971cc69_26513822\" class=\"cmsmasters_icon_list_items cmsmasters_icon_list_type_block cmsmasters_icon_list_pos_left cmsmasters_color_type_border\"><li id=\"cmsmasters_icon_list_item_6a04651971e131_28531734\" class=\"cmsmasters_icon_list_item\">\n<div class=\"cmsmasters_icon_list_item_inner\">\n<div class=\"cmsmasters_icon_list_icon_wrap\">\n<span class=\"cmsmasters_icon_list_icon cmsmasters-icon-book-2\"><\/span>\n<\/div>\n<div class=\"cmsmasters_icon_list_item_content\">\n<h4 class=\"cmsmasters_icon_list_item_title\">MASOKO Edi\u00e7\u00e3o XIV<\/h4>\n<div class=\"cmsmasters_icon_list_item_text\">\n<p><a href=\"https:\/\/unipungue.ac.mz\/wp-content\/uploads\/2026\/04\/MASOKO-XIV.pdf\" target=\"_blank\" rel=\"noopener\">Ler a publica\u00e7\u00e3o<\/a><\/p>\n<\/div>\n<\/div>\n<\/div>\n<\/li><li id=\"cmsmasters_icon_list_item_6a04651971e7e7_55818155\" class=\"cmsmasters_icon_list_item\">\n<div class=\"cmsmasters_icon_list_item_inner\">\n<div class=\"cmsmasters_icon_list_icon_wrap\">\n<span class=\"cmsmasters_icon_list_icon cmsmasters-icon-book-2\"><\/span>\n<\/div>\n<div class=\"cmsmasters_icon_list_item_content\">\n<h4 class=\"cmsmasters_icon_list_item_title\">MASOKO Edi\u00e7\u00e3o XIII<\/h4>\n<div class=\"cmsmasters_icon_list_item_text\">\n<p><a href=\"https:\/\/www.calameo.com\/books\/006380105d2e800e55b66\" target=\"_blank\" rel=\"noopener\">Ler a publica\u00e7\u00e3o<\/a><\/p>\n<\/div>\n<\/div>\n<\/div>\n<\/li><li id=\"cmsmasters_icon_list_item_6a04651971eb98_98727113\" class=\"cmsmasters_icon_list_item\">\n<div class=\"cmsmasters_icon_list_item_inner\">\n<div class=\"cmsmasters_icon_list_icon_wrap\">\n<span class=\"cmsmasters_icon_list_icon cmsmasters-icon-book-2\"><\/span>\n<\/div>\n<div class=\"cmsmasters_icon_list_item_content\">\n<h4 class=\"cmsmasters_icon_list_item_title\">MASOKO Edi\u00e7\u00e3o XII<\/h4>\n<div class=\"cmsmasters_icon_list_item_text\">\n<p><a href=\"https:\/\/www.calameo.com\/books\/0063801059c789c876ea7\" target=\"_blank\" rel=\"noopener\">Ler a publica\u00e7\u00e3o<\/a><\/p>\n<\/div>\n<\/div>\n<\/div>\n<\/li><li id=\"cmsmasters_icon_list_item_6a04651971eea3_63114123\" class=\"cmsmasters_icon_list_item\">\n<div class=\"cmsmasters_icon_list_item_inner\">\n<div class=\"cmsmasters_icon_list_icon_wrap\">\n<span class=\"cmsmasters_icon_list_icon cmsmasters-icon-book-2\"><\/span>\n<\/div>\n<div class=\"cmsmasters_icon_list_item_content\">\n<h4 class=\"cmsmasters_icon_list_item_title\">MASOKO Edi\u00e7\u00e3o XI<\/h4>\n<div class=\"cmsmasters_icon_list_item_text\">\n<p><a href=\"https:\/\/www.calameo.com\/books\/006380105e2c12d912ddf\" target=\"_blank\" rel=\"noopener\">Ler a publica\u00e7\u00e3o<\/a><\/p>\n<\/div>\n<\/div>\n<\/div>\n<\/li><li id=\"cmsmasters_icon_list_item_6a04651971f178_91849102\" class=\"cmsmasters_icon_list_item\">\n<div class=\"cmsmasters_icon_list_item_inner\">\n<div class=\"cmsmasters_icon_list_icon_wrap\">\n<span class=\"cmsmasters_icon_list_icon cmsmasters-icon-book-2\"><\/span>\n<\/div>\n<div class=\"cmsmasters_icon_list_item_content\">\n<h4 class=\"cmsmasters_icon_list_item_title\">MASOKO Edi\u00e7\u00e3o IX<\/h4>\n<div class=\"cmsmasters_icon_list_item_text\">\n<p><a href=\"https:\/\/www.calameo.com\/books\/0063801054b10d8cf65cf\" target=\"_blank\" rel=\"noopener\">Ler a publica\u00e7\u00e3o<\/a><\/p>\n<\/div>\n<\/div>\n<\/div>\n<\/li><li id=\"cmsmasters_icon_list_item_6a04651971f416_92008020\" class=\"cmsmasters_icon_list_item\">\n<div class=\"cmsmasters_icon_list_item_inner\">\n<div class=\"cmsmasters_icon_list_icon_wrap\">\n<span class=\"cmsmasters_icon_list_icon cmsmasters-icon-book-2\"><\/span>\n<\/div>\n<div class=\"cmsmasters_icon_list_item_content\">\n<h4 class=\"cmsmasters_icon_list_item_title\">MASOKO Edi\u00e7\u00e3o IV<\/h4>\n<div class=\"cmsmasters_icon_list_item_text\">\n<p><a href=\"https:\/\/www.calameo.com\/books\/00638010508381b3a8296\" target=\"_blank\" rel=\"noopener\">Ler a publica\u00e7\u00e3o<\/a><\/p>\n<\/div>\n<\/div>\n<\/div>\n<\/li><li id=\"cmsmasters_icon_list_item_6a04651971f792_11509021\" class=\"cmsmasters_icon_list_item\">\n<div class=\"cmsmasters_icon_list_item_inner\">\n<div class=\"cmsmasters_icon_list_icon_wrap\">\n<span class=\"cmsmasters_icon_list_icon cmsmasters-icon-book-2\"><\/span>\n<\/div>\n<div class=\"cmsmasters_icon_list_item_content\">\n<h4 class=\"cmsmasters_icon_list_item_title\">MASOKO Edi\u00e7\u00e3o III<\/h4>\n<div class=\"cmsmasters_icon_list_item_text\">\n<p><a href=\"https:\/\/www.calameo.com\/books\/006380105ce37882815f8\" target=\"_blank\" rel=\"noopener\">Ler a publica\u00e7\u00e3o<\/a><\/p>\n<\/div>\n<\/div>\n<\/div>\n<\/li><li id=\"cmsmasters_icon_list_item_6a04651971fa31_05018653\" class=\"cmsmasters_icon_list_item\">\n<div class=\"cmsmasters_icon_list_item_inner\">\n<div class=\"cmsmasters_icon_list_icon_wrap\">\n<span class=\"cmsmasters_icon_list_icon cmsmasters-icon-book-2\"><\/span>\n<\/div>\n<div class=\"cmsmasters_icon_list_item_content\">\n<h4 class=\"cmsmasters_icon_list_item_title\">MASOKO Edi\u00e7\u00e3o II<\/h4>\n<div class=\"cmsmasters_icon_list_item_text\">\n<p><a href=\"https:\/\/www.calameo.com\/books\/00638010515d894c088d3\" target=\"_blank\" rel=\"noopener\">Ler a publica\u00e7\u00e3o<\/a><\/p>\n<\/div>\n<\/div>\n<\/div>\n<\/li><li id=\"cmsmasters_icon_list_item_6a04651971fdf0_52473502\" class=\"cmsmasters_icon_list_item\">\n<div class=\"cmsmasters_icon_list_item_inner\">\n<div class=\"cmsmasters_icon_list_icon_wrap\">\n<span class=\"cmsmasters_icon_list_icon cmsmasters-icon-book-2\"><\/span>\n<\/div>\n<div class=\"cmsmasters_icon_list_item_content\">\n<h4 class=\"cmsmasters_icon_list_item_title\">MASOKO Edi\u00e7\u00e3o I<\/h4>\n<div class=\"cmsmasters_icon_list_item_text\">\n<p><a href=\"https:\/\/www.calameo.com\/books\/0063801058082430e82b6\" target=\"_blank\" rel=\"noopener\">Ler a publica\u00e7\u00e3o<\/a><\/p>\n<\/div>\n<\/div>\n<\/div>\n<\/li><\/ul>\n<\/div>\n<\/div>\n<\/div>\n<\/div>\n<\/div>\n<\/div>\n\n","protected":false},"excerpt":{"rendered":"","protected":false},"author":1,"featured_media":0,"parent":0,"menu_order":0,"comment_status":"closed","ping_status":"closed","template":"","meta":{"footnotes":""},"class_list":["post-8338","page","type-page","status-publish","hentry"],"_links":{"self":[{"href":"https:\/\/unipungue.ac.mz\/index.php?rest_route=\/wp\/v2\/pages\/8338","targetHints":{"allow":["GET"]}}],"collection":[{"href":"https:\/\/unipungue.ac.mz\/index.php?rest_route=\/wp\/v2\/pages"}],"about":[{"href":"https:\/\/unipungue.ac.mz\/index.php?rest_route=\/wp\/v2\/types\/page"}],"author":[{"embeddable":true,"href":"https:\/\/unipungue.ac.mz\/index.php?rest_route=\/wp\/v2\/users\/1"}],"replies":[{"embeddable":true,"href":"https:\/\/unipungue.ac.mz\/index.php?rest_route=%2Fwp%2Fv2%2Fcomments&post=8338"}],"version-history":[{"count":12,"href":"https:\/\/unipungue.ac.mz\/index.php?rest_route=\/wp\/v2\/pages\/8338\/revisions"}],"predecessor-version":[{"id":9345,"href":"https:\/\/unipungue.ac.mz\/index.php?rest_route=\/wp\/v2\/pages\/8338\/revisions\/9345"}],"wp:attachment":[{"href":"https:\/\/unipungue.ac.mz\/index.php?rest_route=%2Fwp%2Fv2%2Fmedia&parent=8338"}],"curies":[{"name":"wp","href":"https:\/\/api.w.org\/{rel}","templated":true}]}}