{"id":8830,"date":"2025-05-26T10:09:28","date_gmt":"2025-05-26T10:09:28","guid":{"rendered":"https:\/\/unipungue.ac.mz\/?page_id=8830"},"modified":"2025-10-14T08:38:22","modified_gmt":"2025-10-14T08:38:22","slug":"direccao-de-editora-e-imprensa-universitaria","status":"publish","type":"page","link":"https:\/\/unipungue.ac.mz\/?page_id=8830","title":{"rendered":"Direc\u00e7\u00e3o de Editora e Imprensa Universit\u00e1ria"},"content":{"rendered":"<style type=\"text\/css\"> \n#cmsmasters_row_69f30c2739eba8_44923430 { \n\tbackground-color:#fbfbfb;\n} \n\n#cmsmasters_row_69f30c2739eba8_44923430 .cmsmasters_row_outer_parent { \n\tpadding-top: 70px; \n} \n\n#cmsmasters_row_69f30c2739eba8_44923430 .cmsmasters_row_outer_parent { \n\tpadding-bottom: 50px; \n} \n\n \n#cmsmasters_heading_69f30c2739f859_95769839 { \n\ttext-align:center; \n\tmargin-top:0px; \n\tmargin-bottom:50px; \n} \n\n#cmsmasters_heading_69f30c2739f859_95769839 .cmsmasters_heading { \n\ttext-align:center; \n} \n\n#cmsmasters_heading_69f30c2739f859_95769839 .cmsmasters_heading, #cmsmasters_heading_69f30c2739f859_95769839 .cmsmasters_heading a { \n\tfont-weight:300; \n\tfont-style:normal; \n} \n\n#cmsmasters_heading_69f30c2739f859_95769839 .cmsmasters_heading_divider { \n} \n\n \n#cmsmasters_row_69f30c273bce32_85855485 .cmsmasters_row_outer_parent { \n\tpadding-top: 0px; \n} \n\n#cmsmasters_row_69f30c273bce32_85855485 .cmsmasters_row_outer_parent { \n\tpadding-bottom: 0px; \n} \n\n#cmsmasters_row_69f30c273bce32_85855485 .cmsmasters_row_inner.cmsmasters_row_fullwidth { \n\tpadding-left:0%; \n} \n#cmsmasters_row_69f30c273bce32_85855485 .cmsmasters_row_inner.cmsmasters_row_fullwidth { \n\tpadding-right:0%; \n} \n \n#cmsmasters_divider_69f30c273bd870_93161146 { \n\tborder-bottom-width:1px; \n\tborder-bottom-style:solid; \n\tpadding-top:0px; \n\tmargin-bottom:0px; \n} \n \n#cmsmasters_row_69f30c273bdb97_53888398 .cmsmasters_row_outer_parent { \n\tpadding-top: 50px; \n} \n\n#cmsmasters_row_69f30c273bdb97_53888398 .cmsmasters_row_outer_parent { \n\tpadding-bottom: 50px; \n} \n\n \n#cmsmasters_heading_69f30c273be4f9_31016318 { \n\ttext-align:center; \n\tmargin-top:0px; \n\tmargin-bottom:50px; \n} \n\n#cmsmasters_heading_69f30c273be4f9_31016318 .cmsmasters_heading { \n\ttext-align:center; \n} \n\n#cmsmasters_heading_69f30c273be4f9_31016318 .cmsmasters_heading, #cmsmasters_heading_69f30c273be4f9_31016318 .cmsmasters_heading a { \n\tfont-weight:300; \n\tfont-style:normal; \n} \n\n#cmsmasters_heading_69f30c273be4f9_31016318 .cmsmasters_heading_divider { \n} \n\n \n#cmsmasters_tabs_list_item_69f30c273bec22_57016517.current_tab:before { \n\tbackground-color:#4f3324;\n} \n\n#cmsmasters_tabs_list_item_69f30c273beed7_54243709.current_tab:before { \n\tbackground-color:#4f3324;\n} \n<\/style><div id=\"cmsmasters_row_69f30c2739eba8_44923430\" class=\"cmsmasters_row cmsmasters_color_scheme_default cmsmasters_row_top_default cmsmasters_row_bot_default cmsmasters_row_boxed\">\n<div class=\"cmsmasters_row_outer_parent\">\n<div class=\"cmsmasters_row_outer\">\n<div class=\"cmsmasters_row_inner\">\n<div class=\"cmsmasters_row_margin\">\n<div class=\"cmsmasters_column one_first\">\n\n<div id=\"cmsmasters_heading_69f30c2739f859_95769839\" class=\"cmsmasters_heading_wrap cmsmasters_heading_align_center\">\n\t<h2 class=\"cmsmasters_heading\"><\/h2>\n<\/div>\n<div id=\"69f30c2739fc29_58549841\" class=\"cmsmasters_profile vertical\">\n\r\n<!-- Start Vertical Profile  -->\r\n\r\n<article id=\"post-8833\" class=\"post-8833 profile type-profile status-publish has-post-thumbnail hentry pl-categs-deiu\">\r\n\t<div class=\"pl_img\">\n<figure>\n<a href=\"https:\/\/unipungue.ac.mz\/?profile=afonso-filipe-joao\"><img loading=\"lazy\" decoding=\"async\" width=\"105\" height=\"102\" src=\"https:\/\/unipungue.ac.mz\/wp-content\/uploads\/2025\/05\/1632528206018.jpg\" class=\"attachment-cmsmasters-square-thumb size-cmsmasters-square-thumb wp-post-image\" alt=\"Prof. Doutor Afonso Filipe Jo\u00e3o\" title=\"Prof. Doutor Afonso Filipe Jo\u00e3o\" \/><\/a><\/figure>\n<\/div>\n<div class=\"pl_content\">\n<h2 class=\"entry-title\">\n<a href=\"https:\/\/unipungue.ac.mz\/?profile=afonso-filipe-joao\">Prof. Doutor Afonso Filipe Jo\u00e3o<\/a>\n<\/h2>\n<div class=\"pl_social\">\n<\/div>\n<\/div>\n<div class=\"entry-content\">\nDirector de Servi\u00e7os Centrais de IES, com coloca\u00e7\u00e3o na Direc\u00e7\u00e3o de Editora e Imprensa Universit\u00e1ria<\/div>\n\t<div class=\"cl\"><\/div>\r\n<\/article>\r\n<!-- Finish Vertical Profile  -->\r\n\r\n<\/div>\n<\/div>\n<\/div>\n<\/div>\n<\/div>\n<\/div>\n<\/div>\n<div id=\"cmsmasters_row_69f30c273bce32_85855485\" class=\"cmsmasters_row cmsmasters_color_scheme_default cmsmasters_row_top_default cmsmasters_row_bot_default cmsmasters_row_fullwidth\">\n<div class=\"cmsmasters_row_outer_parent\">\n<div class=\"cmsmasters_row_outer\">\n<div class=\"cmsmasters_row_inner cmsmasters_row_fullwidth\">\n<div class=\"cmsmasters_row_margin\">\n<div class=\"cmsmasters_column one_first\">\n\n<div id=\"cmsmasters_divider_69f30c273bd870_93161146\" class=\"cmsmasters_divider cmsmasters_divider_width_long cmsmasters_divider_pos_center\"><\/div>\n<\/div>\n<\/div>\n<\/div>\n<\/div>\n<\/div>\n<\/div>\n<div id=\"cmsmasters_row_69f30c273bdb97_53888398\" class=\"cmsmasters_row cmsmasters_color_scheme_default cmsmasters_row_top_default cmsmasters_row_bot_default cmsmasters_row_boxed\">\n<div class=\"cmsmasters_row_outer_parent\">\n<div class=\"cmsmasters_row_outer\">\n<div class=\"cmsmasters_row_inner\">\n<div class=\"cmsmasters_row_margin\">\n<div class=\"cmsmasters_column one_first\">\n<div class=\"cmsmasters_text\">\n<p><\/p>\n<\/div>\n\n<div id=\"cmsmasters_heading_69f30c273be4f9_31016318\" class=\"cmsmasters_heading_wrap cmsmasters_heading_align_center\">\n\t<h4 class=\"cmsmasters_heading\"><\/h4>\n<\/div> \n<div class=\"cmsmasters_tabs tabs_mode_tour tabs_pos_left\">\n<ul class=\"cmsmasters_tabs_list\">\n<li id=\"cmsmasters_tabs_list_item_69f30c273bec22_57016517\" class=\"cmsmasters_tabs_list_item current_tab\">\n<a href=\"#\">\n<span>A<\/span>\n<\/a>\n<\/li><li id=\"cmsmasters_tabs_list_item_69f30c273beed7_54243709\" class=\"cmsmasters_tabs_list_item\">\n<a href=\"#\">\n<span>B<\/span>\n<\/a>\n<\/li><li id=\"cmsmasters_tabs_list_item_69f30c273bf0c0_08424962\" class=\"cmsmasters_tabs_list_item\">\n<a href=\"#\">\n<span>C<\/span>\n<\/a>\n<\/li><\/ul>\n<div class=\"cmsmasters_tabs_wrap\">\n<div id=\"cmsmasters_tab_69f30c273bec22_57016517\" class=\"cmsmasters_tab active_tab\">\n<div class=\"cmsmasters_tab_inner\">\n<\/div>\n<\/div><div id=\"cmsmasters_tab_69f30c273beed7_54243709\" class=\"cmsmasters_tab\">\n<div class=\"cmsmasters_tab_inner\">\n<\/div>\n<\/div><div id=\"cmsmasters_tab_69f30c273bf0c0_08424962\" class=\"cmsmasters_tab\">\n<div class=\"cmsmasters_tab_inner\">\n<p><\/p>\n<\/div>\n<\/div><\/div>\n<\/div>\n<\/div>\n<\/div>\n<\/div>\n<\/div>\n<\/div>\n<\/div>\n\n","protected":false},"excerpt":{"rendered":"","protected":false},"author":1,"featured_media":0,"parent":0,"menu_order":0,"comment_status":"closed","ping_status":"closed","template":"","meta":{"footnotes":""},"class_list":["post-8830","page","type-page","status-publish","hentry"],"_links":{"self":[{"href":"https:\/\/unipungue.ac.mz\/index.php?rest_route=\/wp\/v2\/pages\/8830","targetHints":{"allow":["GET"]}}],"collection":[{"href":"https:\/\/unipungue.ac.mz\/index.php?rest_route=\/wp\/v2\/pages"}],"about":[{"href":"https:\/\/unipungue.ac.mz\/index.php?rest_route=\/wp\/v2\/types\/page"}],"author":[{"embeddable":true,"href":"https:\/\/unipungue.ac.mz\/index.php?rest_route=\/wp\/v2\/users\/1"}],"replies":[{"embeddable":true,"href":"https:\/\/unipungue.ac.mz\/index.php?rest_route=%2Fwp%2Fv2%2Fcomments&post=8830"}],"version-history":[{"count":4,"href":"https:\/\/unipungue.ac.mz\/index.php?rest_route=\/wp\/v2\/pages\/8830\/revisions"}],"predecessor-version":[{"id":8991,"href":"https:\/\/unipungue.ac.mz\/index.php?rest_route=\/wp\/v2\/pages\/8830\/revisions\/8991"}],"wp:attachment":[{"href":"https:\/\/unipungue.ac.mz\/index.php?rest_route=%2Fwp%2Fv2%2Fmedia&parent=8830"}],"curies":[{"name":"wp","href":"https:\/\/api.w.org\/{rel}","templated":true}]}}