{"id":8846,"date":"2025-05-26T10:40:21","date_gmt":"2025-05-26T10:40:21","guid":{"rendered":"https:\/\/unipungue.ac.mz\/?page_id=8846"},"modified":"2026-02-18T14:04:18","modified_gmt":"2026-02-18T14:04:18","slug":"incubadora-de-negocios-da-universidade-pungue","status":"publish","type":"page","link":"https:\/\/unipungue.ac.mz\/?page_id=8846","title":{"rendered":"Incubadora de Neg\u00f3cios da Universidade P\u00fangu\u00e8"},"content":{"rendered":"<style type=\"text\/css\"> \n#cmsmasters_row_69f1b54bd90682_53702064 { \n\tbackground-color:#fbfbfb;\n} \n\n#cmsmasters_row_69f1b54bd90682_53702064 .cmsmasters_row_outer_parent { \n\tpadding-top: 0px; \n} \n\n#cmsmasters_row_69f1b54bd90682_53702064 .cmsmasters_row_outer_parent { \n\tpadding-bottom: 50px; \n} \n\n \n#cmsmasters_heading_69f1b54bd92467_07576818 { \n\ttext-align:center; \n\tmargin-top:0px; \n\tmargin-bottom:50px; \n} \n\n#cmsmasters_heading_69f1b54bd92467_07576818 .cmsmasters_heading { \n\ttext-align:center; \n} \n\n#cmsmasters_heading_69f1b54bd92467_07576818 .cmsmasters_heading, #cmsmasters_heading_69f1b54bd92467_07576818 .cmsmasters_heading a { \n\tfont-weight:300; \n\tfont-style:normal; \n} \n\n#cmsmasters_heading_69f1b54bd92467_07576818 .cmsmasters_heading_divider { \n} \n\n \n#cmsmasters_row_69f1b54bdbf0e5_68495390 .cmsmasters_row_outer_parent { \n\tpadding-top: 0px; \n} \n\n#cmsmasters_row_69f1b54bdbf0e5_68495390 .cmsmasters_row_outer_parent { \n\tpadding-bottom: 50px; \n} \n\n#cmsmasters_row_69f1b54bdbf0e5_68495390 .cmsmasters_row_inner.cmsmasters_row_fullwidth { \n\tpadding-left:0%; \n} \n#cmsmasters_row_69f1b54bdbf0e5_68495390 .cmsmasters_row_inner.cmsmasters_row_fullwidth { \n\tpadding-right:0%; \n} \n \n#cmsmasters_divider_69f1b54bdc08f0_90648935 { \n\tborder-bottom-width:1px; \n\tborder-bottom-style:solid; \n\tpadding-top:0px; \n\tmargin-bottom:0px; \n} \n \n#cmsmasters_row_69f1b54bdc0d34_90154922 .cmsmasters_row_outer_parent { \n\tpadding-top: 0px; \n} \n\n#cmsmasters_row_69f1b54bdc0d34_90154922 .cmsmasters_row_outer_parent { \n\tpadding-bottom: 50px; \n} \n\n \n#cmsmasters_row_69f1b54bdc4429_27337408 .cmsmasters_row_outer_parent { \n\tpadding-top: 0px; \n} \n\n#cmsmasters_row_69f1b54bdc4429_27337408 .cmsmasters_row_outer_parent { \n\tpadding-bottom: 50px; \n} \n\n#cmsmasters_row_69f1b54bdc4429_27337408 .cmsmasters_row_inner.cmsmasters_row_fullwidth { \n\tpadding-left:0%; \n} \n#cmsmasters_row_69f1b54bdc4429_27337408 .cmsmasters_row_inner.cmsmasters_row_fullwidth { \n\tpadding-right:0%; \n} \n \n#cmsmasters_divider_69f1b54bdc4c11_14303414 { \n\tborder-bottom-width:1px; \n\tborder-bottom-style:solid; \n\tpadding-top:20px; \n\tmargin-bottom:20px; \n} \n \n#cmsmasters_row_69f1b54bdc5084_51317052 .cmsmasters_row_outer_parent { \n\tpadding-top: 0px; \n} \n\n#cmsmasters_row_69f1b54bdc5084_51317052 .cmsmasters_row_outer_parent { \n\tpadding-bottom: 50px; \n} \n\n<\/style><div id=\"cmsmasters_row_69f1b54bd90682_53702064\" class=\"cmsmasters_row cmsmasters_color_scheme_default cmsmasters_row_top_default cmsmasters_row_bot_default cmsmasters_row_boxed\">\n<div class=\"cmsmasters_row_outer_parent\">\n<div class=\"cmsmasters_row_outer\">\n<div class=\"cmsmasters_row_inner\">\n<div class=\"cmsmasters_row_margin\">\n<div class=\"cmsmasters_column one_first\">\n\n<div id=\"cmsmasters_heading_69f1b54bd92467_07576818\" class=\"cmsmasters_heading_wrap cmsmasters_heading_align_center\">\n\t<h2 class=\"cmsmasters_heading\"><\/h2>\n<\/div>\n<div id=\"69f1b54bd92a06_51326879\" class=\"cmsmasters_profile vertical\">\n\r\n<!-- Start Vertical Profile  -->\r\n\r\n<article id=\"post-8928\" class=\"post-8928 profile type-profile status-publish has-post-thumbnail hentry pl-categs-inup\">\r\n\t<div class=\"pl_img\">\n<figure>\n<a href=\"https:\/\/unipungue.ac.mz\/?profile=nazario-thenesse-jose\"><img loading=\"lazy\" decoding=\"async\" width=\"214\" height=\"300\" src=\"https:\/\/unipungue.ac.mz\/wp-content\/uploads\/2025\/08\/Nazario.jpg\" class=\"attachment-cmsmasters-square-thumb size-cmsmasters-square-thumb wp-post-image\" alt=\"MA. Naz\u00e1rio Thenesse Jos\u00e9\" title=\"MA. Naz\u00e1rio Thenesse Jos\u00e9\" \/><\/a><\/figure>\n<\/div>\n<div class=\"pl_content\">\n<h6 class=\"pl_subtitle\">Director<\/h6>\n<h2 class=\"entry-title\">\n<a href=\"https:\/\/unipungue.ac.mz\/?profile=nazario-thenesse-jose\">MA. Naz\u00e1rio Thenesse Jos\u00e9<\/a>\n<\/h2>\n<div class=\"pl_social\">\n<\/div>\n<\/div>\n<div class=\"entry-content\">\n\u00c9 Director da Incubadora de Neg\u00f3cios da Universidade P\u00fangu\u00e8, com sede na prov\u00edncia de Manica e uma Extens\u00e3o na prov\u00edncia de Tete.<\/div>\n\t<div class=\"cl\"><\/div>\r\n<\/article>\r\n<!-- Finish Vertical Profile  -->\r\n\r\n<\/div>\n<\/div>\n<div class=\"cmsmasters_column one_first\">\n<\/div>\n<\/div>\n<\/div>\n<\/div>\n<\/div>\n<\/div>\n<div id=\"cmsmasters_row_69f1b54bdbf0e5_68495390\" class=\"cmsmasters_row cmsmasters_color_scheme_default cmsmasters_row_top_default cmsmasters_row_bot_default cmsmasters_row_fullwidth\">\n<div class=\"cmsmasters_row_outer_parent\">\n<div class=\"cmsmasters_row_outer\">\n<div class=\"cmsmasters_row_inner cmsmasters_row_fullwidth\">\n<div class=\"cmsmasters_row_margin\">\n<div class=\"cmsmasters_column one_first\">\n\n<div id=\"cmsmasters_divider_69f1b54bdc08f0_90648935\" class=\"cmsmasters_divider cmsmasters_divider_width_long cmsmasters_divider_pos_center\"><\/div>\n<\/div>\n<\/div>\n<\/div>\n<\/div>\n<\/div>\n<\/div>\n<div id=\"cmsmasters_row_69f1b54bdc0d34_90154922\" class=\"cmsmasters_row cmsmasters_color_scheme_default cmsmasters_row_top_default cmsmasters_row_bot_default cmsmasters_row_boxed\">\n<div class=\"cmsmasters_row_outer_parent\">\n<div class=\"cmsmasters_row_outer\">\n<div class=\"cmsmasters_row_inner\">\n<div class=\"cmsmasters_row_margin\">\n<div class=\"cmsmasters_column one_first\">\n<div class=\"cmsmasters_text\">\n<p><strong><u>Sobre o INUP<\/u><\/strong><\/p>\n<p>A <strong>Incubadora de Neg\u00f3cios da Universidade P\u00fangu\u00e8 (INUP)<\/strong>, \u00e9 uma Unidade Org\u00e2nica que visa criar e fortalecer uma ponte entre os empreendedores da comunidade acad\u00e9mica, a Ind\u00fastria, e a comunidade em geral, que funcionar\u00e1 como uma aceleradora de <em>startups<\/em>, com foco em empresas dos mais diversos sectores, atrav\u00e9s do desenvolvimento de mentorias e conex\u00f5es com outros profissionais importantes do mercado.<\/p>\n<p>\u00c9 tamb\u00e9m um local no qual pode-se desenvolver ideias empreendedoras, de maneira r\u00e1pida, simples e barata, para que sejam transformadas em neg\u00f3cios rent\u00e1veis e autossustent\u00e1veis. Atrav\u00e9s de mentorias e capacita\u00e7\u00f5es, s\u00e3o apresentadas ao empreendedor os melhores caminhos para o crescimento de sua <em>startup <\/em>(ou empresa emergente). \u00c9 um ambiente de inova\u00e7\u00e3o e criatividade em que se promove a intera\u00e7\u00e3o entre diversas pessoas estimulando deste modo, a gera\u00e7\u00e3o de solu\u00e7\u00f5es para v\u00e1rios problemas, al\u00e9m de estimular o <em>networking <\/em>ou cria\u00e7\u00e3o de redes de contactos.<\/p>\n<p><strong><u>Miss\u00e3o da INUP<\/u><\/strong><\/p>\n<p>A nossa miss\u00e3o \u00e9 oferecer suporte t\u00e9cnico e cient\u00edfico e acompanhamento aos membros da comunidade universit\u00e1ria, de modo que suas ideias empreendedoras sejam transformadas em neg\u00f3cios rent\u00e1veis e auto- sustent\u00e1veis, promovendo assim a liga\u00e7\u00e3o entre a universidade, a ind\u00fastria e a comunidade.<\/p>\n<p><strong><u>Vis\u00e3o da INUP<\/u><\/strong><\/p>\n<p>Ser uma Unidade Org\u00e2nica de refer\u00eancia a n\u00edvel local, regional e nacional, na promo\u00e7\u00e3o da inova\u00e7\u00e3o, criatividade, empreendedorismo, que sejam auto &#8211; sustent\u00e1veis, e que contribuam para a gera\u00e7\u00e3o de renda, emprego e bem-estar nas comunidades.<\/p>\n<p><strong><u>Objectivo da INUP<\/u><\/strong><\/p>\n<p>Fomentar o desenvolvimento de startups na Universidade P\u00fangu\u00e8, oferecendo suporte e infraestrutura para transformar ideias e projectos em neg\u00f3cios vi\u00e1veis e sustent\u00e1veis.<\/p>\n<p><strong><u>Actividades da INUP<\/u><\/strong><\/p>\n<p>Capacita\u00e7\u00f5es: com o apoio de parceiros a incubadora ir\u00e1 oferecer capacita\u00e7\u00f5es aos empreendedores e inovadores nas disciplinas necess\u00e1rias para o desenvolvimento de modelos de neg\u00f3cio, elabora\u00e7\u00e3o de<br \/>\nplanos de neg\u00f3cio, constitui\u00e7\u00e3o de empresas e in\u00edcio de actividade;<br \/>\nMentorias: uma equipa de mentores internos e externos com experi\u00eancia diversificada nos mais diversos<br \/>\nsectores ir\u00e3o auxiliar os empreendedores e inovadores nas diferentes etapas do desenvolvimento dos seus<br \/>\nneg\u00f3cios;<br \/>\nOficinas: onde ser\u00e3o trabalhadas quest\u00f5es espec\u00edficas que n\u00e3o puderam ser solucionadas nas mentorias;<br \/>\nAssessoria da equipe da Incubadora: A equipe da Incubadora estar\u00e1 \u00e0 disposi\u00e7\u00e3o para tirar d\u00favidas t\u00e9cnicas<br \/>\ndos empreendedores e inovadores, assim como acompanhar a realiza\u00e7\u00e3o e a direc\u00e7\u00e3o das mentorias;<\/p>\n<p>&nbsp;<\/p>\n<\/div>\n<\/div>\n<div class=\"cmsmasters_column one_first\">\n<\/div>\n<\/div>\n<\/div>\n<\/div>\n<\/div>\n<\/div>\n<div id=\"cmsmasters_row_69f1b54bdc4429_27337408\" class=\"cmsmasters_row cmsmasters_color_scheme_default cmsmasters_row_top_default cmsmasters_row_bot_default cmsmasters_row_fullwidth\">\n<div class=\"cmsmasters_row_outer_parent\">\n<div class=\"cmsmasters_row_outer\">\n<div class=\"cmsmasters_row_inner cmsmasters_row_fullwidth\">\n<div class=\"cmsmasters_row_margin\">\n<div class=\"cmsmasters_column one_first\">\n\n<div id=\"cmsmasters_divider_69f1b54bdc4c11_14303414\" class=\"cmsmasters_divider cmsmasters_divider_width_long cmsmasters_divider_pos_center\"><\/div>\n<\/div>\n<\/div>\n<\/div>\n<\/div>\n<\/div>\n<\/div>\n<div id=\"cmsmasters_row_69f1b54bdc5084_51317052\" class=\"cmsmasters_row cmsmasters_color_scheme_default cmsmasters_row_top_default cmsmasters_row_bot_default cmsmasters_row_boxed\">\n<div class=\"cmsmasters_row_outer_parent\">\n<div class=\"cmsmasters_row_outer\">\n<div class=\"cmsmasters_row_inner\">\n<div class=\"cmsmasters_row_margin\">\n<div class=\"cmsmasters_column one_first\">\n<div class=\"cmsmasters_text\">\n<p><strong><u>Estrutura e compet\u00eancias da INUP<\/u><\/strong><\/p>\n<p>A INUP estrutura-se em:<\/p>\n<\/div>\n<div class=\"cmsmasters_tabs tabs_mode_tour tabs_pos_left\">\n<ul class=\"cmsmasters_tabs_list\">\n<li id=\"cmsmasters_tabs_list_item_69f1b54bdc8529_79785944\" class=\"cmsmasters_tabs_list_item current_tab\">\n<a href=\"#\">\n<span>Direc\u00e7\u00e3o<\/span>\n<\/a>\n<\/li><li id=\"cmsmasters_tabs_list_item_69f1b54bdd31f7_58562859\" class=\"cmsmasters_tabs_list_item\">\n<a href=\"#\">\n<span>Departamento de Pr\u00e1ticas de Gera\u00e7\u00e3o de Neg\u00f3cios e Desenvolvimento Empresarial<\/span>\n<\/a>\n<\/li><li id=\"cmsmasters_tabs_list_item_69f1b54bdec734_75371032\" class=\"cmsmasters_tabs_list_item\">\n<a href=\"#\">\n<span>Departamento de Consultoria, Estudos e Projectos, e Angaria\u00e7\u00e3o de Fundos<\/span>\n<\/a>\n<\/li><li id=\"cmsmasters_tabs_list_item_69f1b54bdf7af5_07656374\" class=\"cmsmasters_tabs_list_item\">\n<a href=\"#\">\n<span>Departamento Desenvolvimento de Carreiras<\/span>\n<\/a>\n<\/li><\/ul>\n<div class=\"cmsmasters_tabs_wrap\">\n<div id=\"cmsmasters_tab_69f1b54bdc8529_79785944\" class=\"cmsmasters_tab active_tab\">\n<div class=\"cmsmasters_tab_inner\">\n<div id=\"69f1b54bdc9548_86734852\" class=\"cmsmasters_profile vertical\">\n\r\n<!-- Start Vertical Profile  -->\r\n\r\n<article id=\"post-8928\" class=\"post-8928 profile type-profile status-publish has-post-thumbnail hentry pl-categs-inup\">\r\n\t<div class=\"pl_img\">\n<figure>\n<a href=\"https:\/\/unipungue.ac.mz\/?profile=nazario-thenesse-jose\"><img loading=\"lazy\" decoding=\"async\" width=\"214\" height=\"300\" src=\"https:\/\/unipungue.ac.mz\/wp-content\/uploads\/2025\/08\/Nazario.jpg\" class=\"attachment-cmsmasters-square-thumb size-cmsmasters-square-thumb wp-post-image\" alt=\"MA. Naz\u00e1rio Thenesse Jos\u00e9\" title=\"MA. Naz\u00e1rio Thenesse Jos\u00e9\" \/><\/a><\/figure>\n<\/div>\n<div class=\"pl_content\">\n<h6 class=\"pl_subtitle\">Director<\/h6>\n<h2 class=\"entry-title\">\n<a href=\"https:\/\/unipungue.ac.mz\/?profile=nazario-thenesse-jose\">MA. Naz\u00e1rio Thenesse Jos\u00e9<\/a>\n<\/h2>\n<div class=\"pl_social\">\n<\/div>\n<\/div>\n<div class=\"entry-content\">\n\u00c9 Director da Incubadora de Neg\u00f3cios da Universidade P\u00fangu\u00e8, com sede na prov\u00edncia de Manica e uma Extens\u00e3o na prov\u00edncia de Tete.<\/div>\n\t<div class=\"cl\"><\/div>\r\n<\/article>\r\n<!-- Finish Vertical Profile  -->\r\n\r\n<\/div>\n<p>&nbsp;<\/p>\n<p>Compete \u00e0 Dire\u00e7\u00e3o da INUP orientar, coordenar e supervisionar as actividades dos departamentos, garantindo que o Gabinete do Reitor esteja devidamente informado sobre todas as a\u00e7\u00f5es da Incubadora, bem como outras demandas solicitadas dentro das suas compet\u00eancias e atribui\u00e7\u00f5es.<\/p>\n<\/div>\n<\/div><div id=\"cmsmasters_tab_69f1b54bdd31f7_58562859\" class=\"cmsmasters_tab\">\n<div class=\"cmsmasters_tab_inner\">\n<div id=\"69f1b54bdd38f0_57673780\" class=\"cmsmasters_profile vertical\">\n\r\n<!-- Start Vertical Profile  -->\r\n\r\n<article id=\"post-9091\" class=\"post-9091 profile type-profile status-publish has-post-thumbnail hentry pl-categs-chefe-de-departamento-de-praticas-de-geracao-de-negocios-e-desenvolvimento-empresarial\">\r\n\t<div class=\"pl_img\">\n<figure>\n<a href=\"https:\/\/unipungue.ac.mz\/?profile=mestre-jaciara-emilia-gama\"><img loading=\"lazy\" decoding=\"async\" width=\"176\" height=\"176\" src=\"https:\/\/unipungue.ac.mz\/wp-content\/uploads\/2023\/04\/avatar.jpg\" class=\"attachment-cmsmasters-square-thumb size-cmsmasters-square-thumb wp-post-image\" alt=\"Mestre Jaciara Em\u00edlia Gama\" title=\"Mestre Jaciara Em\u00edlia Gama\" \/><\/a><\/figure>\n<\/div>\n<div class=\"pl_content\">\n<h2 class=\"entry-title\">\n<a href=\"https:\/\/unipungue.ac.mz\/?profile=mestre-jaciara-emilia-gama\">Mestre Jaciara Em\u00edlia Gama<\/a>\n<\/h2>\n<div class=\"pl_social\">\n<\/div>\n<\/div>\n<div class=\"entry-content\">\nChefe de Departamento de Pr\u00e1ticas de Gera\u00e7\u00e3o de Neg\u00f3cios e Desenvolvimento Empresarial\nContacto: emiliajaciara@gmail.com<\/div>\n\t<div class=\"cl\"><\/div>\r\n<\/article>\r\n<!-- Finish Vertical Profile  -->\r\n\r\n<\/div>\n<p>Compete a este departamento fornecer aos estudantes treinamentos ligados a gera\u00e7\u00e3o de neg\u00f3cios, desenvolvimento de produtos, promo\u00e7\u00e3o, marketing e venda, estudos de viabilidade, financiamento e outras habilidades afins; e aconselhar, assistir e assessorar os empreendedores na gest\u00e3o do seu neg\u00f3cio.<\/p>\n<\/div>\n<\/div><div id=\"cmsmasters_tab_69f1b54bdec734_75371032\" class=\"cmsmasters_tab\">\n<div class=\"cmsmasters_tab_inner\">\n<p><\/p>\n<p>\u00c9 respons\u00e1vel por impulsionar o crescimento empresarial, o departamento capta fundos, presta consultoria e elabora estudos estrat\u00e9gicos para fortalecer neg\u00f3cios. Actua na promo\u00e7\u00e3o da incubadora, conecta empreendedores a parceiros e realiza an\u00e1lises de mercado para apoiar decis\u00f5es. Priorizando transpar\u00eancia na gest\u00e3o de recursos, facilita acesso a financiamentos para transformar ideias em empreendimentos sustent\u00e1veis.<\/p>\n<p>&nbsp;<\/p>\n<\/div>\n<\/div><div id=\"cmsmasters_tab_69f1b54bdf7af5_07656374\" class=\"cmsmasters_tab\">\n<div class=\"cmsmasters_tab_inner\">\n<div id=\"69f1b54bdf82b9_93318484\" class=\"cmsmasters_profile vertical\">\n\r\n<!-- Start Vertical Profile  -->\r\n\r\n<article id=\"post-9081\" class=\"post-9081 profile type-profile status-publish has-post-thumbnail hentry pl-categs-chefe-de-departamento-de-desenvolvimento-de-carreiras\">\r\n\t<div class=\"pl_img\">\n<figure>\n<a href=\"https:\/\/unipungue.ac.mz\/?profile=ma-milton-conqui\"><img loading=\"lazy\" decoding=\"async\" width=\"213\" height=\"300\" src=\"https:\/\/unipungue.ac.mz\/wp-content\/uploads\/2025\/10\/Milto-213x300.jpg\" class=\"attachment-cmsmasters-square-thumb size-cmsmasters-square-thumb wp-post-image\" alt=\"MA. Milton Conqui\" title=\"MA. Milton Conqui\" \/><\/a><\/figure>\n<\/div>\n<div class=\"pl_content\">\n<h2 class=\"entry-title\">\n<a href=\"https:\/\/unipungue.ac.mz\/?profile=ma-milton-conqui\">MA. Milton Conqui<\/a>\n<\/h2>\n<div class=\"pl_social\">\n<\/div>\n<\/div>\n<div class=\"entry-content\">\nChefe de Departamento de Desenvolvimento de Carreiras\r\nContacto: m.conqui@yahoo.com<\/div>\n\t<div class=\"cl\"><\/div>\r\n<\/article>\r\n<!-- Finish Vertical Profile  -->\r\n\r\n<\/div>\n<p>Este departamento promove a empregabilidade dos estudantes por meio de orienta\u00e7\u00e3o profissional, an\u00e1lise do mercado de trabalho e divulga\u00e7\u00e3o de oportunidades. Facilita conex\u00f5es entre a universidade, Governo e o sector privado para alinhar curr\u00edculos \u00e0s demandas do mercado e fortalecer pol\u00edticas de empreendedorismo. Al\u00e9m disso, apoia o desenvolvimento de habilidades, est\u00e1gios e mentoria para preparar os estudantes para suas carreiras ou auto-emprego.<\/p>\n<\/div>\n<\/div><\/div>\n<\/div>\n<\/div>\n<\/div>\n<\/div>\n<\/div>\n<\/div>\n<\/div>\n\n","protected":false},"excerpt":{"rendered":"","protected":false},"author":1,"featured_media":8930,"parent":0,"menu_order":0,"comment_status":"closed","ping_status":"closed","template":"","meta":{"footnotes":""},"class_list":["post-8846","page","type-page","status-publish","has-post-thumbnail","hentry"],"_links":{"self":[{"href":"https:\/\/unipungue.ac.mz\/index.php?rest_route=\/wp\/v2\/pages\/8846","targetHints":{"allow":["GET"]}}],"collection":[{"href":"https:\/\/unipungue.ac.mz\/index.php?rest_route=\/wp\/v2\/pages"}],"about":[{"href":"https:\/\/unipungue.ac.mz\/index.php?rest_route=\/wp\/v2\/types\/page"}],"author":[{"embeddable":true,"href":"https:\/\/unipungue.ac.mz\/index.php?rest_route=\/wp\/v2\/users\/1"}],"replies":[{"embeddable":true,"href":"https:\/\/unipungue.ac.mz\/index.php?rest_route=%2Fwp%2Fv2%2Fcomments&post=8846"}],"version-history":[{"count":36,"href":"https:\/\/unipungue.ac.mz\/index.php?rest_route=\/wp\/v2\/pages\/8846\/revisions"}],"predecessor-version":[{"id":9101,"href":"https:\/\/unipungue.ac.mz\/index.php?rest_route=\/wp\/v2\/pages\/8846\/revisions\/9101"}],"wp:featuredmedia":[{"embeddable":true,"href":"https:\/\/unipungue.ac.mz\/index.php?rest_route=\/wp\/v2\/media\/8930"}],"wp:attachment":[{"href":"https:\/\/unipungue.ac.mz\/index.php?rest_route=%2Fwp%2Fv2%2Fmedia&parent=8846"}],"curies":[{"name":"wp","href":"https:\/\/api.w.org\/{rel}","templated":true}]}}