{"id":9112,"date":"2025-10-30T14:30:00","date_gmt":"2025-10-30T14:30:00","guid":{"rendered":"https:\/\/unipungue.ac.mz\/?page_id=9112"},"modified":"2025-11-02T16:03:02","modified_gmt":"2025-11-02T16:03:02","slug":"inscricoes-para-o-ano-academico-2026","status":"publish","type":"page","link":"https:\/\/unipungue.ac.mz\/?page_id=9112","title":{"rendered":"Inscri\u00e7\u00f5es para o ano acad\u00e9mico 2026"},"content":{"rendered":"<style type=\"text\/css\"> \n#cmsmasters_row_69f5d5b9cefe27_65226735 .cmsmasters_row_outer_parent { \n\tpadding-top: 70px; \n} \n\n#cmsmasters_row_69f5d5b9cefe27_65226735 .cmsmasters_row_outer_parent { \n\tpadding-bottom: 50px; \n} \n\n \n#cmsmasters_heading_69f5d5b9cf0891_43231965 { \n\ttext-align:left; \n\tmargin-top:0px; \n\tmargin-bottom:0px; \n} \n\n#cmsmasters_heading_69f5d5b9cf0891_43231965 .cmsmasters_heading { \n\ttext-align:left; \n} \n\n#cmsmasters_heading_69f5d5b9cf0891_43231965 .cmsmasters_heading, #cmsmasters_heading_69f5d5b9cf0891_43231965 .cmsmasters_heading a { \n\tfont-weight:normal; \n\tfont-style:normal; \n} \n\n#cmsmasters_heading_69f5d5b9cf0891_43231965 .cmsmasters_heading_divider { \n} \n\n \n#cmsmasters_row_69f5d5b9cf0fb1_79182695 .cmsmasters_row_outer_parent { \n\tpadding-top: 30px; \n} \n\n#cmsmasters_row_69f5d5b9cf0fb1_79182695 .cmsmasters_row_outer_parent { \n\tpadding-bottom: 50px; \n} \n\n \n#cmsmasters_row_69f5d5b9cfb4d4_86734019 .cmsmasters_row_outer_parent { \n\tpadding-top: 0px; \n} \n\n#cmsmasters_row_69f5d5b9cfb4d4_86734019 .cmsmasters_row_outer_parent { \n\tpadding-bottom: 20px; \n} \n\n\n#cmsmasters_button_69f5d5b9cfcc84_45462136 { \n\ttext-align:center; \n} \n\n#cmsmasters_button_69f5d5b9cfcc84_45462136 .cmsmasters_button:before { \n\tmargin-right:.5em; \n\tmargin-left:0; \n\tvertical-align:baseline; \n} \n\n#cmsmasters_button_69f5d5b9cfcc84_45462136 .cmsmasters_button { \n\tfont-weight:normal; \n\tfont-style:normal; \n\tborder-style:solid; \n\tbackground-color:#008dd2;\n\tcolor:#ffffff;\n} \n#cmsmasters_button_69f5d5b9cfcc84_45462136 .cmsmasters_button:hover { \n} \n \n#cmsmasters_row_69f5d5b9cfd1a4_41581392 .cmsmasters_row_outer_parent { \n\tpadding-top: 0px; \n} \n\n#cmsmasters_row_69f5d5b9cfd1a4_41581392 .cmsmasters_row_outer_parent { \n\tpadding-bottom: 50px; \n} \n\n\n#cmsmasters_button_69f5d5b9cfd945_42229828 { \n\ttext-align:center; \n} \n\n#cmsmasters_button_69f5d5b9cfd945_42229828 .cmsmasters_button:before { \n\tmargin-right:.5em; \n\tmargin-left:0; \n\tvertical-align:baseline; \n} \n\n#cmsmasters_button_69f5d5b9cfd945_42229828 .cmsmasters_button { \n\tfont-weight:normal; \n\tfont-style:normal; \n\tborder-style:solid; \n\tbackground-color:#ffce3d;\n\tcolor:#000000;\n} \n#cmsmasters_button_69f5d5b9cfd945_42229828 .cmsmasters_button:hover { \n} \n<\/style><div id=\"cmsmasters_row_69f5d5b9cefe27_65226735\" class=\"cmsmasters_row cmsmasters_color_scheme_default d-none cmsmasters_row_top_default cmsmasters_row_bot_default cmsmasters_row_boxed\">\n<div class=\"cmsmasters_row_outer_parent\">\n<div class=\"cmsmasters_row_outer\">\n<div class=\"cmsmasters_row_inner\">\n<div class=\"cmsmasters_row_margin\">\n<div class=\"cmsmasters_column one_first\">\n\n<div id=\"cmsmasters_heading_69f5d5b9cf0891_43231965\" class=\"cmsmasters_heading_wrap cmsmasters_heading_align_left\">\n\t<h1 class=\"cmsmasters_heading\">EDITAL &#8211; INSCRI\u00c7\u00d5ES PARA OS EXAMES DE ADMISS\u00c3O 2026 <\/h1>\n<\/div>\n<\/div>\n<\/div>\n<\/div>\n<\/div>\n<\/div>\n<\/div>\n<div id=\"cmsmasters_row_69f5d5b9cf0fb1_79182695\" class=\"cmsmasters_row cmsmasters_color_scheme_default cmsmasters_row_top_default cmsmasters_row_bot_default cmsmasters_row_boxed\">\n<div class=\"cmsmasters_row_outer_parent\">\n<div class=\"cmsmasters_row_outer\">\n<div class=\"cmsmasters_row_inner\">\n<div class=\"cmsmasters_row_margin\">\n<div class=\"cmsmasters_column one_first\">\n<div class=\"aligncenter\">\n<div class=\"cmsmasters_img  cmsmasters_image_c with_caption\">\n<img decoding=\"async\" src=\"https:\/\/unipungue.ac.mz\/wp-content\/uploads\/2025\/11\/Candidaturas-2026-240x300.jpeg\" \/>\n<p class=\"cmsmasters_img_caption\">Inscri\u00e7\u00f5es para o ano acad\u00e9mico 2026<\/p><\/div>\n<\/div>\n<\/div>\n<\/div>\n<\/div>\n<\/div>\n<\/div>\n<\/div>\n<div id=\"cmsmasters_row_69f5d5b9cfb4d4_86734019\" class=\"cmsmasters_row cmsmasters_color_scheme_default cmsmasters_row_top_default cmsmasters_row_bot_default cmsmasters_row_boxed\">\n<div class=\"cmsmasters_row_outer_parent\">\n<div class=\"cmsmasters_row_outer\">\n<div class=\"cmsmasters_row_inner\">\n<div class=\"cmsmasters_row_margin\">\n<div class=\"cmsmasters_column one_first\">\n\n<div id=\"cmsmasters_button_69f5d5b9cfcc84_45462136\" class=\"button_wrap\"><a href=\"https:\/\/candidaturas.up.ac.mz\" class=\"cmsmasters_button cmsmasters_but_clear_styles cmsmasters_but_bg_hover cmsmasters-icon-edit\" target=\"_blank\"><span>Inscreva-se j\u00e1<\/span><\/a><\/div>\n<\/div>\n<\/div>\n<\/div>\n<\/div>\n<\/div>\n<\/div>\n<div id=\"cmsmasters_row_69f5d5b9cfd1a4_41581392\" class=\"cmsmasters_row cmsmasters_color_scheme_default cmsmasters_row_top_default cmsmasters_row_bot_default cmsmasters_row_boxed\">\n<div class=\"cmsmasters_row_outer_parent\">\n<div class=\"cmsmasters_row_outer\">\n<div class=\"cmsmasters_row_inner\">\n<div class=\"cmsmasters_row_margin\">\n<div class=\"cmsmasters_column one_first\">\n\n<div id=\"cmsmasters_button_69f5d5b9cfd945_42229828\" class=\"button_wrap\"><a href=\"https:\/\/unipungue.ac.mz\/wp-content\/uploads\/2025\/10\/Edital-Oficial-27.10.2026.pdf\" class=\"cmsmasters_button cmsmasters_but_clear_styles cmsmasters_but_bg_hover cmsmasters-icon-arrow-down\" target=\"_blank\"><span>Baixar edital completo<\/span><\/a><\/div>\n<\/div>\n<\/div>\n<\/div>\n<\/div>\n<\/div>\n<\/div>\n\n","protected":false},"excerpt":{"rendered":"","protected":false},"author":1,"featured_media":0,"parent":0,"menu_order":0,"comment_status":"closed","ping_status":"closed","template":"","meta":{"footnotes":""},"class_list":["post-9112","page","type-page","status-publish","hentry"],"_links":{"self":[{"href":"https:\/\/unipungue.ac.mz\/index.php?rest_route=\/wp\/v2\/pages\/9112","targetHints":{"allow":["GET"]}}],"collection":[{"href":"https:\/\/unipungue.ac.mz\/index.php?rest_route=\/wp\/v2\/pages"}],"about":[{"href":"https:\/\/unipungue.ac.mz\/index.php?rest_route=\/wp\/v2\/types\/page"}],"author":[{"embeddable":true,"href":"https:\/\/unipungue.ac.mz\/index.php?rest_route=\/wp\/v2\/users\/1"}],"replies":[{"embeddable":true,"href":"https:\/\/unipungue.ac.mz\/index.php?rest_route=%2Fwp%2Fv2%2Fcomments&post=9112"}],"version-history":[{"count":18,"href":"https:\/\/unipungue.ac.mz\/index.php?rest_route=\/wp\/v2\/pages\/9112\/revisions"}],"predecessor-version":[{"id":9141,"href":"https:\/\/unipungue.ac.mz\/index.php?rest_route=\/wp\/v2\/pages\/9112\/revisions\/9141"}],"wp:attachment":[{"href":"https:\/\/unipungue.ac.mz\/index.php?rest_route=%2Fwp%2Fv2%2Fmedia&parent=9112"}],"curies":[{"name":"wp","href":"https:\/\/api.w.org\/{rel}","templated":true}]}}