{"id":9238,"date":"2026-04-13T08:24:45","date_gmt":"2026-04-13T08:24:45","guid":{"rendered":"https:\/\/unipungue.ac.mz\/?page_id=9238"},"modified":"2026-05-08T12:23:34","modified_gmt":"2026-05-08T12:23:34","slug":"instituto-superior-de-educacao-fisica-e-desporto","status":"publish","type":"page","link":"https:\/\/unipungue.ac.mz\/?page_id=9238","title":{"rendered":"Instituto Superior de Educa\u00e7\u00e3o F\u00edsica e Desporto"},"content":{"rendered":"<style type=\"text\/css\"> \n#cmsmasters_row_6a046416bcb509_63477502 { \n\tbackground-color:#fbfbfb;\n} \n\n#cmsmasters_row_6a046416bcb509_63477502 .cmsmasters_row_outer_parent { \n\tpadding-top: 0px; \n} \n\n#cmsmasters_row_6a046416bcb509_63477502 .cmsmasters_row_outer_parent { \n\tpadding-bottom: 50px; \n} \n\n \n#cmsmasters_heading_6a046416bcc509_70151200 { \n\ttext-align:center; \n\tmargin-top:0px; \n\tmargin-bottom:50px; \n} \n\n#cmsmasters_heading_6a046416bcc509_70151200 .cmsmasters_heading { \n\ttext-align:center; \n} \n\n#cmsmasters_heading_6a046416bcc509_70151200 .cmsmasters_heading, #cmsmasters_heading_6a046416bcc509_70151200 .cmsmasters_heading a { \n\tfont-weight:300; \n\tfont-style:normal; \n} \n\n#cmsmasters_heading_6a046416bcc509_70151200 .cmsmasters_heading_divider { \n} \n\n \n#cmsmasters_row_6a046416bedeb9_34669070 .cmsmasters_row_outer_parent { \n\tpadding-top: 0px; \n} \n\n#cmsmasters_row_6a046416bedeb9_34669070 .cmsmasters_row_outer_parent { \n\tpadding-bottom: 50px; \n} \n\n#cmsmasters_row_6a046416bedeb9_34669070 .cmsmasters_row_inner.cmsmasters_row_fullwidth { \n\tpadding-left:0%; \n} \n#cmsmasters_row_6a046416bedeb9_34669070 .cmsmasters_row_inner.cmsmasters_row_fullwidth { \n\tpadding-right:0%; \n} \n \n#cmsmasters_divider_6a046416beeb20_49140624 { \n\tborder-bottom-width:1px; \n\tborder-bottom-style:solid; \n\tpadding-top:0px; \n\tmargin-bottom:0px; \n} \n \n#cmsmasters_row_6a046416bef029_41784195 .cmsmasters_row_outer_parent { \n\tpadding-top: 0px; \n} \n\n#cmsmasters_row_6a046416bef029_41784195 .cmsmasters_row_outer_parent { \n\tpadding-bottom: 50px; \n} \n\n \n#cmsmasters_row_6a046416bf18d7_60823194 .cmsmasters_row_outer_parent { \n\tpadding-top: 0px; \n} \n\n#cmsmasters_row_6a046416bf18d7_60823194 .cmsmasters_row_outer_parent { \n\tpadding-bottom: 50px; \n} \n\n#cmsmasters_row_6a046416bf18d7_60823194 .cmsmasters_row_inner.cmsmasters_row_fullwidth { \n\tpadding-left:0%; \n} \n#cmsmasters_row_6a046416bf18d7_60823194 .cmsmasters_row_inner.cmsmasters_row_fullwidth { \n\tpadding-right:0%; \n} \n \n#cmsmasters_divider_6a046416bf1fd1_68329621 { \n\tborder-bottom-width:1px; \n\tborder-bottom-style:solid; \n\tpadding-top:20px; \n\tmargin-bottom:20px; \n} \n \n#cmsmasters_row_6a046416bf2340_37405627 .cmsmasters_row_outer_parent { \n\tpadding-top: 0px; \n} \n\n#cmsmasters_row_6a046416bf2340_37405627 .cmsmasters_row_outer_parent { \n\tpadding-bottom: 50px; \n} \n\n<\/style><div id=\"cmsmasters_row_6a046416bcb509_63477502\" class=\"cmsmasters_row cmsmasters_color_scheme_default cmsmasters_row_top_default cmsmasters_row_bot_default cmsmasters_row_boxed\">\n<div class=\"cmsmasters_row_outer_parent\">\n<div class=\"cmsmasters_row_outer\">\n<div class=\"cmsmasters_row_inner\">\n<div class=\"cmsmasters_row_margin\">\n<div class=\"cmsmasters_column one_first\">\n\n<div id=\"cmsmasters_heading_6a046416bcc509_70151200\" class=\"cmsmasters_heading_wrap cmsmasters_heading_align_center\">\n\t<h2 class=\"cmsmasters_heading\"><\/h2>\n<\/div>\n<div id=\"6a046416bcc986_84297832\" class=\"cmsmasters_profile vertical\">\n\r\n<!-- Start Vertical Profile  -->\r\n\r\n<article id=\"post-9332\" class=\"post-9332 profile type-profile status-publish has-post-thumbnail hentry pl-categs-director-do-isefd\">\r\n\t<div class=\"pl_img\">\n<figure>\n<a href=\"https:\/\/unipungue.ac.mz\/?profile=mestre-mestre-alvaro-zacarias\"><img loading=\"lazy\" decoding=\"async\" width=\"300\" height=\"247\" src=\"https:\/\/unipungue.ac.mz\/wp-content\/uploads\/2026\/04\/Mestre-Zacarias-300x247.png\" class=\"attachment-cmsmasters-square-thumb size-cmsmasters-square-thumb wp-post-image\" alt=\"Mestre \u00c1lvaro Zacarias\" title=\"Mestre \u00c1lvaro Zacarias\" \/><\/a><\/figure>\n<\/div>\n<div class=\"pl_content\">\n<h6 class=\"pl_subtitle\">Director<\/h6>\n<h2 class=\"entry-title\">\n<a href=\"https:\/\/unipungue.ac.mz\/?profile=mestre-mestre-alvaro-zacarias\">Mestre \u00c1lvaro Zacarias<\/a>\n<\/h2>\n<div class=\"pl_social\">\n<\/div>\n<\/div>\n<div class=\"entry-content\">\n\u00c9 Director do Instituto Superior de Educa\u00e7\u00e3o F\u00edsica e Desporto na Universidade P\u00fangu\u00e8, com sede na prov\u00edncia de Manica e uma Extens\u00e3o na prov\u00edncia de Tete.<\/div>\n\t<div class=\"cl\"><\/div>\r\n<\/article>\r\n<!-- Finish Vertical Profile  -->\r\n\r\n<\/div>\n<\/div>\n<div class=\"cmsmasters_column one_first\">\n<\/div>\n<\/div>\n<\/div>\n<\/div>\n<\/div>\n<\/div>\n<div id=\"cmsmasters_row_6a046416bedeb9_34669070\" class=\"cmsmasters_row cmsmasters_color_scheme_default cmsmasters_row_top_default cmsmasters_row_bot_default cmsmasters_row_fullwidth\">\n<div class=\"cmsmasters_row_outer_parent\">\n<div class=\"cmsmasters_row_outer\">\n<div class=\"cmsmasters_row_inner cmsmasters_row_fullwidth\">\n<div class=\"cmsmasters_row_margin\">\n<div class=\"cmsmasters_column one_first\">\n\n<div id=\"cmsmasters_divider_6a046416beeb20_49140624\" class=\"cmsmasters_divider cmsmasters_divider_width_long cmsmasters_divider_pos_center\"><\/div>\n<\/div>\n<\/div>\n<\/div>\n<\/div>\n<\/div>\n<\/div>\n<div id=\"cmsmasters_row_6a046416bef029_41784195\" class=\"cmsmasters_row cmsmasters_color_scheme_default cmsmasters_row_top_default cmsmasters_row_bot_default cmsmasters_row_boxed\">\n<div class=\"cmsmasters_row_outer_parent\">\n<div class=\"cmsmasters_row_outer\">\n<div class=\"cmsmasters_row_inner\">\n<div class=\"cmsmasters_row_margin\">\n<div class=\"cmsmasters_column one_first\">\n<div class=\"cmsmasters_text\">\n<p><strong>BREVE HISTORIAL<\/strong><\/p>\n<p>A Universidade P\u00fangu\u00e8 \u00e9\u00a0 institu\u00edda no \u00e2mbito da implementa\u00e7\u00e3o do estabelecido no artigo 19 da Lei n\u00ba 27\/2009, de 29 de Setembro (Lei do Ensino Superior) e no artigo 72 do Estatuto da Universidade P\u00fangu\u00e8, aprovado pelo Decreto n\u00ba 04\/2019, de 4 de Mar\u00e7o, cuja a miss\u00e3o \u00e9 formar t\u00e9cnicos superiores com qualidade de modo a que contribuam de forma criativa para um desenvolvimento econ\u00f3mico sociocultural sustent\u00e1vel.<\/p>\n<p>O Instituto Superior de Educa\u00e7\u00e3o F\u00edsica e Desporto (ISEFD) da Universidade P\u00fangu\u0450 \u00e9 institu\u00eddo como um mecanismo para o contributo da Universidade na forma\u00e7\u00e3o de quadros altamente qualificados que poder\u00e3o contribuir para a massifica\u00e7\u00e3o do desporto a todos os n\u00edveis e garantia de qualidade de vida da popula\u00e7\u00e3o com foco nas actividades f\u00edsicas e desportivas, com capacidades para optimizar os recursos e as potencialidades existentes para participarem no desenvolvimento do Desporto em Mo\u00e7ambique e coloc\u00e1-lo ao servi\u00e7o do progresso. Numa primeira fase o Instituto arrancou com o Curso de Licenciatura em Educa\u00e7\u00e3o F\u00edsica e Desporto onde todos graduados deste curso ser\u00e3o professores. Este, ter\u00e1 como estrutura curricular baseada em duas sa\u00eddas profissionais a destacar:<\/p>\n<ul>\n<li><strong>Treino Desportivo para Crian\u00e7as e Jovens;<\/strong><\/li>\n<li><strong>Actividade F\u00edsica e Sa\u00fade.<\/strong><\/li>\n<\/ul>\n<p>Acreditamos que esta Unidade Org\u00e2nica vai contribuir na forma\u00e7\u00e3o da massa cinzenta e de empreendedores com capacidades para optimizar os recursos e as potencialidades existentes para participarem no desenvolvimento do desporto em Mo\u00e7ambique e coloc\u00e1-lo ao servi\u00e7o do progresso.<\/p>\n<p><strong>MISS\u00c3O E VIS\u00c3O DO INSTITUTO SUPERIOR DE EDUCA\u00c7\u00c3O F\u00cdSICA E DESPORTO<\/strong><\/p>\n<ul>\n<li><strong>MISS\u00c3O<\/strong><\/li>\n<\/ul>\n<p>Formar profissionais dotados de instrumentos t\u00e9cnicos para interven\u00e7\u00e3o pr\u00e1tica em Educa\u00e7\u00e3o F\u00edsica, e Ci\u00eancias do Desporto na promo\u00e7\u00e3o de estilo de vida saud\u00e1vel que contribua para a forma\u00e7\u00e3o e desenvolvimento integral do homem e melhoria da sua qualidade fisiol\u00f3gica.<\/p>\n<ul>\n<li><strong>VIS\u00c3O<\/strong><\/li>\n<\/ul>\n<p><strong>\u00a0<\/strong>Ser uma Unidade Org\u00e2nica de refer\u00eancia nacional e internacional em ensino, pesquisa e interven\u00e7\u00e3o nas \u00e1reas ligadas a ci\u00eancias do desporto e afin<a name=\"_Toc74573723\"><\/a><\/p>\n<p><strong>MISS\u00c3O E VIS\u00c3O DO CURSO<\/strong><\/p>\n<ul>\n<li><strong>MISS\u00c3O<\/strong><\/li>\n<\/ul>\n<p>Formar com qualidade, ao n\u00edvel superior, t\u00e9cnicos para todos os n\u00edveis de ensino (infantil, prim\u00e1rio, secund\u00e1rio, especial, t\u00e9cnico profissional e superior) e outros quadros para as \u00e1reas educacionais e afins, de modo a que contribuam de forma criativa e inovadora no processo de desenvolvimento econ\u00f3mico e cultural.<\/p>\n<ul>\n<li><strong>VIS\u00c3O <\/strong><\/li>\n<\/ul>\n<p>Ser refer\u00eancia nacional e internacional em ensino, pesquisa e interven\u00e7\u00e3o nas \u00e1reas ligadas ao Treinamento Desportivo para Crian\u00e7as e Jovens, bem como Actividade F\u00edsica e Sa\u00fade.<\/p>\n<p><u>Direc\u00e7\u00e3o do Instituto Superior de Educa\u00e7\u00e3o F\u00edsica e Desporto<\/u><\/p>\n<ul>\n<li style=\"list-style-type: none;\">\n<ul>\n<li>Director: <strong>Mestre \u00c1lvaro Zacarias<\/strong><\/li>\n<\/ul>\n<\/li>\n<\/ul>\n<p>Emal:\u00a0 <a href=\"mailto:alngueza@gmail.com\">alngueza@gmail.com<\/a><\/p>\n<p>Celular: +258 84 855 9266- WatsApp.<\/p>\n<\/div>\n<\/div>\n<div class=\"cmsmasters_column one_first\">\n<\/div>\n<\/div>\n<\/div>\n<\/div>\n<\/div>\n<\/div>\n<div id=\"cmsmasters_row_6a046416bf18d7_60823194\" class=\"cmsmasters_row cmsmasters_color_scheme_default cmsmasters_row_top_default cmsmasters_row_bot_default cmsmasters_row_fullwidth\">\n<div class=\"cmsmasters_row_outer_parent\">\n<div class=\"cmsmasters_row_outer\">\n<div class=\"cmsmasters_row_inner cmsmasters_row_fullwidth\">\n<div class=\"cmsmasters_row_margin\">\n<div class=\"cmsmasters_column one_first\">\n\n<div id=\"cmsmasters_divider_6a046416bf1fd1_68329621\" class=\"cmsmasters_divider cmsmasters_divider_width_long cmsmasters_divider_pos_center\"><\/div>\n<\/div>\n<\/div>\n<\/div>\n<\/div>\n<\/div>\n<\/div>\n<div id=\"cmsmasters_row_6a046416bf2340_37405627\" class=\"cmsmasters_row cmsmasters_color_scheme_default cmsmasters_row_top_default cmsmasters_row_bot_default cmsmasters_row_boxed\">\n<div class=\"cmsmasters_row_outer_parent\">\n<div class=\"cmsmasters_row_outer\">\n<div class=\"cmsmasters_row_inner\">\n<div class=\"cmsmasters_row_margin\">\n<div class=\"cmsmasters_column one_first\">\n<div class=\"cmsmasters_text\">\n<p><strong>ESTRUTURA E COMPET\u00caNCIAS DO ISEFD<\/strong><\/p>\n<p>A ISEFD estrutura-se em:<\/p>\n<\/div>\n<div class=\"cmsmasters_tabs tabs_mode_tour tabs_pos_left\">\n<ul class=\"cmsmasters_tabs_list\">\n<li id=\"cmsmasters_tabs_list_item_6a046416bf63b7_92173733\" class=\"cmsmasters_tabs_list_item current_tab\">\n<a href=\"#\">\n<span>Direc\u00e7\u00e3o<\/span>\n<\/a>\n<\/li><li id=\"cmsmasters_tabs_list_item_6a046416c003a7_12244964\" class=\"cmsmasters_tabs_list_item\">\n<a href=\"#\">\n<span>Departamento de Educa\u00e7\u00e3o F\u00edsica e Desporto<\/span>\n<\/a>\n<\/li><\/ul>\n<div class=\"cmsmasters_tabs_wrap\">\n<div id=\"cmsmasters_tab_6a046416bf63b7_92173733\" class=\"cmsmasters_tab active_tab\">\n<div class=\"cmsmasters_tab_inner\">\n<div id=\"6a046416bf6b30_05079438\" class=\"cmsmasters_profile vertical\">\n\r\n<!-- Start Vertical Profile  -->\r\n\r\n<article id=\"post-9332\" class=\"post-9332 profile type-profile status-publish has-post-thumbnail hentry pl-categs-director-do-isefd\">\r\n\t<div class=\"pl_img\">\n<figure>\n<a href=\"https:\/\/unipungue.ac.mz\/?profile=mestre-mestre-alvaro-zacarias\"><img loading=\"lazy\" decoding=\"async\" width=\"300\" height=\"247\" src=\"https:\/\/unipungue.ac.mz\/wp-content\/uploads\/2026\/04\/Mestre-Zacarias-300x247.png\" class=\"attachment-cmsmasters-square-thumb size-cmsmasters-square-thumb wp-post-image\" alt=\"Mestre \u00c1lvaro Zacarias\" title=\"Mestre \u00c1lvaro Zacarias\" \/><\/a><\/figure>\n<\/div>\n<div class=\"pl_content\">\n<h6 class=\"pl_subtitle\">Director<\/h6>\n<h2 class=\"entry-title\">\n<a href=\"https:\/\/unipungue.ac.mz\/?profile=mestre-mestre-alvaro-zacarias\">Mestre \u00c1lvaro Zacarias<\/a>\n<\/h2>\n<div class=\"pl_social\">\n<\/div>\n<\/div>\n<div class=\"entry-content\">\n\u00c9 Director do Instituto Superior de Educa\u00e7\u00e3o F\u00edsica e Desporto na Universidade P\u00fangu\u00e8, com sede na prov\u00edncia de Manica e uma Extens\u00e3o na prov\u00edncia de Tete.<\/div>\n\t<div class=\"cl\"><\/div>\r\n<\/article>\r\n<!-- Finish Vertical Profile  -->\r\n\r\n<\/div>\n<\/div>\n<\/div><div id=\"cmsmasters_tab_6a046416c003a7_12244964\" class=\"cmsmasters_tab\">\n<div class=\"cmsmasters_tab_inner\">\n<div id=\"6a046416c013f2_51515986\" class=\"cmsmasters_profile vertical\">\n\r\n<!-- Start Vertical Profile  -->\r\n\r\n<article id=\"post-9383\" class=\"post-9383 profile type-profile status-publish has-post-thumbnail hentry pl-categs-chefe-de-departamento-de-educacao-fisica-e-desporto pl-categs-isefd\">\r\n\t<div class=\"pl_img\">\n<figure>\n<a href=\"https:\/\/unipungue.ac.mz\/?profile=prof-doutor-jorge-domingos\"><img loading=\"lazy\" decoding=\"async\" width=\"186\" height=\"172\" src=\"https:\/\/unipungue.ac.mz\/wp-content\/uploads\/2026\/05\/departamento-de-educacao-fisica-e-desporto.png\" class=\"attachment-cmsmasters-square-thumb size-cmsmasters-square-thumb wp-post-image\" alt=\"Prof. Doutor Jorge Domingos\" title=\"Prof. Doutor Jorge Domingos\" \/><\/a><\/figure>\n<\/div>\n<div class=\"pl_content\">\n<h6 class=\"pl_subtitle\">Chefe de Departamento<\/h6>\n<h2 class=\"entry-title\">\n<a href=\"https:\/\/unipungue.ac.mz\/?profile=prof-doutor-jorge-domingos\">Prof. Doutor Jorge Domingos<\/a>\n<\/h2>\n<div class=\"pl_social\">\n<\/div>\n<\/div>\n<div class=\"entry-content\">\n\u00c9 Chefe de Departamento de Educa\u00e7\u00e3o F\u00edsica e Desporto\r\nContactos:\r\nCelular:  84 073 1027\/ 845600495\r\nEmail: jorgedomingos71@gmail.com<\/div>\n\t<div class=\"cl\"><\/div>\r\n<\/article>\r\n<!-- Finish Vertical Profile  -->\r\n\r\n<\/div>\n<p><strong>Termos de Refer\u00eancia do Chefe do Departamento<\/strong><\/p>\n<p>a) Representar o Departamento;<\/p>\n<p>b) Presidir o Conselho dos Directores do Cursos e a Assembleia com todos os docentes do Departamento;<\/p>\n<ol>\n<li>c) Garantir o cumprimento do Calend\u00e1rio Acad\u00e9mico;<\/li>\n<li>d) Assegurar a correcta aplica\u00e7\u00e3o do Regulamento Acad\u00e9mico;<\/li>\n<li>e) Contribuir para a qualidade dos Cursos do Departamento;<\/li>\n<li>f) Coordenar a planifica\u00e7\u00e3o das actividades de Pr\u00e1ticas Profissionalizantes e Est\u00e1gios;<\/li>\n<li>g) Propor ao seu Director Adjunto de Gradua\u00e7\u00e3o temas para capacita\u00e7\u00f5es semestrais e cursos a introduzir no seu Departamento;<\/li>\n<li>h) Coordenar o processo de defesas nos Cursos do Departamento (Proceder o lan\u00e7amento de actas de defesas no eP\u00fangu\u00e8);<\/li>\n<li>i) Coordenar a elabora\u00e7\u00e3o e publica\u00e7\u00e3o dos hor\u00e1rios dos Cursos do Departamento;<\/li>\n<li>j) Elaborar relat\u00f3rios mensal, trimestral, semestral, anual e de monitoria dos Cursos do Departamento;<\/li>\n<li>k) Coordenar o processo de concep\u00e7\u00e3o, revis\u00e3o e\/ou reforma curricular dos Cursos do Departamento;<\/li>\n<li>l) Coordenar o processo de elabora\u00e7\u00e3o do Plano de Actividades do Departamento, com o envolvimento dos Directores de Cursos, docentes e estudantes;<\/li>\n<li>m) Preparar e coordenar o processo de Jornadas Cientificas nos Cursos do Departamento;<\/li>\n<li>n) Preparar a monitoria interna.<\/li>\n<\/ol>\n<p>&nbsp;<\/p>\n<p><strong>Contactos<\/strong><\/p>\n<ul>\n<li><strong> Celular<\/strong>:\u00a0 84 073 1027\/ 845600495<\/li>\n<li><strong>Email: <\/strong><a href=\"mailto:jorgedomingos71@gmail.com\"><strong>jorgedomingos71@gmail.com<\/strong><\/a><\/li>\n<\/ul>\n<\/div>\n<\/div><\/div>\n<\/div>\n<\/div>\n<\/div>\n<\/div>\n<\/div>\n<\/div>\n<\/div>\n\n","protected":false},"excerpt":{"rendered":"","protected":false},"author":1,"featured_media":0,"parent":0,"menu_order":0,"comment_status":"closed","ping_status":"closed","template":"","meta":{"footnotes":""},"class_list":["post-9238","page","type-page","status-publish","hentry"],"_links":{"self":[{"href":"https:\/\/unipungue.ac.mz\/index.php?rest_route=\/wp\/v2\/pages\/9238","targetHints":{"allow":["GET"]}}],"collection":[{"href":"https:\/\/unipungue.ac.mz\/index.php?rest_route=\/wp\/v2\/pages"}],"about":[{"href":"https:\/\/unipungue.ac.mz\/index.php?rest_route=\/wp\/v2\/types\/page"}],"author":[{"embeddable":true,"href":"https:\/\/unipungue.ac.mz\/index.php?rest_route=\/wp\/v2\/users\/1"}],"replies":[{"embeddable":true,"href":"https:\/\/unipungue.ac.mz\/index.php?rest_route=%2Fwp%2Fv2%2Fcomments&post=9238"}],"version-history":[{"count":8,"href":"https:\/\/unipungue.ac.mz\/index.php?rest_route=\/wp\/v2\/pages\/9238\/revisions"}],"predecessor-version":[{"id":9388,"href":"https:\/\/unipungue.ac.mz\/index.php?rest_route=\/wp\/v2\/pages\/9238\/revisions\/9388"}],"wp:attachment":[{"href":"https:\/\/unipungue.ac.mz\/index.php?rest_route=%2Fwp%2Fv2%2Fmedia&parent=9238"}],"curies":[{"name":"wp","href":"https:\/\/api.w.org\/{rel}","templated":true}]}}